{"id":20924,"date":"2021-12-17T18:12:39","date_gmt":"2021-12-17T17:12:39","guid":{"rendered":"https:\/\/avrio.edu.eu\/?page_id=20924"},"modified":"2026-02-11T20:33:29","modified_gmt":"2026-02-11T19:33:29","slug":"doctor-of-the-university-in-professional-studies","status":"publish","type":"page","link":"https:\/\/avrio.edu.eu\/de\/usc\/azteca-university\/doctor-of-the-university-in-professional-studies\/","title":{"rendered":"Dr. Univ. im Fachstudium"},"content":{"rendered":"<h3>Was ist ein Professional Studies Degree?<\/h3>\n<p>Vielleicht ist ein Fachhochschulstudium das Richtige f\u00fcr Sie. Personen, die ihre College-Credits f\u00fcr den Abschluss eines Studiums in einem bestimmten Bereich anwenden m\u00f6chten, k\u00f6nnen dies in diesem Programm tun, damit die Studierenden ihre abgeschlossenen College-Credits und beruflichen Qualifikationen auf ihren Studiengang \u00fcbertragen k\u00f6nnen. Das Grundprinzip f\u00fcr ein professionelles Studium ist die Entwicklung von Professionalit\u00e4t, die Entwicklung von Bewusstsein, die Verbesserung der Methodik und des Wissens \u00fcber den Beruf.<\/p>\n<div class=\"su-pullquote su-pullquote-align-right\">Erfahren Sie mehr \u00fcber die <a href=\"https:\/\/avrio.edu.eu\/de\/usc\/azteca-university\/own-degree\/doctor-of-the-university\/\">Doktor der Universit\u00e4t<\/a><\/div>Die Universidad Azteca Professional Studies ist interdisziplin\u00e4r ausgerichtet und konzentriert sich auf die postgraduale Entwicklung akademischer F\u00e4higkeiten in der beruflichen Praxis, wie sie im mexikanischen und europ\u00e4ischen Qualifikationsrahmen (MMC, EQF) Level 7 (Master-Abschluss) und Level 8 (Promotion) definiert sind, sind in der Regel kursbasiert mit B. eine Berichts- oder Projektkomponente, und mit einem st\u00e4rkeren Schwerpunkt auf praktischer und technischer Ausbildung, die theorie- und praxisbasiertes professionelles Lernen kombiniert, um die berufliche Praxis und postgraduale intellektuelle F\u00e4higkeiten einer Person durch akademische Ausbildung f\u00fcr einen bestimmten Beruf zu optimieren, der arbeitsbasierte Forschung umsetzt.<\/p>\n<p>Diese Studieng\u00e4nge bieten flexible Zeitpl\u00e4ne mit einem vielf\u00e4ltigen Lehrplan, der sich auf technische und praktische Ausbildung konzentriert. Die Studierenden werden dabei unterst\u00fctzt, Kompetenzen in Fachkenntnissen und Fachanwendungen zu entwickeln, die es ihnen erm\u00f6glichen, in den verschiedenen Kontexten, denen sie w\u00e4hrend ihrer Karriere begegnen, effektiv zu arbeiten.<\/p>\n<h4>ART UND ARBEITSAUFWAND DES PROGRAMMS<\/h4>\n<p><strong>TYP<\/strong>: Universidad Azteca interne Auszeichnung, universit\u00e4tseigenes Programm gem. Kunst. 59 Allgemeines Bildungsgesetz.<\/p>\n<p><strong>EBEN<\/strong>: Dritter Zyklus, Ebene 8 MMC-universit\u00e4tseigene Auszeichnung.<\/p>\n<p><strong>ARBEITSLAST<\/strong>: 180 ECTS<\/p>\n<h4>AUSZEICHNUNG UNIVERSIT\u00c4T UND ZIELGRUPPE<\/h4>\n<p><strong>AUSZEICHNENDE UNIVERSIT\u00c4T:<\/strong> Azteken-Universit\u00e4t, Chalco, Mexiko.<\/p>\n<p><strong>UNIVERSIT\u00c4TSABTEILUNG IN EUROPA:<\/strong> Europ\u00e4ische Programme der Azteken-Universit\u00e4t.<\/p>\n<p><strong>ZIELGRUPPE:<\/strong> Doktoranden, die an einer Anrechnung von Promotionsstudieng\u00e4ngen oder EQR-Kursen der Stufe 8 in einer der folgenden Disziplinen an der Universidad Azteca interessiert sind, um den Abschluss des Promotionsprogramms durch eine Abschlussarbeit \/ eine professionelle Promotionspr\u00fcfung anzustreben.<\/p>\n<p><strong>SPEZIALISIERUNG:<\/strong> Aufbaustudien auf Stufe 8 MMC (EQF)<\/p>\n<p><strong>DISZIPLINEN:<\/strong><\/p>\n<ul>\n<li>Sozial- und Wirtschaftswissenschaften<\/li>\n<li>Gesundheitswissenschaften<\/li>\n<li>Ausbildung<\/li>\n<li>Psychologie<\/li>\n<li>Umweltwissenschaften.<\/li>\n<\/ul>\n<p><strong>STUDIENSPRACHE:<\/strong> Englisch, Deutsch, Spanisch<\/p>\n<p><strong>ZULASSUNGSVORAUSSETZUNG:<\/strong> Master- oder gleichwertiger Abschluss und postgraduale Studienleistungen oder Qualifikationen zur Anrechnung auf das Programm oder Forschungserfahrung.<\/p>\n<h4>Modalit\u00e4t und Kursteam<\/h4>\n<p>MODALIT\u00c4T: Modalit\u00e4t f\u00fcr E-Learning und Fernunterricht.<br \/>\nKURSTEAM: Prof. Dr. Gerhard Berchtold, Prof. Dr. Friedrich Luhan, Prof. Dr. Ricardo Saavedra Hidalgo, Prof. Dr. Felipe Fern\u00e1ndez Rivadulla, Prof. Dr Endler.<\/p>\n<h4>Studienplan<\/h4>\n<table border=\"1\" width=\"100%\">\n<tbody>\n<tr>\n<td bgcolor=\"#C0C0C0\"><b>Anrechnung \u2013 Wahlf\u00e4cher<\/b><\/td>\n<td bgcolor=\"#C0C0C0\"><b>Testmodus<\/b><\/td>\n<td bgcolor=\"#C0C0C0\"><b>ECTS<\/b><\/td>\n<\/tr>\n<tr>\n<td>\u00dcbertritt aus dem MPhil-Promotionsprogramm\/ Level 8 EQF<\/td>\n<td>Kredit\u00fcbertragung<\/td>\n<td>Bis 102<\/td>\n<\/tr>\n<tr>\n<td>Wahlf\u00e4cher aus dem Promotionsprogramm der Universidad Azteca<\/td>\n<td>Untersuchung<\/td>\n<td>Unterschied zu 102<\/td>\n<\/tr>\n<tr>\n<td bgcolor=\"#C0C0C0\"><b>Wissenschaftliches Pflichtmodul <\/b><\/td>\n<td bgcolor=\"#C0C0C0\"><b>Testmodus<\/b><\/td>\n<td bgcolor=\"#C0C0C0\"><b>ECTS<\/b><\/td>\n<\/tr>\n<tr>\n<td>Forschungsprojekt<\/td>\n<td>Pr\u00e4sentation<\/td>\n<td>18<\/td>\n<\/tr>\n<tr>\n<td bgcolor=\"#C0C0C0\"><b>Abschlussarbeit \/ Rigorosum-Pr\u00fcfung <\/b><\/td>\n<td bgcolor=\"#C0C0C0\"><b>Testmodus<\/b><\/td>\n<td bgcolor=\"#C0C0C0\"><b>ECTS<\/b><\/td>\n<\/tr>\n<tr>\n<td>Abschlussarbeit in der Fachrichtung Spezialisierung<\/td>\n<td>Schriftliche Pr\u00e4sentation und Verteidigung der Abschlussarbeit<\/td>\n<td>60<\/td>\n<\/tr>\n<tr>\n<td bgcolor=\"#C0C0C0\"><b>ARBEITSLAST<\/b><\/td>\n<td bgcolor=\"#C0C0C0\"><b>Testmodus<\/b><\/td>\n<td bgcolor=\"#C0C0C0\"><b>ECTS<\/b><\/td>\n<\/tr>\n<tr>\n<td>ECTS<\/td>\n<td>Verteidigung \/ Rigorosum<\/td>\n<td>180<\/td>\n<\/tr>\n<\/tbody>\n<\/table>\n<p>&nbsp;<\/p>","protected":false},"excerpt":{"rendered":"<p>What Is a Professional Studies Degree? Professional Studies may be right for you. Individuals wishing to apply their college credits toward the completion of a degree in a specific field can do so in this programme, allowing students to transfer their completed college credits, professional qualifications to their degree programme. The rationale for professional studies [&hellip;]<\/p>\n","protected":false},"author":16,"featured_media":0,"parent":20795,"menu_order":0,"comment_status":"closed","ping_status":"closed","template":"","meta":{"site-sidebar-layout":"default","site-content-layout":"","ast-site-content-layout":"default","site-content-style":"default","site-sidebar-style":"default","ast-global-header-display":"","ast-banner-title-visibility":"","ast-main-header-display":"","ast-hfb-above-header-display":"","ast-hfb-below-header-display":"","ast-hfb-mobile-header-display":"","site-post-title":"","ast-breadcrumbs-content":"","ast-featured-img":"","footer-sml-layout":"","ast-disable-related-posts":"","theme-transparent-header-meta":"","adv-header-id-meta":"","stick-header-meta":"","header-above-stick-meta":"","header-main-stick-meta":"","header-below-stick-meta":"","astra-migrate-meta-layouts":"default","ast-page-background-enabled":"default","ast-page-background-meta":{"desktop":{"background-color":"var(--ast-global-color-4)","background-image":"","background-repeat":"repeat","background-position":"center center","background-size":"auto","background-attachment":"scroll","background-type":"","background-media":"","overlay-type":"","overlay-color":"","overlay-opacity":"","overlay-gradient":""},"tablet":{"background-color":"","background-image":"","background-repeat":"repeat","background-position":"center center","background-size":"auto","background-attachment":"scroll","background-type":"","background-media":"","overlay-type":"","overlay-color":"","overlay-opacity":"","overlay-gradient":""},"mobile":{"background-color":"","background-image":"","background-repeat":"repeat","background-position":"center center","background-size":"auto","background-attachment":"scroll","background-type":"","background-media":"","overlay-type":"","overlay-color":"","overlay-opacity":"","overlay-gradient":""}},"ast-content-background-meta":{"desktop":{"background-color":"var(--ast-global-color-5)","background-image":"","background-repeat":"repeat","background-position":"center center","background-size":"auto","background-attachment":"scroll","background-type":"","background-media":"","overlay-type":"","overlay-color":"","overlay-opacity":"","overlay-gradient":""},"tablet":{"background-color":"var(--ast-global-color-5)","background-image":"","background-repeat":"repeat","background-position":"center center","background-size":"auto","background-attachment":"scroll","background-type":"","background-media":"","overlay-type":"","overlay-color":"","overlay-opacity":"","overlay-gradient":""},"mobile":{"background-color":"var(--ast-global-color-5)","background-image":"","background-repeat":"repeat","background-position":"center center","background-size":"auto","background-attachment":"scroll","background-type":"","background-media":"","overlay-type":"","overlay-color":"","overlay-opacity":"","overlay-gradient":""}},"footnotes":""},"class_list":["post-20924","page","type-page","status-publish","hentry"],"yoast_head":"<!-- This site is optimized with the Yoast SEO Premium plugin v27.2 (Yoast SEO v27.3) - https:\/\/yoast.com\/product\/yoast-seo-premium-wordpress\/ -->\n<title>Doctorate in Professional Studies - Online at Azteca Uni. via Avrio Institute<\/title>\n<meta name=\"description\" content=\"Doctor of Professional Studies is right for those who wish to transfer their completed college credits, professional qualifications to their degree programme.\" \/>\n<meta name=\"robots\" content=\"index, follow, max-snippet:-1, max-image-preview:large, max-video-preview:-1\" \/>\n<link rel=\"canonical\" href=\"https:\/\/avrio.edu.eu\/de\/usc\/azteca-university\/doctor-of-the-university-in-professional-studies\/\" \/>\n<meta property=\"og:locale\" content=\"de_DE\" \/>\n<meta property=\"og:type\" content=\"article\" \/>\n<meta property=\"og:title\" content=\"Dr. Univ. in Professional Studies - The International Research Study Programs - Avrio Institute\" \/>\n<meta property=\"og:description\" content=\"Doctor of Professional Studies is right for those who wish to transfer their completed college credits, professional qualifications to their degree programme.\" \/>\n<meta property=\"og:url\" content=\"https:\/\/avrio.edu.eu\/de\/usc\/azteca-university\/doctor-of-the-university-in-professional-studies\/\" \/>\n<meta property=\"og:site_name\" content=\"The International Research Study Programs - Avrio Institute\" \/>\n<meta property=\"article:publisher\" content=\"https:\/\/www.facebook.com\/institutavriodegeneve\/\" \/>\n<meta property=\"article:modified_time\" content=\"2026-02-11T19:33:29+00:00\" \/>\n<meta property=\"og:image\" content=\"https:\/\/avrio.edu.eu\/new\/wp-content\/uploads\/2020\/04\/logo-new-gw.png\" \/>\n\t<meta property=\"og:image:width\" content=\"850\" \/>\n\t<meta property=\"og:image:height\" content=\"850\" \/>\n\t<meta property=\"og:image:type\" content=\"image\/png\" \/>\n<meta name=\"twitter:card\" content=\"summary_large_image\" \/>\n<meta name=\"twitter:site\" content=\"@AvrioDeGeneve\" \/>\n<meta name=\"twitter:label1\" content=\"Gesch\u00e4tzte Lesezeit\" \/>\n\t<meta name=\"twitter:data1\" content=\"2\u00a0Minuten\" \/>\n<script type=\"application\/ld+json\" class=\"yoast-schema-graph\">{\"@context\":\"https:\\\/\\\/schema.org\",\"@graph\":[{\"@type\":\"WebPage\",\"@id\":\"https:\\\/\\\/avrio.edu.eu\\\/usc\\\/azteca-university\\\/doctor-of-the-university-in-professional-studies\\\/\",\"url\":\"https:\\\/\\\/avrio.edu.eu\\\/usc\\\/azteca-university\\\/doctor-of-the-university-in-professional-studies\\\/\",\"name\":\"Doctorate in Professional Studies - Online at Azteca Uni. via Avrio Institute\",\"isPartOf\":{\"@id\":\"https:\\\/\\\/avrio.edu.eu\\\/#website\"},\"datePublished\":\"2021-12-17T17:12:39+00:00\",\"dateModified\":\"2026-02-11T19:33:29+00:00\",\"description\":\"Doctor of Professional Studies is right for those who wish to transfer their completed college credits, professional qualifications to their degree programme.\",\"breadcrumb\":{\"@id\":\"https:\\\/\\\/avrio.edu.eu\\\/usc\\\/azteca-university\\\/doctor-of-the-university-in-professional-studies\\\/#breadcrumb\"},\"inLanguage\":\"de\",\"potentialAction\":[{\"@type\":\"ReadAction\",\"target\":[\"https:\\\/\\\/avrio.edu.eu\\\/usc\\\/azteca-university\\\/doctor-of-the-university-in-professional-studies\\\/\"]}]},{\"@type\":\"BreadcrumbList\",\"@id\":\"https:\\\/\\\/avrio.edu.eu\\\/usc\\\/azteca-university\\\/doctor-of-the-university-in-professional-studies\\\/#breadcrumb\",\"itemListElement\":[{\"@type\":\"ListItem\",\"position\":1,\"name\":\"Home\",\"item\":\"https:\\\/\\\/avrio.edu.eu\\\/\"},{\"@type\":\"ListItem\",\"position\":2,\"name\":\"Universities Studies Center\",\"item\":\"https:\\\/\\\/avrio.edu.eu\\\/usc\\\/\"},{\"@type\":\"ListItem\",\"position\":3,\"name\":\"Azteca University\",\"item\":\"https:\\\/\\\/avrio.edu.eu\\\/usc\\\/azteca-university\\\/\"},{\"@type\":\"ListItem\",\"position\":4,\"name\":\"Dr. Univ. in Professional Studies\"}]},{\"@type\":\"WebSite\",\"@id\":\"https:\\\/\\\/avrio.edu.eu\\\/#website\",\"url\":\"https:\\\/\\\/avrio.edu.eu\\\/\",\"name\":\"The Postgraduate and Research Studies at Avrio Institute\",\"description\":\"For Bachelor&#039;s, Master&#039;s and Doctorate - In cooperation with Azteca University\",\"publisher\":{\"@id\":\"https:\\\/\\\/avrio.edu.eu\\\/#organization\"},\"alternateName\":\"Avrio for Research Studies\",\"potentialAction\":[{\"@type\":\"SearchAction\",\"target\":{\"@type\":\"EntryPoint\",\"urlTemplate\":\"https:\\\/\\\/avrio.edu.eu\\\/?s={search_term_string}\"},\"query-input\":{\"@type\":\"PropertyValueSpecification\",\"valueRequired\":true,\"valueName\":\"search_term_string\"}}],\"inLanguage\":\"de\"},{\"@type\":\"Organization\",\"@id\":\"https:\\\/\\\/avrio.edu.eu\\\/#organization\",\"name\":\"Institut Avrio de Gen\u00e8ve\",\"alternateName\":\"Avrio Institute\",\"url\":\"https:\\\/\\\/avrio.edu.eu\\\/\",\"logo\":{\"@type\":\"ImageObject\",\"inLanguage\":\"de\",\"@id\":\"https:\\\/\\\/avrio.edu.eu\\\/#\\\/schema\\\/logo\\\/image\\\/\",\"url\":\"https:\\\/\\\/avrio.edu.eu\\\/new\\\/wp-content\\\/uploads\\\/2020\\\/04\\\/logo-new-gw.png\",\"contentUrl\":\"https:\\\/\\\/avrio.edu.eu\\\/new\\\/wp-content\\\/uploads\\\/2020\\\/04\\\/logo-new-gw.png\",\"width\":850,\"height\":850,\"caption\":\"Institut Avrio de Gen\u00e8ve\"},\"image\":{\"@id\":\"https:\\\/\\\/avrio.edu.eu\\\/#\\\/schema\\\/logo\\\/image\\\/\"},\"sameAs\":[\"https:\\\/\\\/www.facebook.com\\\/institutavriodegeneve\\\/\",\"https:\\\/\\\/x.com\\\/AvrioDeGeneve\",\"https:\\\/\\\/www.instagram.com\\\/institutavriodegeneve\\\/\",\"https:\\\/\\\/www.linkedin.com\\\/in\\\/avrio-de-geneve-024392194\\\/\",\"https:\\\/\\\/www.youtube.com\\\/channel\\\/UCPP2orNhGglhisZlldUbnkQ\"]}]}<\/script>\n<!-- \/ Yoast SEO Premium plugin. -->","yoast_head_json":{"title":"Promotion in Professional Studies - Online bei Azteca Uni. \u00fcber das Avrio-Institut","description":"Doctor of Professional Studies ist das Richtige f\u00fcr diejenigen, die ihre abgeschlossenen College-Credits, berufliche Qualifikationen in ihr Studium \u00fcbertragen m\u00f6chten.","robots":{"index":"index","follow":"follow","max-snippet":"max-snippet:-1","max-image-preview":"max-image-preview:large","max-video-preview":"max-video-preview:-1"},"canonical":"https:\/\/avrio.edu.eu\/de\/usc\/azteca-university\/doctor-of-the-university-in-professional-studies\/","og_locale":"de_DE","og_type":"article","og_title":"Dr. Univ. in Professional Studies - The International Research Study Programs - Avrio Institute","og_description":"Doctor of Professional Studies is right for those who wish to transfer their completed college credits, professional qualifications to their degree programme.","og_url":"https:\/\/avrio.edu.eu\/de\/usc\/azteca-university\/doctor-of-the-university-in-professional-studies\/","og_site_name":"The International Research Study Programs - Avrio Institute","article_publisher":"https:\/\/www.facebook.com\/institutavriodegeneve\/","article_modified_time":"2026-02-11T19:33:29+00:00","og_image":[{"width":850,"height":850,"url":"https:\/\/avrio.edu.eu\/new\/wp-content\/uploads\/2020\/04\/logo-new-gw.png","type":"image\/png"}],"twitter_card":"summary_large_image","twitter_site":"@AvrioDeGeneve","twitter_misc":{"Gesch\u00e4tzte Lesezeit":"2\u00a0Minuten"},"schema":{"@context":"https:\/\/schema.org","@graph":[{"@type":"WebPage","@id":"https:\/\/avrio.edu.eu\/usc\/azteca-university\/doctor-of-the-university-in-professional-studies\/","url":"https:\/\/avrio.edu.eu\/usc\/azteca-university\/doctor-of-the-university-in-professional-studies\/","name":"Promotion in Professional Studies - Online bei Azteca Uni. \u00fcber das Avrio-Institut","isPartOf":{"@id":"https:\/\/avrio.edu.eu\/#website"},"datePublished":"2021-12-17T17:12:39+00:00","dateModified":"2026-02-11T19:33:29+00:00","description":"Doctor of Professional Studies ist das Richtige f\u00fcr diejenigen, die ihre abgeschlossenen College-Credits, berufliche Qualifikationen in ihr Studium \u00fcbertragen m\u00f6chten.","breadcrumb":{"@id":"https:\/\/avrio.edu.eu\/usc\/azteca-university\/doctor-of-the-university-in-professional-studies\/#breadcrumb"},"inLanguage":"de","potentialAction":[{"@type":"ReadAction","target":["https:\/\/avrio.edu.eu\/usc\/azteca-university\/doctor-of-the-university-in-professional-studies\/"]}]},{"@type":"BreadcrumbList","@id":"https:\/\/avrio.edu.eu\/usc\/azteca-university\/doctor-of-the-university-in-professional-studies\/#breadcrumb","itemListElement":[{"@type":"ListItem","position":1,"name":"Home","item":"https:\/\/avrio.edu.eu\/"},{"@type":"ListItem","position":2,"name":"Universities Studies Center","item":"https:\/\/avrio.edu.eu\/usc\/"},{"@type":"ListItem","position":3,"name":"Azteca University","item":"https:\/\/avrio.edu.eu\/usc\/azteca-university\/"},{"@type":"ListItem","position":4,"name":"Dr. Univ. in Professional Studies"}]},{"@type":"WebSite","@id":"https:\/\/avrio.edu.eu\/#website","url":"https:\/\/avrio.edu.eu\/","name":"Postgraduate und Forschungs-Studium an Avrio Institut","description":"F\u00fcr Bachelor -, Master-und Doktorats - In Kooperation mit der Universit\u00e4t Azteca","publisher":{"@id":"https:\/\/avrio.edu.eu\/#organization"},"alternateName":"Avrio for Research Studies","potentialAction":[{"@type":"SearchAction","target":{"@type":"EntryPoint","urlTemplate":"https:\/\/avrio.edu.eu\/?s={search_term_string}"},"query-input":{"@type":"PropertyValueSpecification","valueRequired":true,"valueName":"search_term_string"}}],"inLanguage":"de"},{"@type":"Organization","@id":"https:\/\/avrio.edu.eu\/#organization","name":"Avrio-Institut Genf","alternateName":"Avrio Institute","url":"https:\/\/avrio.edu.eu\/","logo":{"@type":"ImageObject","inLanguage":"de","@id":"https:\/\/avrio.edu.eu\/#\/schema\/logo\/image\/","url":"https:\/\/avrio.edu.eu\/new\/wp-content\/uploads\/2020\/04\/logo-new-gw.png","contentUrl":"https:\/\/avrio.edu.eu\/new\/wp-content\/uploads\/2020\/04\/logo-new-gw.png","width":850,"height":850,"caption":"Institut Avrio de Gen\u00e8ve"},"image":{"@id":"https:\/\/avrio.edu.eu\/#\/schema\/logo\/image\/"},"sameAs":["https:\/\/www.facebook.com\/institutavriodegeneve\/","https:\/\/x.com\/AvrioDeGeneve","https:\/\/www.instagram.com\/institutavriodegeneve\/","https:\/\/www.linkedin.com\/in\/avrio-de-geneve-024392194\/","https:\/\/www.youtube.com\/channel\/UCPP2orNhGglhisZlldUbnkQ"]}]}},"_links":{"self":[{"href":"https:\/\/avrio.edu.eu\/de\/wp-json\/wp\/v2\/pages\/20924","targetHints":{"allow":["GET"]}}],"collection":[{"href":"https:\/\/avrio.edu.eu\/de\/wp-json\/wp\/v2\/pages"}],"about":[{"href":"https:\/\/avrio.edu.eu\/de\/wp-json\/wp\/v2\/types\/page"}],"author":[{"embeddable":true,"href":"https:\/\/avrio.edu.eu\/de\/wp-json\/wp\/v2\/users\/16"}],"replies":[{"embeddable":true,"href":"https:\/\/avrio.edu.eu\/de\/wp-json\/wp\/v2\/comments?post=20924"}],"version-history":[{"count":1,"href":"https:\/\/avrio.edu.eu\/de\/wp-json\/wp\/v2\/pages\/20924\/revisions"}],"predecessor-version":[{"id":24594,"href":"https:\/\/avrio.edu.eu\/de\/wp-json\/wp\/v2\/pages\/20924\/revisions\/24594"}],"up":[{"embeddable":true,"href":"https:\/\/avrio.edu.eu\/de\/wp-json\/wp\/v2\/pages\/20795"}],"wp:attachment":[{"href":"https:\/\/avrio.edu.eu\/de\/wp-json\/wp\/v2\/media?parent=20924"}],"curies":[{"name":"wp","href":"https:\/\/api.w.org\/{rel}","templated":true}]}}