{"id":20932,"date":"2021-12-17T19:45:13","date_gmt":"2021-12-17T18:45:13","guid":{"rendered":"https:\/\/avrio.edu.eu\/?page_id=20932"},"modified":"2026-02-11T20:33:28","modified_gmt":"2026-02-11T19:33:28","slug":"doctor-of-the-university-in-environmental-studies","status":"publish","type":"page","link":"https:\/\/avrio.edu.eu\/de\/usc\/azteca-university\/doctor-of-the-university-in-environmental-studies\/","title":{"rendered":"Dr. Univ. in Umweltstudien"},"content":{"rendered":"<h3 style=\"text-align: justify;\">Was ist ein Abschluss in Umweltwissenschaften?<\/h3>\n<p style=\"text-align: justify;\">Umweltstudien k\u00f6nnten das Richtige f\u00fcr Sie sein. Eine Konzentration auf Umweltstudien ist ein spezielles interdisziplin\u00e4res Hauptfach, das von einem einzelnen Studenten in einem einzigartigen Programm entworfen wurde.<\/p>\n<p style=\"text-align: justify;\"><div class=\"su-pullquote su-pullquote-align-right\">Erfahren Sie mehr \u00fcber die <a href=\"https:\/\/avrio.edu.eu\/de\/usc\/azteca-university\/own-degree\/doctor-of-the-university\/\">Doktor der Universit\u00e4t<\/a><\/div>Umweltstudien sind ein multidisziplin\u00e4res akademisches Gebiet, das systematisch die menschliche Interaktion mit der Umwelt untersucht und auf die L\u00f6sung komplexer Probleme abzielt. Umweltstudien integrieren die Prinzipien der Wissenschaften \/ Technologien, des Handels \/ der Wirtschaft und der Sozialwissenschaften, die sich mit aktuellen Umweltproblemen befassen. Es ist ein breites Studiengebiet, das die nat\u00fcrliche Umwelt, die gebaute Umwelt und die Beziehungen zwischen ihnen umfasst. Das Feld umfasst das Studium der Grundprinzipien der \u00d6kologie und der Umweltwissenschaften sowie verwandter F\u00e4cher wie Ethik, Geographie, Politik, Recht, Wirtschaft, Planung, Umweltschutz und Management nat\u00fcrlicher Ressourcen.<\/p>\n<p style=\"text-align: justify;\">Environmental Studies bietet Raum f\u00fcr kritisches Denken und engagiertes Forschen innerhalb und \u00fcber konventionelle disziplin\u00e4re und berufliche Grenzen hinweg, ein Ort f\u00fcr intellektuell neugierige, reflektierende und h\u00f6chst selbstgesteuerte Studenten.<\/p>\n<p style=\"text-align: justify;\">Berufst\u00e4tige, die ihre College-Credits f\u00fcr den Abschluss eines Studiums in einem bestimmten Bereich verwenden m\u00f6chten, k\u00f6nnen dies in diesem Programm tun, indem die Studierenden ihre College-Credits und beruflichen Qualifikationen in ihr Studium \u00fcbertragen k\u00f6nnen. Die Begr\u00fcndung f\u00fcr Umweltstudien besteht darin, Professionalit\u00e4t zu entwickeln, Bewusstsein zu entwickeln, Methodik und Kenntnisse \u00fcber den Beruf zu verbessern.<\/p>\n<p style=\"text-align: justify;\">Die Umweltstudien der Universidad Azteca sind interdisziplin\u00e4r ausgerichtet und konzentrieren sich auf die Entwicklung akademischer F\u00e4higkeiten in der beruflichen Praxis, wie sie im mexikanischen und europ\u00e4ischen Qualifikationsrahmen (MMC, EQF) Stufe 7 (Master-Abschluss) und Stufe 8 (Promotion) definiert sind. Umweltstudien bieten einen Raum f\u00fcr kritisches Denken und engagiertes Forschen innerhalb und \u00fcber herk\u00f6mmliche disziplin\u00e4re und berufliche Grenzen hinweg.<\/p>\n<p style=\"text-align: justify;\">Der Universidad Azteca-Abschluss in Umweltstudien ist ein Postgraduierten-Abschluss, der in verschiedenen Disziplinen und Konzentrationen verliehen wird, interdisziplin\u00e4r und eher auf die Bed\u00fcrfnisse von Fachleuten als auf Akademiker ausgerichtet ist und auf bestimmte Gruppen von Berufst\u00e4tigen mit genau definierten Anforderungen an fortgeschrittene Studieng\u00e4nge zugeschnitten ist Arbeit , Durchf\u00fchrung von Projekten und Verfassen von Hausarbeiten in Kombination mit studentischen Arbeiten f\u00fcr den weiterf\u00fchrenden Studiengang Individualforschung.<\/p>\n<p style=\"text-align: justify;\">Diese Studieng\u00e4nge bieten flexible Zeitpl\u00e4ne mit einem vielf\u00e4ltigen Lehrplan, der sich auf technische und praktische Ausbildung konzentriert. Die Studierenden werden dabei unterst\u00fctzt, Kompetenzen in Fachkenntnissen und Fachanwendungen zu entwickeln, die es ihnen erm\u00f6glichen, in den verschiedenen Kontexten, denen sie w\u00e4hrend ihrer Karriere begegnen, effektiv zu arbeiten.<\/p>\n<h4 style=\"text-align: justify;\">ART UND ARBEITSAUFWAND DES PROGRAMMS<\/h4>\n<p style=\"text-align: justify;\">TYP: Universidad Azteca interne Auszeichnung, universit\u00e4tseigenes Programm gem. Kunst. 59 Allgemeines Bildungsgesetz.<br \/>\nLEVEL: Dritter Zyklus, Level 8 MMC University Own Award.<br \/>\nARBEITSAUFWAND: 180 ECTS<\/p>\n<h4 style=\"text-align: justify;\">AUSZEICHNUNG UNIVERSIT\u00c4T UND ZIELGRUPPE<\/h4>\n<p style=\"text-align: justify;\"><strong>AUSZEICHNENDE UNIVERSIT\u00c4T:<\/strong> Azteken-Universit\u00e4t, Chalco, Mexiko.<\/p>\n<p style=\"text-align: justify;\"><strong>UNIVERSIT\u00c4TSABTEILUNG IN EUROPA:<\/strong> Europ\u00e4ische Programme der Azteken-Universit\u00e4t.<\/p>\n<p style=\"text-align: justify;\"><strong>ZIELGRUPPE:<\/strong> Doktoranden, die an einer Anrechnung von Promotionsstudieng\u00e4ngen oder EQR-Kursen der Stufe 8 in einer der folgenden Disziplinen an der Universidad Azteca interessiert sind, um den Abschluss des Promotionsprogramms durch eine Abschlussarbeit \/ eine professionelle Promotionspr\u00fcfung anzustreben.<\/p>\n<p style=\"text-align: justify;\"><strong>SPEZIALISIERUNG:<\/strong> Aufbaustudien auf Stufe 8 MMC (EQF)<\/p>\n<p style=\"text-align: justify;\"><strong>DISZIPLINEN: <\/strong><\/p>\n<ul style=\"text-align: justify;\">\n<li>Umweltpolitik<\/li>\n<li>Umwelttechnologie<\/li>\n<li>Umweltmanagement<\/li>\n<li>Umweltwissenschaften<\/li>\n<\/ul>\n<p style=\"text-align: justify;\"><strong>STUDIENSPRACHE:<\/strong> Englisch, Deutsch, Spanisch<\/p>\n<p style=\"text-align: justify;\"><strong>ZULASSUNGSVORAUSSETZUNG:<\/strong> Master- oder gleichwertiger Abschluss und postgraduale Studienleistungen oder Qualifikationen zur Anrechnung auf das Programm oder Forschungserfahrung.<\/p>\n<h4 style=\"text-align: justify;\">Modalit\u00e4t und Kursteam<\/h4>\n<p style=\"text-align: justify;\"><strong>MODALIT\u00c4T:<\/strong> E-Learning und Fernunterricht.<br \/>\n<strong>KURSTEAM:<\/strong> Prof.. Dr. Gerhard Berchtold, Prof. Dr. Friedrich Luhan, Prof. Dr. Ricardo Saavedra Hidalgo, Prof. Dr. Felipe Fern\u00e1ndez Rivadulla, Prof. Dr Endler.<\/p>\n<h4 style=\"text-align: justify;\">Studienplan<\/h4>\n<table border=\"1\" width=\"100%\">\n<tbody>\n<tr>\n<td bgcolor=\"#C0C0C0\"><b>Anrechnung \u2013 Wahlf\u00e4cher<\/b><\/td>\n<td bgcolor=\"#C0C0C0\"><b>Testmodus<\/b><\/td>\n<td bgcolor=\"#C0C0C0\"><b>ECTS<\/b><\/td>\n<\/tr>\n<tr>\n<td>Umwelt und Entwicklung<\/td>\n<td>Seminararbeit<\/td>\n<td>6<\/td>\n<\/tr>\n<tr>\n<td>Internationale Umweltpolitik \u2013 UNEP &amp; Vertr\u00e4ge<\/td>\n<td>Seminararbeit<\/td>\n<td>6<\/td>\n<\/tr>\n<tr>\n<td>Bereiche der EU-Umweltpolitik und EWR<\/td>\n<td>Seminararbeit<\/td>\n<td>6<\/td>\n<\/tr>\n<tr>\n<td>Umweltmanagement ISO 14001 &amp; EMAS<\/td>\n<td>Seminararbeit<\/td>\n<td>6<\/td>\n<\/tr>\n<tr>\n<td>Abfallwirtschaft<\/td>\n<td>Seminararbeit<\/td>\n<td>6<\/td>\n<\/tr>\n<tr>\n<td>Wasserverwaltung<\/td>\n<td>Seminararbeit<\/td>\n<td>6<\/td>\n<\/tr>\n<tr>\n<td>Landmanagement, Stadtplanung und Zoneneinteilung<\/td>\n<td>Seminararbeit<\/td>\n<td>6<\/td>\n<\/tr>\n<tr>\n<td>Saubere Produktion &amp; saubere Technologien<\/td>\n<td>Seminararbeit<\/td>\n<td>6<\/td>\n<\/tr>\n<tr>\n<td>Globale Erw\u00e4rmung und Klimawandel<\/td>\n<td>Seminararbeit<\/td>\n<td>6<\/td>\n<\/tr>\n<tr>\n<td>Energiemanagement<\/td>\n<td>Seminararbeit<\/td>\n<td>6<\/td>\n<\/tr>\n<tr>\n<td>Meeresmanagement und Umweltverschmutzung<\/td>\n<td>Seminararbeit<\/td>\n<td>6<\/td>\n<\/tr>\n<tr>\n<td>Wahlf\u00e4cher aus dem Promotionsprogramm der Universidad Azteca<\/td>\n<td>Zuordnung \/ \u00dcbertragung von Credits<\/td>\n<td>36<\/td>\n<\/tr>\n<tr>\n<td bgcolor=\"#C0C0C0\"><b>Wissenschaftliches Pflichtmodul <\/b><\/td>\n<td bgcolor=\"#C0C0C0\"><b>Testmodus<\/b><\/td>\n<td bgcolor=\"#C0C0C0\"><b>ECTS<\/b><\/td>\n<\/tr>\n<tr>\n<td>Forschungsprojekt<\/td>\n<td>Pr\u00e4sentation<\/td>\n<td>18<\/td>\n<\/tr>\n<tr>\n<td bgcolor=\"#C0C0C0\"><b>Abschlussarbeit \/ Rigorosum-Pr\u00fcfung <\/b><\/td>\n<td bgcolor=\"#C0C0C0\"><b>Testmodus<\/b><\/td>\n<td bgcolor=\"#C0C0C0\"><b>ECTS<\/b><\/td>\n<\/tr>\n<tr>\n<td>Abschlussarbeit in der Vertiefung (Major)<\/td>\n<td>Schriftliche Pr\u00e4sentation und Verteidigung der Abschlussarbeit<\/td>\n<td>60<\/td>\n<\/tr>\n<tr>\n<td bgcolor=\"#C0C0C0\"><b>ARBEITSLAST<\/b><\/td>\n<td bgcolor=\"#C0C0C0\"><b>Testmodus<\/b><\/td>\n<td bgcolor=\"#C0C0C0\"><b>ECTS<\/b><\/td>\n<\/tr>\n<tr>\n<td>ECTS<\/td>\n<td>Verteidigung \/ Rigorosum<\/td>\n<td>180<\/td>\n<\/tr>\n<\/tbody>\n<\/table>\n<p style=\"text-align: justify;\">","protected":false},"excerpt":{"rendered":"<p>What Is an Environmental Studies Degree? Environmental Studies may be right for you. An Environmental Studies concentration is a special interdisciplinary major designed by an individual student in a unique programme. Environmental studies is a multidisciplinary academic field systematically studying human interaction with the environment aiming at the solution of complex problems. Environmental studies integrates [&hellip;]<\/p>\n","protected":false},"author":16,"featured_media":0,"parent":20795,"menu_order":0,"comment_status":"closed","ping_status":"closed","template":"","meta":{"site-sidebar-layout":"default","site-content-layout":"","ast-site-content-layout":"default","site-content-style":"default","site-sidebar-style":"default","ast-global-header-display":"","ast-banner-title-visibility":"","ast-main-header-display":"","ast-hfb-above-header-display":"","ast-hfb-below-header-display":"","ast-hfb-mobile-header-display":"","site-post-title":"","ast-breadcrumbs-content":"","ast-featured-img":"","footer-sml-layout":"","ast-disable-related-posts":"","theme-transparent-header-meta":"","adv-header-id-meta":"","stick-header-meta":"","header-above-stick-meta":"","header-main-stick-meta":"","header-below-stick-meta":"","astra-migrate-meta-layouts":"default","ast-page-background-enabled":"default","ast-page-background-meta":{"desktop":{"background-color":"var(--ast-global-color-4)","background-image":"","background-repeat":"repeat","background-position":"center center","background-size":"auto","background-attachment":"scroll","background-type":"","background-media":"","overlay-type":"","overlay-color":"","overlay-opacity":"","overlay-gradient":""},"tablet":{"background-color":"","background-image":"","background-repeat":"repeat","background-position":"center center","background-size":"auto","background-attachment":"scroll","background-type":"","background-media":"","overlay-type":"","overlay-color":"","overlay-opacity":"","overlay-gradient":""},"mobile":{"background-color":"","background-image":"","background-repeat":"repeat","background-position":"center center","background-size":"auto","background-attachment":"scroll","background-type":"","background-media":"","overlay-type":"","overlay-color":"","overlay-opacity":"","overlay-gradient":""}},"ast-content-background-meta":{"desktop":{"background-color":"var(--ast-global-color-5)","background-image":"","background-repeat":"repeat","background-position":"center center","background-size":"auto","background-attachment":"scroll","background-type":"","background-media":"","overlay-type":"","overlay-color":"","overlay-opacity":"","overlay-gradient":""},"tablet":{"background-color":"var(--ast-global-color-5)","background-image":"","background-repeat":"repeat","background-position":"center center","background-size":"auto","background-attachment":"scroll","background-type":"","background-media":"","overlay-type":"","overlay-color":"","overlay-opacity":"","overlay-gradient":""},"mobile":{"background-color":"var(--ast-global-color-5)","background-image":"","background-repeat":"repeat","background-position":"center center","background-size":"auto","background-attachment":"scroll","background-type":"","background-media":"","overlay-type":"","overlay-color":"","overlay-opacity":"","overlay-gradient":""}},"footnotes":""},"class_list":["post-20932","page","type-page","status-publish","hentry"],"yoast_head":"<!-- This site is optimized with the Yoast SEO Premium plugin v27.2 (Yoast SEO v27.3) - https:\/\/yoast.com\/product\/yoast-seo-premium-wordpress\/ -->\n<title>Doctorate in Environmental Studies - Online at Azteca Uni. &amp; Avrio Institute<\/title>\n<meta name=\"description\" content=\"Environmental Studies provides a space for critical thinking and engaged enquiry within and across conventional disciplinary and professional boundaries.\" \/>\n<meta name=\"robots\" content=\"index, follow, max-snippet:-1, max-image-preview:large, max-video-preview:-1\" \/>\n<link rel=\"canonical\" href=\"https:\/\/avrio.edu.eu\/de\/usc\/azteca-university\/doctor-of-the-university-in-environmental-studies\/\" \/>\n<meta property=\"og:locale\" content=\"de_DE\" \/>\n<meta property=\"og:type\" content=\"article\" \/>\n<meta property=\"og:title\" content=\"Dr. Univ. in Environmental Studies - The International Research Study Programs - Avrio Institute\" \/>\n<meta property=\"og:description\" content=\"Environmental Studies provides a space for critical thinking and engaged enquiry within and across conventional disciplinary and professional boundaries.\" \/>\n<meta property=\"og:url\" content=\"https:\/\/avrio.edu.eu\/de\/usc\/azteca-university\/doctor-of-the-university-in-environmental-studies\/\" \/>\n<meta property=\"og:site_name\" content=\"The International Research Study Programs - Avrio Institute\" \/>\n<meta property=\"article:publisher\" content=\"https:\/\/www.facebook.com\/institutavriodegeneve\/\" \/>\n<meta property=\"article:modified_time\" content=\"2026-02-11T19:33:28+00:00\" \/>\n<meta property=\"og:image\" content=\"https:\/\/avrio.edu.eu\/new\/wp-content\/uploads\/2020\/04\/logo-new-gw.png\" \/>\n\t<meta property=\"og:image:width\" content=\"850\" \/>\n\t<meta property=\"og:image:height\" content=\"850\" \/>\n\t<meta property=\"og:image:type\" content=\"image\/png\" \/>\n<meta name=\"twitter:card\" content=\"summary_large_image\" \/>\n<meta name=\"twitter:site\" content=\"@AvrioDeGeneve\" \/>\n<meta name=\"twitter:label1\" content=\"Gesch\u00e4tzte Lesezeit\" \/>\n\t<meta name=\"twitter:data1\" content=\"4\u00a0Minuten\" \/>\n<script type=\"application\/ld+json\" class=\"yoast-schema-graph\">{\"@context\":\"https:\\\/\\\/schema.org\",\"@graph\":[{\"@type\":\"WebPage\",\"@id\":\"https:\\\/\\\/avrio.edu.eu\\\/usc\\\/azteca-university\\\/doctor-of-the-university-in-environmental-studies\\\/\",\"url\":\"https:\\\/\\\/avrio.edu.eu\\\/usc\\\/azteca-university\\\/doctor-of-the-university-in-environmental-studies\\\/\",\"name\":\"Doctorate in Environmental Studies - Online at Azteca Uni. & Avrio Institute\",\"isPartOf\":{\"@id\":\"https:\\\/\\\/avrio.edu.eu\\\/#website\"},\"datePublished\":\"2021-12-17T18:45:13+00:00\",\"dateModified\":\"2026-02-11T19:33:28+00:00\",\"description\":\"Environmental Studies provides a space for critical thinking and engaged enquiry within and across conventional disciplinary and professional boundaries.\",\"breadcrumb\":{\"@id\":\"https:\\\/\\\/avrio.edu.eu\\\/usc\\\/azteca-university\\\/doctor-of-the-university-in-environmental-studies\\\/#breadcrumb\"},\"inLanguage\":\"de\",\"potentialAction\":[{\"@type\":\"ReadAction\",\"target\":[\"https:\\\/\\\/avrio.edu.eu\\\/usc\\\/azteca-university\\\/doctor-of-the-university-in-environmental-studies\\\/\"]}]},{\"@type\":\"BreadcrumbList\",\"@id\":\"https:\\\/\\\/avrio.edu.eu\\\/usc\\\/azteca-university\\\/doctor-of-the-university-in-environmental-studies\\\/#breadcrumb\",\"itemListElement\":[{\"@type\":\"ListItem\",\"position\":1,\"name\":\"Home\",\"item\":\"https:\\\/\\\/avrio.edu.eu\\\/\"},{\"@type\":\"ListItem\",\"position\":2,\"name\":\"Universities Studies Center\",\"item\":\"https:\\\/\\\/avrio.edu.eu\\\/usc\\\/\"},{\"@type\":\"ListItem\",\"position\":3,\"name\":\"Azteca University\",\"item\":\"https:\\\/\\\/avrio.edu.eu\\\/usc\\\/azteca-university\\\/\"},{\"@type\":\"ListItem\",\"position\":4,\"name\":\"Dr. Univ. in Environmental Studies\"}]},{\"@type\":\"WebSite\",\"@id\":\"https:\\\/\\\/avrio.edu.eu\\\/#website\",\"url\":\"https:\\\/\\\/avrio.edu.eu\\\/\",\"name\":\"The Postgraduate and Research Studies at Avrio Institute\",\"description\":\"For Bachelor&#039;s, Master&#039;s and Doctorate - In cooperation with Azteca University\",\"publisher\":{\"@id\":\"https:\\\/\\\/avrio.edu.eu\\\/#organization\"},\"alternateName\":\"Avrio for Research Studies\",\"potentialAction\":[{\"@type\":\"SearchAction\",\"target\":{\"@type\":\"EntryPoint\",\"urlTemplate\":\"https:\\\/\\\/avrio.edu.eu\\\/?s={search_term_string}\"},\"query-input\":{\"@type\":\"PropertyValueSpecification\",\"valueRequired\":true,\"valueName\":\"search_term_string\"}}],\"inLanguage\":\"de\"},{\"@type\":\"Organization\",\"@id\":\"https:\\\/\\\/avrio.edu.eu\\\/#organization\",\"name\":\"Institut Avrio de Gen\u00e8ve\",\"alternateName\":\"Avrio Institute\",\"url\":\"https:\\\/\\\/avrio.edu.eu\\\/\",\"logo\":{\"@type\":\"ImageObject\",\"inLanguage\":\"de\",\"@id\":\"https:\\\/\\\/avrio.edu.eu\\\/#\\\/schema\\\/logo\\\/image\\\/\",\"url\":\"https:\\\/\\\/avrio.edu.eu\\\/new\\\/wp-content\\\/uploads\\\/2020\\\/04\\\/logo-new-gw.png\",\"contentUrl\":\"https:\\\/\\\/avrio.edu.eu\\\/new\\\/wp-content\\\/uploads\\\/2020\\\/04\\\/logo-new-gw.png\",\"width\":850,\"height\":850,\"caption\":\"Institut Avrio de Gen\u00e8ve\"},\"image\":{\"@id\":\"https:\\\/\\\/avrio.edu.eu\\\/#\\\/schema\\\/logo\\\/image\\\/\"},\"sameAs\":[\"https:\\\/\\\/www.facebook.com\\\/institutavriodegeneve\\\/\",\"https:\\\/\\\/x.com\\\/AvrioDeGeneve\",\"https:\\\/\\\/www.instagram.com\\\/institutavriodegeneve\\\/\",\"https:\\\/\\\/www.linkedin.com\\\/in\\\/avrio-de-geneve-024392194\\\/\",\"https:\\\/\\\/www.youtube.com\\\/channel\\\/UCPP2orNhGglhisZlldUbnkQ\"]}]}<\/script>\n<!-- \/ Yoast SEO Premium plugin. -->","yoast_head_json":{"title":"Promotion in Umweltwissenschaften - Online bei Azteca Uni. &amp; Avrio-Institut","description":"Umweltstudien bieten einen Raum f\u00fcr kritisches Denken und engagiertes Forschen innerhalb und \u00fcber herk\u00f6mmliche disziplin\u00e4re und berufliche Grenzen hinweg.","robots":{"index":"index","follow":"follow","max-snippet":"max-snippet:-1","max-image-preview":"max-image-preview:large","max-video-preview":"max-video-preview:-1"},"canonical":"https:\/\/avrio.edu.eu\/de\/usc\/azteca-university\/doctor-of-the-university-in-environmental-studies\/","og_locale":"de_DE","og_type":"article","og_title":"Dr. Univ. in Environmental Studies - The International Research Study Programs - Avrio Institute","og_description":"Environmental Studies provides a space for critical thinking and engaged enquiry within and across conventional disciplinary and professional boundaries.","og_url":"https:\/\/avrio.edu.eu\/de\/usc\/azteca-university\/doctor-of-the-university-in-environmental-studies\/","og_site_name":"The International Research Study Programs - Avrio Institute","article_publisher":"https:\/\/www.facebook.com\/institutavriodegeneve\/","article_modified_time":"2026-02-11T19:33:28+00:00","og_image":[{"width":850,"height":850,"url":"https:\/\/avrio.edu.eu\/new\/wp-content\/uploads\/2020\/04\/logo-new-gw.png","type":"image\/png"}],"twitter_card":"summary_large_image","twitter_site":"@AvrioDeGeneve","twitter_misc":{"Gesch\u00e4tzte Lesezeit":"4\u00a0Minuten"},"schema":{"@context":"https:\/\/schema.org","@graph":[{"@type":"WebPage","@id":"https:\/\/avrio.edu.eu\/usc\/azteca-university\/doctor-of-the-university-in-environmental-studies\/","url":"https:\/\/avrio.edu.eu\/usc\/azteca-university\/doctor-of-the-university-in-environmental-studies\/","name":"Promotion in Umweltwissenschaften - Online bei Azteca Uni. &amp; Avrio-Institut","isPartOf":{"@id":"https:\/\/avrio.edu.eu\/#website"},"datePublished":"2021-12-17T18:45:13+00:00","dateModified":"2026-02-11T19:33:28+00:00","description":"Umweltstudien bieten einen Raum f\u00fcr kritisches Denken und engagiertes Forschen innerhalb und \u00fcber herk\u00f6mmliche disziplin\u00e4re und berufliche Grenzen hinweg.","breadcrumb":{"@id":"https:\/\/avrio.edu.eu\/usc\/azteca-university\/doctor-of-the-university-in-environmental-studies\/#breadcrumb"},"inLanguage":"de","potentialAction":[{"@type":"ReadAction","target":["https:\/\/avrio.edu.eu\/usc\/azteca-university\/doctor-of-the-university-in-environmental-studies\/"]}]},{"@type":"BreadcrumbList","@id":"https:\/\/avrio.edu.eu\/usc\/azteca-university\/doctor-of-the-university-in-environmental-studies\/#breadcrumb","itemListElement":[{"@type":"ListItem","position":1,"name":"Home","item":"https:\/\/avrio.edu.eu\/"},{"@type":"ListItem","position":2,"name":"Universities Studies Center","item":"https:\/\/avrio.edu.eu\/usc\/"},{"@type":"ListItem","position":3,"name":"Azteca University","item":"https:\/\/avrio.edu.eu\/usc\/azteca-university\/"},{"@type":"ListItem","position":4,"name":"Dr. Univ. in Environmental Studies"}]},{"@type":"WebSite","@id":"https:\/\/avrio.edu.eu\/#website","url":"https:\/\/avrio.edu.eu\/","name":"Postgraduate und Forschungs-Studium an Avrio Institut","description":"F\u00fcr Bachelor -, Master-und Doktorats - In Kooperation mit der Universit\u00e4t Azteca","publisher":{"@id":"https:\/\/avrio.edu.eu\/#organization"},"alternateName":"Avrio for Research Studies","potentialAction":[{"@type":"SearchAction","target":{"@type":"EntryPoint","urlTemplate":"https:\/\/avrio.edu.eu\/?s={search_term_string}"},"query-input":{"@type":"PropertyValueSpecification","valueRequired":true,"valueName":"search_term_string"}}],"inLanguage":"de"},{"@type":"Organization","@id":"https:\/\/avrio.edu.eu\/#organization","name":"Avrio-Institut Genf","alternateName":"Avrio Institute","url":"https:\/\/avrio.edu.eu\/","logo":{"@type":"ImageObject","inLanguage":"de","@id":"https:\/\/avrio.edu.eu\/#\/schema\/logo\/image\/","url":"https:\/\/avrio.edu.eu\/new\/wp-content\/uploads\/2020\/04\/logo-new-gw.png","contentUrl":"https:\/\/avrio.edu.eu\/new\/wp-content\/uploads\/2020\/04\/logo-new-gw.png","width":850,"height":850,"caption":"Institut Avrio de Gen\u00e8ve"},"image":{"@id":"https:\/\/avrio.edu.eu\/#\/schema\/logo\/image\/"},"sameAs":["https:\/\/www.facebook.com\/institutavriodegeneve\/","https:\/\/x.com\/AvrioDeGeneve","https:\/\/www.instagram.com\/institutavriodegeneve\/","https:\/\/www.linkedin.com\/in\/avrio-de-geneve-024392194\/","https:\/\/www.youtube.com\/channel\/UCPP2orNhGglhisZlldUbnkQ"]}]}},"_links":{"self":[{"href":"https:\/\/avrio.edu.eu\/de\/wp-json\/wp\/v2\/pages\/20932","targetHints":{"allow":["GET"]}}],"collection":[{"href":"https:\/\/avrio.edu.eu\/de\/wp-json\/wp\/v2\/pages"}],"about":[{"href":"https:\/\/avrio.edu.eu\/de\/wp-json\/wp\/v2\/types\/page"}],"author":[{"embeddable":true,"href":"https:\/\/avrio.edu.eu\/de\/wp-json\/wp\/v2\/users\/16"}],"replies":[{"embeddable":true,"href":"https:\/\/avrio.edu.eu\/de\/wp-json\/wp\/v2\/comments?post=20932"}],"version-history":[{"count":1,"href":"https:\/\/avrio.edu.eu\/de\/wp-json\/wp\/v2\/pages\/20932\/revisions"}],"predecessor-version":[{"id":24591,"href":"https:\/\/avrio.edu.eu\/de\/wp-json\/wp\/v2\/pages\/20932\/revisions\/24591"}],"up":[{"embeddable":true,"href":"https:\/\/avrio.edu.eu\/de\/wp-json\/wp\/v2\/pages\/20795"}],"wp:attachment":[{"href":"https:\/\/avrio.edu.eu\/de\/wp-json\/wp\/v2\/media?parent=20932"}],"curies":[{"name":"wp","href":"https:\/\/api.w.org\/{rel}","templated":true}]}}