{"id":21003,"date":"2021-12-18T02:29:02","date_gmt":"2021-12-18T01:29:02","guid":{"rendered":"https:\/\/avrio.edu.eu\/?page_id=21003"},"modified":"2026-02-11T20:33:26","modified_gmt":"2026-02-11T19:33:26","slug":"doctor-of-science","status":"publish","type":"page","link":"https:\/\/avrio.edu.eu\/de\/usc\/azteca-university\/doctor-of-science\/","title":{"rendered":"Doktor der Naturwissenschaften (Dr.Sc.)"},"content":{"rendered":"<p style=\"text-align: justify;\"><span style=\"color: #000000;\">Kandidaten im Studienbereich Wissenschaft und Technologie qualifizieren sich f\u00fcr den POSTDOCTORAL Doctor of Science der Universidad Azteca.<\/span><\/p>\n<p style=\"text-align: justify;\"><span style=\"color: #000000;\">Dieser jure dignitatis-Abschluss wird jemandem verliehen, der durch die Ernennung in ein bestimmtes Amt oder durch Errungenschaften in einem bestimmten Berufsfeld Eminenz und Gelehrsamkeit unter Beweis gestellt hat. Dies beinhaltet in der Regel die Einreichung eines Portfolios von Peer-Refereed-Forschung, die in der Regel \u00fcber mehrere Jahre hinweg durchgef\u00fchrt wurde und einen wesentlichen Beitrag zum betreffenden akademischen Bereich geleistet hat.<\/span><\/p>\n<h3>ART UND ARBEITSAUFWAND DES PROGRAMMS<\/h3>\n<p><strong>TYP<\/strong>: Universidad Azteca interne Auszeichnung, universit\u00e4tseigenes Programm gem. Kunst. 59 Allgemeines Bildungsgesetz.<\/p>\n<p><strong>EBEN<\/strong>: Dritter Zyklus, Ebene 8 MMC-universit\u00e4tseigene Auszeichnung. Postdoc-Studium.<\/p>\n<p><strong>ARBEITSLAST:<\/strong> 120 ECTS<\/p>\n<h3>AUSZEICHNUNG UNIVERSIT\u00c4T UND ZIELGRUPPE<\/h3>\n<p><strong>AUSZEICHNENDE UNIVERSIT\u00c4T:<\/strong> Azteken-Universit\u00e4t, Chalco, Mexiko.<\/p>\n<p><strong>UNIVERSIT\u00c4TSABTEILUNG IN EUROPA:<\/strong> Europ\u00e4ische Programme der Azteken-Universit\u00e4t.<\/p>\n<p><strong>ZIELGRUPPE<\/strong>: Doktoranden, die an einem Postdoktorandenstudium in einer der von der Universidad Azteca angebotenen Disziplinen interessiert sind und den Abschluss des Doktoratsstudiums durch eine Dissertation \/ Doktorpr\u00fcfung anstreben.<\/p>\n<p><strong>SPEZIALISIERUNG<\/strong>: Studium an der Universidad Azteca auf Stufe 8 MMC (EQF) <div class=\"su-pullquote su-pullquote-align-right\">Erfahren Sie mehr \u00fcber die <a href=\"https:\/\/avrio.edu.eu\/de\/usc\/azteca-university\/own-degree\/doctor-of-the-university\/\">Doktor der Universit\u00e4t<\/a><\/div>\n<p><strong>DISZIPLINEN<\/strong>: Von der Universidad Azteca angebotene Disziplinen in den Bereichen Wissenschaft und Technologie.<\/p>\n<p><strong>SPRACHE STUDIEREN<\/strong>: Englisch, Deutsch, Spanisch<\/p>\n<p><strong>ZULASSUNGSVORAUSSETZUNG:<\/strong> Promotion oder gleichwertiger Abschluss und postgraduale Studienleistungen oder Qualifikationen f\u00fcr die Anrechnung auf das Programm oder Forschungserfahrung.<\/p>\n<h3>Modalit\u00e4t und Kursteam<\/h3>\n<p><strong>MODALIT\u00c4T<\/strong>: Modalit\u00e4ten f\u00fcr E-Learning und Fernunterricht.<\/p>\n<p><strong>KURSTEAM:<\/strong> Prof.. Dr. Gerhard Berchtold, Prof. Dr. Friedrich Luhan, Prof. Dr. Ricardo Saavedra Hidalgo, Prof. Dr. Felipe Fern\u00e1ndez Rivadulla, Prof. Dr Endler.<\/p>\n<h3>Studienplan<\/h3>\n<table border=\"1\" width=\"100%\">\n<tbody>\n<tr>\n<td bgcolor=\"#C0C0C0\"><b>Anrechnung \u2013 Wahlf\u00e4cher<\/b><\/td>\n<td bgcolor=\"#C0C0C0\"><b>Testmodus<\/b><\/td>\n<td bgcolor=\"#C0C0C0\"><b>ECTS<\/b><\/td>\n<\/tr>\n<tr>\n<td>\u00dcbertritt aus dem MPhil-Promotionsprogramm\/ Level 8 EQF<\/td>\n<td>Kredit\u00fcbertragung<\/td>\n<td>60<\/td>\n<\/tr>\n<tr>\n<td bgcolor=\"#C0C0C0\"><b>Wissenschaftliches Pflichtmodul <\/b><\/td>\n<td bgcolor=\"#C0C0C0\"><b>Testmodus<\/b><\/td>\n<td bgcolor=\"#C0C0C0\"><b>ECTS<\/b><\/td>\n<\/tr>\n<tr>\n<td>Forschungsprojekt \/ Postdoktorandenforschung und -entwicklung<\/td>\n<td>Pr\u00e4sentation<\/td>\n<td>18<\/td>\n<\/tr>\n<tr>\n<td bgcolor=\"#C0C0C0\"><b>Abschlussarbeit \/ Rigorosum-Pr\u00fcfung <\/b><\/td>\n<td bgcolor=\"#C0C0C0\"><b>Testmodus<\/b><\/td>\n<td bgcolor=\"#C0C0C0\"><b>ECTS<\/b><\/td>\n<\/tr>\n<tr>\n<td>Abschlussarbeit oder Pr\u00fcfung in der Fachrichtung Spezialisierung<\/td>\n<td>Pr\u00e4sentation und Verteidigung der Abschlussarbeit oder Pr\u00fcfung<\/td>\n<td>42<\/td>\n<\/tr>\n<tr>\n<td bgcolor=\"#C0C0C0\"><b>ARBEITSLAST<\/b><\/td>\n<td bgcolor=\"#C0C0C0\"><b>Testmodus<\/b><\/td>\n<td bgcolor=\"#C0C0C0\"><b>ECTS<\/b><\/td>\n<\/tr>\n<tr>\n<td>ECTS<\/td>\n<td>Verteidigung \/ Rigorosum<\/td>\n<td>120<\/td>\n<\/tr>\n<\/tbody>\n<\/table>\n<h3 style=\"text-align: center;\">Qualifikation: Stufe 8 des mexikanischen Qualifikationsrahmens MMC<\/h3>\n<p><a href=\"https:\/\/avrio.edu.eu\/new\/wp-content\/uploads\/2021\/12\/Mexican-Qualifications-Framework.jpg\"><img fetchpriority=\"high\" decoding=\"async\" class=\"aligncenter size-medium wp-image-20935\" src=\"https:\/\/avrio.edu.eu\/new\/wp-content\/uploads\/2021\/12\/Mexican-Qualifications-Framework-298x300.jpg\" alt=\"Mexikanischer Qualifikationsrahmen\" width=\"298\" height=\"300\" srcset=\"https:\/\/avrio.edu.eu\/new\/wp-content\/uploads\/2021\/12\/Mexican-Qualifications-Framework-298x300.jpg 298w, https:\/\/avrio.edu.eu\/new\/wp-content\/uploads\/2021\/12\/Mexican-Qualifications-Framework-12x12.jpg 12w, https:\/\/avrio.edu.eu\/new\/wp-content\/uploads\/2021\/12\/Mexican-Qualifications-Framework-150x150.jpg 150w, https:\/\/avrio.edu.eu\/new\/wp-content\/uploads\/2021\/12\/Mexican-Qualifications-Framework-768x772.jpg 768w, https:\/\/avrio.edu.eu\/new\/wp-content\/uploads\/2021\/12\/Mexican-Qualifications-Framework-1018x1024.jpg 1018w, https:\/\/avrio.edu.eu\/new\/wp-content\/uploads\/2021\/12\/Mexican-Qualifications-Framework-1527x1536.jpg 1527w, https:\/\/avrio.edu.eu\/new\/wp-content\/uploads\/2021\/12\/Mexican-Qualifications-Framework.jpg 1770w\" sizes=\"(max-width: 298px) 100vw, 298px\" \/><\/a><\/p>","protected":false},"excerpt":{"rendered":"<p>Candidates in the Science and Technology study area qualify for the POSTDOCTORAL Doctor of Science degree of Universidad Azteca. This jure dignitatis degree is one awarded to someone who has demonstrated eminence and scholarship by being appointed to a particular office, or achievement in a particular professional field. This typically involves the submission of a [&hellip;]<\/p>\n","protected":false},"author":16,"featured_media":0,"parent":20795,"menu_order":0,"comment_status":"closed","ping_status":"closed","template":"","meta":{"site-sidebar-layout":"default","site-content-layout":"","ast-site-content-layout":"default","site-content-style":"default","site-sidebar-style":"default","ast-global-header-display":"","ast-banner-title-visibility":"","ast-main-header-display":"","ast-hfb-above-header-display":"","ast-hfb-below-header-display":"","ast-hfb-mobile-header-display":"","site-post-title":"","ast-breadcrumbs-content":"","ast-featured-img":"","footer-sml-layout":"","ast-disable-related-posts":"","theme-transparent-header-meta":"","adv-header-id-meta":"","stick-header-meta":"","header-above-stick-meta":"","header-main-stick-meta":"","header-below-stick-meta":"","astra-migrate-meta-layouts":"default","ast-page-background-enabled":"default","ast-page-background-meta":{"desktop":{"background-color":"var(--ast-global-color-4)","background-image":"","background-repeat":"repeat","background-position":"center center","background-size":"auto","background-attachment":"scroll","background-type":"","background-media":"","overlay-type":"","overlay-color":"","overlay-opacity":"","overlay-gradient":""},"tablet":{"background-color":"","background-image":"","background-repeat":"repeat","background-position":"center center","background-size":"auto","background-attachment":"scroll","background-type":"","background-media":"","overlay-type":"","overlay-color":"","overlay-opacity":"","overlay-gradient":""},"mobile":{"background-color":"","background-image":"","background-repeat":"repeat","background-position":"center center","background-size":"auto","background-attachment":"scroll","background-type":"","background-media":"","overlay-type":"","overlay-color":"","overlay-opacity":"","overlay-gradient":""}},"ast-content-background-meta":{"desktop":{"background-color":"var(--ast-global-color-5)","background-image":"","background-repeat":"repeat","background-position":"center center","background-size":"auto","background-attachment":"scroll","background-type":"","background-media":"","overlay-type":"","overlay-color":"","overlay-opacity":"","overlay-gradient":""},"tablet":{"background-color":"var(--ast-global-color-5)","background-image":"","background-repeat":"repeat","background-position":"center center","background-size":"auto","background-attachment":"scroll","background-type":"","background-media":"","overlay-type":"","overlay-color":"","overlay-opacity":"","overlay-gradient":""},"mobile":{"background-color":"var(--ast-global-color-5)","background-image":"","background-repeat":"repeat","background-position":"center center","background-size":"auto","background-attachment":"scroll","background-type":"","background-media":"","overlay-type":"","overlay-color":"","overlay-opacity":"","overlay-gradient":""}},"footnotes":""},"class_list":["post-21003","page","type-page","status-publish","hentry"],"yoast_head":"<!-- This site is optimized with the Yoast SEO Premium plugin v27.2 (Yoast SEO v27.3) - https:\/\/yoast.com\/product\/yoast-seo-premium-wordpress\/ -->\n<title>Doctor of Science (Dr.Sc.) - Online at Azteca Uni. via Avrio Institute<\/title>\n<meta name=\"description\" content=\"Doctor of the University in Science and Technology areas (Dr.Sc.) provided by Azteca University distantly through Avrio Institute in Geneva\" \/>\n<meta name=\"robots\" content=\"index, follow, max-snippet:-1, max-image-preview:large, max-video-preview:-1\" \/>\n<link rel=\"canonical\" href=\"https:\/\/avrio.edu.eu\/de\/usc\/azteca-university\/doctor-of-science\/\" \/>\n<meta property=\"og:locale\" content=\"de_DE\" \/>\n<meta property=\"og:type\" content=\"article\" \/>\n<meta property=\"og:title\" content=\"Doctor of Science (Dr.Sc.) - The International Research Study Programs - Avrio Institute\" \/>\n<meta property=\"og:description\" content=\"Doctor of the University in Science and Technology areas (Dr.Sc.) provided by Azteca University distantly through Avrio Institute in Geneva\" \/>\n<meta property=\"og:url\" content=\"https:\/\/avrio.edu.eu\/de\/usc\/azteca-university\/doctor-of-science\/\" \/>\n<meta property=\"og:site_name\" content=\"The International Research Study Programs - Avrio Institute\" \/>\n<meta property=\"article:publisher\" content=\"https:\/\/www.facebook.com\/institutavriodegeneve\/\" \/>\n<meta property=\"article:modified_time\" content=\"2026-02-11T19:33:26+00:00\" \/>\n<meta property=\"og:image\" content=\"https:\/\/avrio.edu.eu\/new\/wp-content\/uploads\/2021\/12\/Mexican-Qualifications-Framework.jpg\" \/>\n\t<meta property=\"og:image:width\" content=\"1770\" \/>\n\t<meta property=\"og:image:height\" content=\"1780\" \/>\n\t<meta property=\"og:image:type\" content=\"image\/jpeg\" \/>\n<meta name=\"twitter:card\" content=\"summary_large_image\" \/>\n<meta name=\"twitter:site\" content=\"@AvrioDeGeneve\" \/>\n<meta name=\"twitter:label1\" content=\"Gesch\u00e4tzte Lesezeit\" \/>\n\t<meta name=\"twitter:data1\" content=\"2\u00a0Minuten\" \/>\n<script type=\"application\/ld+json\" class=\"yoast-schema-graph\">{\"@context\":\"https:\\\/\\\/schema.org\",\"@graph\":[{\"@type\":\"WebPage\",\"@id\":\"https:\\\/\\\/avrio.edu.eu\\\/usc\\\/azteca-university\\\/doctor-of-science\\\/\",\"url\":\"https:\\\/\\\/avrio.edu.eu\\\/usc\\\/azteca-university\\\/doctor-of-science\\\/\",\"name\":\"Doctor of Science (Dr.Sc.) - Online at Azteca Uni. via Avrio Institute\",\"isPartOf\":{\"@id\":\"https:\\\/\\\/avrio.edu.eu\\\/#website\"},\"primaryImageOfPage\":{\"@id\":\"https:\\\/\\\/avrio.edu.eu\\\/usc\\\/azteca-university\\\/doctor-of-science\\\/#primaryimage\"},\"image\":{\"@id\":\"https:\\\/\\\/avrio.edu.eu\\\/usc\\\/azteca-university\\\/doctor-of-science\\\/#primaryimage\"},\"thumbnailUrl\":\"https:\\\/\\\/avrio.edu.eu\\\/new\\\/wp-content\\\/uploads\\\/2021\\\/12\\\/Mexican-Qualifications-Framework-298x300.jpg\",\"datePublished\":\"2021-12-18T01:29:02+00:00\",\"dateModified\":\"2026-02-11T19:33:26+00:00\",\"description\":\"Doctor of the University in Science and Technology areas (Dr.Sc.) provided by Azteca University distantly through Avrio Institute in Geneva\",\"breadcrumb\":{\"@id\":\"https:\\\/\\\/avrio.edu.eu\\\/usc\\\/azteca-university\\\/doctor-of-science\\\/#breadcrumb\"},\"inLanguage\":\"de\",\"potentialAction\":[{\"@type\":\"ReadAction\",\"target\":[\"https:\\\/\\\/avrio.edu.eu\\\/usc\\\/azteca-university\\\/doctor-of-science\\\/\"]}]},{\"@type\":\"ImageObject\",\"inLanguage\":\"de\",\"@id\":\"https:\\\/\\\/avrio.edu.eu\\\/usc\\\/azteca-university\\\/doctor-of-science\\\/#primaryimage\",\"url\":\"https:\\\/\\\/avrio.edu.eu\\\/new\\\/wp-content\\\/uploads\\\/2021\\\/12\\\/Mexican-Qualifications-Framework-298x300.jpg\",\"contentUrl\":\"https:\\\/\\\/avrio.edu.eu\\\/new\\\/wp-content\\\/uploads\\\/2021\\\/12\\\/Mexican-Qualifications-Framework-298x300.jpg\"},{\"@type\":\"BreadcrumbList\",\"@id\":\"https:\\\/\\\/avrio.edu.eu\\\/usc\\\/azteca-university\\\/doctor-of-science\\\/#breadcrumb\",\"itemListElement\":[{\"@type\":\"ListItem\",\"position\":1,\"name\":\"Home\",\"item\":\"https:\\\/\\\/avrio.edu.eu\\\/\"},{\"@type\":\"ListItem\",\"position\":2,\"name\":\"Universities Studies Center\",\"item\":\"https:\\\/\\\/avrio.edu.eu\\\/usc\\\/\"},{\"@type\":\"ListItem\",\"position\":3,\"name\":\"Azteca University\",\"item\":\"https:\\\/\\\/avrio.edu.eu\\\/usc\\\/azteca-university\\\/\"},{\"@type\":\"ListItem\",\"position\":4,\"name\":\"Doctor of Science (Dr.Sc.)\"}]},{\"@type\":\"WebSite\",\"@id\":\"https:\\\/\\\/avrio.edu.eu\\\/#website\",\"url\":\"https:\\\/\\\/avrio.edu.eu\\\/\",\"name\":\"The Postgraduate and Research Studies at Avrio Institute\",\"description\":\"For Bachelor&#039;s, Master&#039;s and Doctorate - In cooperation with Azteca University\",\"publisher\":{\"@id\":\"https:\\\/\\\/avrio.edu.eu\\\/#organization\"},\"alternateName\":\"Avrio for Research Studies\",\"potentialAction\":[{\"@type\":\"SearchAction\",\"target\":{\"@type\":\"EntryPoint\",\"urlTemplate\":\"https:\\\/\\\/avrio.edu.eu\\\/?s={search_term_string}\"},\"query-input\":{\"@type\":\"PropertyValueSpecification\",\"valueRequired\":true,\"valueName\":\"search_term_string\"}}],\"inLanguage\":\"de\"},{\"@type\":\"Organization\",\"@id\":\"https:\\\/\\\/avrio.edu.eu\\\/#organization\",\"name\":\"Institut Avrio de Gen\u00e8ve\",\"alternateName\":\"Avrio Institute\",\"url\":\"https:\\\/\\\/avrio.edu.eu\\\/\",\"logo\":{\"@type\":\"ImageObject\",\"inLanguage\":\"de\",\"@id\":\"https:\\\/\\\/avrio.edu.eu\\\/#\\\/schema\\\/logo\\\/image\\\/\",\"url\":\"https:\\\/\\\/avrio.edu.eu\\\/new\\\/wp-content\\\/uploads\\\/2020\\\/04\\\/logo-new-gw.png\",\"contentUrl\":\"https:\\\/\\\/avrio.edu.eu\\\/new\\\/wp-content\\\/uploads\\\/2020\\\/04\\\/logo-new-gw.png\",\"width\":850,\"height\":850,\"caption\":\"Institut Avrio de Gen\u00e8ve\"},\"image\":{\"@id\":\"https:\\\/\\\/avrio.edu.eu\\\/#\\\/schema\\\/logo\\\/image\\\/\"},\"sameAs\":[\"https:\\\/\\\/www.facebook.com\\\/institutavriodegeneve\\\/\",\"https:\\\/\\\/x.com\\\/AvrioDeGeneve\",\"https:\\\/\\\/www.instagram.com\\\/institutavriodegeneve\\\/\",\"https:\\\/\\\/www.linkedin.com\\\/in\\\/avrio-de-geneve-024392194\\\/\",\"https:\\\/\\\/www.youtube.com\\\/channel\\\/UCPP2orNhGglhisZlldUbnkQ\"]}]}<\/script>\n<!-- \/ Yoast SEO Premium plugin. -->","yoast_head_json":{"title":"Doktor der Naturwissenschaften (Dr.Sc.) - Online bei Azteca Uni. \u00fcber das Avrio-Institut","description":"Doktor der Universit\u00e4t in Wissenschafts- und Technologiebereichen (Dr.Sc.), der von der Azteca-Universit\u00e4t \u00fcber das Avrio-Institut in Genf bereitgestellt wird","robots":{"index":"index","follow":"follow","max-snippet":"max-snippet:-1","max-image-preview":"max-image-preview:large","max-video-preview":"max-video-preview:-1"},"canonical":"https:\/\/avrio.edu.eu\/de\/usc\/azteca-university\/doctor-of-science\/","og_locale":"de_DE","og_type":"article","og_title":"Doctor of Science (Dr.Sc.) - The International Research Study Programs - Avrio Institute","og_description":"Doctor of the University in Science and Technology areas (Dr.Sc.) provided by Azteca University distantly through Avrio Institute in Geneva","og_url":"https:\/\/avrio.edu.eu\/de\/usc\/azteca-university\/doctor-of-science\/","og_site_name":"The International Research Study Programs - Avrio Institute","article_publisher":"https:\/\/www.facebook.com\/institutavriodegeneve\/","article_modified_time":"2026-02-11T19:33:26+00:00","og_image":[{"width":1770,"height":1780,"url":"https:\/\/avrio.edu.eu\/new\/wp-content\/uploads\/2021\/12\/Mexican-Qualifications-Framework.jpg","type":"image\/jpeg"}],"twitter_card":"summary_large_image","twitter_site":"@AvrioDeGeneve","twitter_misc":{"Gesch\u00e4tzte Lesezeit":"2\u00a0Minuten"},"schema":{"@context":"https:\/\/schema.org","@graph":[{"@type":"WebPage","@id":"https:\/\/avrio.edu.eu\/usc\/azteca-university\/doctor-of-science\/","url":"https:\/\/avrio.edu.eu\/usc\/azteca-university\/doctor-of-science\/","name":"Doktor der Naturwissenschaften (Dr.Sc.) - Online bei Azteca Uni. \u00fcber das Avrio-Institut","isPartOf":{"@id":"https:\/\/avrio.edu.eu\/#website"},"primaryImageOfPage":{"@id":"https:\/\/avrio.edu.eu\/usc\/azteca-university\/doctor-of-science\/#primaryimage"},"image":{"@id":"https:\/\/avrio.edu.eu\/usc\/azteca-university\/doctor-of-science\/#primaryimage"},"thumbnailUrl":"https:\/\/avrio.edu.eu\/new\/wp-content\/uploads\/2021\/12\/Mexican-Qualifications-Framework-298x300.jpg","datePublished":"2021-12-18T01:29:02+00:00","dateModified":"2026-02-11T19:33:26+00:00","description":"Doktor der Universit\u00e4t in Wissenschafts- und Technologiebereichen (Dr.Sc.), der von der Azteca-Universit\u00e4t \u00fcber das Avrio-Institut in Genf bereitgestellt wird","breadcrumb":{"@id":"https:\/\/avrio.edu.eu\/usc\/azteca-university\/doctor-of-science\/#breadcrumb"},"inLanguage":"de","potentialAction":[{"@type":"ReadAction","target":["https:\/\/avrio.edu.eu\/usc\/azteca-university\/doctor-of-science\/"]}]},{"@type":"ImageObject","inLanguage":"de","@id":"https:\/\/avrio.edu.eu\/usc\/azteca-university\/doctor-of-science\/#primaryimage","url":"https:\/\/avrio.edu.eu\/new\/wp-content\/uploads\/2021\/12\/Mexican-Qualifications-Framework-298x300.jpg","contentUrl":"https:\/\/avrio.edu.eu\/new\/wp-content\/uploads\/2021\/12\/Mexican-Qualifications-Framework-298x300.jpg"},{"@type":"BreadcrumbList","@id":"https:\/\/avrio.edu.eu\/usc\/azteca-university\/doctor-of-science\/#breadcrumb","itemListElement":[{"@type":"ListItem","position":1,"name":"Home","item":"https:\/\/avrio.edu.eu\/"},{"@type":"ListItem","position":2,"name":"Universities Studies Center","item":"https:\/\/avrio.edu.eu\/usc\/"},{"@type":"ListItem","position":3,"name":"Azteca University","item":"https:\/\/avrio.edu.eu\/usc\/azteca-university\/"},{"@type":"ListItem","position":4,"name":"Doctor of Science (Dr.Sc.)"}]},{"@type":"WebSite","@id":"https:\/\/avrio.edu.eu\/#website","url":"https:\/\/avrio.edu.eu\/","name":"Postgraduate und Forschungs-Studium an Avrio Institut","description":"F\u00fcr Bachelor -, Master-und Doktorats - In Kooperation mit der Universit\u00e4t Azteca","publisher":{"@id":"https:\/\/avrio.edu.eu\/#organization"},"alternateName":"Avrio for Research Studies","potentialAction":[{"@type":"SearchAction","target":{"@type":"EntryPoint","urlTemplate":"https:\/\/avrio.edu.eu\/?s={search_term_string}"},"query-input":{"@type":"PropertyValueSpecification","valueRequired":true,"valueName":"search_term_string"}}],"inLanguage":"de"},{"@type":"Organization","@id":"https:\/\/avrio.edu.eu\/#organization","name":"Avrio-Institut Genf","alternateName":"Avrio Institute","url":"https:\/\/avrio.edu.eu\/","logo":{"@type":"ImageObject","inLanguage":"de","@id":"https:\/\/avrio.edu.eu\/#\/schema\/logo\/image\/","url":"https:\/\/avrio.edu.eu\/new\/wp-content\/uploads\/2020\/04\/logo-new-gw.png","contentUrl":"https:\/\/avrio.edu.eu\/new\/wp-content\/uploads\/2020\/04\/logo-new-gw.png","width":850,"height":850,"caption":"Institut Avrio de Gen\u00e8ve"},"image":{"@id":"https:\/\/avrio.edu.eu\/#\/schema\/logo\/image\/"},"sameAs":["https:\/\/www.facebook.com\/institutavriodegeneve\/","https:\/\/x.com\/AvrioDeGeneve","https:\/\/www.instagram.com\/institutavriodegeneve\/","https:\/\/www.linkedin.com\/in\/avrio-de-geneve-024392194\/","https:\/\/www.youtube.com\/channel\/UCPP2orNhGglhisZlldUbnkQ"]}]}},"_links":{"self":[{"href":"https:\/\/avrio.edu.eu\/de\/wp-json\/wp\/v2\/pages\/21003","targetHints":{"allow":["GET"]}}],"collection":[{"href":"https:\/\/avrio.edu.eu\/de\/wp-json\/wp\/v2\/pages"}],"about":[{"href":"https:\/\/avrio.edu.eu\/de\/wp-json\/wp\/v2\/types\/page"}],"author":[{"embeddable":true,"href":"https:\/\/avrio.edu.eu\/de\/wp-json\/wp\/v2\/users\/16"}],"replies":[{"embeddable":true,"href":"https:\/\/avrio.edu.eu\/de\/wp-json\/wp\/v2\/comments?post=21003"}],"version-history":[{"count":1,"href":"https:\/\/avrio.edu.eu\/de\/wp-json\/wp\/v2\/pages\/21003\/revisions"}],"predecessor-version":[{"id":24588,"href":"https:\/\/avrio.edu.eu\/de\/wp-json\/wp\/v2\/pages\/21003\/revisions\/24588"}],"up":[{"embeddable":true,"href":"https:\/\/avrio.edu.eu\/de\/wp-json\/wp\/v2\/pages\/20795"}],"wp:attachment":[{"href":"https:\/\/avrio.edu.eu\/de\/wp-json\/wp\/v2\/media?parent=21003"}],"curies":[{"name":"wp","href":"https:\/\/api.w.org\/{rel}","templated":true}]}}