{"id":24202,"date":"2024-11-22T01:43:33","date_gmt":"2024-11-22T00:43:33","guid":{"rendered":"https:\/\/avrio.edu.eu\/?page_id=24202"},"modified":"2026-02-23T14:33:04","modified_gmt":"2026-02-23T13:33:04","slug":"postdoctoral-research-programs","status":"publish","type":"page","link":"https:\/\/avrio.edu.eu\/de\/usc\/azteca-university\/own-degree\/postdoctoral-research-programs\/","title":{"rendered":"Achieve Postdoctoral Distinction"},"content":{"rendered":"<h2><div class=\"su-heading su-heading-style-default su-heading-align-center\" id=\"\" style=\"font-size:18px;margin-bottom:20px\"><div class=\"su-heading-inner\">Online Research-Based Postdoctoral in Science, Letters and Law<\/div><\/div><\/h2>\n<h3 style=\"text-align: justify;\"><strong>What is Postdoctoral Research?<\/strong><\/h3>\n<p style=\"text-align: justify;\"><div class=\"su-pullquote su-pullquote-align-right\"><strong>Bringen Sie Ihre Forschungskarriere voran<\/strong> zu neuen H\u00f6hen mit unserem renommierten <strong>Postdoctoral Research Programs<\/strong> am Avrio Institute, einem renommierten Zweig der Azteca University.<\/div>Postdoctoral research is a crucial phase for doctoral scholars who have completed their studies, PhD, allowing them to develop their expertise further and contribute significantly to their fields. This stage provides access to valuable resources tailored to their interests and fosters collaboration with various academic institutions, enhancing research capabilities and professional networks.<\/p>\n<p style=\"text-align: justify;\">Postdoctoral researchers refine their skills, publish findings, and advance their academic careers, often leading to faculty positions or roles in research institutions. At Avrio Institute, we offer a range of Postdoctoral degree programs that support scholars&#8217; research endeavors and recognize their contributions to academia. Below is a list of some available Postdoctoral degree programs aimed at promoting scholarly excellence.<\/p>\n<h3 style=\"text-align: justify;\"><strong>Unveiling the Highest Postdoctoral Degrees:<\/strong><\/h3>\n<p style=\"text-align: justify;\">Avrio Institute is proud to offer, as an official branch of Azteca University, the following esteemed Postdoctoral degrees, recognized for the exceptional achievements of our graduates:<\/p>\n<ul style=\"text-align: justify;\">\n<li><strong>Doktor der Wissenschaften (D.Sc.)<\/strong>\u00a0<strong>Grad<\/strong>\u00a0In <strong>Wissenschaft<\/strong>, <strong>Maschinenbau<\/strong>, <strong>Technologie<\/strong>, Und <strong>verwandt<\/strong> Disziplinen.<\/li>\n<li><strong>Doktor der Literaturwissenschaften (D.Litt., Litt.D., D. Lit. oder Lit. D.)<\/strong>\u00a0In <strong>Gesch\u00e4ft<\/strong>, <strong>Geisteswissenschaften<\/strong>, <strong>Sozialwissenschaften<\/strong>, <strong>Design<\/strong>, Und <strong>Kreative K\u00fcnste<\/strong>, Und <strong>verwandt<\/strong> Disziplinen.<\/li>\n<li><strong>Doktor der Rechtswissenschaften (LL.D.) <\/strong>im Bereich <strong>Gesetz<\/strong> und <strong>verwandt<\/strong> Der Preis wird an Kandidaten verliehen, die mit ihrer Arbeit und Forschung wesentlich zum Wissensfortschritt beigetragen haben.<\/li>\n<\/ul>\n<h3 style=\"text-align: justify;\"><strong>Qualifying for Postdoctoral Distinction:<\/strong><\/h3>\n<h4 style=\"text-align: justify;\"><strong>D.Sc.-Berechtigung:<\/strong><\/h4>\n<p style=\"text-align: justify;\">Ein Kandidat, der einen Doctor of Philosophy (Ph.D.) in den Bereichen Naturwissenschaften, Ingenieurwesen, Technologie oder anderen verwandten Disziplinen von der Azteca University oder einen gleichwertigen, von einer anderen Universit\u00e4t anerkannten Abschluss erworben hat, kann sich f\u00fcr den Doctor of Science (D.Sc.) bewerben, sofern er die folgenden Voraussetzungen erf\u00fcllt:<\/p>\n<ul style=\"text-align: justify;\">\n<li>Demonstrate a minimum of two years of Postdoctoral research experience.<\/li>\n<li>Sie m\u00fcssen \u00fcber eine Ver\u00f6ffentlichungsliste von 10 Forschungsarbeiten in indexierten Zeitschriften verf\u00fcgen (Erstautor oder korrespondierender Autor).<\/li>\n<\/ul>\n<p style=\"text-align: justify;\"><strong>ODER<\/strong><\/p>\n<ul style=\"text-align: justify;\">\n<li>Two+ years of Postdoctoral experience with at least one internationally recognized patent (and at least two total patents).<\/li>\n<li>Forschung wird national oder international f\u00fcr ihren bedeutenden Beitrag zur Gesellschaft und zum Wissensfortschritt anerkannt.<\/li>\n<\/ul>\n<p style=\"text-align: justify;\"><strong>ODER<\/strong><\/p>\n<ul style=\"text-align: justify;\">\n<li>Two+ years of Postdoctoral experience with at least three recommendations\/referrals of his research or contribution from nationally\/ internationally recognized experts in the concerned field, and his\/her work and effort, which should have made a distinct contribution to society and advancement of knowledge.<\/li>\n<\/ul>\n<h4 style=\"text-align: justify;\"><strong>D.Litt.-Berechtigung:<\/strong><\/h4>\n<p style=\"text-align: justify;\">Ein Kandidat, der einen Doctor of Philosophy (Ph.D.) in den Bereichen Betriebswirtschaft, Geisteswissenschaften, Sozialwissenschaften, Design, Kreative K\u00fcnste oder anderen verwandten Bereichen der Azteca University oder einen gleichwertigen Abschluss einer anderen anerkannten Universit\u00e4t besitzt, kann sich f\u00fcr den Doctor of Literature (D.Litt.) bewerben, sofern er:<\/p>\n<ul style=\"text-align: justify;\">\n<li>Possess a minimum of two years of Postdoctoral research experience.<\/li>\n<li>Ver\u00f6ffentlichen Sie 10 Forschungsarbeiten in Scopus-indizierten Zeitschriften (Erstautor oder korrespondierender Autor).<\/li>\n<\/ul>\n<p style=\"text-align: justify;\"><strong>ODER<\/strong><\/p>\n<ul style=\"text-align: justify;\">\n<li>Two+ years of Postdoctoral experience with three recommendations\/referrals of his research\/ contribution from nationally\/ internationally recognized experts of the concerned field and his\/her work and efforts have made distinct contributions to society and advancement of knowledge.<\/li>\n<\/ul>\n<h4 style=\"text-align: justify;\"><strong>LL.D.-Berechtigung:<\/strong><\/h4>\n<p style=\"text-align: justify;\">Ein Kandidat, der einen Doctor of Philosophy (Ph.D.) im Bereich Jura oder verwandter Gebiete von der Azteca University oder einen gleichwertigen, von einer anderen Universit\u00e4t anerkannten Abschluss erworben hat, kann sich f\u00fcr den Abschluss Doctor of Laws (LL.D.) bewerben, sofern er \u00fcber Folgendes verf\u00fcgt:<\/p>\n<ul style=\"text-align: justify;\">\n<li>Possess a minimum of two years of Postdoctoral teaching experience.<\/li>\n<li>Ver\u00f6ffentlichen Sie 10 Forschungsarbeiten in indexierten Zeitschriften (Erstautor oder korrespondierender Autor).<\/li>\n<\/ul>\n<p style=\"text-align: justify;\"><strong>ODER<\/strong><\/p>\n<ul style=\"text-align: justify;\">\n<li>Two+ years of Postdoctoral experience with three recommendations from esteemed legal experts, recognizing your contributions to the legal field.<\/li>\n<\/ul>\n<h3 style=\"text-align: justify;\"><strong>Annahmerichtlinien<\/strong><\/h3>\n<p style=\"text-align: justify;\">Um f\u00fcr einen Doctor of Science (D.Sc.), Doctor of Literature (D.Litt.) oder Doctor of Laws (LL.D.) an der Azteca University \u00fcber das Avrio Institute in Betracht gezogen zu werden, m\u00fcssen Sie die folgenden Kriterien erf\u00fcllen:<\/p>\n<ol style=\"text-align: justify;\">\n<li><strong>Absolventenstatus:<\/strong> Au\u00dfer in Ausnahmef\u00e4llen muss der Kandidat \u00fcber einen <strong>D.Sc. \/ D.Litt.\/ oder LL.D.<\/strong> von der Azteca University oder einer anerkannten Universit\u00e4t.<\/li>\n<li><strong>Erfahrung:<\/strong> Bewerber sollten mindestens acht Jahre Berufserfahrung seit ihrem ersten Bachelor-Abschluss vorweisen k\u00f6nnen, um sich f\u00fcr das <strong>D.Sc. \/ D.Litt. \/ oder LL.D<\/strong>.<\/li>\n<li><strong>Urspr\u00fcngliche Forschung:<\/strong> Ihre Kandidatur f\u00fcr die Abschl\u00fcsse\u00a0<strong>D.Sc. \/ D.Litt.\/ oder LL.D<\/strong><strong>.<\/strong> basiert auf Ihren originellen und bedeutenden Beitr\u00e4gen zu einem bestimmten Fachgebiet wie Linguistik, Literatur, Philosophie, Sozialwissenschaften oder Geschichte.<\/li>\n<li><strong>Ver\u00f6ffentlichte Arbeit:<\/strong> Sie m\u00fcssen Ihre Forschungsergebnisse in Buchform oder in wissenschaftlichen Zeitschriften mit gro\u00dfer Verbreitung ver\u00f6ffentlicht haben.<\/li>\n<li><strong>Bisherige Auszeichnungen:<\/strong> Leistungen, die bereits f\u00fcr einen anderen Studienabschluss oder ein anderes Diplom verwendet wurden, sind nicht f\u00f6rderf\u00e4hig.<\/li>\n<li><strong>Einschreibungsprozess:<\/strong> A candidate shall submit a written application to be considered for examination, along with the Postdoctoral Tuition Fees and the following documents:\n<ul>\n<li>The Thesis Proposal is to be examined and approved.<\/li>\n<li>Eine eidesstattliche Erkl\u00e4rung, die:\n<ol style=\"list-style-type: lower-roman;\">\n<li>Geben Sie an, in welchem Umfang die Arbeit vom Kandidaten selbst erstellt wurde, und kennzeichnen Sie im Falle einer Gemeinschaftsarbeit klar, welche Teile vom Kandidaten selbst erstellt wurden.<\/li>\n<li>Geben Sie an, welcher Teil der eingereichten Arbeit (sofern vorhanden) bereits zuvor f\u00fcr einen Abschluss oder ein Diplom an der Universidad Azteca oder einer anderen Universit\u00e4t vorgelegt wurde.<\/li>\n<li>Erkl\u00e4ren Sie, dass die Arbeit in dieser Form bisher weder an dieser noch an einer anderen Universit\u00e4t zur Verleihung eines akademischen Grades bzw. Diploms angenommen wurde und auch nicht gleichzeitig an einer anderen Hochschule zur Verleihung eines akademischen Grades bzw. Diploms eingereicht wird.<\/li>\n<\/ol>\n<\/li>\n<\/ul>\n<\/li>\n<\/ol>\n<p style=\"text-align: justify;\"><strong>Ready to embark on your Postdoctoral journey?<br \/>\n<\/strong><a href=\"#contact-form\">Kontaktieren Sie unseren<\/a> Zulassungs- und Rekrutierungsteam noch heute, um Ihre Eignung zu besprechen und die M\u00f6glichkeiten am Avrio Institute zu erkunden, oder gehen Sie einen Schritt weiter und <a href=\"https:\/\/avrio.edu.eu\/de\/usc\/apply-now\/offline-application\/\">Antragsformular anfordern<\/a>.<\/p>","protected":false},"excerpt":{"rendered":"<p>What is Postdoctoral Research? Postdoctoral research is a crucial phase for doctoral scholars who have completed their studies, PhD, allowing them to develop their expertise further and contribute significantly to their fields. This stage provides access to valuable resources tailored to their interests and fosters collaboration with various academic institutions, enhancing research capabilities and professional [&hellip;]<\/p>\n","protected":false},"author":16,"featured_media":0,"parent":21267,"menu_order":0,"comment_status":"closed","ping_status":"closed","template":"","meta":{"site-sidebar-layout":"default","site-content-layout":"","ast-site-content-layout":"default","site-content-style":"default","site-sidebar-style":"default","ast-global-header-display":"","ast-banner-title-visibility":"","ast-main-header-display":"","ast-hfb-above-header-display":"","ast-hfb-below-header-display":"","ast-hfb-mobile-header-display":"","site-post-title":"","ast-breadcrumbs-content":"","ast-featured-img":"","footer-sml-layout":"","ast-disable-related-posts":"","theme-transparent-header-meta":"default","adv-header-id-meta":"","stick-header-meta":"default","header-above-stick-meta":"","header-main-stick-meta":"","header-below-stick-meta":"","astra-migrate-meta-layouts":"set","ast-page-background-enabled":"default","ast-page-background-meta":{"desktop":{"background-color":"var(--ast-global-color-4)","background-image":"","background-repeat":"repeat","background-position":"center center","background-size":"auto","background-attachment":"scroll","background-type":"","background-media":"","overlay-type":"","overlay-color":"","overlay-opacity":"","overlay-gradient":""},"tablet":{"background-color":"","background-image":"","background-repeat":"repeat","background-position":"center center","background-size":"auto","background-attachment":"scroll","background-type":"","background-media":"","overlay-type":"","overlay-color":"","overlay-opacity":"","overlay-gradient":""},"mobile":{"background-color":"","background-image":"","background-repeat":"repeat","background-position":"center center","background-size":"auto","background-attachment":"scroll","background-type":"","background-media":"","overlay-type":"","overlay-color":"","overlay-opacity":"","overlay-gradient":""}},"ast-content-background-meta":{"desktop":{"background-color":"var(--ast-global-color-5)","background-image":"","background-repeat":"repeat","background-position":"center center","background-size":"auto","background-attachment":"scroll","background-type":"","background-media":"","overlay-type":"","overlay-color":"","overlay-opacity":"","overlay-gradient":""},"tablet":{"background-color":"var(--ast-global-color-5)","background-image":"","background-repeat":"repeat","background-position":"center center","background-size":"auto","background-attachment":"scroll","background-type":"","background-media":"","overlay-type":"","overlay-color":"","overlay-opacity":"","overlay-gradient":""},"mobile":{"background-color":"var(--ast-global-color-5)","background-image":"","background-repeat":"repeat","background-position":"center center","background-size":"auto","background-attachment":"scroll","background-type":"","background-media":"","overlay-type":"","overlay-color":"","overlay-opacity":"","overlay-gradient":""}},"footnotes":""},"class_list":["post-24202","page","type-page","status-publish","hentry"],"yoast_head":"<!-- This site is optimized with the Yoast SEO Premium plugin v27.2 (Yoast SEO v27.3) - https:\/\/yoast.com\/product\/yoast-seo-premium-wordpress\/ -->\n<title>Online Postdoctoral Programs by Thesis | at Azteca Uni. via Avrio Ins.<\/title>\n<meta name=\"description\" content=\"Online and By Thesis DSc, DLitt and LLD in Science, Engineering, Technology, Business, Humanities, Social Sciences, Design, Creative Arts and Related disciplines\" \/>\n<meta name=\"robots\" content=\"index, follow, max-snippet:-1, max-image-preview:large, max-video-preview:-1\" \/>\n<link rel=\"canonical\" href=\"https:\/\/avrio.edu.eu\/de\/usc\/azteca-university\/own-degree\/postdoctoral-research-programs\/\" \/>\n<meta property=\"og:locale\" content=\"de_DE\" \/>\n<meta property=\"og:type\" content=\"article\" \/>\n<meta property=\"og:title\" content=\"Achieve Postdoctoral Distinction - The International Research Study Programs - Avrio Institute\" \/>\n<meta property=\"og:description\" content=\"Online and By Thesis DSc, DLitt and LLD in Science, Engineering, Technology, Business, Humanities, Social Sciences, Design, Creative Arts and Related disciplines\" \/>\n<meta property=\"og:url\" content=\"https:\/\/avrio.edu.eu\/de\/usc\/azteca-university\/own-degree\/postdoctoral-research-programs\/\" \/>\n<meta property=\"og:site_name\" content=\"The International Research Study Programs - Avrio Institute\" \/>\n<meta property=\"article:publisher\" content=\"https:\/\/www.facebook.com\/institutavriodegeneve\/\" \/>\n<meta property=\"article:modified_time\" content=\"2026-02-23T13:33:04+00:00\" \/>\n<meta property=\"og:image\" content=\"https:\/\/avrio.edu.eu\/new\/wp-content\/uploads\/2020\/04\/logo-new-gw.png\" \/>\n\t<meta property=\"og:image:width\" content=\"850\" \/>\n\t<meta property=\"og:image:height\" content=\"850\" \/>\n\t<meta property=\"og:image:type\" content=\"image\/png\" \/>\n<meta name=\"twitter:card\" content=\"summary_large_image\" \/>\n<meta name=\"twitter:site\" content=\"@AvrioDeGeneve\" \/>\n<meta name=\"twitter:label1\" content=\"Gesch\u00e4tzte Lesezeit\" \/>\n\t<meta name=\"twitter:data1\" content=\"4\u00a0Minuten\" \/>\n<script type=\"application\/ld+json\" class=\"yoast-schema-graph\">{\"@context\":\"https:\\\/\\\/schema.org\",\"@graph\":[{\"@type\":\"WebPage\",\"@id\":\"https:\\\/\\\/avrio.edu.eu\\\/usc\\\/azteca-university\\\/own-degree\\\/postdoctoral-research-programs\\\/\",\"url\":\"https:\\\/\\\/avrio.edu.eu\\\/usc\\\/azteca-university\\\/own-degree\\\/postdoctoral-research-programs\\\/\",\"name\":\"Online Postdoctoral Programs by Thesis | at Azteca Uni. via Avrio Ins.\",\"isPartOf\":{\"@id\":\"https:\\\/\\\/avrio.edu.eu\\\/#website\"},\"datePublished\":\"2024-11-22T00:43:33+00:00\",\"dateModified\":\"2026-02-23T13:33:04+00:00\",\"description\":\"Online and By Thesis DSc, DLitt and LLD in Science, Engineering, Technology, Business, Humanities, Social Sciences, Design, Creative Arts and Related disciplines\",\"breadcrumb\":{\"@id\":\"https:\\\/\\\/avrio.edu.eu\\\/usc\\\/azteca-university\\\/own-degree\\\/postdoctoral-research-programs\\\/#breadcrumb\"},\"inLanguage\":\"de\",\"potentialAction\":[{\"@type\":\"ReadAction\",\"target\":[\"https:\\\/\\\/avrio.edu.eu\\\/usc\\\/azteca-university\\\/own-degree\\\/postdoctoral-research-programs\\\/\"]}]},{\"@type\":\"BreadcrumbList\",\"@id\":\"https:\\\/\\\/avrio.edu.eu\\\/usc\\\/azteca-university\\\/own-degree\\\/postdoctoral-research-programs\\\/#breadcrumb\",\"itemListElement\":[{\"@type\":\"ListItem\",\"position\":1,\"name\":\"Home\",\"item\":\"https:\\\/\\\/avrio.edu.eu\\\/\"},{\"@type\":\"ListItem\",\"position\":2,\"name\":\"Universities Studies Center\",\"item\":\"https:\\\/\\\/avrio.edu.eu\\\/usc\\\/\"},{\"@type\":\"ListItem\",\"position\":3,\"name\":\"Azteca University\",\"item\":\"https:\\\/\\\/avrio.edu.eu\\\/usc\\\/azteca-university\\\/\"},{\"@type\":\"ListItem\",\"position\":4,\"name\":\"Azteca University Own degrees\",\"item\":\"https:\\\/\\\/avrio.edu.eu\\\/usc\\\/azteca-university\\\/own-degree\\\/\"},{\"@type\":\"ListItem\",\"position\":5,\"name\":\"Achieve Postdoctoral Distinction\"}]},{\"@type\":\"WebSite\",\"@id\":\"https:\\\/\\\/avrio.edu.eu\\\/#website\",\"url\":\"https:\\\/\\\/avrio.edu.eu\\\/\",\"name\":\"The Postgraduate and Research Studies at Avrio Institute\",\"description\":\"For Bachelor&#039;s, Master&#039;s and Doctorate - In cooperation with Azteca University\",\"publisher\":{\"@id\":\"https:\\\/\\\/avrio.edu.eu\\\/#organization\"},\"alternateName\":\"Avrio for Research Studies\",\"potentialAction\":[{\"@type\":\"SearchAction\",\"target\":{\"@type\":\"EntryPoint\",\"urlTemplate\":\"https:\\\/\\\/avrio.edu.eu\\\/?s={search_term_string}\"},\"query-input\":{\"@type\":\"PropertyValueSpecification\",\"valueRequired\":true,\"valueName\":\"search_term_string\"}}],\"inLanguage\":\"de\"},{\"@type\":\"Organization\",\"@id\":\"https:\\\/\\\/avrio.edu.eu\\\/#organization\",\"name\":\"Institut Avrio de Gen\u00e8ve\",\"alternateName\":\"Avrio Institute\",\"url\":\"https:\\\/\\\/avrio.edu.eu\\\/\",\"logo\":{\"@type\":\"ImageObject\",\"inLanguage\":\"de\",\"@id\":\"https:\\\/\\\/avrio.edu.eu\\\/#\\\/schema\\\/logo\\\/image\\\/\",\"url\":\"https:\\\/\\\/avrio.edu.eu\\\/new\\\/wp-content\\\/uploads\\\/2020\\\/04\\\/logo-new-gw.png\",\"contentUrl\":\"https:\\\/\\\/avrio.edu.eu\\\/new\\\/wp-content\\\/uploads\\\/2020\\\/04\\\/logo-new-gw.png\",\"width\":850,\"height\":850,\"caption\":\"Institut Avrio de Gen\u00e8ve\"},\"image\":{\"@id\":\"https:\\\/\\\/avrio.edu.eu\\\/#\\\/schema\\\/logo\\\/image\\\/\"},\"sameAs\":[\"https:\\\/\\\/www.facebook.com\\\/institutavriodegeneve\\\/\",\"https:\\\/\\\/x.com\\\/AvrioDeGeneve\",\"https:\\\/\\\/www.instagram.com\\\/institutavriodegeneve\\\/\",\"https:\\\/\\\/www.linkedin.com\\\/in\\\/avrio-de-geneve-024392194\\\/\",\"https:\\\/\\\/www.youtube.com\\\/channel\\\/UCPP2orNhGglhisZlldUbnkQ\"]}]}<\/script>\n<!-- \/ Yoast SEO Premium plugin. -->","yoast_head_json":{"title":"Online Postdoctoral Programs by Thesis | at Azteca Uni. via Avrio Ins.","description":"Online and By Thesis DSc, DLitt and LLD in Science, Engineering, Technology, Business, Humanities, Social Sciences, Design, Creative Arts and Related disciplines","robots":{"index":"index","follow":"follow","max-snippet":"max-snippet:-1","max-image-preview":"max-image-preview:large","max-video-preview":"max-video-preview:-1"},"canonical":"https:\/\/avrio.edu.eu\/de\/usc\/azteca-university\/own-degree\/postdoctoral-research-programs\/","og_locale":"de_DE","og_type":"article","og_title":"Achieve Postdoctoral Distinction - The International Research Study Programs - Avrio Institute","og_description":"Online and By Thesis DSc, DLitt and LLD in Science, Engineering, Technology, Business, Humanities, Social Sciences, Design, Creative Arts and Related disciplines","og_url":"https:\/\/avrio.edu.eu\/de\/usc\/azteca-university\/own-degree\/postdoctoral-research-programs\/","og_site_name":"The International Research Study Programs - Avrio Institute","article_publisher":"https:\/\/www.facebook.com\/institutavriodegeneve\/","article_modified_time":"2026-02-23T13:33:04+00:00","og_image":[{"width":850,"height":850,"url":"https:\/\/avrio.edu.eu\/new\/wp-content\/uploads\/2020\/04\/logo-new-gw.png","type":"image\/png"}],"twitter_card":"summary_large_image","twitter_site":"@AvrioDeGeneve","twitter_misc":{"Gesch\u00e4tzte Lesezeit":"4\u00a0Minuten"},"schema":{"@context":"https:\/\/schema.org","@graph":[{"@type":"WebPage","@id":"https:\/\/avrio.edu.eu\/usc\/azteca-university\/own-degree\/postdoctoral-research-programs\/","url":"https:\/\/avrio.edu.eu\/usc\/azteca-university\/own-degree\/postdoctoral-research-programs\/","name":"Online Postdoctoral Programs by Thesis | at Azteca Uni. via Avrio Ins.","isPartOf":{"@id":"https:\/\/avrio.edu.eu\/#website"},"datePublished":"2024-11-22T00:43:33+00:00","dateModified":"2026-02-23T13:33:04+00:00","description":"Online and By Thesis DSc, DLitt and LLD in Science, Engineering, Technology, Business, Humanities, Social Sciences, Design, Creative Arts and Related disciplines","breadcrumb":{"@id":"https:\/\/avrio.edu.eu\/usc\/azteca-university\/own-degree\/postdoctoral-research-programs\/#breadcrumb"},"inLanguage":"de","potentialAction":[{"@type":"ReadAction","target":["https:\/\/avrio.edu.eu\/usc\/azteca-university\/own-degree\/postdoctoral-research-programs\/"]}]},{"@type":"BreadcrumbList","@id":"https:\/\/avrio.edu.eu\/usc\/azteca-university\/own-degree\/postdoctoral-research-programs\/#breadcrumb","itemListElement":[{"@type":"ListItem","position":1,"name":"Home","item":"https:\/\/avrio.edu.eu\/"},{"@type":"ListItem","position":2,"name":"Universities Studies Center","item":"https:\/\/avrio.edu.eu\/usc\/"},{"@type":"ListItem","position":3,"name":"Azteca University","item":"https:\/\/avrio.edu.eu\/usc\/azteca-university\/"},{"@type":"ListItem","position":4,"name":"Azteca University Own degrees","item":"https:\/\/avrio.edu.eu\/usc\/azteca-university\/own-degree\/"},{"@type":"ListItem","position":5,"name":"Achieve Postdoctoral Distinction"}]},{"@type":"WebSite","@id":"https:\/\/avrio.edu.eu\/#website","url":"https:\/\/avrio.edu.eu\/","name":"Postgraduate und Forschungs-Studium an Avrio Institut","description":"F\u00fcr Bachelor -, Master-und Doktorats - In Kooperation mit der Universit\u00e4t Azteca","publisher":{"@id":"https:\/\/avrio.edu.eu\/#organization"},"alternateName":"Avrio for Research Studies","potentialAction":[{"@type":"SearchAction","target":{"@type":"EntryPoint","urlTemplate":"https:\/\/avrio.edu.eu\/?s={search_term_string}"},"query-input":{"@type":"PropertyValueSpecification","valueRequired":true,"valueName":"search_term_string"}}],"inLanguage":"de"},{"@type":"Organization","@id":"https:\/\/avrio.edu.eu\/#organization","name":"Avrio-Institut Genf","alternateName":"Avrio Institute","url":"https:\/\/avrio.edu.eu\/","logo":{"@type":"ImageObject","inLanguage":"de","@id":"https:\/\/avrio.edu.eu\/#\/schema\/logo\/image\/","url":"https:\/\/avrio.edu.eu\/new\/wp-content\/uploads\/2020\/04\/logo-new-gw.png","contentUrl":"https:\/\/avrio.edu.eu\/new\/wp-content\/uploads\/2020\/04\/logo-new-gw.png","width":850,"height":850,"caption":"Institut Avrio de Gen\u00e8ve"},"image":{"@id":"https:\/\/avrio.edu.eu\/#\/schema\/logo\/image\/"},"sameAs":["https:\/\/www.facebook.com\/institutavriodegeneve\/","https:\/\/x.com\/AvrioDeGeneve","https:\/\/www.instagram.com\/institutavriodegeneve\/","https:\/\/www.linkedin.com\/in\/avrio-de-geneve-024392194\/","https:\/\/www.youtube.com\/channel\/UCPP2orNhGglhisZlldUbnkQ"]}]}},"_links":{"self":[{"href":"https:\/\/avrio.edu.eu\/de\/wp-json\/wp\/v2\/pages\/24202","targetHints":{"allow":["GET"]}}],"collection":[{"href":"https:\/\/avrio.edu.eu\/de\/wp-json\/wp\/v2\/pages"}],"about":[{"href":"https:\/\/avrio.edu.eu\/de\/wp-json\/wp\/v2\/types\/page"}],"author":[{"embeddable":true,"href":"https:\/\/avrio.edu.eu\/de\/wp-json\/wp\/v2\/users\/16"}],"replies":[{"embeddable":true,"href":"https:\/\/avrio.edu.eu\/de\/wp-json\/wp\/v2\/comments?post=24202"}],"version-history":[{"count":12,"href":"https:\/\/avrio.edu.eu\/de\/wp-json\/wp\/v2\/pages\/24202\/revisions"}],"predecessor-version":[{"id":24679,"href":"https:\/\/avrio.edu.eu\/de\/wp-json\/wp\/v2\/pages\/24202\/revisions\/24679"}],"up":[{"embeddable":true,"href":"https:\/\/avrio.edu.eu\/de\/wp-json\/wp\/v2\/pages\/21267"}],"wp:attachment":[{"href":"https:\/\/avrio.edu.eu\/de\/wp-json\/wp\/v2\/media?parent=24202"}],"curies":[{"name":"wp","href":"https:\/\/api.w.org\/{rel}","templated":true}]}}