{"id":20930,"date":"2021-12-17T19:43:30","date_gmt":"2021-12-17T18:43:30","guid":{"rendered":"https:\/\/avrio.edu.eu\/?page_id=20930"},"modified":"2026-02-11T20:33:28","modified_gmt":"2026-02-11T19:33:28","slug":"doctor-of-the-university-in-individual-studies","status":"publish","type":"page","link":"https:\/\/avrio.edu.eu\/es\/usc\/azteca-university\/doctor-of-the-university-in-individual-studies\/","title":{"rendered":"Dra. Univ. en estudios individuales"},"content":{"rendered":"<h3 style=\"text-align: justify;\">\u00bfQu\u00e9 es un t\u00edtulo de estudios individuales?<\/h3>\n<p style=\"text-align: justify;\">Los estudios individuales pueden ser adecuados para usted. Una concentraci\u00f3n de Estudios Individualizados es una especialidad interdisciplinaria especial dise\u00f1ada por un estudiante individual en un programa \u00fanico.<\/p>\n<p style=\"text-align: justify;\"> <div class=\"su-pullquote su-pullquote-align-right\">Conozca m\u00e1s sobre el <a href=\"https:\/\/avrio.edu.eu\/es\/usc\/azteca-university\/own-degree\/doctor-of-the-university\/\">Doctor de la Universidad<\/a><\/div>Los estudios individuales brindan espacio para el pensamiento cr\u00edtico y la investigaci\u00f3n comprometida dentro y m\u00e1s all\u00e1 de los l\u00edmites disciplinarios y profesionales convencionales, un lugar para estudiantes intelectualmente curiosos, reflexivos y altamente autodirigidos. El programa es un compromiso importante, basado en un Plan de aprendizaje individualizado que describe la justificaci\u00f3n, los objetivos de aprendizaje y el trabajo del curso.<\/p>\n<p style=\"text-align: justify;\">Los profesionales que deseen aplicar sus cr\u00e9ditos universitarios para completar un t\u00edtulo en un campo espec\u00edfico pueden hacerlo en este programa, lo que permite a los estudiantes transferir sus cr\u00e9ditos universitarios completos y calificaciones profesionales a su programa de grado. El fundamento de los estudios individuales es desarrollar profesionalismo, desarrollar conciencia, mejorar la metodolog\u00eda y el conocimiento de la profesi\u00f3n. Un estudiante identifica un \u00e1rea para realizar una investigaci\u00f3n con experiencia en ese campo de estudio individual.<\/p>\n<p style=\"text-align: justify;\">Los Estudios Individuales de la Universidad Azteca son interdisciplinarios y se enfocan en el desarrollo de habilidades acad\u00e9micas de posgrado en la pr\u00e1ctica profesional seg\u00fan lo define el Marco de Cualificaciones Mexicano y Europeo (MMC, EQF) Nivel 7 (Maestr\u00eda) y Nivel 8 (Doctorado). Los estudios individuales brindan un espacio para el pensamiento cr\u00edtico y la investigaci\u00f3n comprometida dentro y m\u00e1s all\u00e1 de los l\u00edmites disciplinarios y profesionales convencionales.<\/p>\n<p style=\"text-align: justify;\">El t\u00edtulo de Universidad Azteca en Estudios Individuales es un t\u00edtulo de posgrado otorgado en varias disciplinas y concentraciones, interdisciplinario y que tiende a enfocarse en satisfacer las necesidades de profesionales en lugar de acad\u00e9micos y dise\u00f1ado para grupos espec\u00edficos de profesionales en activo con necesidades bien definidas para cursos de grado avanzado. , realizando proyectos y escribiendo documentos en combinaci\u00f3n con la investigaci\u00f3n de los estudiantes para el t\u00edtulo de investigaci\u00f3n individual avanzada.<\/p>\n<p style=\"text-align: justify;\">Estos programas de grado ofrecen horarios flexibles con un curr\u00edculo diverso centrado en la formaci\u00f3n t\u00e9cnica y pr\u00e1ctica, se ayuda a los estudiantes a desarrollar competencias en el conocimiento de la materia, la aplicaci\u00f3n de la materia, lo que les permitir\u00e1 trabajar de manera efectiva en la variedad de contextos que encontrar\u00e1n durante sus carreras.<\/p>\n<h4 style=\"text-align: justify;\">TIPO Y CARGA DE TRABAJO DEL PROGRAMA<\/h4>\n<p style=\"text-align: justify;\"><strong>ESCRIBE<\/strong>: Premio interno Universidad Azteca, programa propio de la universidad acc. Arte. 59 Ley General de Educaci\u00f3n.<br \/>\n<strong>NIVEL<\/strong>: Tercer ciclo, nivel 8 MMC t\u00edtulo propio universitario.<br \/>\n<strong>CARGA DE TRABAJO<\/strong>: 180 ECTS<\/p>\n<h4 style=\"text-align: justify;\">UNIVERSIDAD DE ADJUDICACI\u00d3N Y GRUPO OBJETIVO<\/h4>\n<p style=\"text-align: justify;\"><strong>UNIVERSIDAD QUE OTORGA:<\/strong> Universidad Azteca, Chalco, Mexico.<\/p>\n<p style=\"text-align: justify;\"><strong>DEPARTAMENTO UNIVERSITARIO EN EUROPA:<\/strong> Universidad Azteca European Programmes.<\/p>\n<p style=\"text-align: justify;\"><strong>GRUPO OBJETIVO:<\/strong> Estudiantes de doctorado interesados \u200b\u200ben la transferencia de cr\u00e9ditos de estudios de doctorado o cursos EQF de nivel 8 en una de las siguientes disciplinas a la Universidad Azteca que buscan completar el programa de doctorado mediante tesis \/ examen de doctorado profesional.<\/p>\n<p style=\"text-align: justify;\"><strong>ESPECIALIZACI\u00d3N:<\/strong> Estudios avanzados de nivel 8 MMC (EQF)<\/p>\n<p style=\"text-align: justify;\"><strong>DISCIPLINAS:<\/strong><\/p>\n<ul style=\"text-align: justify;\">\n<li>Ingenier\u00eda Industrial<\/li>\n<li>Ciencias de la Salud y Enfermer\u00eda<\/li>\n<li>Ciencias de la Computaci\u00f3n<\/li>\n<li>Tecnolog\u00eda Ambiental<\/li>\n<li>Ciencias Sociales y Econ\u00f3micas<\/li>\n<li>Ciencias de la Salud<\/li>\n<li>Ciencias de la Educaci\u00f3n<\/li>\n<li>Psicolog\u00eda<\/li>\n<li>Ciencias Ambientales<\/li>\n<\/ul>\n<p style=\"text-align: justify;\"><strong>IDIOMA DE ESTUDIO<\/strong>: ingl\u00e9s, alem\u00e1n, espa\u00f1ol<\/p>\n<p style=\"text-align: justify;\"><strong>REQUISITO DE ADMISI\u00d3N:<\/strong> Maestr\u00eda o t\u00edtulo equivalente y cursos de posgrado o calificaciones para la transferencia de cr\u00e9ditos al programa o experiencia de investigaci\u00f3n.<\/p>\n<h4 style=\"text-align: justify;\">Modalidad y Equipo de Curso<\/h4>\n<p style=\"text-align: justify;\"><strong>MODALIDAD:<\/strong> modalidad e-learning y educaci\u00f3n a distancia.<br \/>\nEQUIPO DEL CURSO: Prof. Dr. Gerhard Berchtold, Prof. Dr. Friedrich Luhan, Prof. Dr. Ricardo Saavedra Hidalgo, Prof. Dr. Felipe Fern\u00e1ndez Rivadulla, Prof. Dra. Endler.<\/p>\n<h4 style=\"text-align: justify;\">Plan de estudios<\/h4>\n<table border=\"1\" width=\"100%\">\n<tbody>\n<tr>\n<td bgcolor=\"#C0C0C0\"><b>Transferencia de cr\u00e9ditos \u2013 Cursos electivos<\/b><\/td>\n<td bgcolor=\"#C0C0C0\"><b>Modo de prueba<\/b><\/td>\n<td bgcolor=\"#C0C0C0\"><b>ECTS<\/b><\/td>\n<\/tr>\n<tr>\n<td>Transferencia del programa de doctorado MPhil \/ nivel 8 EQF<\/td>\n<td>Transferencia de Cr\u00e9ditos<\/td>\n<td>hasta 102<\/td>\n<\/tr>\n<tr>\n<td>Electivas del programa de doctorado de la Universidad Azteca<\/td>\n<td>Examen<\/td>\n<td>Diferencia a 102<\/td>\n<\/tr>\n<tr>\n<td bgcolor=\"#C0C0C0\"><b>M\u00f3dulo de Ciencias Obligatorio <\/b><\/td>\n<td bgcolor=\"#C0C0C0\"><b>Modo de prueba<\/b><\/td>\n<td bgcolor=\"#C0C0C0\"><b>ECTS<\/b><\/td>\n<\/tr>\n<tr>\n<td>Proyecto de investigaci\u00f3n<\/td>\n<td>Presentaci\u00f3n<\/td>\n<td>18<\/td>\n<\/tr>\n<tr>\n<td bgcolor=\"#C0C0C0\"><b>Examen de Tesis \/ Rigorosum <\/b><\/td>\n<td bgcolor=\"#C0C0C0\"><b>Modo de prueba<\/b><\/td>\n<td bgcolor=\"#C0C0C0\"><b>ECTS<\/b><\/td>\n<\/tr>\n<tr>\n<td>Tesis en la especializaci\u00f3n de la disciplina.<\/td>\n<td>Presentaci\u00f3n y defensa escrita de la tesis<\/td>\n<td>60<\/td>\n<\/tr>\n<tr>\n<td bgcolor=\"#C0C0C0\"><b>CARGA DE TRABAJO<\/b><\/td>\n<td bgcolor=\"#C0C0C0\"><b>Modo de prueba<\/b><\/td>\n<td bgcolor=\"#C0C0C0\"><b>ECTS<\/b><\/td>\n<\/tr>\n<tr>\n<td>ECTS<\/td>\n<td>Defensa \/ Rigoroso<\/td>\n<td>180<\/td>\n<\/tr>\n<\/tbody>\n<\/table>\n<p style=\"text-align: justify;\">","protected":false},"excerpt":{"rendered":"<p>What Is an Individual Studies Degree? Individual Studies may be right for you. An Individualised Studies concentration is a special interdisciplinary major designed by an individual student in a unique programme. Individual Studies provides space for critical thinking and engaged enquiry within and across conventional disciplinary and professional boundaries, a place for intellectually curious, reflective, [&hellip;]<\/p>\n","protected":false},"author":16,"featured_media":0,"parent":20795,"menu_order":0,"comment_status":"closed","ping_status":"closed","template":"","meta":{"site-sidebar-layout":"default","site-content-layout":"","ast-site-content-layout":"default","site-content-style":"default","site-sidebar-style":"default","ast-global-header-display":"","ast-banner-title-visibility":"","ast-main-header-display":"","ast-hfb-above-header-display":"","ast-hfb-below-header-display":"","ast-hfb-mobile-header-display":"","site-post-title":"","ast-breadcrumbs-content":"","ast-featured-img":"","footer-sml-layout":"","ast-disable-related-posts":"","theme-transparent-header-meta":"","adv-header-id-meta":"","stick-header-meta":"","header-above-stick-meta":"","header-main-stick-meta":"","header-below-stick-meta":"","astra-migrate-meta-layouts":"default","ast-page-background-enabled":"default","ast-page-background-meta":{"desktop":{"background-color":"var(--ast-global-color-4)","background-image":"","background-repeat":"repeat","background-position":"center center","background-size":"auto","background-attachment":"scroll","background-type":"","background-media":"","overlay-type":"","overlay-color":"","overlay-opacity":"","overlay-gradient":""},"tablet":{"background-color":"","background-image":"","background-repeat":"repeat","background-position":"center center","background-size":"auto","background-attachment":"scroll","background-type":"","background-media":"","overlay-type":"","overlay-color":"","overlay-opacity":"","overlay-gradient":""},"mobile":{"background-color":"","background-image":"","background-repeat":"repeat","background-position":"center center","background-size":"auto","background-attachment":"scroll","background-type":"","background-media":"","overlay-type":"","overlay-color":"","overlay-opacity":"","overlay-gradient":""}},"ast-content-background-meta":{"desktop":{"background-color":"var(--ast-global-color-5)","background-image":"","background-repeat":"repeat","background-position":"center center","background-size":"auto","background-attachment":"scroll","background-type":"","background-media":"","overlay-type":"","overlay-color":"","overlay-opacity":"","overlay-gradient":""},"tablet":{"background-color":"var(--ast-global-color-5)","background-image":"","background-repeat":"repeat","background-position":"center center","background-size":"auto","background-attachment":"scroll","background-type":"","background-media":"","overlay-type":"","overlay-color":"","overlay-opacity":"","overlay-gradient":""},"mobile":{"background-color":"var(--ast-global-color-5)","background-image":"","background-repeat":"repeat","background-position":"center center","background-size":"auto","background-attachment":"scroll","background-type":"","background-media":"","overlay-type":"","overlay-color":"","overlay-opacity":"","overlay-gradient":""}},"footnotes":""},"class_list":["post-20930","page","type-page","status-publish","hentry"],"yoast_head":"<!-- This site is optimized with the Yoast SEO Premium plugin v27.5 (Yoast SEO v27.5) - https:\/\/yoast.com\/product\/yoast-seo-premium-wordpress\/ -->\n<title>Doctorate in Individual Studies - Online at Azteca Uni. via Avrio Institute<\/title>\n<meta name=\"description\" content=\"These degree programmes offer flexible schedules with a diverse curriculum centered on technical and practical training, students are assisted to develop competence in subject knowledge, subject application, which will enable them to work effectively in the variety of contexts they will encounter during their careers.\" \/>\n<meta name=\"robots\" content=\"index, follow, max-snippet:-1, max-image-preview:large, max-video-preview:-1\" \/>\n<link rel=\"canonical\" href=\"https:\/\/avrio.edu.eu\/es\/usc\/azteca-university\/doctor-of-the-university-in-individual-studies\/\" \/>\n<meta property=\"og:locale\" content=\"es_ES\" \/>\n<meta property=\"og:type\" content=\"article\" \/>\n<meta property=\"og:title\" content=\"Dr. Univ. in Individual Studies - The International Research Study Programs - Avrio Institute\" \/>\n<meta property=\"og:description\" content=\"These degree programmes offer flexible schedules with a diverse curriculum centered on technical and practical training, students are assisted to develop competence in subject knowledge, subject application, which will enable them to work effectively in the variety of contexts they will encounter during their careers.\" \/>\n<meta property=\"og:url\" content=\"https:\/\/avrio.edu.eu\/es\/usc\/azteca-university\/doctor-of-the-university-in-individual-studies\/\" \/>\n<meta property=\"og:site_name\" content=\"The International Research Study Programs - Avrio Institute\" \/>\n<meta property=\"article:publisher\" content=\"https:\/\/www.facebook.com\/institutavriodegeneve\/\" \/>\n<meta property=\"article:modified_time\" content=\"2026-02-11T19:33:28+00:00\" \/>\n<meta property=\"og:image\" content=\"https:\/\/avrio.edu.eu\/new\/wp-content\/uploads\/2020\/04\/logo-new-gw.png\" \/>\n\t<meta property=\"og:image:width\" content=\"850\" \/>\n\t<meta property=\"og:image:height\" content=\"850\" \/>\n\t<meta property=\"og:image:type\" content=\"image\/png\" \/>\n<meta name=\"twitter:card\" content=\"summary_large_image\" \/>\n<meta name=\"twitter:site\" content=\"@AvrioDeGeneve\" \/>\n<meta name=\"twitter:label1\" content=\"Tiempo de lectura\" \/>\n\t<meta name=\"twitter:data1\" content=\"3 minutos\" \/>\n<script type=\"application\/ld+json\" class=\"yoast-schema-graph\">{\"@context\":\"https:\\\/\\\/schema.org\",\"@graph\":[{\"@type\":\"WebPage\",\"@id\":\"https:\\\/\\\/avrio.edu.eu\\\/usc\\\/azteca-university\\\/doctor-of-the-university-in-individual-studies\\\/\",\"url\":\"https:\\\/\\\/avrio.edu.eu\\\/usc\\\/azteca-university\\\/doctor-of-the-university-in-individual-studies\\\/\",\"name\":\"Doctorate in Individual Studies - Online at Azteca Uni. via Avrio Institute\",\"isPartOf\":{\"@id\":\"https:\\\/\\\/avrio.edu.eu\\\/#website\"},\"datePublished\":\"2021-12-17T18:43:30+00:00\",\"dateModified\":\"2026-02-11T19:33:28+00:00\",\"description\":\"These degree programmes offer flexible schedules with a diverse curriculum centered on technical and practical training, students are assisted to develop competence in subject knowledge, subject application, which will enable them to work effectively in the variety of contexts they will encounter during their careers.\",\"breadcrumb\":{\"@id\":\"https:\\\/\\\/avrio.edu.eu\\\/usc\\\/azteca-university\\\/doctor-of-the-university-in-individual-studies\\\/#breadcrumb\"},\"inLanguage\":\"es\",\"potentialAction\":[{\"@type\":\"ReadAction\",\"target\":[\"https:\\\/\\\/avrio.edu.eu\\\/usc\\\/azteca-university\\\/doctor-of-the-university-in-individual-studies\\\/\"]}]},{\"@type\":\"BreadcrumbList\",\"@id\":\"https:\\\/\\\/avrio.edu.eu\\\/usc\\\/azteca-university\\\/doctor-of-the-university-in-individual-studies\\\/#breadcrumb\",\"itemListElement\":[{\"@type\":\"ListItem\",\"position\":1,\"name\":\"Home\",\"item\":\"https:\\\/\\\/avrio.edu.eu\\\/\"},{\"@type\":\"ListItem\",\"position\":2,\"name\":\"Universities Studies Center\",\"item\":\"https:\\\/\\\/avrio.edu.eu\\\/usc\\\/\"},{\"@type\":\"ListItem\",\"position\":3,\"name\":\"Azteca University\",\"item\":\"https:\\\/\\\/avrio.edu.eu\\\/usc\\\/azteca-university\\\/\"},{\"@type\":\"ListItem\",\"position\":4,\"name\":\"Dr. Univ. in Individual Studies\"}]},{\"@type\":\"WebSite\",\"@id\":\"https:\\\/\\\/avrio.edu.eu\\\/#website\",\"url\":\"https:\\\/\\\/avrio.edu.eu\\\/\",\"name\":\"The Postgraduate and Research Studies at Avrio Institute\",\"description\":\"For Bachelor&#039;s, Master&#039;s and Doctorate - In cooperation with Azteca University\",\"publisher\":{\"@id\":\"https:\\\/\\\/avrio.edu.eu\\\/#organization\"},\"alternateName\":\"Avrio for Research Studies\",\"potentialAction\":[{\"@type\":\"SearchAction\",\"target\":{\"@type\":\"EntryPoint\",\"urlTemplate\":\"https:\\\/\\\/avrio.edu.eu\\\/?s={search_term_string}\"},\"query-input\":{\"@type\":\"PropertyValueSpecification\",\"valueRequired\":true,\"valueName\":\"search_term_string\"}}],\"inLanguage\":\"es\"},{\"@type\":\"Organization\",\"@id\":\"https:\\\/\\\/avrio.edu.eu\\\/#organization\",\"name\":\"Institut Avrio de Gen\u00e8ve\",\"alternateName\":\"Avrio Institute\",\"url\":\"https:\\\/\\\/avrio.edu.eu\\\/\",\"logo\":{\"@type\":\"ImageObject\",\"inLanguage\":\"es\",\"@id\":\"https:\\\/\\\/avrio.edu.eu\\\/#\\\/schema\\\/logo\\\/image\\\/\",\"url\":\"https:\\\/\\\/avrio.edu.eu\\\/new\\\/wp-content\\\/uploads\\\/2020\\\/04\\\/logo-new-gw.png\",\"contentUrl\":\"https:\\\/\\\/avrio.edu.eu\\\/new\\\/wp-content\\\/uploads\\\/2020\\\/04\\\/logo-new-gw.png\",\"width\":850,\"height\":850,\"caption\":\"Institut Avrio de Gen\u00e8ve\"},\"image\":{\"@id\":\"https:\\\/\\\/avrio.edu.eu\\\/#\\\/schema\\\/logo\\\/image\\\/\"},\"sameAs\":[\"https:\\\/\\\/www.facebook.com\\\/institutavriodegeneve\\\/\",\"https:\\\/\\\/x.com\\\/AvrioDeGeneve\",\"https:\\\/\\\/www.instagram.com\\\/institutavriodegeneve\\\/\",\"https:\\\/\\\/www.linkedin.com\\\/in\\\/avrio-de-geneve-024392194\\\/\",\"https:\\\/\\\/www.youtube.com\\\/channel\\\/UCPP2orNhGglhisZlldUbnkQ\"]}]}<\/script>\n<!-- \/ Yoast SEO Premium plugin. -->","yoast_head_json":{"title":"Doctorado en Estudios Individuales - En l\u00ednea en Azteca Uni. a trav\u00e9s del Instituto Avrio","description":"Estos programas de grado ofrecen horarios flexibles con un curr\u00edculo diverso centrado en la formaci\u00f3n t\u00e9cnica y pr\u00e1ctica, se ayuda a los estudiantes a desarrollar competencias en el conocimiento de la materia, la aplicaci\u00f3n de la materia, lo que les permitir\u00e1 trabajar de manera efectiva en la variedad de contextos que encontrar\u00e1n durante sus carreras.","robots":{"index":"index","follow":"follow","max-snippet":"max-snippet:-1","max-image-preview":"max-image-preview:large","max-video-preview":"max-video-preview:-1"},"canonical":"https:\/\/avrio.edu.eu\/es\/usc\/azteca-university\/doctor-of-the-university-in-individual-studies\/","og_locale":"es_ES","og_type":"article","og_title":"Dr. Univ. in Individual Studies - The International Research Study Programs - Avrio Institute","og_description":"These degree programmes offer flexible schedules with a diverse curriculum centered on technical and practical training, students are assisted to develop competence in subject knowledge, subject application, which will enable them to work effectively in the variety of contexts they will encounter during their careers.","og_url":"https:\/\/avrio.edu.eu\/es\/usc\/azteca-university\/doctor-of-the-university-in-individual-studies\/","og_site_name":"The International Research Study Programs - Avrio Institute","article_publisher":"https:\/\/www.facebook.com\/institutavriodegeneve\/","article_modified_time":"2026-02-11T19:33:28+00:00","og_image":[{"width":850,"height":850,"url":"https:\/\/avrio.edu.eu\/new\/wp-content\/uploads\/2020\/04\/logo-new-gw.png","type":"image\/png"}],"twitter_card":"summary_large_image","twitter_site":"@AvrioDeGeneve","twitter_misc":{"Tiempo de lectura":"3 minutos"},"schema":{"@context":"https:\/\/schema.org","@graph":[{"@type":"WebPage","@id":"https:\/\/avrio.edu.eu\/usc\/azteca-university\/doctor-of-the-university-in-individual-studies\/","url":"https:\/\/avrio.edu.eu\/usc\/azteca-university\/doctor-of-the-university-in-individual-studies\/","name":"Doctorado en Estudios Individuales - En l\u00ednea en Azteca Uni. a trav\u00e9s del Instituto Avrio","isPartOf":{"@id":"https:\/\/avrio.edu.eu\/#website"},"datePublished":"2021-12-17T18:43:30+00:00","dateModified":"2026-02-11T19:33:28+00:00","description":"Estos programas de grado ofrecen horarios flexibles con un curr\u00edculo diverso centrado en la formaci\u00f3n t\u00e9cnica y pr\u00e1ctica, se ayuda a los estudiantes a desarrollar competencias en el conocimiento de la materia, la aplicaci\u00f3n de la materia, lo que les permitir\u00e1 trabajar de manera efectiva en la variedad de contextos que encontrar\u00e1n durante sus carreras.","breadcrumb":{"@id":"https:\/\/avrio.edu.eu\/usc\/azteca-university\/doctor-of-the-university-in-individual-studies\/#breadcrumb"},"inLanguage":"es","potentialAction":[{"@type":"ReadAction","target":["https:\/\/avrio.edu.eu\/usc\/azteca-university\/doctor-of-the-university-in-individual-studies\/"]}]},{"@type":"BreadcrumbList","@id":"https:\/\/avrio.edu.eu\/usc\/azteca-university\/doctor-of-the-university-in-individual-studies\/#breadcrumb","itemListElement":[{"@type":"ListItem","position":1,"name":"Home","item":"https:\/\/avrio.edu.eu\/"},{"@type":"ListItem","position":2,"name":"Universities Studies Center","item":"https:\/\/avrio.edu.eu\/usc\/"},{"@type":"ListItem","position":3,"name":"Azteca University","item":"https:\/\/avrio.edu.eu\/usc\/azteca-university\/"},{"@type":"ListItem","position":4,"name":"Dr. Univ. in Individual Studies"}]},{"@type":"WebSite","@id":"https:\/\/avrio.edu.eu\/#website","url":"https:\/\/avrio.edu.eu\/","name":"Estudios de posgrado e investigaci\u00f3n en el Instituto Avrio","description":"Para Licenciatura, Maestr\u00eda y Doctorado - En colaboraci\u00f3n con Universidad Azteca","publisher":{"@id":"https:\/\/avrio.edu.eu\/#organization"},"alternateName":"Avrio for Research Studies","potentialAction":[{"@type":"SearchAction","target":{"@type":"EntryPoint","urlTemplate":"https:\/\/avrio.edu.eu\/?s={search_term_string}"},"query-input":{"@type":"PropertyValueSpecification","valueRequired":true,"valueName":"search_term_string"}}],"inLanguage":"es"},{"@type":"Organization","@id":"https:\/\/avrio.edu.eu\/#organization","name":"Instituto Avrio de Ginebra","alternateName":"Avrio Institute","url":"https:\/\/avrio.edu.eu\/","logo":{"@type":"ImageObject","inLanguage":"es","@id":"https:\/\/avrio.edu.eu\/#\/schema\/logo\/image\/","url":"https:\/\/avrio.edu.eu\/new\/wp-content\/uploads\/2020\/04\/logo-new-gw.png","contentUrl":"https:\/\/avrio.edu.eu\/new\/wp-content\/uploads\/2020\/04\/logo-new-gw.png","width":850,"height":850,"caption":"Institut Avrio de Gen\u00e8ve"},"image":{"@id":"https:\/\/avrio.edu.eu\/#\/schema\/logo\/image\/"},"sameAs":["https:\/\/www.facebook.com\/institutavriodegeneve\/","https:\/\/x.com\/AvrioDeGeneve","https:\/\/www.instagram.com\/institutavriodegeneve\/","https:\/\/www.linkedin.com\/in\/avrio-de-geneve-024392194\/","https:\/\/www.youtube.com\/channel\/UCPP2orNhGglhisZlldUbnkQ"]}]}},"_links":{"self":[{"href":"https:\/\/avrio.edu.eu\/es\/wp-json\/wp\/v2\/pages\/20930","targetHints":{"allow":["GET"]}}],"collection":[{"href":"https:\/\/avrio.edu.eu\/es\/wp-json\/wp\/v2\/pages"}],"about":[{"href":"https:\/\/avrio.edu.eu\/es\/wp-json\/wp\/v2\/types\/page"}],"author":[{"embeddable":true,"href":"https:\/\/avrio.edu.eu\/es\/wp-json\/wp\/v2\/users\/16"}],"replies":[{"embeddable":true,"href":"https:\/\/avrio.edu.eu\/es\/wp-json\/wp\/v2\/comments?post=20930"}],"version-history":[{"count":1,"href":"https:\/\/avrio.edu.eu\/es\/wp-json\/wp\/v2\/pages\/20930\/revisions"}],"predecessor-version":[{"id":24592,"href":"https:\/\/avrio.edu.eu\/es\/wp-json\/wp\/v2\/pages\/20930\/revisions\/24592"}],"up":[{"embeddable":true,"href":"https:\/\/avrio.edu.eu\/es\/wp-json\/wp\/v2\/pages\/20795"}],"wp:attachment":[{"href":"https:\/\/avrio.edu.eu\/es\/wp-json\/wp\/v2\/media?parent=20930"}],"curies":[{"name":"wp","href":"https:\/\/api.w.org\/{rel}","templated":true}]}}