{"id":20932,"date":"2021-12-17T19:45:13","date_gmt":"2021-12-17T18:45:13","guid":{"rendered":"https:\/\/avrio.edu.eu\/?page_id=20932"},"modified":"2026-02-11T20:33:28","modified_gmt":"2026-02-11T19:33:28","slug":"doctor-of-the-university-in-environmental-studies","status":"publish","type":"page","link":"https:\/\/avrio.edu.eu\/es\/usc\/azteca-university\/doctor-of-the-university-in-environmental-studies\/","title":{"rendered":"Dra. Univ. en Estudios Ambientales"},"content":{"rendered":"<h3 style=\"text-align: justify;\">\u00bfQu\u00e9 es un t\u00edtulo en estudios ambientales?<\/h3>\n<p style=\"text-align: justify;\">Los estudios ambientales pueden ser adecuados para usted. Una concentraci\u00f3n de Estudios Ambientales es una especializaci\u00f3n interdisciplinaria especial dise\u00f1ada por un estudiante individual en un programa \u00fanico.<\/p>\n<p style=\"text-align: justify;\"><div class=\"su-pullquote su-pullquote-align-right\">Conozca m\u00e1s sobre el <a href=\"https:\/\/avrio.edu.eu\/es\/usc\/azteca-university\/own-degree\/doctor-of-the-university\/\">Doctor de la Universidad<\/a><\/div>Los estudios ambientales son un campo acad\u00e9mico multidisciplinario que estudia sistem\u00e1ticamente la interacci\u00f3n humana con el medio ambiente con el objetivo de solucionar problemas complejos. Los estudios ambientales integran los principios de las ciencias\/tecnolog\u00edas, comercio\/econom\u00eda y ciencias sociales que abordan los problemas ambientales contempor\u00e1neos. Es un amplio campo de estudio que abarca el entorno natural, el entorno construido y las relaciones entre ellos. El campo abarca el estudio de los principios b\u00e1sicos de la ecolog\u00eda y las ciencias ambientales, as\u00ed como temas asociados como la \u00e9tica, la geograf\u00eda, la pol\u00edtica, el derecho, la econom\u00eda, la planificaci\u00f3n, el control de la contaminaci\u00f3n y la gesti\u00f3n de los recursos naturales.<\/p>\n<p style=\"text-align: justify;\">Los estudios ambientales brindan espacio para el pensamiento cr\u00edtico y la investigaci\u00f3n comprometida dentro y m\u00e1s all\u00e1 de los l\u00edmites disciplinarios y profesionales convencionales, un lugar para estudiantes intelectualmente curiosos, reflexivos y altamente autodirigidos.<\/p>\n<p style=\"text-align: justify;\">Los profesionales que deseen aplicar sus cr\u00e9ditos universitarios para completar un t\u00edtulo en un campo espec\u00edfico pueden hacerlo en este programa, lo que permite a los estudiantes transferir sus cr\u00e9ditos universitarios completos y calificaciones profesionales a su programa de grado. La raz\u00f3n de ser de los estudios ambientales es desarrollar profesionalismo, desarrollar conciencia, mejorar la metodolog\u00eda y el conocimiento de la profesi\u00f3n.<\/p>\n<p style=\"text-align: justify;\">Los Estudios Ambientales de la Universidad Azteca son interdisciplinarios y se enfocan en el desarrollo de habilidades acad\u00e9micas de posgrado en la pr\u00e1ctica profesional seg\u00fan lo definido por el Marco de Cualificaciones Mexicano y Europeo (MMC, EQF) Nivel 7 (Maestr\u00eda) y Nivel 8 (Doctorado). Los estudios ambientales brindan un espacio para el pensamiento cr\u00edtico y la investigaci\u00f3n comprometida dentro y m\u00e1s all\u00e1 de los l\u00edmites disciplinarios y profesionales convencionales.<\/p>\n<p style=\"text-align: justify;\">La Licenciatura en Estudios Ambientales de la Universidad Azteca es un t\u00edtulo de posgrado otorgado en varias disciplinas y concentraciones, interdisciplinario y que tiende a enfocarse en satisfacer las necesidades de profesionales en lugar de acad\u00e9micos y dise\u00f1ado para grupos espec\u00edficos de profesionales en activo con necesidades bien definidas de cursos de grado avanzado. , realizando proyectos y escribiendo documentos en combinaci\u00f3n con la investigaci\u00f3n de los estudiantes para el t\u00edtulo de investigaci\u00f3n individual avanzada.<\/p>\n<p style=\"text-align: justify;\">Estos programas de grado ofrecen horarios flexibles con un curr\u00edculo diverso centrado en la formaci\u00f3n t\u00e9cnica y pr\u00e1ctica, se ayuda a los estudiantes a desarrollar competencias en el conocimiento de la materia, la aplicaci\u00f3n de la materia, lo que les permitir\u00e1 trabajar de manera efectiva en la variedad de contextos que encontrar\u00e1n durante sus carreras.<\/p>\n<h4 style=\"text-align: justify;\">TIPO Y CARGA DE TRABAJO DEL PROGRAMA<\/h4>\n<p style=\"text-align: justify;\">TIPO: Premio interno Universidad Azteca, programa propio de la universidad acc. Arte. 59 Ley General de Educaci\u00f3n.<br \/>\nNIVEL: Tercer ciclo, nivel 8 MMC t\u00edtulo propio universitario.<br \/>\nCARGA DE TRABAJO: 180 ECTS<\/p>\n<h4 style=\"text-align: justify;\">UNIVERSIDAD DE ADJUDICACI\u00d3N Y GRUPO OBJETIVO<\/h4>\n<p style=\"text-align: justify;\"><strong>UNIVERSIDAD QUE OTORGA:<\/strong> Universidad Azteca, Chalco, Mexico.<\/p>\n<p style=\"text-align: justify;\"><strong>DEPARTAMENTO UNIVERSITARIO EN EUROPA:<\/strong> Universidad Azteca European Programmes.<\/p>\n<p style=\"text-align: justify;\"><strong>GRUPO OBJETIVO:<\/strong> Estudiantes de doctorado interesados \u200b\u200ben la transferencia de cr\u00e9ditos de estudios de doctorado o cursos EQF de nivel 8 en una de las siguientes disciplinas a la Universidad Azteca que buscan completar el programa de doctorado mediante tesis \/ examen de doctorado profesional.<\/p>\n<p style=\"text-align: justify;\"><strong>ESPECIALIZACI\u00d3N:<\/strong> Estudios avanzados de nivel 8 MMC (EQF)<\/p>\n<p style=\"text-align: justify;\"><strong>DISCIPLINAS: <\/strong><\/p>\n<ul style=\"text-align: justify;\">\n<li>Pol\u00edtica de medio ambiente<\/li>\n<li>Tecnolog\u00eda Ambiental<\/li>\n<li>Gesti\u00f3n ambiental<\/li>\n<li>Ciencia medioambiental<\/li>\n<\/ul>\n<p style=\"text-align: justify;\"><strong>IDIOMA DE ESTUDIO:<\/strong> ingl\u00e9s, alem\u00e1n, espa\u00f1ol<\/p>\n<p style=\"text-align: justify;\"><strong>REQUISITO DE ADMISI\u00d3N:<\/strong> Maestr\u00eda o t\u00edtulo equivalente y cursos de posgrado o calificaciones para la transferencia de cr\u00e9ditos al programa o experiencia de investigaci\u00f3n.<\/p>\n<h4 style=\"text-align: justify;\">Modalidad y Equipo de Curso<\/h4>\n<p style=\"text-align: justify;\"><strong>MODALIDAD:<\/strong> modalidad e-learning y educaci\u00f3n a distancia.<br \/>\n<strong>EQUIPO DEL CURSO:<\/strong> Profe. Dr. Gerhard Berchtold, Prof. Dr. Friedrich Luhan, Prof. Dr. Ricardo Saavedra Hidalgo, Prof. Dr. Felipe Fern\u00e1ndez Rivadulla, Prof. Dra. Endler.<\/p>\n<h4 style=\"text-align: justify;\">Plan de estudios<\/h4>\n<table border=\"1\" width=\"100%\">\n<tbody>\n<tr>\n<td bgcolor=\"#C0C0C0\"><b>Transferencia de cr\u00e9ditos \u2013 Cursos electivos<\/b><\/td>\n<td bgcolor=\"#C0C0C0\"><b>Modo de prueba<\/b><\/td>\n<td bgcolor=\"#C0C0C0\"><b>ECTS<\/b><\/td>\n<\/tr>\n<tr>\n<td>Medio Ambiente y Desarrollo<\/td>\n<td>Papel a plazo<\/td>\n<td>6<\/td>\n<\/tr>\n<tr>\n<td>Pol\u00edtica Ambiental Internacional \u2013 PNUMA y Tratados<\/td>\n<td>Papel a plazo<\/td>\n<td>6<\/td>\n<\/tr>\n<tr>\n<td>\u00c1reas de pol\u00edtica medioambiental de la UE y EEE<\/td>\n<td>Papel a plazo<\/td>\n<td>6<\/td>\n<\/tr>\n<tr>\n<td>Gesti\u00f3n Medioambiental ISO 14001 &amp; EMAS<\/td>\n<td>Papel a plazo<\/td>\n<td>6<\/td>\n<\/tr>\n<tr>\n<td>Gesti\u00f3n de residuos<\/td>\n<td>Papel a plazo<\/td>\n<td>6<\/td>\n<\/tr>\n<tr>\n<td>Administracion del Agua<\/td>\n<td>Papel a plazo<\/td>\n<td>6<\/td>\n<\/tr>\n<tr>\n<td>Ordenaci\u00f3n del Territorio, Urbanismo y Zonificaci\u00f3n<\/td>\n<td>Papel a plazo<\/td>\n<td>6<\/td>\n<\/tr>\n<tr>\n<td>Producci\u00f3n limpia y tecnolog\u00edas limpias<\/td>\n<td>Papel a plazo<\/td>\n<td>6<\/td>\n<\/tr>\n<tr>\n<td>Calentamiento global y cambio clim\u00e1tico<\/td>\n<td>Papel a plazo<\/td>\n<td>6<\/td>\n<\/tr>\n<tr>\n<td>Gesti\u00f3n de la energ\u00eda<\/td>\n<td>Papel a plazo<\/td>\n<td>6<\/td>\n<\/tr>\n<tr>\n<td>Gesti\u00f3n Marina y Contaminaci\u00f3n<\/td>\n<td>Papel a plazo<\/td>\n<td>6<\/td>\n<\/tr>\n<tr>\n<td>Electivas del programa de doctorado de la Universidad Azteca<\/td>\n<td>Cesi\u00f3n \/ Transferencia de Cr\u00e9ditos<\/td>\n<td>36<\/td>\n<\/tr>\n<tr>\n<td bgcolor=\"#C0C0C0\"><b>M\u00f3dulo de Ciencias Obligatorio <\/b><\/td>\n<td bgcolor=\"#C0C0C0\"><b>Modo de prueba<\/b><\/td>\n<td bgcolor=\"#C0C0C0\"><b>ECTS<\/b><\/td>\n<\/tr>\n<tr>\n<td>Proyecto de investigaci\u00f3n<\/td>\n<td>Presentaci\u00f3n<\/td>\n<td>18<\/td>\n<\/tr>\n<tr>\n<td bgcolor=\"#C0C0C0\"><b>Examen de Tesis \/ Rigorosum <\/b><\/td>\n<td bgcolor=\"#C0C0C0\"><b>Modo de prueba<\/b><\/td>\n<td bgcolor=\"#C0C0C0\"><b>ECTS<\/b><\/td>\n<\/tr>\n<tr>\n<td>Tesis en la Especializaci\u00f3n (Major)<\/td>\n<td>Presentaci\u00f3n y defensa escrita de la tesis<\/td>\n<td>60<\/td>\n<\/tr>\n<tr>\n<td bgcolor=\"#C0C0C0\"><b>CARGA DE TRABAJO<\/b><\/td>\n<td bgcolor=\"#C0C0C0\"><b>Modo de prueba<\/b><\/td>\n<td bgcolor=\"#C0C0C0\"><b>ECTS<\/b><\/td>\n<\/tr>\n<tr>\n<td>ECTS<\/td>\n<td>Defensa \/ Rigoroso<\/td>\n<td>180<\/td>\n<\/tr>\n<\/tbody>\n<\/table>\n<p style=\"text-align: justify;\">","protected":false},"excerpt":{"rendered":"<p>What Is an Environmental Studies Degree? Environmental Studies may be right for you. An Environmental Studies concentration is a special interdisciplinary major designed by an individual student in a unique programme. Environmental studies is a multidisciplinary academic field systematically studying human interaction with the environment aiming at the solution of complex problems. Environmental studies integrates [&hellip;]<\/p>\n","protected":false},"author":16,"featured_media":0,"parent":20795,"menu_order":0,"comment_status":"closed","ping_status":"closed","template":"","meta":{"site-sidebar-layout":"default","site-content-layout":"","ast-site-content-layout":"default","site-content-style":"default","site-sidebar-style":"default","ast-global-header-display":"","ast-banner-title-visibility":"","ast-main-header-display":"","ast-hfb-above-header-display":"","ast-hfb-below-header-display":"","ast-hfb-mobile-header-display":"","site-post-title":"","ast-breadcrumbs-content":"","ast-featured-img":"","footer-sml-layout":"","ast-disable-related-posts":"","theme-transparent-header-meta":"","adv-header-id-meta":"","stick-header-meta":"","header-above-stick-meta":"","header-main-stick-meta":"","header-below-stick-meta":"","astra-migrate-meta-layouts":"default","ast-page-background-enabled":"default","ast-page-background-meta":{"desktop":{"background-color":"var(--ast-global-color-4)","background-image":"","background-repeat":"repeat","background-position":"center center","background-size":"auto","background-attachment":"scroll","background-type":"","background-media":"","overlay-type":"","overlay-color":"","overlay-opacity":"","overlay-gradient":""},"tablet":{"background-color":"","background-image":"","background-repeat":"repeat","background-position":"center center","background-size":"auto","background-attachment":"scroll","background-type":"","background-media":"","overlay-type":"","overlay-color":"","overlay-opacity":"","overlay-gradient":""},"mobile":{"background-color":"","background-image":"","background-repeat":"repeat","background-position":"center center","background-size":"auto","background-attachment":"scroll","background-type":"","background-media":"","overlay-type":"","overlay-color":"","overlay-opacity":"","overlay-gradient":""}},"ast-content-background-meta":{"desktop":{"background-color":"var(--ast-global-color-5)","background-image":"","background-repeat":"repeat","background-position":"center center","background-size":"auto","background-attachment":"scroll","background-type":"","background-media":"","overlay-type":"","overlay-color":"","overlay-opacity":"","overlay-gradient":""},"tablet":{"background-color":"var(--ast-global-color-5)","background-image":"","background-repeat":"repeat","background-position":"center center","background-size":"auto","background-attachment":"scroll","background-type":"","background-media":"","overlay-type":"","overlay-color":"","overlay-opacity":"","overlay-gradient":""},"mobile":{"background-color":"var(--ast-global-color-5)","background-image":"","background-repeat":"repeat","background-position":"center center","background-size":"auto","background-attachment":"scroll","background-type":"","background-media":"","overlay-type":"","overlay-color":"","overlay-opacity":"","overlay-gradient":""}},"footnotes":""},"class_list":["post-20932","page","type-page","status-publish","hentry"],"yoast_head":"<!-- This site is optimized with the Yoast SEO Premium plugin v27.2 (Yoast SEO v27.3) - https:\/\/yoast.com\/product\/yoast-seo-premium-wordpress\/ -->\n<title>Doctorate in Environmental Studies - Online at Azteca Uni. &amp; Avrio Institute<\/title>\n<meta name=\"description\" content=\"Environmental Studies provides a space for critical thinking and engaged enquiry within and across conventional disciplinary and professional boundaries.\" \/>\n<meta name=\"robots\" content=\"index, follow, max-snippet:-1, max-image-preview:large, max-video-preview:-1\" \/>\n<link rel=\"canonical\" href=\"https:\/\/avrio.edu.eu\/es\/usc\/azteca-university\/doctor-of-the-university-in-environmental-studies\/\" \/>\n<meta property=\"og:locale\" content=\"es_ES\" \/>\n<meta property=\"og:type\" content=\"article\" \/>\n<meta property=\"og:title\" content=\"Dr. Univ. in Environmental Studies - The International Research Study Programs - Avrio Institute\" \/>\n<meta property=\"og:description\" content=\"Environmental Studies provides a space for critical thinking and engaged enquiry within and across conventional disciplinary and professional boundaries.\" \/>\n<meta property=\"og:url\" content=\"https:\/\/avrio.edu.eu\/es\/usc\/azteca-university\/doctor-of-the-university-in-environmental-studies\/\" \/>\n<meta property=\"og:site_name\" content=\"The International Research Study Programs - Avrio Institute\" \/>\n<meta property=\"article:publisher\" content=\"https:\/\/www.facebook.com\/institutavriodegeneve\/\" \/>\n<meta property=\"article:modified_time\" content=\"2026-02-11T19:33:28+00:00\" \/>\n<meta property=\"og:image\" content=\"https:\/\/avrio.edu.eu\/new\/wp-content\/uploads\/2020\/04\/logo-new-gw.png\" \/>\n\t<meta property=\"og:image:width\" content=\"850\" \/>\n\t<meta property=\"og:image:height\" content=\"850\" \/>\n\t<meta property=\"og:image:type\" content=\"image\/png\" \/>\n<meta name=\"twitter:card\" content=\"summary_large_image\" \/>\n<meta name=\"twitter:site\" content=\"@AvrioDeGeneve\" \/>\n<meta name=\"twitter:label1\" content=\"Tiempo de lectura\" \/>\n\t<meta name=\"twitter:data1\" content=\"4 minutos\" \/>\n<script type=\"application\/ld+json\" class=\"yoast-schema-graph\">{\"@context\":\"https:\\\/\\\/schema.org\",\"@graph\":[{\"@type\":\"WebPage\",\"@id\":\"https:\\\/\\\/avrio.edu.eu\\\/usc\\\/azteca-university\\\/doctor-of-the-university-in-environmental-studies\\\/\",\"url\":\"https:\\\/\\\/avrio.edu.eu\\\/usc\\\/azteca-university\\\/doctor-of-the-university-in-environmental-studies\\\/\",\"name\":\"Doctorate in Environmental Studies - Online at Azteca Uni. & Avrio Institute\",\"isPartOf\":{\"@id\":\"https:\\\/\\\/avrio.edu.eu\\\/#website\"},\"datePublished\":\"2021-12-17T18:45:13+00:00\",\"dateModified\":\"2026-02-11T19:33:28+00:00\",\"description\":\"Environmental Studies provides a space for critical thinking and engaged enquiry within and across conventional disciplinary and professional boundaries.\",\"breadcrumb\":{\"@id\":\"https:\\\/\\\/avrio.edu.eu\\\/usc\\\/azteca-university\\\/doctor-of-the-university-in-environmental-studies\\\/#breadcrumb\"},\"inLanguage\":\"es\",\"potentialAction\":[{\"@type\":\"ReadAction\",\"target\":[\"https:\\\/\\\/avrio.edu.eu\\\/usc\\\/azteca-university\\\/doctor-of-the-university-in-environmental-studies\\\/\"]}]},{\"@type\":\"BreadcrumbList\",\"@id\":\"https:\\\/\\\/avrio.edu.eu\\\/usc\\\/azteca-university\\\/doctor-of-the-university-in-environmental-studies\\\/#breadcrumb\",\"itemListElement\":[{\"@type\":\"ListItem\",\"position\":1,\"name\":\"Home\",\"item\":\"https:\\\/\\\/avrio.edu.eu\\\/\"},{\"@type\":\"ListItem\",\"position\":2,\"name\":\"Universities Studies Center\",\"item\":\"https:\\\/\\\/avrio.edu.eu\\\/usc\\\/\"},{\"@type\":\"ListItem\",\"position\":3,\"name\":\"Azteca University\",\"item\":\"https:\\\/\\\/avrio.edu.eu\\\/usc\\\/azteca-university\\\/\"},{\"@type\":\"ListItem\",\"position\":4,\"name\":\"Dr. Univ. in Environmental Studies\"}]},{\"@type\":\"WebSite\",\"@id\":\"https:\\\/\\\/avrio.edu.eu\\\/#website\",\"url\":\"https:\\\/\\\/avrio.edu.eu\\\/\",\"name\":\"The Postgraduate and Research Studies at Avrio Institute\",\"description\":\"For Bachelor&#039;s, Master&#039;s and Doctorate - In cooperation with Azteca University\",\"publisher\":{\"@id\":\"https:\\\/\\\/avrio.edu.eu\\\/#organization\"},\"alternateName\":\"Avrio for Research Studies\",\"potentialAction\":[{\"@type\":\"SearchAction\",\"target\":{\"@type\":\"EntryPoint\",\"urlTemplate\":\"https:\\\/\\\/avrio.edu.eu\\\/?s={search_term_string}\"},\"query-input\":{\"@type\":\"PropertyValueSpecification\",\"valueRequired\":true,\"valueName\":\"search_term_string\"}}],\"inLanguage\":\"es\"},{\"@type\":\"Organization\",\"@id\":\"https:\\\/\\\/avrio.edu.eu\\\/#organization\",\"name\":\"Institut Avrio de Gen\u00e8ve\",\"alternateName\":\"Avrio Institute\",\"url\":\"https:\\\/\\\/avrio.edu.eu\\\/\",\"logo\":{\"@type\":\"ImageObject\",\"inLanguage\":\"es\",\"@id\":\"https:\\\/\\\/avrio.edu.eu\\\/#\\\/schema\\\/logo\\\/image\\\/\",\"url\":\"https:\\\/\\\/avrio.edu.eu\\\/new\\\/wp-content\\\/uploads\\\/2020\\\/04\\\/logo-new-gw.png\",\"contentUrl\":\"https:\\\/\\\/avrio.edu.eu\\\/new\\\/wp-content\\\/uploads\\\/2020\\\/04\\\/logo-new-gw.png\",\"width\":850,\"height\":850,\"caption\":\"Institut Avrio de Gen\u00e8ve\"},\"image\":{\"@id\":\"https:\\\/\\\/avrio.edu.eu\\\/#\\\/schema\\\/logo\\\/image\\\/\"},\"sameAs\":[\"https:\\\/\\\/www.facebook.com\\\/institutavriodegeneve\\\/\",\"https:\\\/\\\/x.com\\\/AvrioDeGeneve\",\"https:\\\/\\\/www.instagram.com\\\/institutavriodegeneve\\\/\",\"https:\\\/\\\/www.linkedin.com\\\/in\\\/avrio-de-geneve-024392194\\\/\",\"https:\\\/\\\/www.youtube.com\\\/channel\\\/UCPP2orNhGglhisZlldUbnkQ\"]}]}<\/script>\n<!-- \/ Yoast SEO Premium plugin. -->","yoast_head_json":{"title":"Doctorado en Estudios Ambientales - En l\u00ednea en Azteca Uni. &amp; Instituto Avrio","description":"Los estudios ambientales brindan un espacio para el pensamiento cr\u00edtico y la investigaci\u00f3n comprometida dentro y m\u00e1s all\u00e1 de los l\u00edmites disciplinarios y profesionales convencionales.","robots":{"index":"index","follow":"follow","max-snippet":"max-snippet:-1","max-image-preview":"max-image-preview:large","max-video-preview":"max-video-preview:-1"},"canonical":"https:\/\/avrio.edu.eu\/es\/usc\/azteca-university\/doctor-of-the-university-in-environmental-studies\/","og_locale":"es_ES","og_type":"article","og_title":"Dr. Univ. in Environmental Studies - The International Research Study Programs - Avrio Institute","og_description":"Environmental Studies provides a space for critical thinking and engaged enquiry within and across conventional disciplinary and professional boundaries.","og_url":"https:\/\/avrio.edu.eu\/es\/usc\/azteca-university\/doctor-of-the-university-in-environmental-studies\/","og_site_name":"The International Research Study Programs - Avrio Institute","article_publisher":"https:\/\/www.facebook.com\/institutavriodegeneve\/","article_modified_time":"2026-02-11T19:33:28+00:00","og_image":[{"width":850,"height":850,"url":"https:\/\/avrio.edu.eu\/new\/wp-content\/uploads\/2020\/04\/logo-new-gw.png","type":"image\/png"}],"twitter_card":"summary_large_image","twitter_site":"@AvrioDeGeneve","twitter_misc":{"Tiempo de lectura":"4 minutos"},"schema":{"@context":"https:\/\/schema.org","@graph":[{"@type":"WebPage","@id":"https:\/\/avrio.edu.eu\/usc\/azteca-university\/doctor-of-the-university-in-environmental-studies\/","url":"https:\/\/avrio.edu.eu\/usc\/azteca-university\/doctor-of-the-university-in-environmental-studies\/","name":"Doctorado en Estudios Ambientales - En l\u00ednea en Azteca Uni. &amp; Instituto Avrio","isPartOf":{"@id":"https:\/\/avrio.edu.eu\/#website"},"datePublished":"2021-12-17T18:45:13+00:00","dateModified":"2026-02-11T19:33:28+00:00","description":"Los estudios ambientales brindan un espacio para el pensamiento cr\u00edtico y la investigaci\u00f3n comprometida dentro y m\u00e1s all\u00e1 de los l\u00edmites disciplinarios y profesionales convencionales.","breadcrumb":{"@id":"https:\/\/avrio.edu.eu\/usc\/azteca-university\/doctor-of-the-university-in-environmental-studies\/#breadcrumb"},"inLanguage":"es","potentialAction":[{"@type":"ReadAction","target":["https:\/\/avrio.edu.eu\/usc\/azteca-university\/doctor-of-the-university-in-environmental-studies\/"]}]},{"@type":"BreadcrumbList","@id":"https:\/\/avrio.edu.eu\/usc\/azteca-university\/doctor-of-the-university-in-environmental-studies\/#breadcrumb","itemListElement":[{"@type":"ListItem","position":1,"name":"Home","item":"https:\/\/avrio.edu.eu\/"},{"@type":"ListItem","position":2,"name":"Universities Studies Center","item":"https:\/\/avrio.edu.eu\/usc\/"},{"@type":"ListItem","position":3,"name":"Azteca University","item":"https:\/\/avrio.edu.eu\/usc\/azteca-university\/"},{"@type":"ListItem","position":4,"name":"Dr. Univ. in Environmental Studies"}]},{"@type":"WebSite","@id":"https:\/\/avrio.edu.eu\/#website","url":"https:\/\/avrio.edu.eu\/","name":"Estudios de posgrado e investigaci\u00f3n en el Instituto Avrio","description":"Para Licenciatura, Maestr\u00eda y Doctorado - En colaboraci\u00f3n con Universidad Azteca","publisher":{"@id":"https:\/\/avrio.edu.eu\/#organization"},"alternateName":"Avrio for Research Studies","potentialAction":[{"@type":"SearchAction","target":{"@type":"EntryPoint","urlTemplate":"https:\/\/avrio.edu.eu\/?s={search_term_string}"},"query-input":{"@type":"PropertyValueSpecification","valueRequired":true,"valueName":"search_term_string"}}],"inLanguage":"es"},{"@type":"Organization","@id":"https:\/\/avrio.edu.eu\/#organization","name":"Instituto Avrio de Ginebra","alternateName":"Avrio Institute","url":"https:\/\/avrio.edu.eu\/","logo":{"@type":"ImageObject","inLanguage":"es","@id":"https:\/\/avrio.edu.eu\/#\/schema\/logo\/image\/","url":"https:\/\/avrio.edu.eu\/new\/wp-content\/uploads\/2020\/04\/logo-new-gw.png","contentUrl":"https:\/\/avrio.edu.eu\/new\/wp-content\/uploads\/2020\/04\/logo-new-gw.png","width":850,"height":850,"caption":"Institut Avrio de Gen\u00e8ve"},"image":{"@id":"https:\/\/avrio.edu.eu\/#\/schema\/logo\/image\/"},"sameAs":["https:\/\/www.facebook.com\/institutavriodegeneve\/","https:\/\/x.com\/AvrioDeGeneve","https:\/\/www.instagram.com\/institutavriodegeneve\/","https:\/\/www.linkedin.com\/in\/avrio-de-geneve-024392194\/","https:\/\/www.youtube.com\/channel\/UCPP2orNhGglhisZlldUbnkQ"]}]}},"_links":{"self":[{"href":"https:\/\/avrio.edu.eu\/es\/wp-json\/wp\/v2\/pages\/20932","targetHints":{"allow":["GET"]}}],"collection":[{"href":"https:\/\/avrio.edu.eu\/es\/wp-json\/wp\/v2\/pages"}],"about":[{"href":"https:\/\/avrio.edu.eu\/es\/wp-json\/wp\/v2\/types\/page"}],"author":[{"embeddable":true,"href":"https:\/\/avrio.edu.eu\/es\/wp-json\/wp\/v2\/users\/16"}],"replies":[{"embeddable":true,"href":"https:\/\/avrio.edu.eu\/es\/wp-json\/wp\/v2\/comments?post=20932"}],"version-history":[{"count":1,"href":"https:\/\/avrio.edu.eu\/es\/wp-json\/wp\/v2\/pages\/20932\/revisions"}],"predecessor-version":[{"id":24591,"href":"https:\/\/avrio.edu.eu\/es\/wp-json\/wp\/v2\/pages\/20932\/revisions\/24591"}],"up":[{"embeddable":true,"href":"https:\/\/avrio.edu.eu\/es\/wp-json\/wp\/v2\/pages\/20795"}],"wp:attachment":[{"href":"https:\/\/avrio.edu.eu\/es\/wp-json\/wp\/v2\/media?parent=20932"}],"curies":[{"name":"wp","href":"https:\/\/api.w.org\/{rel}","templated":true}]}}