{"id":20987,"date":"2021-12-17T20:10:58","date_gmt":"2021-12-17T19:10:58","guid":{"rendered":"https:\/\/avrio.edu.eu\/?page_id=20987"},"modified":"2026-02-11T20:33:29","modified_gmt":"2026-02-11T19:33:29","slug":"doctor-of-the-university-in-legal-studies-lld","status":"publish","type":"page","link":"https:\/\/avrio.edu.eu\/es\/usc\/azteca-university\/doctor-of-the-university-in-legal-studies-lld\/","title":{"rendered":"Dra. Univ. en Estudios Jur\u00eddicos (LLD)"},"content":{"rendered":"<h3 style=\"text-align: center;\">DOCTORADO EN ESTUDIOS JUR\u00cdDICOS<\/h3>\n<h3 style=\"text-align: center;\">Doctor Universitario en Derecho (Dr.Univ.)<\/h3>\n<h3 style=\"text-align: center;\">Doctor de la Universidad en Derecho (LLD)<\/h3>\n<h3>TIPO Y CARGA DE TRABAJO DEL PROGRAMA<\/h3>\n<p><strong>ESCRIBE<\/strong>: Premio interno Universidad Azteca, programa propio de la universidad acc. Arte. 59 Ley General de Educaci\u00f3n.<\/p>\n<p><strong>NIVEL<\/strong>: Tercer ciclo, nivel 8 MMC t\u00edtulo propio universitario.<\/p>\n<p><strong>CARGA DE TRABAJO<\/strong>: 180 ECTS<\/p>\n<h3>UNIVERSIDAD DE ADJUDICACI\u00d3N Y GRUPO OBJETIVO<\/h3>\n<p><strong>UNIVERSIDAD QUE OTORGA:<\/strong> Universidad Azteca, Chalco, Mexico.<\/p>\n<p><strong>DEPARTAMENTO UNIVERSITARIO EN EUROPA:<\/strong> Universidad Azteca European Programmes. <div class=\"su-pullquote su-pullquote-align-right\">Conozca m\u00e1s sobre el <a href=\"https:\/\/avrio.edu.eu\/es\/usc\/azteca-university\/own-degree\/doctor-of-the-university\/\">Doctor de la Universidad<\/a><\/div>\n<p><strong>GRUPO OBJETIVO<\/strong>: Estudiantes de doctorado interesados \u200b\u200ben realizar estudios de doctorado en alguna de las disciplinas que ofrece la Universidad Azteca que buscan la culminaci\u00f3n del programa de doctorado por tesis<br \/>\n\/ examen de doctorado.<\/p>\n<p><strong>ESPECIALIZACI\u00d3N:<\/strong> Estudios de Universidad Azteca en nivel 8 MMC (EQF)<\/p>\n<p><strong>DISCIPLINAS<\/strong>: Disciplines offered by Universidad Azteca.<\/p>\n<p><strong>IDIOMA DE ESTUDIO:<\/strong> ingl\u00e9s, alem\u00e1n, espa\u00f1ol<\/p>\n<p><strong>REQUISITO DE ADMISI\u00d3N:<\/strong> Maestr\u00eda o t\u00edtulo equivalente y cursos de posgrado o calificaciones para la transferencia de cr\u00e9ditos al programa o experiencia de investigaci\u00f3n.<\/p>\n<h3>Modalidad y Equipo de Curso<\/h3>\n<p><strong>MODALIDAD:<\/strong> modalidad e-learning y educaci\u00f3n a distancia.<\/p>\n<p><strong>EQUIPO DEL CURSO:<\/strong> Profe. Dr. Gerhard Berchtold, Prof. Dr. Friedrich Luhan, Prof. Dr. Ricardo Saavedra Hidalgo, Prof. Dr. Felipe Fern\u00e1ndez Rivadulla, Prof. Dra. Endler.<\/p>\n<h3>Plan de estudios<\/h3>\n<table border=\"1\">\n<tbody>\n<tr>\n<td bgcolor=\"#C0C0C0\"><b>Transferencia de cr\u00e9ditos \u2013 Cursos electivos<\/b><\/td>\n<td bgcolor=\"#C0C0C0\"><b>Modo de prueba<\/b><\/td>\n<td bgcolor=\"#C0C0C0\"><b>ECTS<\/b><\/td>\n<\/tr>\n<tr>\n<td>Transferencia del programa de doctorado MPhil \/ nivel 8 EQF<\/td>\n<td>Transferencia de Cr\u00e9ditos<\/td>\n<td>42<\/td>\n<\/tr>\n<tr>\n<td bgcolor=\"#C0C0C0\"><b>M\u00f3dulo de Ciencias Obligatorio <\/b><\/td>\n<td bgcolor=\"#C0C0C0\"><b>Modo de prueba<\/b><\/td>\n<td bgcolor=\"#C0C0C0\"><b>ECTS<\/b><\/td>\n<\/tr>\n<tr>\n<td>Proyecto de investigaci\u00f3n<\/td>\n<td>Presentaci\u00f3n<\/td>\n<td>18<\/td>\n<\/tr>\n<tr>\n<td bgcolor=\"#C0C0C0\"><b>Examen de Tesis \/ Rigorosum <\/b><\/td>\n<td bgcolor=\"#C0C0C0\"><b>Modo de prueba<\/b><\/td>\n<td bgcolor=\"#C0C0C0\"><b>ECTS<\/b><\/td>\n<\/tr>\n<tr>\n<td>Tesis en la especializaci\u00f3n de la disciplina.<\/td>\n<td>Presentaci\u00f3n y defensa escrita de la tesis<\/td>\n<td>60<\/td>\n<\/tr>\n<tr>\n<td bgcolor=\"#C0C0C0\"><b>CARGA DE TRABAJO<\/b><\/td>\n<td bgcolor=\"#C0C0C0\"><b>Modo de prueba<\/b><\/td>\n<td bgcolor=\"#C0C0C0\"><b>ECTS<\/b><\/td>\n<\/tr>\n<tr>\n<td>ECTS<\/td>\n<td>Defensa \/ Rigoroso<\/td>\n<td>120<\/td>\n<\/tr>\n<\/tbody>\n<\/table>\n<h3 style=\"text-align: center;\">Cualificaci\u00f3n: Nivel 8 del Marco Mexicano de Cualificaciones MMC<\/h3>\n<p><a href=\"https:\/\/avrio.edu.eu\/new\/wp-content\/uploads\/2021\/12\/Mexican-Qualifications-Framework.jpg\"><img fetchpriority=\"high\" decoding=\"async\" class=\"size-medium wp-image-20935 aligncenter\" src=\"https:\/\/avrio.edu.eu\/new\/wp-content\/uploads\/2021\/12\/Mexican-Qualifications-Framework-298x300.jpg\" alt=\"Marco Mexicano de Cualificaciones\" width=\"298\" height=\"300\" srcset=\"https:\/\/avrio.edu.eu\/new\/wp-content\/uploads\/2021\/12\/Mexican-Qualifications-Framework-298x300.jpg 298w, https:\/\/avrio.edu.eu\/new\/wp-content\/uploads\/2021\/12\/Mexican-Qualifications-Framework-12x12.jpg 12w, https:\/\/avrio.edu.eu\/new\/wp-content\/uploads\/2021\/12\/Mexican-Qualifications-Framework-150x150.jpg 150w, https:\/\/avrio.edu.eu\/new\/wp-content\/uploads\/2021\/12\/Mexican-Qualifications-Framework-768x772.jpg 768w, https:\/\/avrio.edu.eu\/new\/wp-content\/uploads\/2021\/12\/Mexican-Qualifications-Framework-1018x1024.jpg 1018w, https:\/\/avrio.edu.eu\/new\/wp-content\/uploads\/2021\/12\/Mexican-Qualifications-Framework-1527x1536.jpg 1527w, https:\/\/avrio.edu.eu\/new\/wp-content\/uploads\/2021\/12\/Mexican-Qualifications-Framework.jpg 1770w\" sizes=\"(max-width: 298px) 100vw, 298px\" \/><\/a><\/p>","protected":false},"excerpt":{"rendered":"<p>DOCTORATE IN LEGAL STUDIES Doctor Universitario en Derecho (Dr.Univ.) Doctor of the University in Law (LLD) TYPE AND WORKLOAD OF PROGRAMME TYPE: Universidad Azteca internal award, university own programme acc. Art. 59 General Law of Education. LEVEL: Third cycle, level 8 MMC university own award. WORKLOAD: 180 ECTS AWARDING UNIVERSITY AND TARGET GROUP AWARDING UNIVERSITY: [&hellip;]<\/p>\n","protected":false},"author":16,"featured_media":0,"parent":20795,"menu_order":0,"comment_status":"closed","ping_status":"closed","template":"","meta":{"site-sidebar-layout":"default","site-content-layout":"","ast-site-content-layout":"default","site-content-style":"default","site-sidebar-style":"default","ast-global-header-display":"","ast-banner-title-visibility":"","ast-main-header-display":"","ast-hfb-above-header-display":"","ast-hfb-below-header-display":"","ast-hfb-mobile-header-display":"","site-post-title":"","ast-breadcrumbs-content":"","ast-featured-img":"","footer-sml-layout":"","ast-disable-related-posts":"","theme-transparent-header-meta":"","adv-header-id-meta":"","stick-header-meta":"","header-above-stick-meta":"","header-main-stick-meta":"","header-below-stick-meta":"","astra-migrate-meta-layouts":"default","ast-page-background-enabled":"default","ast-page-background-meta":{"desktop":{"background-color":"var(--ast-global-color-4)","background-image":"","background-repeat":"repeat","background-position":"center center","background-size":"auto","background-attachment":"scroll","background-type":"","background-media":"","overlay-type":"","overlay-color":"","overlay-opacity":"","overlay-gradient":""},"tablet":{"background-color":"","background-image":"","background-repeat":"repeat","background-position":"center center","background-size":"auto","background-attachment":"scroll","background-type":"","background-media":"","overlay-type":"","overlay-color":"","overlay-opacity":"","overlay-gradient":""},"mobile":{"background-color":"","background-image":"","background-repeat":"repeat","background-position":"center center","background-size":"auto","background-attachment":"scroll","background-type":"","background-media":"","overlay-type":"","overlay-color":"","overlay-opacity":"","overlay-gradient":""}},"ast-content-background-meta":{"desktop":{"background-color":"var(--ast-global-color-5)","background-image":"","background-repeat":"repeat","background-position":"center center","background-size":"auto","background-attachment":"scroll","background-type":"","background-media":"","overlay-type":"","overlay-color":"","overlay-opacity":"","overlay-gradient":""},"tablet":{"background-color":"var(--ast-global-color-5)","background-image":"","background-repeat":"repeat","background-position":"center center","background-size":"auto","background-attachment":"scroll","background-type":"","background-media":"","overlay-type":"","overlay-color":"","overlay-opacity":"","overlay-gradient":""},"mobile":{"background-color":"var(--ast-global-color-5)","background-image":"","background-repeat":"repeat","background-position":"center center","background-size":"auto","background-attachment":"scroll","background-type":"","background-media":"","overlay-type":"","overlay-color":"","overlay-opacity":"","overlay-gradient":""}},"footnotes":""},"class_list":["post-20987","page","type-page","status-publish","hentry"],"yoast_head":"<!-- This site is optimized with the Yoast SEO Premium plugin v27.2 (Yoast SEO v27.3) - https:\/\/yoast.com\/product\/yoast-seo-premium-wordpress\/ -->\n<title>Doctorate in Legal Studies (LLD) - Online at Azteca Uni. via Avrio Institute<\/title>\n<meta name=\"description\" content=\"Doctoral Candidates interested in doctoral study in Law, International Law, and International Relations pursuing the completion of the doctoral programme by thesis\/ doctorate examination.\" \/>\n<meta name=\"robots\" content=\"index, follow, max-snippet:-1, max-image-preview:large, max-video-preview:-1\" \/>\n<link rel=\"canonical\" href=\"https:\/\/avrio.edu.eu\/es\/usc\/azteca-university\/doctor-of-the-university-in-legal-studies-lld\/\" \/>\n<meta property=\"og:locale\" content=\"es_ES\" \/>\n<meta property=\"og:type\" content=\"article\" \/>\n<meta property=\"og:title\" content=\"Dr. Univ. in Legal Studies (LLD) - The International Research Study Programs - Avrio Institute\" \/>\n<meta property=\"og:description\" content=\"Doctoral Candidates interested in doctoral study in Law, International Law, and International Relations pursuing the completion of the doctoral programme by thesis\/ doctorate examination.\" \/>\n<meta property=\"og:url\" content=\"https:\/\/avrio.edu.eu\/es\/usc\/azteca-university\/doctor-of-the-university-in-legal-studies-lld\/\" \/>\n<meta property=\"og:site_name\" content=\"The International Research Study Programs - Avrio Institute\" \/>\n<meta property=\"article:publisher\" content=\"https:\/\/www.facebook.com\/institutavriodegeneve\/\" \/>\n<meta property=\"article:modified_time\" content=\"2026-02-11T19:33:29+00:00\" \/>\n<meta property=\"og:image\" content=\"https:\/\/avrio.edu.eu\/new\/wp-content\/uploads\/2021\/12\/Mexican-Qualifications-Framework.jpg\" \/>\n\t<meta property=\"og:image:width\" content=\"1770\" \/>\n\t<meta property=\"og:image:height\" content=\"1780\" \/>\n\t<meta property=\"og:image:type\" content=\"image\/jpeg\" \/>\n<meta name=\"twitter:card\" content=\"summary_large_image\" \/>\n<meta name=\"twitter:site\" content=\"@AvrioDeGeneve\" \/>\n<meta name=\"twitter:label1\" content=\"Tiempo de lectura\" \/>\n\t<meta name=\"twitter:data1\" content=\"2 minutos\" \/>\n<script type=\"application\/ld+json\" class=\"yoast-schema-graph\">{\"@context\":\"https:\\\/\\\/schema.org\",\"@graph\":[{\"@type\":\"WebPage\",\"@id\":\"https:\\\/\\\/avrio.edu.eu\\\/usc\\\/azteca-university\\\/doctor-of-the-university-in-legal-studies-lld\\\/\",\"url\":\"https:\\\/\\\/avrio.edu.eu\\\/usc\\\/azteca-university\\\/doctor-of-the-university-in-legal-studies-lld\\\/\",\"name\":\"Doctorate in Legal Studies (LLD) - Online at Azteca Uni. via Avrio Institute\",\"isPartOf\":{\"@id\":\"https:\\\/\\\/avrio.edu.eu\\\/#website\"},\"primaryImageOfPage\":{\"@id\":\"https:\\\/\\\/avrio.edu.eu\\\/usc\\\/azteca-university\\\/doctor-of-the-university-in-legal-studies-lld\\\/#primaryimage\"},\"image\":{\"@id\":\"https:\\\/\\\/avrio.edu.eu\\\/usc\\\/azteca-university\\\/doctor-of-the-university-in-legal-studies-lld\\\/#primaryimage\"},\"thumbnailUrl\":\"https:\\\/\\\/avrio.edu.eu\\\/new\\\/wp-content\\\/uploads\\\/2021\\\/12\\\/Mexican-Qualifications-Framework-298x300.jpg\",\"datePublished\":\"2021-12-17T19:10:58+00:00\",\"dateModified\":\"2026-02-11T19:33:29+00:00\",\"description\":\"Doctoral Candidates interested in doctoral study in Law, International Law, and International Relations pursuing the completion of the doctoral programme by thesis\\\/ doctorate examination.\",\"breadcrumb\":{\"@id\":\"https:\\\/\\\/avrio.edu.eu\\\/usc\\\/azteca-university\\\/doctor-of-the-university-in-legal-studies-lld\\\/#breadcrumb\"},\"inLanguage\":\"es\",\"potentialAction\":[{\"@type\":\"ReadAction\",\"target\":[\"https:\\\/\\\/avrio.edu.eu\\\/usc\\\/azteca-university\\\/doctor-of-the-university-in-legal-studies-lld\\\/\"]}]},{\"@type\":\"ImageObject\",\"inLanguage\":\"es\",\"@id\":\"https:\\\/\\\/avrio.edu.eu\\\/usc\\\/azteca-university\\\/doctor-of-the-university-in-legal-studies-lld\\\/#primaryimage\",\"url\":\"https:\\\/\\\/avrio.edu.eu\\\/new\\\/wp-content\\\/uploads\\\/2021\\\/12\\\/Mexican-Qualifications-Framework-298x300.jpg\",\"contentUrl\":\"https:\\\/\\\/avrio.edu.eu\\\/new\\\/wp-content\\\/uploads\\\/2021\\\/12\\\/Mexican-Qualifications-Framework-298x300.jpg\"},{\"@type\":\"BreadcrumbList\",\"@id\":\"https:\\\/\\\/avrio.edu.eu\\\/usc\\\/azteca-university\\\/doctor-of-the-university-in-legal-studies-lld\\\/#breadcrumb\",\"itemListElement\":[{\"@type\":\"ListItem\",\"position\":1,\"name\":\"Home\",\"item\":\"https:\\\/\\\/avrio.edu.eu\\\/\"},{\"@type\":\"ListItem\",\"position\":2,\"name\":\"Universities Studies Center\",\"item\":\"https:\\\/\\\/avrio.edu.eu\\\/usc\\\/\"},{\"@type\":\"ListItem\",\"position\":3,\"name\":\"Azteca University\",\"item\":\"https:\\\/\\\/avrio.edu.eu\\\/usc\\\/azteca-university\\\/\"},{\"@type\":\"ListItem\",\"position\":4,\"name\":\"Dr. Univ. in Legal Studies (LLD)\"}]},{\"@type\":\"WebSite\",\"@id\":\"https:\\\/\\\/avrio.edu.eu\\\/#website\",\"url\":\"https:\\\/\\\/avrio.edu.eu\\\/\",\"name\":\"The Postgraduate and Research Studies at Avrio Institute\",\"description\":\"For Bachelor&#039;s, Master&#039;s and Doctorate - In cooperation with Azteca University\",\"publisher\":{\"@id\":\"https:\\\/\\\/avrio.edu.eu\\\/#organization\"},\"alternateName\":\"Avrio for Research Studies\",\"potentialAction\":[{\"@type\":\"SearchAction\",\"target\":{\"@type\":\"EntryPoint\",\"urlTemplate\":\"https:\\\/\\\/avrio.edu.eu\\\/?s={search_term_string}\"},\"query-input\":{\"@type\":\"PropertyValueSpecification\",\"valueRequired\":true,\"valueName\":\"search_term_string\"}}],\"inLanguage\":\"es\"},{\"@type\":\"Organization\",\"@id\":\"https:\\\/\\\/avrio.edu.eu\\\/#organization\",\"name\":\"Institut Avrio de Gen\u00e8ve\",\"alternateName\":\"Avrio Institute\",\"url\":\"https:\\\/\\\/avrio.edu.eu\\\/\",\"logo\":{\"@type\":\"ImageObject\",\"inLanguage\":\"es\",\"@id\":\"https:\\\/\\\/avrio.edu.eu\\\/#\\\/schema\\\/logo\\\/image\\\/\",\"url\":\"https:\\\/\\\/avrio.edu.eu\\\/new\\\/wp-content\\\/uploads\\\/2020\\\/04\\\/logo-new-gw.png\",\"contentUrl\":\"https:\\\/\\\/avrio.edu.eu\\\/new\\\/wp-content\\\/uploads\\\/2020\\\/04\\\/logo-new-gw.png\",\"width\":850,\"height\":850,\"caption\":\"Institut Avrio de Gen\u00e8ve\"},\"image\":{\"@id\":\"https:\\\/\\\/avrio.edu.eu\\\/#\\\/schema\\\/logo\\\/image\\\/\"},\"sameAs\":[\"https:\\\/\\\/www.facebook.com\\\/institutavriodegeneve\\\/\",\"https:\\\/\\\/x.com\\\/AvrioDeGeneve\",\"https:\\\/\\\/www.instagram.com\\\/institutavriodegeneve\\\/\",\"https:\\\/\\\/www.linkedin.com\\\/in\\\/avrio-de-geneve-024392194\\\/\",\"https:\\\/\\\/www.youtube.com\\\/channel\\\/UCPP2orNhGglhisZlldUbnkQ\"]}]}<\/script>\n<!-- \/ Yoast SEO Premium plugin. -->","yoast_head_json":{"title":"Doctorado en Estudios Jur\u00eddicos (LLD) - En l\u00ednea en Azteca Uni. a trav\u00e9s del Instituto Avrio","description":"Candidatos a doctorado interesados \u200b\u200ben estudios de doctorado en derecho, derecho internacional y relaciones internacionales que busquen completar el programa de doctorado mediante un examen de tesis\/doctorado.","robots":{"index":"index","follow":"follow","max-snippet":"max-snippet:-1","max-image-preview":"max-image-preview:large","max-video-preview":"max-video-preview:-1"},"canonical":"https:\/\/avrio.edu.eu\/es\/usc\/azteca-university\/doctor-of-the-university-in-legal-studies-lld\/","og_locale":"es_ES","og_type":"article","og_title":"Dr. Univ. in Legal Studies (LLD) - The International Research Study Programs - Avrio Institute","og_description":"Doctoral Candidates interested in doctoral study in Law, International Law, and International Relations pursuing the completion of the doctoral programme by thesis\/ doctorate examination.","og_url":"https:\/\/avrio.edu.eu\/es\/usc\/azteca-university\/doctor-of-the-university-in-legal-studies-lld\/","og_site_name":"The International Research Study Programs - Avrio Institute","article_publisher":"https:\/\/www.facebook.com\/institutavriodegeneve\/","article_modified_time":"2026-02-11T19:33:29+00:00","og_image":[{"width":1770,"height":1780,"url":"https:\/\/avrio.edu.eu\/new\/wp-content\/uploads\/2021\/12\/Mexican-Qualifications-Framework.jpg","type":"image\/jpeg"}],"twitter_card":"summary_large_image","twitter_site":"@AvrioDeGeneve","twitter_misc":{"Tiempo de lectura":"2 minutos"},"schema":{"@context":"https:\/\/schema.org","@graph":[{"@type":"WebPage","@id":"https:\/\/avrio.edu.eu\/usc\/azteca-university\/doctor-of-the-university-in-legal-studies-lld\/","url":"https:\/\/avrio.edu.eu\/usc\/azteca-university\/doctor-of-the-university-in-legal-studies-lld\/","name":"Doctorado en Estudios Jur\u00eddicos (LLD) - En l\u00ednea en Azteca Uni. a trav\u00e9s del Instituto Avrio","isPartOf":{"@id":"https:\/\/avrio.edu.eu\/#website"},"primaryImageOfPage":{"@id":"https:\/\/avrio.edu.eu\/usc\/azteca-university\/doctor-of-the-university-in-legal-studies-lld\/#primaryimage"},"image":{"@id":"https:\/\/avrio.edu.eu\/usc\/azteca-university\/doctor-of-the-university-in-legal-studies-lld\/#primaryimage"},"thumbnailUrl":"https:\/\/avrio.edu.eu\/new\/wp-content\/uploads\/2021\/12\/Mexican-Qualifications-Framework-298x300.jpg","datePublished":"2021-12-17T19:10:58+00:00","dateModified":"2026-02-11T19:33:29+00:00","description":"Candidatos a doctorado interesados \u200b\u200ben estudios de doctorado en derecho, derecho internacional y relaciones internacionales que busquen completar el programa de doctorado mediante un examen de tesis\/doctorado.","breadcrumb":{"@id":"https:\/\/avrio.edu.eu\/usc\/azteca-university\/doctor-of-the-university-in-legal-studies-lld\/#breadcrumb"},"inLanguage":"es","potentialAction":[{"@type":"ReadAction","target":["https:\/\/avrio.edu.eu\/usc\/azteca-university\/doctor-of-the-university-in-legal-studies-lld\/"]}]},{"@type":"ImageObject","inLanguage":"es","@id":"https:\/\/avrio.edu.eu\/usc\/azteca-university\/doctor-of-the-university-in-legal-studies-lld\/#primaryimage","url":"https:\/\/avrio.edu.eu\/new\/wp-content\/uploads\/2021\/12\/Mexican-Qualifications-Framework-298x300.jpg","contentUrl":"https:\/\/avrio.edu.eu\/new\/wp-content\/uploads\/2021\/12\/Mexican-Qualifications-Framework-298x300.jpg"},{"@type":"BreadcrumbList","@id":"https:\/\/avrio.edu.eu\/usc\/azteca-university\/doctor-of-the-university-in-legal-studies-lld\/#breadcrumb","itemListElement":[{"@type":"ListItem","position":1,"name":"Home","item":"https:\/\/avrio.edu.eu\/"},{"@type":"ListItem","position":2,"name":"Universities Studies Center","item":"https:\/\/avrio.edu.eu\/usc\/"},{"@type":"ListItem","position":3,"name":"Azteca University","item":"https:\/\/avrio.edu.eu\/usc\/azteca-university\/"},{"@type":"ListItem","position":4,"name":"Dr. Univ. in Legal Studies (LLD)"}]},{"@type":"WebSite","@id":"https:\/\/avrio.edu.eu\/#website","url":"https:\/\/avrio.edu.eu\/","name":"Estudios de posgrado e investigaci\u00f3n en el Instituto Avrio","description":"Para Licenciatura, Maestr\u00eda y Doctorado - En colaboraci\u00f3n con Universidad Azteca","publisher":{"@id":"https:\/\/avrio.edu.eu\/#organization"},"alternateName":"Avrio for Research Studies","potentialAction":[{"@type":"SearchAction","target":{"@type":"EntryPoint","urlTemplate":"https:\/\/avrio.edu.eu\/?s={search_term_string}"},"query-input":{"@type":"PropertyValueSpecification","valueRequired":true,"valueName":"search_term_string"}}],"inLanguage":"es"},{"@type":"Organization","@id":"https:\/\/avrio.edu.eu\/#organization","name":"Instituto Avrio de Ginebra","alternateName":"Avrio Institute","url":"https:\/\/avrio.edu.eu\/","logo":{"@type":"ImageObject","inLanguage":"es","@id":"https:\/\/avrio.edu.eu\/#\/schema\/logo\/image\/","url":"https:\/\/avrio.edu.eu\/new\/wp-content\/uploads\/2020\/04\/logo-new-gw.png","contentUrl":"https:\/\/avrio.edu.eu\/new\/wp-content\/uploads\/2020\/04\/logo-new-gw.png","width":850,"height":850,"caption":"Institut Avrio de Gen\u00e8ve"},"image":{"@id":"https:\/\/avrio.edu.eu\/#\/schema\/logo\/image\/"},"sameAs":["https:\/\/www.facebook.com\/institutavriodegeneve\/","https:\/\/x.com\/AvrioDeGeneve","https:\/\/www.instagram.com\/institutavriodegeneve\/","https:\/\/www.linkedin.com\/in\/avrio-de-geneve-024392194\/","https:\/\/www.youtube.com\/channel\/UCPP2orNhGglhisZlldUbnkQ"]}]}},"_links":{"self":[{"href":"https:\/\/avrio.edu.eu\/es\/wp-json\/wp\/v2\/pages\/20987","targetHints":{"allow":["GET"]}}],"collection":[{"href":"https:\/\/avrio.edu.eu\/es\/wp-json\/wp\/v2\/pages"}],"about":[{"href":"https:\/\/avrio.edu.eu\/es\/wp-json\/wp\/v2\/types\/page"}],"author":[{"embeddable":true,"href":"https:\/\/avrio.edu.eu\/es\/wp-json\/wp\/v2\/users\/16"}],"replies":[{"embeddable":true,"href":"https:\/\/avrio.edu.eu\/es\/wp-json\/wp\/v2\/comments?post=20987"}],"version-history":[{"count":1,"href":"https:\/\/avrio.edu.eu\/es\/wp-json\/wp\/v2\/pages\/20987\/revisions"}],"predecessor-version":[{"id":24593,"href":"https:\/\/avrio.edu.eu\/es\/wp-json\/wp\/v2\/pages\/20987\/revisions\/24593"}],"up":[{"embeddable":true,"href":"https:\/\/avrio.edu.eu\/es\/wp-json\/wp\/v2\/pages\/20795"}],"wp:attachment":[{"href":"https:\/\/avrio.edu.eu\/es\/wp-json\/wp\/v2\/media?parent=20987"}],"curies":[{"name":"wp","href":"https:\/\/api.w.org\/{rel}","templated":true}]}}