{"id":21003,"date":"2021-12-18T02:29:02","date_gmt":"2021-12-18T01:29:02","guid":{"rendered":"https:\/\/avrio.edu.eu\/?page_id=21003"},"modified":"2026-02-11T20:33:26","modified_gmt":"2026-02-11T19:33:26","slug":"doctor-of-science","status":"publish","type":"page","link":"https:\/\/avrio.edu.eu\/es\/usc\/azteca-university\/doctor-of-science\/","title":{"rendered":"Doctor en Ciencias (Dr.Sc.)"},"content":{"rendered":"<p style=\"text-align: justify;\"><span style=\"color: #000000;\">Los candidatos en el \u00e1rea de estudio de Ciencias y Tecnolog\u00eda califican para el grado de Doctor en Ciencias POSTDOCTORALES de la Universidad Azteca.<\/span><\/p>\n<p style=\"text-align: justify;\"><span style=\"color: #000000;\">Este t\u00edtulo de jure dignitatis se otorga a alguien que ha demostrado eminencia y erudici\u00f3n al ser designado para un cargo en particular o logro en un campo profesional en particular. Por lo general, esto implica la presentaci\u00f3n de una cartera de investigaciones arbitradas, generalmente realizadas durante varios a\u00f1os, que han hecho una contribuci\u00f3n sustancial al campo acad\u00e9mico en cuesti\u00f3n.<\/span><\/p>\n<h3>TIPO Y CARGA DE TRABAJO DEL PROGRAMA<\/h3>\n<p><strong>ESCRIBE<\/strong>: Premio interno Universidad Azteca, programa propio de la universidad acc. Arte. 59 Ley General de Educaci\u00f3n.<\/p>\n<p><strong>NIVEL<\/strong>: Tercer ciclo, nivel 8 MMC t\u00edtulo propio universitario. Estudios postdoctorales.<\/p>\n<p><strong>CARGA DE TRABAJO:<\/strong> 120 ECTS<\/p>\n<h3>UNIVERSIDAD DE ADJUDICACI\u00d3N Y GRUPO OBJETIVO<\/h3>\n<p><strong>UNIVERSIDAD QUE OTORGA:<\/strong> Universidad Azteca, Chalco, Mexico.<\/p>\n<p><strong>DEPARTAMENTO UNIVERSITARIO EN EUROPA:<\/strong> Universidad Azteca European Programmes.<\/p>\n<p><strong>GRUPO OBJETIVO<\/strong>: Egresados \u200b\u200bde doctorado interesados \u200b\u200ben realizar estudios posdoctorales en alguna de las disciplinas que ofrece la Universidad Azteca buscando la culminaci\u00f3n del programa doctoral mediante tesis\/examen de doctorado.<\/p>\n<p><strong>ESPECIALIZACI\u00d3N<\/strong>: Universidad Azteca estudios en nivel 8 MMC (EQF) <div class=\"su-pullquote su-pullquote-align-right\">Conozca m\u00e1s sobre el <a href=\"https:\/\/avrio.edu.eu\/es\/usc\/azteca-university\/own-degree\/doctor-of-the-university\/\">Doctor de la Universidad<\/a><\/div>\n<p><strong>DISCIPLINAS<\/strong>: Disciplinas que ofrece la Universidad Azteca en las \u00e1reas de Ciencia y Tecnolog\u00eda.<\/p>\n<p><strong>IDIOMA DE ESTUDIO<\/strong>: ingl\u00e9s, alem\u00e1n, espa\u00f1ol<\/p>\n<p><strong>REQUISITO DE ADMISI\u00d3N:<\/strong> Doctorado o t\u00edtulo equivalente y cursos de posgrado o calificaciones para la transferencia de cr\u00e9ditos al programa o experiencia de investigaci\u00f3n.<\/p>\n<h3>Modalidad y Equipo de Curso<\/h3>\n<p><strong>MODALIDAD<\/strong>: modalidad e-learning y educaci\u00f3n a distancia.<\/p>\n<p><strong>EQUIPO DEL CURSO:<\/strong> Profe. Dr. Gerhard Berchtold, Prof. Dr. Friedrich Luhan, Prof. Dr. Ricardo Saavedra Hidalgo, Prof. Dr. Felipe Fern\u00e1ndez Rivadulla, Prof. Dra. Endler.<\/p>\n<h3>Plan de estudios<\/h3>\n<table border=\"1\" width=\"100%\">\n<tbody>\n<tr>\n<td bgcolor=\"#C0C0C0\"><b>Transferencia de cr\u00e9ditos \u2013 Cursos electivos<\/b><\/td>\n<td bgcolor=\"#C0C0C0\"><b>Modo de prueba<\/b><\/td>\n<td bgcolor=\"#C0C0C0\"><b>ECTS<\/b><\/td>\n<\/tr>\n<tr>\n<td>Transferencia del programa de doctorado MPhil \/ nivel 8 EQF<\/td>\n<td>Transferencia de Cr\u00e9ditos<\/td>\n<td>60<\/td>\n<\/tr>\n<tr>\n<td bgcolor=\"#C0C0C0\"><b>M\u00f3dulo de Ciencias Obligatorio <\/b><\/td>\n<td bgcolor=\"#C0C0C0\"><b>Modo de prueba<\/b><\/td>\n<td bgcolor=\"#C0C0C0\"><b>ECTS<\/b><\/td>\n<\/tr>\n<tr>\n<td>Proyecto de investigaci\u00f3n \/ Investigaci\u00f3n y desarrollo postdoctoral<\/td>\n<td>Presentaci\u00f3n<\/td>\n<td>18<\/td>\n<\/tr>\n<tr>\n<td bgcolor=\"#C0C0C0\"><b>Examen de Tesis \/ Rigorosum <\/b><\/td>\n<td bgcolor=\"#C0C0C0\"><b>Modo de prueba<\/b><\/td>\n<td bgcolor=\"#C0C0C0\"><b>ECTS<\/b><\/td>\n<\/tr>\n<tr>\n<td>Tesis o examen en la especializaci\u00f3n de la disciplina.<\/td>\n<td>Presentaci\u00f3n y defensa o examen de tesis<\/td>\n<td>42<\/td>\n<\/tr>\n<tr>\n<td bgcolor=\"#C0C0C0\"><b>CARGA DE TRABAJO<\/b><\/td>\n<td bgcolor=\"#C0C0C0\"><b>Modo de prueba<\/b><\/td>\n<td bgcolor=\"#C0C0C0\"><b>ECTS<\/b><\/td>\n<\/tr>\n<tr>\n<td>ECTS<\/td>\n<td>Defensa \/ Rigoroso<\/td>\n<td>120<\/td>\n<\/tr>\n<\/tbody>\n<\/table>\n<h3 style=\"text-align: center;\">Cualificaci\u00f3n: Nivel 8 del Marco Mexicano de Cualificaciones MMC<\/h3>\n<p><a href=\"https:\/\/avrio.edu.eu\/new\/wp-content\/uploads\/2021\/12\/Mexican-Qualifications-Framework.jpg\"><img fetchpriority=\"high\" decoding=\"async\" class=\"aligncenter size-medium wp-image-20935\" src=\"https:\/\/avrio.edu.eu\/new\/wp-content\/uploads\/2021\/12\/Mexican-Qualifications-Framework-298x300.jpg\" alt=\"Marco Mexicano de Cualificaciones\" width=\"298\" height=\"300\" srcset=\"https:\/\/avrio.edu.eu\/new\/wp-content\/uploads\/2021\/12\/Mexican-Qualifications-Framework-298x300.jpg 298w, https:\/\/avrio.edu.eu\/new\/wp-content\/uploads\/2021\/12\/Mexican-Qualifications-Framework-12x12.jpg 12w, https:\/\/avrio.edu.eu\/new\/wp-content\/uploads\/2021\/12\/Mexican-Qualifications-Framework-150x150.jpg 150w, https:\/\/avrio.edu.eu\/new\/wp-content\/uploads\/2021\/12\/Mexican-Qualifications-Framework-768x772.jpg 768w, https:\/\/avrio.edu.eu\/new\/wp-content\/uploads\/2021\/12\/Mexican-Qualifications-Framework-1018x1024.jpg 1018w, https:\/\/avrio.edu.eu\/new\/wp-content\/uploads\/2021\/12\/Mexican-Qualifications-Framework-1527x1536.jpg 1527w, https:\/\/avrio.edu.eu\/new\/wp-content\/uploads\/2021\/12\/Mexican-Qualifications-Framework.jpg 1770w\" sizes=\"(max-width: 298px) 100vw, 298px\" \/><\/a><\/p>","protected":false},"excerpt":{"rendered":"<p>Candidates in the Science and Technology study area qualify for the POSTDOCTORAL Doctor of Science degree of Universidad Azteca. This jure dignitatis degree is one awarded to someone who has demonstrated eminence and scholarship by being appointed to a particular office, or achievement in a particular professional field. This typically involves the submission of a [&hellip;]<\/p>\n","protected":false},"author":16,"featured_media":0,"parent":20795,"menu_order":0,"comment_status":"closed","ping_status":"closed","template":"","meta":{"site-sidebar-layout":"default","site-content-layout":"","ast-site-content-layout":"default","site-content-style":"default","site-sidebar-style":"default","ast-global-header-display":"","ast-banner-title-visibility":"","ast-main-header-display":"","ast-hfb-above-header-display":"","ast-hfb-below-header-display":"","ast-hfb-mobile-header-display":"","site-post-title":"","ast-breadcrumbs-content":"","ast-featured-img":"","footer-sml-layout":"","ast-disable-related-posts":"","theme-transparent-header-meta":"","adv-header-id-meta":"","stick-header-meta":"","header-above-stick-meta":"","header-main-stick-meta":"","header-below-stick-meta":"","astra-migrate-meta-layouts":"default","ast-page-background-enabled":"default","ast-page-background-meta":{"desktop":{"background-color":"var(--ast-global-color-4)","background-image":"","background-repeat":"repeat","background-position":"center center","background-size":"auto","background-attachment":"scroll","background-type":"","background-media":"","overlay-type":"","overlay-color":"","overlay-opacity":"","overlay-gradient":""},"tablet":{"background-color":"","background-image":"","background-repeat":"repeat","background-position":"center center","background-size":"auto","background-attachment":"scroll","background-type":"","background-media":"","overlay-type":"","overlay-color":"","overlay-opacity":"","overlay-gradient":""},"mobile":{"background-color":"","background-image":"","background-repeat":"repeat","background-position":"center center","background-size":"auto","background-attachment":"scroll","background-type":"","background-media":"","overlay-type":"","overlay-color":"","overlay-opacity":"","overlay-gradient":""}},"ast-content-background-meta":{"desktop":{"background-color":"var(--ast-global-color-5)","background-image":"","background-repeat":"repeat","background-position":"center center","background-size":"auto","background-attachment":"scroll","background-type":"","background-media":"","overlay-type":"","overlay-color":"","overlay-opacity":"","overlay-gradient":""},"tablet":{"background-color":"var(--ast-global-color-5)","background-image":"","background-repeat":"repeat","background-position":"center center","background-size":"auto","background-attachment":"scroll","background-type":"","background-media":"","overlay-type":"","overlay-color":"","overlay-opacity":"","overlay-gradient":""},"mobile":{"background-color":"var(--ast-global-color-5)","background-image":"","background-repeat":"repeat","background-position":"center center","background-size":"auto","background-attachment":"scroll","background-type":"","background-media":"","overlay-type":"","overlay-color":"","overlay-opacity":"","overlay-gradient":""}},"footnotes":""},"class_list":["post-21003","page","type-page","status-publish","hentry"],"yoast_head":"<!-- This site is optimized with the Yoast SEO Premium plugin v27.4 (Yoast SEO v27.4) - https:\/\/yoast.com\/product\/yoast-seo-premium-wordpress\/ -->\n<title>Doctor of Science (Dr.Sc.) - Online at Azteca Uni. via Avrio Institute<\/title>\n<meta name=\"description\" content=\"Doctor of the University in Science and Technology areas (Dr.Sc.) provided by Azteca University distantly through Avrio Institute in Geneva\" \/>\n<meta name=\"robots\" content=\"index, follow, max-snippet:-1, max-image-preview:large, max-video-preview:-1\" \/>\n<link rel=\"canonical\" href=\"https:\/\/avrio.edu.eu\/es\/usc\/azteca-university\/doctor-of-science\/\" \/>\n<meta property=\"og:locale\" content=\"es_ES\" \/>\n<meta property=\"og:type\" content=\"article\" \/>\n<meta property=\"og:title\" content=\"Doctor of Science (Dr.Sc.) - The International Research Study Programs - Avrio Institute\" \/>\n<meta property=\"og:description\" content=\"Doctor of the University in Science and Technology areas (Dr.Sc.) provided by Azteca University distantly through Avrio Institute in Geneva\" \/>\n<meta property=\"og:url\" content=\"https:\/\/avrio.edu.eu\/es\/usc\/azteca-university\/doctor-of-science\/\" \/>\n<meta property=\"og:site_name\" content=\"The International Research Study Programs - Avrio Institute\" \/>\n<meta property=\"article:publisher\" content=\"https:\/\/www.facebook.com\/institutavriodegeneve\/\" \/>\n<meta property=\"article:modified_time\" content=\"2026-02-11T19:33:26+00:00\" \/>\n<meta property=\"og:image\" content=\"https:\/\/avrio.edu.eu\/new\/wp-content\/uploads\/2021\/12\/Mexican-Qualifications-Framework.jpg\" \/>\n\t<meta property=\"og:image:width\" content=\"1770\" \/>\n\t<meta property=\"og:image:height\" content=\"1780\" \/>\n\t<meta property=\"og:image:type\" content=\"image\/jpeg\" \/>\n<meta name=\"twitter:card\" content=\"summary_large_image\" \/>\n<meta name=\"twitter:site\" content=\"@AvrioDeGeneve\" \/>\n<meta name=\"twitter:label1\" content=\"Tiempo de lectura\" \/>\n\t<meta name=\"twitter:data1\" content=\"2 minutos\" \/>\n<script type=\"application\/ld+json\" class=\"yoast-schema-graph\">{\"@context\":\"https:\\\/\\\/schema.org\",\"@graph\":[{\"@type\":\"WebPage\",\"@id\":\"https:\\\/\\\/avrio.edu.eu\\\/usc\\\/azteca-university\\\/doctor-of-science\\\/\",\"url\":\"https:\\\/\\\/avrio.edu.eu\\\/usc\\\/azteca-university\\\/doctor-of-science\\\/\",\"name\":\"Doctor of Science (Dr.Sc.) - Online at Azteca Uni. via Avrio Institute\",\"isPartOf\":{\"@id\":\"https:\\\/\\\/avrio.edu.eu\\\/#website\"},\"primaryImageOfPage\":{\"@id\":\"https:\\\/\\\/avrio.edu.eu\\\/usc\\\/azteca-university\\\/doctor-of-science\\\/#primaryimage\"},\"image\":{\"@id\":\"https:\\\/\\\/avrio.edu.eu\\\/usc\\\/azteca-university\\\/doctor-of-science\\\/#primaryimage\"},\"thumbnailUrl\":\"https:\\\/\\\/avrio.edu.eu\\\/new\\\/wp-content\\\/uploads\\\/2021\\\/12\\\/Mexican-Qualifications-Framework-298x300.jpg\",\"datePublished\":\"2021-12-18T01:29:02+00:00\",\"dateModified\":\"2026-02-11T19:33:26+00:00\",\"description\":\"Doctor of the University in Science and Technology areas (Dr.Sc.) provided by Azteca University distantly through Avrio Institute in Geneva\",\"breadcrumb\":{\"@id\":\"https:\\\/\\\/avrio.edu.eu\\\/usc\\\/azteca-university\\\/doctor-of-science\\\/#breadcrumb\"},\"inLanguage\":\"es\",\"potentialAction\":[{\"@type\":\"ReadAction\",\"target\":[\"https:\\\/\\\/avrio.edu.eu\\\/usc\\\/azteca-university\\\/doctor-of-science\\\/\"]}]},{\"@type\":\"ImageObject\",\"inLanguage\":\"es\",\"@id\":\"https:\\\/\\\/avrio.edu.eu\\\/usc\\\/azteca-university\\\/doctor-of-science\\\/#primaryimage\",\"url\":\"https:\\\/\\\/avrio.edu.eu\\\/new\\\/wp-content\\\/uploads\\\/2021\\\/12\\\/Mexican-Qualifications-Framework-298x300.jpg\",\"contentUrl\":\"https:\\\/\\\/avrio.edu.eu\\\/new\\\/wp-content\\\/uploads\\\/2021\\\/12\\\/Mexican-Qualifications-Framework-298x300.jpg\"},{\"@type\":\"BreadcrumbList\",\"@id\":\"https:\\\/\\\/avrio.edu.eu\\\/usc\\\/azteca-university\\\/doctor-of-science\\\/#breadcrumb\",\"itemListElement\":[{\"@type\":\"ListItem\",\"position\":1,\"name\":\"Home\",\"item\":\"https:\\\/\\\/avrio.edu.eu\\\/\"},{\"@type\":\"ListItem\",\"position\":2,\"name\":\"Universities Studies Center\",\"item\":\"https:\\\/\\\/avrio.edu.eu\\\/usc\\\/\"},{\"@type\":\"ListItem\",\"position\":3,\"name\":\"Azteca University\",\"item\":\"https:\\\/\\\/avrio.edu.eu\\\/usc\\\/azteca-university\\\/\"},{\"@type\":\"ListItem\",\"position\":4,\"name\":\"Doctor of Science (Dr.Sc.)\"}]},{\"@type\":\"WebSite\",\"@id\":\"https:\\\/\\\/avrio.edu.eu\\\/#website\",\"url\":\"https:\\\/\\\/avrio.edu.eu\\\/\",\"name\":\"The Postgraduate and Research Studies at Avrio Institute\",\"description\":\"For Bachelor&#039;s, Master&#039;s and Doctorate - In cooperation with Azteca University\",\"publisher\":{\"@id\":\"https:\\\/\\\/avrio.edu.eu\\\/#organization\"},\"alternateName\":\"Avrio for Research Studies\",\"potentialAction\":[{\"@type\":\"SearchAction\",\"target\":{\"@type\":\"EntryPoint\",\"urlTemplate\":\"https:\\\/\\\/avrio.edu.eu\\\/?s={search_term_string}\"},\"query-input\":{\"@type\":\"PropertyValueSpecification\",\"valueRequired\":true,\"valueName\":\"search_term_string\"}}],\"inLanguage\":\"es\"},{\"@type\":\"Organization\",\"@id\":\"https:\\\/\\\/avrio.edu.eu\\\/#organization\",\"name\":\"Institut Avrio de Gen\u00e8ve\",\"alternateName\":\"Avrio Institute\",\"url\":\"https:\\\/\\\/avrio.edu.eu\\\/\",\"logo\":{\"@type\":\"ImageObject\",\"inLanguage\":\"es\",\"@id\":\"https:\\\/\\\/avrio.edu.eu\\\/#\\\/schema\\\/logo\\\/image\\\/\",\"url\":\"https:\\\/\\\/avrio.edu.eu\\\/new\\\/wp-content\\\/uploads\\\/2020\\\/04\\\/logo-new-gw.png\",\"contentUrl\":\"https:\\\/\\\/avrio.edu.eu\\\/new\\\/wp-content\\\/uploads\\\/2020\\\/04\\\/logo-new-gw.png\",\"width\":850,\"height\":850,\"caption\":\"Institut Avrio de Gen\u00e8ve\"},\"image\":{\"@id\":\"https:\\\/\\\/avrio.edu.eu\\\/#\\\/schema\\\/logo\\\/image\\\/\"},\"sameAs\":[\"https:\\\/\\\/www.facebook.com\\\/institutavriodegeneve\\\/\",\"https:\\\/\\\/x.com\\\/AvrioDeGeneve\",\"https:\\\/\\\/www.instagram.com\\\/institutavriodegeneve\\\/\",\"https:\\\/\\\/www.linkedin.com\\\/in\\\/avrio-de-geneve-024392194\\\/\",\"https:\\\/\\\/www.youtube.com\\\/channel\\\/UCPP2orNhGglhisZlldUbnkQ\"]}]}<\/script>\n<!-- \/ Yoast SEO Premium plugin. -->","yoast_head_json":{"title":"Doctor en Ciencias (Dr.Sc.) - En l\u00ednea en Azteca Uni. a trav\u00e9s del Instituto Avrio","description":"Doctorado de la Universidad en \u00e1reas de Ciencia y Tecnolog\u00eda (Dr.Sc.) brindado por la Universidad Azteca a distancia a trav\u00e9s del Instituto Avrio en Ginebra","robots":{"index":"index","follow":"follow","max-snippet":"max-snippet:-1","max-image-preview":"max-image-preview:large","max-video-preview":"max-video-preview:-1"},"canonical":"https:\/\/avrio.edu.eu\/es\/usc\/azteca-university\/doctor-of-science\/","og_locale":"es_ES","og_type":"article","og_title":"Doctor of Science (Dr.Sc.) - The International Research Study Programs - Avrio Institute","og_description":"Doctor of the University in Science and Technology areas (Dr.Sc.) provided by Azteca University distantly through Avrio Institute in Geneva","og_url":"https:\/\/avrio.edu.eu\/es\/usc\/azteca-university\/doctor-of-science\/","og_site_name":"The International Research Study Programs - Avrio Institute","article_publisher":"https:\/\/www.facebook.com\/institutavriodegeneve\/","article_modified_time":"2026-02-11T19:33:26+00:00","og_image":[{"width":1770,"height":1780,"url":"https:\/\/avrio.edu.eu\/new\/wp-content\/uploads\/2021\/12\/Mexican-Qualifications-Framework.jpg","type":"image\/jpeg"}],"twitter_card":"summary_large_image","twitter_site":"@AvrioDeGeneve","twitter_misc":{"Tiempo de lectura":"2 minutos"},"schema":{"@context":"https:\/\/schema.org","@graph":[{"@type":"WebPage","@id":"https:\/\/avrio.edu.eu\/usc\/azteca-university\/doctor-of-science\/","url":"https:\/\/avrio.edu.eu\/usc\/azteca-university\/doctor-of-science\/","name":"Doctor en Ciencias (Dr.Sc.) - En l\u00ednea en Azteca Uni. a trav\u00e9s del Instituto Avrio","isPartOf":{"@id":"https:\/\/avrio.edu.eu\/#website"},"primaryImageOfPage":{"@id":"https:\/\/avrio.edu.eu\/usc\/azteca-university\/doctor-of-science\/#primaryimage"},"image":{"@id":"https:\/\/avrio.edu.eu\/usc\/azteca-university\/doctor-of-science\/#primaryimage"},"thumbnailUrl":"https:\/\/avrio.edu.eu\/new\/wp-content\/uploads\/2021\/12\/Mexican-Qualifications-Framework-298x300.jpg","datePublished":"2021-12-18T01:29:02+00:00","dateModified":"2026-02-11T19:33:26+00:00","description":"Doctorado de la Universidad en \u00e1reas de Ciencia y Tecnolog\u00eda (Dr.Sc.) brindado por la Universidad Azteca a distancia a trav\u00e9s del Instituto Avrio en Ginebra","breadcrumb":{"@id":"https:\/\/avrio.edu.eu\/usc\/azteca-university\/doctor-of-science\/#breadcrumb"},"inLanguage":"es","potentialAction":[{"@type":"ReadAction","target":["https:\/\/avrio.edu.eu\/usc\/azteca-university\/doctor-of-science\/"]}]},{"@type":"ImageObject","inLanguage":"es","@id":"https:\/\/avrio.edu.eu\/usc\/azteca-university\/doctor-of-science\/#primaryimage","url":"https:\/\/avrio.edu.eu\/new\/wp-content\/uploads\/2021\/12\/Mexican-Qualifications-Framework-298x300.jpg","contentUrl":"https:\/\/avrio.edu.eu\/new\/wp-content\/uploads\/2021\/12\/Mexican-Qualifications-Framework-298x300.jpg"},{"@type":"BreadcrumbList","@id":"https:\/\/avrio.edu.eu\/usc\/azteca-university\/doctor-of-science\/#breadcrumb","itemListElement":[{"@type":"ListItem","position":1,"name":"Home","item":"https:\/\/avrio.edu.eu\/"},{"@type":"ListItem","position":2,"name":"Universities Studies Center","item":"https:\/\/avrio.edu.eu\/usc\/"},{"@type":"ListItem","position":3,"name":"Azteca University","item":"https:\/\/avrio.edu.eu\/usc\/azteca-university\/"},{"@type":"ListItem","position":4,"name":"Doctor of Science (Dr.Sc.)"}]},{"@type":"WebSite","@id":"https:\/\/avrio.edu.eu\/#website","url":"https:\/\/avrio.edu.eu\/","name":"Estudios de posgrado e investigaci\u00f3n en el Instituto Avrio","description":"Para Licenciatura, Maestr\u00eda y Doctorado - En colaboraci\u00f3n con Universidad Azteca","publisher":{"@id":"https:\/\/avrio.edu.eu\/#organization"},"alternateName":"Avrio for Research Studies","potentialAction":[{"@type":"SearchAction","target":{"@type":"EntryPoint","urlTemplate":"https:\/\/avrio.edu.eu\/?s={search_term_string}"},"query-input":{"@type":"PropertyValueSpecification","valueRequired":true,"valueName":"search_term_string"}}],"inLanguage":"es"},{"@type":"Organization","@id":"https:\/\/avrio.edu.eu\/#organization","name":"Instituto Avrio de Ginebra","alternateName":"Avrio Institute","url":"https:\/\/avrio.edu.eu\/","logo":{"@type":"ImageObject","inLanguage":"es","@id":"https:\/\/avrio.edu.eu\/#\/schema\/logo\/image\/","url":"https:\/\/avrio.edu.eu\/new\/wp-content\/uploads\/2020\/04\/logo-new-gw.png","contentUrl":"https:\/\/avrio.edu.eu\/new\/wp-content\/uploads\/2020\/04\/logo-new-gw.png","width":850,"height":850,"caption":"Institut Avrio de Gen\u00e8ve"},"image":{"@id":"https:\/\/avrio.edu.eu\/#\/schema\/logo\/image\/"},"sameAs":["https:\/\/www.facebook.com\/institutavriodegeneve\/","https:\/\/x.com\/AvrioDeGeneve","https:\/\/www.instagram.com\/institutavriodegeneve\/","https:\/\/www.linkedin.com\/in\/avrio-de-geneve-024392194\/","https:\/\/www.youtube.com\/channel\/UCPP2orNhGglhisZlldUbnkQ"]}]}},"_links":{"self":[{"href":"https:\/\/avrio.edu.eu\/es\/wp-json\/wp\/v2\/pages\/21003","targetHints":{"allow":["GET"]}}],"collection":[{"href":"https:\/\/avrio.edu.eu\/es\/wp-json\/wp\/v2\/pages"}],"about":[{"href":"https:\/\/avrio.edu.eu\/es\/wp-json\/wp\/v2\/types\/page"}],"author":[{"embeddable":true,"href":"https:\/\/avrio.edu.eu\/es\/wp-json\/wp\/v2\/users\/16"}],"replies":[{"embeddable":true,"href":"https:\/\/avrio.edu.eu\/es\/wp-json\/wp\/v2\/comments?post=21003"}],"version-history":[{"count":1,"href":"https:\/\/avrio.edu.eu\/es\/wp-json\/wp\/v2\/pages\/21003\/revisions"}],"predecessor-version":[{"id":24588,"href":"https:\/\/avrio.edu.eu\/es\/wp-json\/wp\/v2\/pages\/21003\/revisions\/24588"}],"up":[{"embeddable":true,"href":"https:\/\/avrio.edu.eu\/es\/wp-json\/wp\/v2\/pages\/20795"}],"wp:attachment":[{"href":"https:\/\/avrio.edu.eu\/es\/wp-json\/wp\/v2\/media?parent=21003"}],"curies":[{"name":"wp","href":"https:\/\/api.w.org\/{rel}","templated":true}]}}