{"id":21292,"date":"2021-12-27T12:55:31","date_gmt":"2021-12-27T11:55:31","guid":{"rendered":"https:\/\/avrio.edu.eu\/?page_id=21292"},"modified":"2026-02-23T12:23:11","modified_gmt":"2026-02-23T11:23:11","slug":"credits-transfer","status":"publish","type":"page","link":"https:\/\/avrio.edu.eu\/es\/usc\/azteca-university\/own-degree\/credits-transfer\/","title":{"rendered":"A University Degree Through Credit Transfer"},"content":{"rendered":"<p style=\"text-align: center;\">\t\t<div data-elementor-type=\"container\" data-elementor-id=\"24129\" class=\"elementor elementor-24129\" data-elementor-post-type=\"elementor_library\">\n\t\t\t\t<div class=\"elementor-element elementor-element-a264124 e-con-full e-flex e-con e-parent\" data-id=\"a264124\" data-element_type=\"container\" data-e-type=\"container\" data-settings=\"{&quot;jet_parallax_layout_list&quot;:[]}\">\n\t\t<div class=\"elementor-element elementor-element-c09b2ef e-con-full e-flex e-con e-child\" data-id=\"c09b2ef\" data-element_type=\"container\" data-e-type=\"container\" data-settings=\"{&quot;jet_parallax_layout_list&quot;:[]}\">\n\t\t<div class=\"elementor-element elementor-element-8ec8ca4 e-con-full e-flex e-con e-child\" data-id=\"8ec8ca4\" data-element_type=\"container\" data-e-type=\"container\" data-settings=\"{&quot;jet_parallax_layout_list&quot;:[]}\">\n\t\t\t\t<div class=\"elementor-element elementor-element-6308053 elementor-widget elementor-widget-heading\" data-id=\"6308053\" data-element_type=\"widget\" data-e-type=\"widget\" data-widget_type=\"heading.default\">\n\t\t\t\t<div class=\"elementor-widget-container\">\n\t\t\t\t\t<h2 class=\"elementor-heading-title elementor-size-default\"><a href=\"https:\/\/avrio.edu.eu\/es\/usc\/azteca-university\/own-degree\/credits-transfer\/\"><div class=\"su-heading su-heading-style-default su-heading-align-center\" id=\"\" style=\"font-size:18px;margin-bottom:20px\"><div class=\"su-heading-inner\">Fast-Track Your Master&#039;s or Doctoral degree through credit transfer<\/div><\/div><\/a><\/h2>\t\t\t\t<\/div>\n\t\t\t\t<\/div>\n\t\t\t\t<div class=\"elementor-element elementor-element-d985084 elementor-widget elementor-widget-text-editor\" data-id=\"d985084\" data-element_type=\"widget\" data-e-type=\"widget\" data-widget_type=\"text-editor.default\">\n\t\t\t\t<div class=\"elementor-widget-container\">\n\t\t\t\t\t\t\t\t\t<h2 style=\"text-align: center;\" align=\"center\"><span style=\"font-size: 14pt;\"><strong><em><a href=\"https:\/\/avrio.edu.eu\/es\/usc\/azteca-university\/own-degree\/\">Universidad Azteca T\u00edtulos propios<\/a><\/em><\/strong><\/span><\/h2><p style=\"text-align: left;\" align=\"center\"><strong><span style=\"font-size: 10pt;\">Programas de Licenciatura y Maestr\u00eda: <a href=\"https:\/\/avrio.edu.eu\/es\/usc\/azteca-university\/own-degree\/credits-transfer\/\">Por transferencia de cr\u00e9ditos<\/a> | <a href=\"https:\/\/avrio.edu.eu\/es\/usc\/azteca-university\/own-degree\/degree-validation\/\">Por convalidaci\u00f3n de t\u00edtulos<\/a> | <a href=\"https:\/\/avrio.edu.eu\/es\/usc\/azteca-university\/own-degree\/prior-learning-assessment\/\">Por evaluaci\u00f3n previa del aprendizaje<\/a> | <a href=\"https:\/\/avrio.edu.eu\/es\/usc\/azteca-university\/own-degree\/au-professional-certification\/\">Por Certificaci\u00f3n Profesional<\/a><\/span><\/strong><\/p><p style=\"text-align: left;\" align=\"center\"><strong><span style=\"font-size: 10pt;\">Programas de Doctorado: <a href=\"https:\/\/avrio.edu.eu\/es\/usc\/azteca-university\/own-degree\/doctor-of-the-university\/by-thesis\/\">por tesis<\/a> | <a href=\"https:\/\/avrio.edu.eu\/es\/usc\/azteca-university\/own-degree\/doctor-of-the-university\/prior-learning-assessment\/\">por Evaluaci\u00f3n de Aprendizaje Previo<\/a> | <a href=\"https:\/\/avrio.edu.eu\/es\/usc\/azteca-university\/own-degree\/doctor-of-the-university\/by-prior-output-and-by-achievement\/\">Por resultados anteriores y por logros<\/a> | <a href=\"https:\/\/avrio.edu.eu\/es\/usc\/azteca-university\/own-degree\/doctor-of-the-university\/by-publication\/\">Por publicaci\u00f3n<\/a><\/span><\/strong><\/p><p style=\"text-align: left;\" align=\"center\"><strong><a href=\"https:\/\/avrio.edu.eu\/es\/usc\/azteca-university\/own-degree\/post-doctoral-research-programs\/\">Post-Doctoral Program<\/a>: D.Sc. in Science in Engineering and Technology <span style=\"color: #2ec4b6;\">|<\/span> D.Litt. in Business, Humanities, Social Sciences, Design, and Creative Arts <span style=\"color: #2ec4b6;\">|<\/span> LL.D. in Law <span style=\"color: #2ec4b6;\">|<\/span> Related disciplines available as well <span style=\"color: #2ec4b6;\">|<\/span> By the mentioned-above methods<\/strong><\/p>\t\t\t\t\t\t\t\t<\/div>\n\t\t\t\t<\/div>\n\t\t\t\t<div class=\"elementor-element elementor-element-469c6f6 elementor-headline--style-highlight elementor-widget elementor-widget-animated-headline\" data-id=\"469c6f6\" data-element_type=\"widget\" data-e-type=\"widget\" data-settings=\"{&quot;marker&quot;:&quot;curly&quot;,&quot;highlighted_text&quot;:&quot;is Available&quot;,&quot;headline_style&quot;:&quot;highlight&quot;,&quot;highlight_animation_duration&quot;:1200}\" data-widget_type=\"animated-headline.default\">\n\t\t\t\t<div class=\"elementor-widget-container\">\n\t\t\t\t\t\t\t\t<a href=\"https:\/\/avrio.edu.eu\/es\/contact\/\">\n\n\t\t\t\t\t<div class=\"elementor-headline\">\n\t\t\t\t\t<span class=\"elementor-headline-plain-text elementor-headline-text-wrapper\">Honorary Doctorate Program<\/span>\n\t\t\t\t<span class=\"elementor-headline-dynamic-wrapper elementor-headline-text-wrapper\">\n\t\t\t\t\t<span class=\"elementor-headline-dynamic-text elementor-headline-text-active\">is Available<\/span>\n\t\t\t\t<\/span>\n\t\t\t\t\t<span class=\"elementor-headline-plain-text elementor-headline-text-wrapper\">Para m\u00e1s informaci\u00f3n, por favor cont\u00e1ctenos.<\/span>\n\t\t\t\t\t<\/div>\n\t\t<\/a>\t\t\t\t<\/div>\n\t\t\t\t<\/div>\n\t\t\t\t<\/div>\n\t\t\t\t<\/div>\n\t\t\t\t<\/div>\n\t\t<div class=\"elementor-element elementor-element-3147449 e-con-full e-flex e-con e-parent\" data-id=\"3147449\" data-element_type=\"container\" data-e-type=\"container\" data-settings=\"{&quot;jet_parallax_layout_list&quot;:[]}\">\n\t\t\t\t<div class=\"elementor-element elementor-element-b630c6e elementor-widget-divider--view-line elementor-widget elementor-widget-divider\" data-id=\"b630c6e\" data-element_type=\"widget\" data-e-type=\"widget\" data-widget_type=\"divider.default\">\n\t\t\t\t<div class=\"elementor-widget-container\">\n\t\t\t\t\t\t\t<div class=\"elementor-divider\">\n\t\t\t<span class=\"elementor-divider-separator\">\n\t\t\t\t\t\t<\/span>\n\t\t<\/div>\n\t\t\t\t\t\t<\/div>\n\t\t\t\t<\/div>\n\t\t\t\t<\/div>\n\t\t\t\t<\/div>\n\t\t\n<h2 style=\"text-align: left;\"><span style=\"font-size: 10pt;\">Fast-Track Your Master&#039;s or Doctoral degree through credit transfer<\/span><\/h2>\n<h2 style=\"text-align: justify;\"><span style=\"text-decoration: underline; color: #000000;\"><span class=\"internallink\"><strong>Opci\u00f3n 1) Reconocimiento de Cr\u00e9ditos de Transferencia<\/strong><\/span><\/span><\/h2>\n<p style=\"text-align: justify;\">The learning that can be recognised by credentials and certificates of previously passed tests offers a much less complicated evaluation than is possible with portfolio validation of prior learning.<\/p>\n<p style=\"text-align: justify;\">Candidates who have earned enough credits in prior coursework leading to any degree can transfer their credits from a variety of sources into one degree awarded by Universidad Azteca in the Advanced Studies area.<\/p>\n<p style=\"text-align: justify;\">Este programa es diferente al <a href=\"https:\/\/avrio.edu.eu\/es\/usc\/azteca-university\/own-degree\/professional-certification\/\">Certificado Profesional<\/a> (<a href=\"https:\/\/avrio.edu.eu\/es\/usc\/azteca-university\/own-degree\/master-of-university\/professional-studies\/\">Estudios Profesionales<\/a>) y la Validaci\u00f3n de <a href=\"https:\/\/avrio.edu.eu\/es\/usc\/azteca-university\/own-degree\/prior-learning-assessment\/\">Antes de aprender<\/a> (<a href=\"https:\/\/avrio.edu.eu\/es\/usc\/azteca-university\/own-degree\/master-of-university\/individual-studies\/\">Estudios individuales<\/a>) porque se basa \u00edntegramente en el reconocimiento de cr\u00e9ditos de transferencia ya obtenidos en el nivel postsecundario.<\/p>\n<p style=\"text-align: justify;\">Requisitos de grado para el <a href=\"https:\/\/avrio.edu.eu\/es\/usc\/azteca-university\/own-degree\/master-of-university\/advanced-studies\/\">Maestr\u00eda en Estudios Avanzados<\/a> o la <a href=\"https:\/\/avrio.edu.eu\/es\/usc\/azteca-university\/mba-emba\/\">Maestr\u00eda en Administraci\u00f3n de Empresas<\/a>: At least a professional qualification at level 5 or 6 of the European Qualifications Framework as an entry requirement, plus professional documented 60 ECTS credits earned.<\/p>\n<h3 style=\"text-align: justify;\"><strong>Obtenga cr\u00e9dito por transferencia de cr\u00e9dito<\/strong><\/h3>\n<p style=\"text-align: justify;\">Los cr\u00e9ditos aceptados mediante transferencia por la Universidad Azteca pueden provenir \u00fanicamente de colegios y universidades acreditadas regionalmente. Las siguientes incluyen las experiencias educativas de nivel universitario que la Universidad Azteca puede aceptar para cr\u00e9dito a trav\u00e9s de transferencia:<\/p>\n<h3 style=\"text-align: justify;\"><strong><em>Colegios y universidades acreditadas<\/em><\/strong><\/h3>\n<p style=\"text-align: justify;\">Credits earned at a college or university that is accredited or a candidate for accreditation by an institutional accrediting body may be transferred to Universidad Azteca regardless of the number of institutions attended. Universidad Azteca does not transfer courses with no passing grades.<\/p>\n<p style=\"text-align: justify;\">Students may be required to provide course descriptions or a copy of the catalogue from the institution where the courses were taken, to enable course-by-course evaluations when determining if such courses can be accepted toward the degree requirements of Universidad Azteca degrees. If descriptions are needed, these should be requested from the registrar of the college(s) where the courses were completed. An official transcript from each institution to be evaluated must be submitted. Universidad Azteca will not accept credits listed as &#8220;transfer&#8221; on an institution&#8217;s transcript.<\/p>\n<p style=\"text-align: justify;\">Universidad Azteca will accept credits from foreign colleges that are recognised by the educational authority of that country, and listed in one of the publications, including recognised colleges and universities.<\/p>\n<h3 style=\"text-align: justify;\"><strong><span style=\"color: #000000;\"><em class=\"internallink\">Acceptance of Credits from Postgraduate Programmes<\/em><\/span><\/strong><\/h3>\n<p style=\"text-align: justify;\">La Universidad Azteca aceptar\u00e1 cr\u00e9ditos de trabajo de posgrado para aplicar a un programa.<\/p>\n<h3 style=\"text-align: justify;\"><strong><em>Demostraci\u00f3n de moneda<\/em><\/strong><\/h3>\n<p style=\"text-align: justify;\">Because of the rapid changes occurring in technological and business fields today, it is important for today&#8217;s college graduates to maintain up-to-date knowledge in their field. Therefore, it may be necessary for students to &#8220;demonstrate currency&#8221; to transfer credits previously earned at other accredited colleges and universities.<\/p>\n<p style=\"text-align: justify;\">Demostraci\u00f3n de Moneda se refiere a la transferencia de cr\u00e9ditos. Si los cr\u00e9ditos que desea transferir a la Universidad tienen m\u00e1s de 10 a\u00f1os al momento de la solicitud a la Universidad, deber\u00e1 demostrar vigencia para estos cursos. Puede validar estos cr\u00e9ditos de transferencia completando una conferencia oral con un consultor de la facultad que cubra los desarrollos contempor\u00e1neos en el tema en cuesti\u00f3n. Debes estar matriculado en la Universidad para realizar este tr\u00e1mite.<\/p>\n<p style=\"text-align: justify;\"><a href=\"https:\/\/avrio.edu.eu\/es\/?attachment_id=21290\">DESCARGAR LA CARPETA DE INFORMACI\u00d3N DE VALIDACI\u00d3N (PDF)<\/a><\/p>","protected":false},"excerpt":{"rendered":"<p>Option 1) Recognition of Transfer Credits The learning that can be recognised by credentials and certificates of previously passed tests offers a much less complicated evaluation than is possible with portfolio validation of prior learning. Candidates who have earned enough credits in prior coursework leading to any degree can transfer their credits from a variety [&hellip;]<\/p>\n","protected":false},"author":16,"featured_media":0,"parent":21267,"menu_order":0,"comment_status":"closed","ping_status":"closed","template":"","meta":{"site-sidebar-layout":"default","site-content-layout":"","ast-site-content-layout":"default","site-content-style":"default","site-sidebar-style":"default","ast-global-header-display":"","ast-banner-title-visibility":"","ast-main-header-display":"","ast-hfb-above-header-display":"","ast-hfb-below-header-display":"","ast-hfb-mobile-header-display":"","site-post-title":"","ast-breadcrumbs-content":"","ast-featured-img":"","footer-sml-layout":"","ast-disable-related-posts":"","theme-transparent-header-meta":"default","adv-header-id-meta":"","stick-header-meta":"default","header-above-stick-meta":"","header-main-stick-meta":"","header-below-stick-meta":"","astra-migrate-meta-layouts":"set","ast-page-background-enabled":"default","ast-page-background-meta":{"desktop":{"background-color":"var(--ast-global-color-4)","background-image":"","background-repeat":"repeat","background-position":"center center","background-size":"auto","background-attachment":"scroll","background-type":"","background-media":"","overlay-type":"","overlay-color":"","overlay-opacity":"","overlay-gradient":""},"tablet":{"background-color":"","background-image":"","background-repeat":"repeat","background-position":"center center","background-size":"auto","background-attachment":"scroll","background-type":"","background-media":"","overlay-type":"","overlay-color":"","overlay-opacity":"","overlay-gradient":""},"mobile":{"background-color":"","background-image":"","background-repeat":"repeat","background-position":"center center","background-size":"auto","background-attachment":"scroll","background-type":"","background-media":"","overlay-type":"","overlay-color":"","overlay-opacity":"","overlay-gradient":""}},"ast-content-background-meta":{"desktop":{"background-color":"var(--ast-global-color-5)","background-image":"","background-repeat":"repeat","background-position":"center center","background-size":"auto","background-attachment":"scroll","background-type":"","background-media":"","overlay-type":"","overlay-color":"","overlay-opacity":"","overlay-gradient":""},"tablet":{"background-color":"var(--ast-global-color-5)","background-image":"","background-repeat":"repeat","background-position":"center center","background-size":"auto","background-attachment":"scroll","background-type":"","background-media":"","overlay-type":"","overlay-color":"","overlay-opacity":"","overlay-gradient":""},"mobile":{"background-color":"var(--ast-global-color-5)","background-image":"","background-repeat":"repeat","background-position":"center center","background-size":"auto","background-attachment":"scroll","background-type":"","background-media":"","overlay-type":"","overlay-color":"","overlay-opacity":"","overlay-gradient":""}},"footnotes":""},"class_list":["post-21292","page","type-page","status-publish","hentry"],"yoast_head":"<!-- This site is optimized with the Yoast SEO Premium plugin v27.4 (Yoast SEO v27.4) - https:\/\/yoast.com\/product\/yoast-seo-premium-wordpress\/ -->\n<title>Master &amp; Doctorate By Credit Transfer | Azteca Uni. via Avrio Institute<\/title>\n<meta name=\"description\" content=\"Want to finish your degree faster? Learn how to transfer your existing credits and professional certifications into a university Master&#039;s or Doctoral degree.\" \/>\n<meta name=\"robots\" content=\"index, follow, max-snippet:-1, max-image-preview:large, max-video-preview:-1\" \/>\n<link rel=\"canonical\" href=\"https:\/\/avrio.edu.eu\/es\/usc\/azteca-university\/own-degree\/credits-transfer\/\" \/>\n<meta property=\"og:locale\" content=\"es_ES\" \/>\n<meta property=\"og:type\" content=\"article\" \/>\n<meta property=\"og:title\" content=\"A University Degree Through Credit Transfer - The International Research Study Programs - Avrio Institute\" \/>\n<meta property=\"og:description\" content=\"Want to finish your degree faster? Learn how to transfer your existing credits and professional certifications into a university Master&#039;s or Doctoral degree.\" \/>\n<meta property=\"og:url\" content=\"https:\/\/avrio.edu.eu\/es\/usc\/azteca-university\/own-degree\/credits-transfer\/\" \/>\n<meta property=\"og:site_name\" content=\"The International Research Study Programs - Avrio Institute\" \/>\n<meta property=\"article:publisher\" content=\"https:\/\/www.facebook.com\/institutavriodegeneve\/\" \/>\n<meta property=\"article:modified_time\" content=\"2026-02-23T11:23:11+00:00\" \/>\n<meta property=\"og:image\" content=\"https:\/\/avrio.edu.eu\/new\/wp-content\/uploads\/2020\/04\/logo-new-gw.png\" \/>\n\t<meta property=\"og:image:width\" content=\"850\" \/>\n\t<meta property=\"og:image:height\" content=\"850\" \/>\n\t<meta property=\"og:image:type\" content=\"image\/png\" \/>\n<meta name=\"twitter:card\" content=\"summary_large_image\" \/>\n<meta name=\"twitter:site\" content=\"@AvrioDeGeneve\" \/>\n<meta name=\"twitter:label1\" content=\"Tiempo de lectura\" \/>\n\t<meta name=\"twitter:data1\" content=\"3 minutos\" \/>\n<script type=\"application\/ld+json\" class=\"yoast-schema-graph\">{\"@context\":\"https:\\\/\\\/schema.org\",\"@graph\":[{\"@type\":\"WebPage\",\"@id\":\"https:\\\/\\\/avrio.edu.eu\\\/usc\\\/azteca-university\\\/own-degree\\\/credits-transfer\\\/\",\"url\":\"https:\\\/\\\/avrio.edu.eu\\\/usc\\\/azteca-university\\\/own-degree\\\/credits-transfer\\\/\",\"name\":\"Master & Doctorate By Credit Transfer | Azteca Uni. via Avrio Institute\",\"isPartOf\":{\"@id\":\"https:\\\/\\\/avrio.edu.eu\\\/#website\"},\"datePublished\":\"2021-12-27T11:55:31+00:00\",\"dateModified\":\"2026-02-23T11:23:11+00:00\",\"description\":\"Want to finish your degree faster? Learn how to transfer your existing credits and professional certifications into a university Master's or Doctoral degree.\",\"breadcrumb\":{\"@id\":\"https:\\\/\\\/avrio.edu.eu\\\/usc\\\/azteca-university\\\/own-degree\\\/credits-transfer\\\/#breadcrumb\"},\"inLanguage\":\"es\",\"potentialAction\":[{\"@type\":\"ReadAction\",\"target\":[\"https:\\\/\\\/avrio.edu.eu\\\/usc\\\/azteca-university\\\/own-degree\\\/credits-transfer\\\/\"]}]},{\"@type\":\"BreadcrumbList\",\"@id\":\"https:\\\/\\\/avrio.edu.eu\\\/usc\\\/azteca-university\\\/own-degree\\\/credits-transfer\\\/#breadcrumb\",\"itemListElement\":[{\"@type\":\"ListItem\",\"position\":1,\"name\":\"Home\",\"item\":\"https:\\\/\\\/avrio.edu.eu\\\/\"},{\"@type\":\"ListItem\",\"position\":2,\"name\":\"Universities Studies Center\",\"item\":\"https:\\\/\\\/avrio.edu.eu\\\/usc\\\/\"},{\"@type\":\"ListItem\",\"position\":3,\"name\":\"Azteca University\",\"item\":\"https:\\\/\\\/avrio.edu.eu\\\/usc\\\/azteca-university\\\/\"},{\"@type\":\"ListItem\",\"position\":4,\"name\":\"Azteca University Own degrees\",\"item\":\"https:\\\/\\\/avrio.edu.eu\\\/usc\\\/azteca-university\\\/own-degree\\\/\"},{\"@type\":\"ListItem\",\"position\":5,\"name\":\"A University Degree Through Credit Transfer\"}]},{\"@type\":\"WebSite\",\"@id\":\"https:\\\/\\\/avrio.edu.eu\\\/#website\",\"url\":\"https:\\\/\\\/avrio.edu.eu\\\/\",\"name\":\"The Postgraduate and Research Studies at Avrio Institute\",\"description\":\"For Bachelor&#039;s, Master&#039;s and Doctorate - In cooperation with Azteca University\",\"publisher\":{\"@id\":\"https:\\\/\\\/avrio.edu.eu\\\/#organization\"},\"alternateName\":\"Avrio for Research Studies\",\"potentialAction\":[{\"@type\":\"SearchAction\",\"target\":{\"@type\":\"EntryPoint\",\"urlTemplate\":\"https:\\\/\\\/avrio.edu.eu\\\/?s={search_term_string}\"},\"query-input\":{\"@type\":\"PropertyValueSpecification\",\"valueRequired\":true,\"valueName\":\"search_term_string\"}}],\"inLanguage\":\"es\"},{\"@type\":\"Organization\",\"@id\":\"https:\\\/\\\/avrio.edu.eu\\\/#organization\",\"name\":\"Institut Avrio de Gen\u00e8ve\",\"alternateName\":\"Avrio Institute\",\"url\":\"https:\\\/\\\/avrio.edu.eu\\\/\",\"logo\":{\"@type\":\"ImageObject\",\"inLanguage\":\"es\",\"@id\":\"https:\\\/\\\/avrio.edu.eu\\\/#\\\/schema\\\/logo\\\/image\\\/\",\"url\":\"https:\\\/\\\/avrio.edu.eu\\\/new\\\/wp-content\\\/uploads\\\/2020\\\/04\\\/logo-new-gw.png\",\"contentUrl\":\"https:\\\/\\\/avrio.edu.eu\\\/new\\\/wp-content\\\/uploads\\\/2020\\\/04\\\/logo-new-gw.png\",\"width\":850,\"height\":850,\"caption\":\"Institut Avrio de Gen\u00e8ve\"},\"image\":{\"@id\":\"https:\\\/\\\/avrio.edu.eu\\\/#\\\/schema\\\/logo\\\/image\\\/\"},\"sameAs\":[\"https:\\\/\\\/www.facebook.com\\\/institutavriodegeneve\\\/\",\"https:\\\/\\\/x.com\\\/AvrioDeGeneve\",\"https:\\\/\\\/www.instagram.com\\\/institutavriodegeneve\\\/\",\"https:\\\/\\\/www.linkedin.com\\\/in\\\/avrio-de-geneve-024392194\\\/\",\"https:\\\/\\\/www.youtube.com\\\/channel\\\/UCPP2orNhGglhisZlldUbnkQ\"]}]}<\/script>\n<!-- \/ Yoast SEO Premium plugin. -->","yoast_head_json":{"title":"Master & Doctorate By Credit Transfer | Azteca Uni. via Avrio Institute","description":"Want to finish your degree faster? Learn how to transfer your existing credits and professional certifications into a university Master's or Doctoral degree.","robots":{"index":"index","follow":"follow","max-snippet":"max-snippet:-1","max-image-preview":"max-image-preview:large","max-video-preview":"max-video-preview:-1"},"canonical":"https:\/\/avrio.edu.eu\/es\/usc\/azteca-university\/own-degree\/credits-transfer\/","og_locale":"es_ES","og_type":"article","og_title":"A University Degree Through Credit Transfer - The International Research Study Programs - Avrio Institute","og_description":"Want to finish your degree faster? Learn how to transfer your existing credits and professional certifications into a university Master's or Doctoral degree.","og_url":"https:\/\/avrio.edu.eu\/es\/usc\/azteca-university\/own-degree\/credits-transfer\/","og_site_name":"The International Research Study Programs - Avrio Institute","article_publisher":"https:\/\/www.facebook.com\/institutavriodegeneve\/","article_modified_time":"2026-02-23T11:23:11+00:00","og_image":[{"width":850,"height":850,"url":"https:\/\/avrio.edu.eu\/new\/wp-content\/uploads\/2020\/04\/logo-new-gw.png","type":"image\/png"}],"twitter_card":"summary_large_image","twitter_site":"@AvrioDeGeneve","twitter_misc":{"Tiempo de lectura":"3 minutos"},"schema":{"@context":"https:\/\/schema.org","@graph":[{"@type":"WebPage","@id":"https:\/\/avrio.edu.eu\/usc\/azteca-university\/own-degree\/credits-transfer\/","url":"https:\/\/avrio.edu.eu\/usc\/azteca-university\/own-degree\/credits-transfer\/","name":"Master & Doctorate By Credit Transfer | Azteca Uni. via Avrio Institute","isPartOf":{"@id":"https:\/\/avrio.edu.eu\/#website"},"datePublished":"2021-12-27T11:55:31+00:00","dateModified":"2026-02-23T11:23:11+00:00","description":"Want to finish your degree faster? Learn how to transfer your existing credits and professional certifications into a university Master's or Doctoral degree.","breadcrumb":{"@id":"https:\/\/avrio.edu.eu\/usc\/azteca-university\/own-degree\/credits-transfer\/#breadcrumb"},"inLanguage":"es","potentialAction":[{"@type":"ReadAction","target":["https:\/\/avrio.edu.eu\/usc\/azteca-university\/own-degree\/credits-transfer\/"]}]},{"@type":"BreadcrumbList","@id":"https:\/\/avrio.edu.eu\/usc\/azteca-university\/own-degree\/credits-transfer\/#breadcrumb","itemListElement":[{"@type":"ListItem","position":1,"name":"Home","item":"https:\/\/avrio.edu.eu\/"},{"@type":"ListItem","position":2,"name":"Universities Studies Center","item":"https:\/\/avrio.edu.eu\/usc\/"},{"@type":"ListItem","position":3,"name":"Azteca University","item":"https:\/\/avrio.edu.eu\/usc\/azteca-university\/"},{"@type":"ListItem","position":4,"name":"Azteca University Own degrees","item":"https:\/\/avrio.edu.eu\/usc\/azteca-university\/own-degree\/"},{"@type":"ListItem","position":5,"name":"A University Degree Through Credit Transfer"}]},{"@type":"WebSite","@id":"https:\/\/avrio.edu.eu\/#website","url":"https:\/\/avrio.edu.eu\/","name":"Estudios de posgrado e investigaci\u00f3n en el Instituto Avrio","description":"Para Licenciatura, Maestr\u00eda y Doctorado - En colaboraci\u00f3n con Universidad Azteca","publisher":{"@id":"https:\/\/avrio.edu.eu\/#organization"},"alternateName":"Avrio for Research Studies","potentialAction":[{"@type":"SearchAction","target":{"@type":"EntryPoint","urlTemplate":"https:\/\/avrio.edu.eu\/?s={search_term_string}"},"query-input":{"@type":"PropertyValueSpecification","valueRequired":true,"valueName":"search_term_string"}}],"inLanguage":"es"},{"@type":"Organization","@id":"https:\/\/avrio.edu.eu\/#organization","name":"Instituto Avrio de Ginebra","alternateName":"Avrio Institute","url":"https:\/\/avrio.edu.eu\/","logo":{"@type":"ImageObject","inLanguage":"es","@id":"https:\/\/avrio.edu.eu\/#\/schema\/logo\/image\/","url":"https:\/\/avrio.edu.eu\/new\/wp-content\/uploads\/2020\/04\/logo-new-gw.png","contentUrl":"https:\/\/avrio.edu.eu\/new\/wp-content\/uploads\/2020\/04\/logo-new-gw.png","width":850,"height":850,"caption":"Institut Avrio de Gen\u00e8ve"},"image":{"@id":"https:\/\/avrio.edu.eu\/#\/schema\/logo\/image\/"},"sameAs":["https:\/\/www.facebook.com\/institutavriodegeneve\/","https:\/\/x.com\/AvrioDeGeneve","https:\/\/www.instagram.com\/institutavriodegeneve\/","https:\/\/www.linkedin.com\/in\/avrio-de-geneve-024392194\/","https:\/\/www.youtube.com\/channel\/UCPP2orNhGglhisZlldUbnkQ"]}]}},"_links":{"self":[{"href":"https:\/\/avrio.edu.eu\/es\/wp-json\/wp\/v2\/pages\/21292","targetHints":{"allow":["GET"]}}],"collection":[{"href":"https:\/\/avrio.edu.eu\/es\/wp-json\/wp\/v2\/pages"}],"about":[{"href":"https:\/\/avrio.edu.eu\/es\/wp-json\/wp\/v2\/types\/page"}],"author":[{"embeddable":true,"href":"https:\/\/avrio.edu.eu\/es\/wp-json\/wp\/v2\/users\/16"}],"replies":[{"embeddable":true,"href":"https:\/\/avrio.edu.eu\/es\/wp-json\/wp\/v2\/comments?post=21292"}],"version-history":[{"count":4,"href":"https:\/\/avrio.edu.eu\/es\/wp-json\/wp\/v2\/pages\/21292\/revisions"}],"predecessor-version":[{"id":24667,"href":"https:\/\/avrio.edu.eu\/es\/wp-json\/wp\/v2\/pages\/21292\/revisions\/24667"}],"up":[{"embeddable":true,"href":"https:\/\/avrio.edu.eu\/es\/wp-json\/wp\/v2\/pages\/21267"}],"wp:attachment":[{"href":"https:\/\/avrio.edu.eu\/es\/wp-json\/wp\/v2\/media?parent=21292"}],"curies":[{"name":"wp","href":"https:\/\/api.w.org\/{rel}","templated":true}]}}