{"id":24202,"date":"2024-11-22T01:43:33","date_gmt":"2024-11-22T00:43:33","guid":{"rendered":"https:\/\/avrio.edu.eu\/?page_id=24202"},"modified":"2026-02-23T14:33:04","modified_gmt":"2026-02-23T13:33:04","slug":"postdoctoral-research-programs","status":"publish","type":"page","link":"https:\/\/avrio.edu.eu\/es\/usc\/azteca-university\/own-degree\/postdoctoral-research-programs\/","title":{"rendered":"Achieve Postdoctoral Distinction"},"content":{"rendered":"<h2><div class=\"su-heading su-heading-style-default su-heading-align-center\" id=\"\" style=\"font-size:18px;margin-bottom:20px\"><div class=\"su-heading-inner\">Online Research-Based Postdoctoral in Science, Letters and Law<\/div><\/div><\/h2>\n<h3 style=\"text-align: justify;\"><strong>What is Postdoctoral Research?<\/strong><\/h3>\n<p style=\"text-align: justify;\"><div class=\"su-pullquote su-pullquote-align-right\"><strong>Impulsa tu carrera investigadora<\/strong> a nuevas alturas con nuestro prestigioso <strong>Postdoctoral Research Programs<\/strong> en el Instituto Avrio, una distinguida rama de la Universidad Azteca.<\/div>Postdoctoral research is a crucial phase for doctoral scholars who have completed their studies, PhD, allowing them to develop their expertise further and contribute significantly to their fields. This stage provides access to valuable resources tailored to their interests and fosters collaboration with various academic institutions, enhancing research capabilities and professional networks.<\/p>\n<p style=\"text-align: justify;\">Postdoctoral researchers refine their skills, publish findings, and advance their academic careers, often leading to faculty positions or roles in research institutions. At Avrio Institute, we offer a range of Postdoctoral degree programs that support scholars&#8217; research endeavors and recognize their contributions to academia. Below is a list of some available Postdoctoral degree programs aimed at promoting scholarly excellence.<\/p>\n<h3 style=\"text-align: justify;\"><strong>Unveiling the Highest Postdoctoral Degrees:<\/strong><\/h3>\n<p style=\"text-align: justify;\">Avrio Institute is proud to offer, as an official branch of Azteca University, the following esteemed Postdoctoral degrees, recognized for the exceptional achievements of our graduates:<\/p>\n<ul style=\"text-align: justify;\">\n<li><strong>Doctor en Ciencias (D.Sc.)<\/strong>\u00a0<strong>La licenciatura<\/strong>\u00a0en <strong>Ciencias<\/strong>, <strong>Ingenier\u00eda<\/strong>, <strong>Tecnolog\u00eda<\/strong>, y <strong>relacionado<\/strong> Disciplinas.<\/li>\n<li><strong>Doctor en Letras (D.Litt., Litt.D., D. Lit. o Lit. D.)<\/strong>\u00a0en <strong>Negocio<\/strong>, <strong>Humanidades<\/strong>, <strong>Ciencias Sociales<\/strong>, <strong>Dise\u00f1o<\/strong>, y <strong>Artes creativas<\/strong>, y <strong>relacionado<\/strong> Disciplinas.<\/li>\n<li><strong>Doctorado en Derecho (LL.D.) <\/strong>en el campo de <strong>Ley<\/strong> y <strong>relacionado<\/strong> El premio se otorga a los candidatos cuyo trabajo e investigaci\u00f3n han contribuido significativamente al avance del conocimiento.<\/li>\n<\/ul>\n<h3 style=\"text-align: justify;\"><strong>Qualifying for Postdoctoral Distinction:<\/strong><\/h3>\n<h4 style=\"text-align: justify;\"><strong>Requisitos para obtener el doctorado:<\/strong><\/h4>\n<p style=\"text-align: justify;\">Un candidato a quien se le haya otorgado el grado de Doctor en Filosof\u00eda (Ph.D.) en los campos de Ciencias, Ingenier\u00eda, Tecnolog\u00eda u otras disciplinas afines de la Universidad Azteca, o un grado equivalente reconocido por otra universidad, podr\u00e1 solicitar el grado de Doctor en Ciencias (D.Sc.), siempre que cumpla con los siguientes requisitos:<\/p>\n<ul style=\"text-align: justify;\">\n<li>Demonstrate a minimum of two years of Postdoctoral research experience.<\/li>\n<li>Poseer un historial de publicaci\u00f3n de 10 art\u00edculos de investigaci\u00f3n en revistas indexadas (primer autor o autor correspondiente).<\/li>\n<\/ul>\n<p style=\"text-align: justify;\"><strong>O<\/strong><\/p>\n<ul style=\"text-align: justify;\">\n<li>Two+ years of Postdoctoral experience with at least one internationally recognized patent (and at least two total patents).<\/li>\n<li>La investigaci\u00f3n es reconocida a nivel nacional o internacional por sus importantes contribuciones a la sociedad y al avance del conocimiento.<\/li>\n<\/ul>\n<p style=\"text-align: justify;\"><strong>O<\/strong><\/p>\n<ul style=\"text-align: justify;\">\n<li>Two+ years of Postdoctoral experience with at least three recommendations\/referrals of his research or contribution from nationally\/ internationally recognized experts in the concerned field, and his\/her work and effort, which should have made a distinct contribution to society and advancement of knowledge.<\/li>\n<\/ul>\n<h4 style=\"text-align: justify;\"><strong>Requisitos para obtener el t\u00edtulo de Doctor en Literatura:<\/strong><\/h4>\n<p style=\"text-align: justify;\">Un candidato que posea un t\u00edtulo de Doctor en Filosof\u00eda (Ph.D.) en los campos de Negocios, Humanidades, Ciencias Sociales, Dise\u00f1o, Artes Creativas u otras \u00e1reas relacionadas de la Universidad Azteca, o un t\u00edtulo equivalente de otra universidad reconocida, podr\u00e1 solicitar el t\u00edtulo de Doctor en Literatura (D.Litt.), siempre que:<\/p>\n<ul style=\"text-align: justify;\">\n<li>Possess a minimum of two years of Postdoctoral research experience.<\/li>\n<li>Publicar 10 art\u00edculos de investigaci\u00f3n en revistas indexadas en Scopus (primer autor o autor correspondiente).<\/li>\n<\/ul>\n<p style=\"text-align: justify;\"><strong>O<\/strong><\/p>\n<ul style=\"text-align: justify;\">\n<li>Two+ years of Postdoctoral experience with three recommendations\/referrals of his research\/ contribution from nationally\/ internationally recognized experts of the concerned field and his\/her work and efforts have made distinct contributions to society and advancement of knowledge.<\/li>\n<\/ul>\n<h4 style=\"text-align: justify;\"><strong>Requisitos para obtener el t\u00edtulo de LL.D.:<\/strong><\/h4>\n<p style=\"text-align: justify;\">Un candidato que haya obtenido el grado de Doctor en Filosof\u00eda (Ph.D.) en el campo del Derecho o \u00e1reas afines de la Universidad Azteca, o un grado equivalente reconocido por otra universidad, podr\u00e1 solicitar el grado de Doctor en Derecho (LL.D.), siempre que haya:<\/p>\n<ul style=\"text-align: justify;\">\n<li>Possess a minimum of two years of Postdoctoral teaching experience.<\/li>\n<li>Publicar 10 art\u00edculos de investigaci\u00f3n en revistas indexadas (primer autor o autor correspondiente).<\/li>\n<\/ul>\n<p style=\"text-align: justify;\"><strong>O<\/strong><\/p>\n<ul style=\"text-align: justify;\">\n<li>Two+ years of Postdoctoral experience with three recommendations from esteemed legal experts, recognizing your contributions to the legal field.<\/li>\n<\/ul>\n<h3 style=\"text-align: justify;\"><strong>Pol\u00edticas de aceptaci\u00f3n<\/strong><\/h3>\n<p style=\"text-align: justify;\">Para ser considerado para un t\u00edtulo de Doctor en Ciencias (D.Sc.), Doctor en Literatura (D.Litt.) o Doctor en Derecho (LL.D.) en la Universidad Azteca a trav\u00e9s del Instituto Avrio, debe cumplir con los siguientes criterios:<\/p>\n<ol style=\"text-align: justify;\">\n<li><strong>Estado de Graduado:<\/strong> Salvo en circunstancias excepcionales, el candidato deber\u00e1 poseer un <strong>D.Sc. \/ D.Litt.\/ o LL.D.<\/strong> de la Universidad Azteca o una universidad reconocida.<\/li>\n<li><strong>Experiencia:<\/strong> Los candidatos deben tener un m\u00ednimo de ocho a\u00f1os de experiencia desde su primer t\u00edtulo universitario para postularse al programa. <strong>Doctor en Ciencias, Doctor en Letras o Doctor en Derecho<\/strong>.<\/li>\n<li><strong>Investigaci\u00f3n original:<\/strong> Su candidatura para Los Grados de\u00a0<strong>Doctor en Ciencias, Doctor en Letras o Doctor en Derecho<\/strong><strong>.<\/strong> Se basar\u00e1 en sus contribuciones originales y significativas a un campo espec\u00edfico como la ling\u00fc\u00edstica, la literatura, la filosof\u00eda, las ciencias sociales o la historia.<\/li>\n<li><strong>Trabajo publicado:<\/strong> Debes haber publicado tu investigaci\u00f3n en forma de libro o en revistas acad\u00e9micas de amplia circulaci\u00f3n.<\/li>\n<li><strong>Premios anteriores:<\/strong> No son elegibles los trabajos previamente utilizados para obtener otro t\u00edtulo o diploma.<\/li>\n<li><strong>Proceso de inscripci\u00f3n:<\/strong> A candidate shall submit a written application to be considered for examination, along with the Postdoctoral Tuition Fees and the following documents:\n<ul>\n<li>The Thesis Proposal is to be examined and approved.<\/li>\n<li>Una declaraci\u00f3n jurada que deber\u00e1:\n<ol style=\"list-style-type: lower-roman;\">\n<li>Indicar en qu\u00e9 medida el trabajo es propio del candidato y, en caso de trabajo conjunto, identificar claramente qu\u00e9 partes son contribuci\u00f3n del candidato;<\/li>\n<li>Especificar qu\u00e9 parte, si la hay, del trabajo presentado ha sido presentada previamente para obtener un t\u00edtulo o diploma en la Universidad Azteca o cualquier otra universidad;<\/li>\n<li>Declarar que el trabajo, en su forma actual, no ha sido previamente aceptado para la concesi\u00f3n de un t\u00edtulo o diploma en esta o cualquier otra universidad y no est\u00e1 siendo presentado simult\u00e1neamente para la concesi\u00f3n de un t\u00edtulo o diploma en ninguna otra instituci\u00f3n.<\/li>\n<\/ol>\n<\/li>\n<\/ul>\n<\/li>\n<\/ol>\n<p style=\"text-align: justify;\"><strong>Ready to embark on your Postdoctoral journey?<br \/>\n<\/strong><a href=\"#contact-form\">Contacte con nuestro<\/a> Comun\u00edquese con el equipo de admisiones y reclutamiento hoy mismo para analizar su elegibilidad y explorar las posibilidades en Avrio Institute, o d\u00e9 un paso m\u00e1s y <a href=\"https:\/\/avrio.edu.eu\/es\/usc\/apply-now\/offline-application\/\">Solicitar el formulario de solicitud<\/a>.<\/p>","protected":false},"excerpt":{"rendered":"<p>What is Postdoctoral Research? Postdoctoral research is a crucial phase for doctoral scholars who have completed their studies, PhD, allowing them to develop their expertise further and contribute significantly to their fields. This stage provides access to valuable resources tailored to their interests and fosters collaboration with various academic institutions, enhancing research capabilities and professional [&hellip;]<\/p>\n","protected":false},"author":16,"featured_media":0,"parent":21267,"menu_order":0,"comment_status":"closed","ping_status":"closed","template":"","meta":{"site-sidebar-layout":"default","site-content-layout":"","ast-site-content-layout":"default","site-content-style":"default","site-sidebar-style":"default","ast-global-header-display":"","ast-banner-title-visibility":"","ast-main-header-display":"","ast-hfb-above-header-display":"","ast-hfb-below-header-display":"","ast-hfb-mobile-header-display":"","site-post-title":"","ast-breadcrumbs-content":"","ast-featured-img":"","footer-sml-layout":"","ast-disable-related-posts":"","theme-transparent-header-meta":"default","adv-header-id-meta":"","stick-header-meta":"default","header-above-stick-meta":"","header-main-stick-meta":"","header-below-stick-meta":"","astra-migrate-meta-layouts":"set","ast-page-background-enabled":"default","ast-page-background-meta":{"desktop":{"background-color":"var(--ast-global-color-4)","background-image":"","background-repeat":"repeat","background-position":"center center","background-size":"auto","background-attachment":"scroll","background-type":"","background-media":"","overlay-type":"","overlay-color":"","overlay-opacity":"","overlay-gradient":""},"tablet":{"background-color":"","background-image":"","background-repeat":"repeat","background-position":"center center","background-size":"auto","background-attachment":"scroll","background-type":"","background-media":"","overlay-type":"","overlay-color":"","overlay-opacity":"","overlay-gradient":""},"mobile":{"background-color":"","background-image":"","background-repeat":"repeat","background-position":"center center","background-size":"auto","background-attachment":"scroll","background-type":"","background-media":"","overlay-type":"","overlay-color":"","overlay-opacity":"","overlay-gradient":""}},"ast-content-background-meta":{"desktop":{"background-color":"var(--ast-global-color-5)","background-image":"","background-repeat":"repeat","background-position":"center center","background-size":"auto","background-attachment":"scroll","background-type":"","background-media":"","overlay-type":"","overlay-color":"","overlay-opacity":"","overlay-gradient":""},"tablet":{"background-color":"var(--ast-global-color-5)","background-image":"","background-repeat":"repeat","background-position":"center center","background-size":"auto","background-attachment":"scroll","background-type":"","background-media":"","overlay-type":"","overlay-color":"","overlay-opacity":"","overlay-gradient":""},"mobile":{"background-color":"var(--ast-global-color-5)","background-image":"","background-repeat":"repeat","background-position":"center center","background-size":"auto","background-attachment":"scroll","background-type":"","background-media":"","overlay-type":"","overlay-color":"","overlay-opacity":"","overlay-gradient":""}},"footnotes":""},"class_list":["post-24202","page","type-page","status-publish","hentry"],"yoast_head":"<!-- This site is optimized with the Yoast SEO Premium plugin v27.2 (Yoast SEO v27.3) - https:\/\/yoast.com\/product\/yoast-seo-premium-wordpress\/ -->\n<title>Online Postdoctoral Programs by Thesis | at Azteca Uni. via Avrio Ins.<\/title>\n<meta name=\"description\" content=\"Online and By Thesis DSc, DLitt and LLD in Science, Engineering, Technology, Business, Humanities, Social Sciences, Design, Creative Arts and Related disciplines\" \/>\n<meta name=\"robots\" content=\"index, follow, max-snippet:-1, max-image-preview:large, max-video-preview:-1\" \/>\n<link rel=\"canonical\" href=\"https:\/\/avrio.edu.eu\/es\/usc\/azteca-university\/own-degree\/postdoctoral-research-programs\/\" \/>\n<meta property=\"og:locale\" content=\"es_ES\" \/>\n<meta property=\"og:type\" content=\"article\" \/>\n<meta property=\"og:title\" content=\"Achieve Postdoctoral Distinction - The International Research Study Programs - Avrio Institute\" \/>\n<meta property=\"og:description\" content=\"Online and By Thesis DSc, DLitt and LLD in Science, Engineering, Technology, Business, Humanities, Social Sciences, Design, Creative Arts and Related disciplines\" \/>\n<meta property=\"og:url\" content=\"https:\/\/avrio.edu.eu\/es\/usc\/azteca-university\/own-degree\/postdoctoral-research-programs\/\" \/>\n<meta property=\"og:site_name\" content=\"The International Research Study Programs - Avrio Institute\" \/>\n<meta property=\"article:publisher\" content=\"https:\/\/www.facebook.com\/institutavriodegeneve\/\" \/>\n<meta property=\"article:modified_time\" content=\"2026-02-23T13:33:04+00:00\" \/>\n<meta property=\"og:image\" content=\"https:\/\/avrio.edu.eu\/new\/wp-content\/uploads\/2020\/04\/logo-new-gw.png\" \/>\n\t<meta property=\"og:image:width\" content=\"850\" \/>\n\t<meta property=\"og:image:height\" content=\"850\" \/>\n\t<meta property=\"og:image:type\" content=\"image\/png\" \/>\n<meta name=\"twitter:card\" content=\"summary_large_image\" \/>\n<meta name=\"twitter:site\" content=\"@AvrioDeGeneve\" \/>\n<meta name=\"twitter:label1\" content=\"Tiempo de lectura\" \/>\n\t<meta name=\"twitter:data1\" content=\"4 minutos\" \/>\n<script type=\"application\/ld+json\" class=\"yoast-schema-graph\">{\"@context\":\"https:\\\/\\\/schema.org\",\"@graph\":[{\"@type\":\"WebPage\",\"@id\":\"https:\\\/\\\/avrio.edu.eu\\\/usc\\\/azteca-university\\\/own-degree\\\/postdoctoral-research-programs\\\/\",\"url\":\"https:\\\/\\\/avrio.edu.eu\\\/usc\\\/azteca-university\\\/own-degree\\\/postdoctoral-research-programs\\\/\",\"name\":\"Online Postdoctoral Programs by Thesis | at Azteca Uni. via Avrio Ins.\",\"isPartOf\":{\"@id\":\"https:\\\/\\\/avrio.edu.eu\\\/#website\"},\"datePublished\":\"2024-11-22T00:43:33+00:00\",\"dateModified\":\"2026-02-23T13:33:04+00:00\",\"description\":\"Online and By Thesis DSc, DLitt and LLD in Science, Engineering, Technology, Business, Humanities, Social Sciences, Design, Creative Arts and Related disciplines\",\"breadcrumb\":{\"@id\":\"https:\\\/\\\/avrio.edu.eu\\\/usc\\\/azteca-university\\\/own-degree\\\/postdoctoral-research-programs\\\/#breadcrumb\"},\"inLanguage\":\"es\",\"potentialAction\":[{\"@type\":\"ReadAction\",\"target\":[\"https:\\\/\\\/avrio.edu.eu\\\/usc\\\/azteca-university\\\/own-degree\\\/postdoctoral-research-programs\\\/\"]}]},{\"@type\":\"BreadcrumbList\",\"@id\":\"https:\\\/\\\/avrio.edu.eu\\\/usc\\\/azteca-university\\\/own-degree\\\/postdoctoral-research-programs\\\/#breadcrumb\",\"itemListElement\":[{\"@type\":\"ListItem\",\"position\":1,\"name\":\"Home\",\"item\":\"https:\\\/\\\/avrio.edu.eu\\\/\"},{\"@type\":\"ListItem\",\"position\":2,\"name\":\"Universities Studies Center\",\"item\":\"https:\\\/\\\/avrio.edu.eu\\\/usc\\\/\"},{\"@type\":\"ListItem\",\"position\":3,\"name\":\"Azteca University\",\"item\":\"https:\\\/\\\/avrio.edu.eu\\\/usc\\\/azteca-university\\\/\"},{\"@type\":\"ListItem\",\"position\":4,\"name\":\"Azteca University Own degrees\",\"item\":\"https:\\\/\\\/avrio.edu.eu\\\/usc\\\/azteca-university\\\/own-degree\\\/\"},{\"@type\":\"ListItem\",\"position\":5,\"name\":\"Achieve Postdoctoral Distinction\"}]},{\"@type\":\"WebSite\",\"@id\":\"https:\\\/\\\/avrio.edu.eu\\\/#website\",\"url\":\"https:\\\/\\\/avrio.edu.eu\\\/\",\"name\":\"The Postgraduate and Research Studies at Avrio Institute\",\"description\":\"For Bachelor&#039;s, Master&#039;s and Doctorate - In cooperation with Azteca University\",\"publisher\":{\"@id\":\"https:\\\/\\\/avrio.edu.eu\\\/#organization\"},\"alternateName\":\"Avrio for Research Studies\",\"potentialAction\":[{\"@type\":\"SearchAction\",\"target\":{\"@type\":\"EntryPoint\",\"urlTemplate\":\"https:\\\/\\\/avrio.edu.eu\\\/?s={search_term_string}\"},\"query-input\":{\"@type\":\"PropertyValueSpecification\",\"valueRequired\":true,\"valueName\":\"search_term_string\"}}],\"inLanguage\":\"es\"},{\"@type\":\"Organization\",\"@id\":\"https:\\\/\\\/avrio.edu.eu\\\/#organization\",\"name\":\"Institut Avrio de Gen\u00e8ve\",\"alternateName\":\"Avrio Institute\",\"url\":\"https:\\\/\\\/avrio.edu.eu\\\/\",\"logo\":{\"@type\":\"ImageObject\",\"inLanguage\":\"es\",\"@id\":\"https:\\\/\\\/avrio.edu.eu\\\/#\\\/schema\\\/logo\\\/image\\\/\",\"url\":\"https:\\\/\\\/avrio.edu.eu\\\/new\\\/wp-content\\\/uploads\\\/2020\\\/04\\\/logo-new-gw.png\",\"contentUrl\":\"https:\\\/\\\/avrio.edu.eu\\\/new\\\/wp-content\\\/uploads\\\/2020\\\/04\\\/logo-new-gw.png\",\"width\":850,\"height\":850,\"caption\":\"Institut Avrio de Gen\u00e8ve\"},\"image\":{\"@id\":\"https:\\\/\\\/avrio.edu.eu\\\/#\\\/schema\\\/logo\\\/image\\\/\"},\"sameAs\":[\"https:\\\/\\\/www.facebook.com\\\/institutavriodegeneve\\\/\",\"https:\\\/\\\/x.com\\\/AvrioDeGeneve\",\"https:\\\/\\\/www.instagram.com\\\/institutavriodegeneve\\\/\",\"https:\\\/\\\/www.linkedin.com\\\/in\\\/avrio-de-geneve-024392194\\\/\",\"https:\\\/\\\/www.youtube.com\\\/channel\\\/UCPP2orNhGglhisZlldUbnkQ\"]}]}<\/script>\n<!-- \/ Yoast SEO Premium plugin. -->","yoast_head_json":{"title":"Online Postdoctoral Programs by Thesis | at Azteca Uni. via Avrio Ins.","description":"Online and By Thesis DSc, DLitt and LLD in Science, Engineering, Technology, Business, Humanities, Social Sciences, Design, Creative Arts and Related disciplines","robots":{"index":"index","follow":"follow","max-snippet":"max-snippet:-1","max-image-preview":"max-image-preview:large","max-video-preview":"max-video-preview:-1"},"canonical":"https:\/\/avrio.edu.eu\/es\/usc\/azteca-university\/own-degree\/postdoctoral-research-programs\/","og_locale":"es_ES","og_type":"article","og_title":"Achieve Postdoctoral Distinction - The International Research Study Programs - Avrio Institute","og_description":"Online and By Thesis DSc, DLitt and LLD in Science, Engineering, Technology, Business, Humanities, Social Sciences, Design, Creative Arts and Related disciplines","og_url":"https:\/\/avrio.edu.eu\/es\/usc\/azteca-university\/own-degree\/postdoctoral-research-programs\/","og_site_name":"The International Research Study Programs - Avrio Institute","article_publisher":"https:\/\/www.facebook.com\/institutavriodegeneve\/","article_modified_time":"2026-02-23T13:33:04+00:00","og_image":[{"width":850,"height":850,"url":"https:\/\/avrio.edu.eu\/new\/wp-content\/uploads\/2020\/04\/logo-new-gw.png","type":"image\/png"}],"twitter_card":"summary_large_image","twitter_site":"@AvrioDeGeneve","twitter_misc":{"Tiempo de lectura":"4 minutos"},"schema":{"@context":"https:\/\/schema.org","@graph":[{"@type":"WebPage","@id":"https:\/\/avrio.edu.eu\/usc\/azteca-university\/own-degree\/postdoctoral-research-programs\/","url":"https:\/\/avrio.edu.eu\/usc\/azteca-university\/own-degree\/postdoctoral-research-programs\/","name":"Online Postdoctoral Programs by Thesis | at Azteca Uni. via Avrio Ins.","isPartOf":{"@id":"https:\/\/avrio.edu.eu\/#website"},"datePublished":"2024-11-22T00:43:33+00:00","dateModified":"2026-02-23T13:33:04+00:00","description":"Online and By Thesis DSc, DLitt and LLD in Science, Engineering, Technology, Business, Humanities, Social Sciences, Design, Creative Arts and Related disciplines","breadcrumb":{"@id":"https:\/\/avrio.edu.eu\/usc\/azteca-university\/own-degree\/postdoctoral-research-programs\/#breadcrumb"},"inLanguage":"es","potentialAction":[{"@type":"ReadAction","target":["https:\/\/avrio.edu.eu\/usc\/azteca-university\/own-degree\/postdoctoral-research-programs\/"]}]},{"@type":"BreadcrumbList","@id":"https:\/\/avrio.edu.eu\/usc\/azteca-university\/own-degree\/postdoctoral-research-programs\/#breadcrumb","itemListElement":[{"@type":"ListItem","position":1,"name":"Home","item":"https:\/\/avrio.edu.eu\/"},{"@type":"ListItem","position":2,"name":"Universities Studies Center","item":"https:\/\/avrio.edu.eu\/usc\/"},{"@type":"ListItem","position":3,"name":"Azteca University","item":"https:\/\/avrio.edu.eu\/usc\/azteca-university\/"},{"@type":"ListItem","position":4,"name":"Azteca University Own degrees","item":"https:\/\/avrio.edu.eu\/usc\/azteca-university\/own-degree\/"},{"@type":"ListItem","position":5,"name":"Achieve Postdoctoral Distinction"}]},{"@type":"WebSite","@id":"https:\/\/avrio.edu.eu\/#website","url":"https:\/\/avrio.edu.eu\/","name":"Estudios de posgrado e investigaci\u00f3n en el Instituto Avrio","description":"Para Licenciatura, Maestr\u00eda y Doctorado - En colaboraci\u00f3n con Universidad Azteca","publisher":{"@id":"https:\/\/avrio.edu.eu\/#organization"},"alternateName":"Avrio for Research Studies","potentialAction":[{"@type":"SearchAction","target":{"@type":"EntryPoint","urlTemplate":"https:\/\/avrio.edu.eu\/?s={search_term_string}"},"query-input":{"@type":"PropertyValueSpecification","valueRequired":true,"valueName":"search_term_string"}}],"inLanguage":"es"},{"@type":"Organization","@id":"https:\/\/avrio.edu.eu\/#organization","name":"Instituto Avrio de Ginebra","alternateName":"Avrio Institute","url":"https:\/\/avrio.edu.eu\/","logo":{"@type":"ImageObject","inLanguage":"es","@id":"https:\/\/avrio.edu.eu\/#\/schema\/logo\/image\/","url":"https:\/\/avrio.edu.eu\/new\/wp-content\/uploads\/2020\/04\/logo-new-gw.png","contentUrl":"https:\/\/avrio.edu.eu\/new\/wp-content\/uploads\/2020\/04\/logo-new-gw.png","width":850,"height":850,"caption":"Institut Avrio de Gen\u00e8ve"},"image":{"@id":"https:\/\/avrio.edu.eu\/#\/schema\/logo\/image\/"},"sameAs":["https:\/\/www.facebook.com\/institutavriodegeneve\/","https:\/\/x.com\/AvrioDeGeneve","https:\/\/www.instagram.com\/institutavriodegeneve\/","https:\/\/www.linkedin.com\/in\/avrio-de-geneve-024392194\/","https:\/\/www.youtube.com\/channel\/UCPP2orNhGglhisZlldUbnkQ"]}]}},"_links":{"self":[{"href":"https:\/\/avrio.edu.eu\/es\/wp-json\/wp\/v2\/pages\/24202","targetHints":{"allow":["GET"]}}],"collection":[{"href":"https:\/\/avrio.edu.eu\/es\/wp-json\/wp\/v2\/pages"}],"about":[{"href":"https:\/\/avrio.edu.eu\/es\/wp-json\/wp\/v2\/types\/page"}],"author":[{"embeddable":true,"href":"https:\/\/avrio.edu.eu\/es\/wp-json\/wp\/v2\/users\/16"}],"replies":[{"embeddable":true,"href":"https:\/\/avrio.edu.eu\/es\/wp-json\/wp\/v2\/comments?post=24202"}],"version-history":[{"count":12,"href":"https:\/\/avrio.edu.eu\/es\/wp-json\/wp\/v2\/pages\/24202\/revisions"}],"predecessor-version":[{"id":24679,"href":"https:\/\/avrio.edu.eu\/es\/wp-json\/wp\/v2\/pages\/24202\/revisions\/24679"}],"up":[{"embeddable":true,"href":"https:\/\/avrio.edu.eu\/es\/wp-json\/wp\/v2\/pages\/21267"}],"wp:attachment":[{"href":"https:\/\/avrio.edu.eu\/es\/wp-json\/wp\/v2\/media?parent=24202"}],"curies":[{"name":"wp","href":"https:\/\/api.w.org\/{rel}","templated":true}]}}