{"id":20928,"date":"2021-12-17T19:42:01","date_gmt":"2021-12-17T18:42:01","guid":{"rendered":"https:\/\/avrio.edu.eu\/?page_id=20928"},"modified":"2026-02-11T20:33:26","modified_gmt":"2026-02-11T19:33:26","slug":"doctor-of-the-university-in-advanced-studies","status":"publish","type":"page","link":"https:\/\/avrio.edu.eu\/fr\/usc\/azteca-university\/doctor-of-the-university-in-advanced-studies\/","title":{"rendered":"Dr Univ. en \u00e9tudes avanc\u00e9es"},"content":{"rendered":"<h3>Qu&#039;est-ce qu&#039;un dipl\u00f4me d&#039;\u00e9tudes sup\u00e9rieures?<\/h3>\n<p>Les \u00e9tudes avanc\u00e9es peuvent vous convenir. Les personnes souhaitant appliquer leurs cr\u00e9dits coll\u00e9giaux \u00e0 l&#039;obtention d&#039;un dipl\u00f4me dans un domaine sp\u00e9cifique peuvent le faire dans ce programme, permettant aux \u00e9tudiants de transf\u00e9rer leurs cr\u00e9dits coll\u00e9giaux compl\u00e9t\u00e9s, leurs qualifications professionnelles \u00e0 leur programme d&#039;\u00e9tudes. La raison d&#039;\u00eatre des \u00e9tudes avanc\u00e9es est de d\u00e9velopper le professionnalisme, de d\u00e9velopper la conscience, d&#039;am\u00e9liorer la m\u00e9thodologie et la connaissance de la profession.<\/p>\n<p>Les \u00e9tudes avanc\u00e9es de l&#039;Universidad Azteca sont interdisciplinaires et ax\u00e9es sur le d\u00e9veloppement des comp\u00e9tences universitaires de troisi\u00e8me cycle dans la pratique professionnelle, telles que d\u00e9finies par le cadre mexicain et europ\u00e9en des certifications (MMC, EQF) niveau 7 (ma\u00eetrise) et niveau 8 (doctorat). Les \u00e9tudes avanc\u00e9es offrent un espace pour la pens\u00e9e critique et la recherche engag\u00e9e \u00e0 l&#039;int\u00e9rieur et \u00e0 travers les fronti\u00e8res disciplinaires et professionnelles conventionnelles.<\/p>\n<div class=\"su-pullquote su-pullquote-align-right\">En savoir plus sur le <a href=\"https:\/\/avrio.edu.eu\/fr\/usc\/azteca-university\/own-degree\/doctor-of-the-university\/\">Docteur de l&#039;Universit\u00e9<\/a><\/div>Le dipl\u00f4me de l&#039;Universidad Azteca en \u00e9tudes avanc\u00e9es est un dipl\u00f4me de troisi\u00e8me cycle d\u00e9cern\u00e9 dans diverses disciplines et concentrations, interdisciplinaire et tendant \u00e0 r\u00e9pondre aux besoins des professionnels plut\u00f4t qu&#039;aux universitaires et adapt\u00e9 \u00e0 des groupes sp\u00e9cifiques de professionnels ayant des besoins bien d\u00e9finis en mati\u00e8re de cours de dipl\u00f4mes avanc\u00e9s. , projets et articles en combinaison avec la recherche \u00e9tudiante pour le dipl\u00f4me de recherche avanc\u00e9e.<\/p>\n<p>Ces programmes d&#039;\u00e9tudes offrent des horaires flexibles avec un programme diversifi\u00e9 centr\u00e9 sur la formation technique et pratique, les \u00e9tudiants sont aid\u00e9s \u00e0 d\u00e9velopper des comp\u00e9tences dans la connaissance du sujet, l&#039;application du sujet, ce qui leur permettra de travailler efficacement dans la vari\u00e9t\u00e9 des contextes qu&#039;ils rencontreront au cours de leur carri\u00e8re.<\/p>\n<h4>TYPE ET CHARGE DE PROGRAMME<\/h4>\n<p>TYPE\u00a0: prix interne de l&#039;Universit\u00e9 Azteca, programme propre \u00e0 l&#039;universit\u00e9 selon. Art. 59 Loi g\u00e9n\u00e9rale sur l&#039;\u00e9ducation.<br \/>\nNIVEAU: Troisi\u00e8me cycle, niveau 8 MMC dipl\u00f4me propre \u00e0 l&#039;universit\u00e9.<br \/>\nCHARGE DE TRAVAIL : 180 ECTS<\/p>\n<h4>UNIVERSIT\u00c9 ATTRIBUANTE ET GROUPE CIBLE<\/h4>\n<p><strong>UNIVERSIT\u00c9 RECONNAISSANTE\u00a0:<\/strong> Universit\u00e9 Azt\u00e8que, Chalco, Mexique.<\/p>\n<p><strong>DEPARTEMENT UNIVERSITAIRE EN EUROPE :<\/strong> Programmes europ\u00e9ens de l&#039;Universit\u00e9 azt\u00e8que.<\/p>\n<p><strong>GROUPE CIBL\u00c9:<\/strong> Doctorants int\u00e9ress\u00e9s par le transfert de cr\u00e9dits d&#039;\u00e9tudes doctorales ou de cours EQF de niveau 8 dans l&#039;une des disciplines suivantes \u00e0 l&#039;Universidad Azteca poursuivant l&#039;ach\u00e8vement du programme de doctorat par th\u00e8se \/ examen de doctorat professionnel.<\/p>\n<p><strong>SP\u00c9CIALISATION:<\/strong> \u00c9tudes avanc\u00e9es au niveau 8 MMC (EQF)<\/p>\n<p><strong>DISCIPLINES\u00a0:<\/strong><\/p>\n<ul>\n<li>Sciences sociales et \u00e9conomiques<\/li>\n<li>Sciences de la sant\u00e9<\/li>\n<li>Sciences de l&#039;\u00e9ducation<\/li>\n<li>Psychologie<\/li>\n<li>Sciences environnementales<\/li>\n<\/ul>\n<p><strong>LANGUE D&#039;\u00c9TUDE\u00a0:<\/strong> Anglais, Allemand, Espagnol<\/p>\n<p><strong>CONDITIONS D&#039;ADMISSION\u00a0:<\/strong> Master ou dipl\u00f4me \u00e9quivalent et cours de troisi\u00e8me cycle ou qualifications pour le transfert de cr\u00e9dits au programme ou \u00e0 l&#039;exp\u00e9rience de recherche.<\/p>\n<h4>Modalit\u00e9 et \u00e9quipe de cours<\/h4>\n<p>MODALIT\u00c9\u00a0: modalit\u00e9 d&#039;apprentissage en ligne et d&#039;enseignement \u00e0 distance.<br \/>\n\u00c9QUIPE DU COURS\u00a0: Pr. Dr Gerhard Berchtold, Pr. Dr Friedrich Luhan, prof. Dr Ricardo Saavedra Hidalgo, Prof. Dr Felipe Fern\u00e1ndez Rivadulla, Prof. Dr Endler.<\/p>\n<h4>Plan d&#039;\u00e9tude<\/h4>\n<table border=\"1\" width=\"100%\">\n<tbody>\n<tr>\n<td bgcolor=\"#C0C0C0\"><b>Transfert de cr\u00e9dits \u2013 Cours au choix<\/b><\/td>\n<td bgcolor=\"#C0C0C0\"><b>Mode d&#039;essai<\/b><\/td>\n<td bgcolor=\"#C0C0C0\"><b>ECTS<\/b><\/td>\n<\/tr>\n<tr>\n<td>Transfert du programme doctoral MPhil \/ niveau 8 EQF<\/td>\n<td>Transfert de cr\u00e9dits<\/td>\n<td>Jusqu&#039;\u00e0 102<\/td>\n<\/tr>\n<tr>\n<td>\u00c9lectif du programme doctoral de l&#039;Universidad Azteca<\/td>\n<td>Examen<\/td>\n<td>Diff\u00e9rence \u00e0 102<\/td>\n<\/tr>\n<tr>\n<td bgcolor=\"#C0C0C0\"><b>Module scientifique obligatoire <\/b><\/td>\n<td bgcolor=\"#C0C0C0\"><b>Mode d&#039;essai<\/b><\/td>\n<td bgcolor=\"#C0C0C0\"><b>ECTS<\/b><\/td>\n<\/tr>\n<tr>\n<td>Projet de recherche<\/td>\n<td>Pr\u00e9sentation<\/td>\n<td>18<\/td>\n<\/tr>\n<tr>\n<td bgcolor=\"#C0C0C0\"><b>Th\u00e8se \/ Examen Rigorosum <\/b><\/td>\n<td bgcolor=\"#C0C0C0\"><b>Mode d&#039;essai<\/b><\/td>\n<td bgcolor=\"#C0C0C0\"><b>ECTS<\/b><\/td>\n<\/tr>\n<tr>\n<td>Th\u00e8se dans la sp\u00e9cialisation disciplinaire<\/td>\n<td>Pr\u00e9sentation et soutenance de th\u00e8se \u00e9crite<\/td>\n<td>60<\/td>\n<\/tr>\n<tr>\n<td bgcolor=\"#C0C0C0\"><b>CHARGE DE TRAVAIL<\/b><\/td>\n<td bgcolor=\"#C0C0C0\"><b>Mode d&#039;essai<\/b><\/td>\n<td bgcolor=\"#C0C0C0\"><b>ECTS<\/b><\/td>\n<\/tr>\n<tr>\n<td>ECTS<\/td>\n<td>D\u00e9fense \/ Rigorosum<\/td>\n<td>180<\/td>\n<\/tr>\n<\/tbody>\n<\/table>\n<p>&nbsp;<\/p>","protected":false},"excerpt":{"rendered":"<p>What Is an Advanced Studies Degree? Advanced Studies may be right for you. Individuals wishing to apply their college credits toward the completion of a degree in a specific field can do so in this programme, allowing students to transfer their completed college credits, professional qualifications to their degree programme. The rationale for advanced studies [&hellip;]<\/p>\n","protected":false},"author":16,"featured_media":0,"parent":20795,"menu_order":0,"comment_status":"closed","ping_status":"closed","template":"","meta":{"site-sidebar-layout":"default","site-content-layout":"","ast-site-content-layout":"default","site-content-style":"default","site-sidebar-style":"default","ast-global-header-display":"","ast-banner-title-visibility":"","ast-main-header-display":"","ast-hfb-above-header-display":"","ast-hfb-below-header-display":"","ast-hfb-mobile-header-display":"","site-post-title":"","ast-breadcrumbs-content":"","ast-featured-img":"","footer-sml-layout":"","ast-disable-related-posts":"","theme-transparent-header-meta":"","adv-header-id-meta":"","stick-header-meta":"","header-above-stick-meta":"","header-main-stick-meta":"","header-below-stick-meta":"","astra-migrate-meta-layouts":"default","ast-page-background-enabled":"default","ast-page-background-meta":{"desktop":{"background-color":"var(--ast-global-color-4)","background-image":"","background-repeat":"repeat","background-position":"center center","background-size":"auto","background-attachment":"scroll","background-type":"","background-media":"","overlay-type":"","overlay-color":"","overlay-opacity":"","overlay-gradient":""},"tablet":{"background-color":"","background-image":"","background-repeat":"repeat","background-position":"center center","background-size":"auto","background-attachment":"scroll","background-type":"","background-media":"","overlay-type":"","overlay-color":"","overlay-opacity":"","overlay-gradient":""},"mobile":{"background-color":"","background-image":"","background-repeat":"repeat","background-position":"center center","background-size":"auto","background-attachment":"scroll","background-type":"","background-media":"","overlay-type":"","overlay-color":"","overlay-opacity":"","overlay-gradient":""}},"ast-content-background-meta":{"desktop":{"background-color":"var(--ast-global-color-5)","background-image":"","background-repeat":"repeat","background-position":"center center","background-size":"auto","background-attachment":"scroll","background-type":"","background-media":"","overlay-type":"","overlay-color":"","overlay-opacity":"","overlay-gradient":""},"tablet":{"background-color":"var(--ast-global-color-5)","background-image":"","background-repeat":"repeat","background-position":"center center","background-size":"auto","background-attachment":"scroll","background-type":"","background-media":"","overlay-type":"","overlay-color":"","overlay-opacity":"","overlay-gradient":""},"mobile":{"background-color":"var(--ast-global-color-5)","background-image":"","background-repeat":"repeat","background-position":"center center","background-size":"auto","background-attachment":"scroll","background-type":"","background-media":"","overlay-type":"","overlay-color":"","overlay-opacity":"","overlay-gradient":""}},"footnotes":""},"class_list":["post-20928","page","type-page","status-publish","hentry"],"yoast_head":"<!-- This site is optimized with the Yoast SEO Premium plugin v27.2 (Yoast SEO v27.2) - https:\/\/yoast.com\/product\/yoast-seo-premium-wordpress\/ -->\n<title>Doctorate in Advanced Studies - Online at Azteca Uni. via Avrio Institute<\/title>\n<meta name=\"description\" content=\"The rationale for advanced studies is to develop professionalism, develop awareness, enhance methodology and knowledge of the profession.\" \/>\n<meta name=\"robots\" content=\"index, follow, max-snippet:-1, max-image-preview:large, max-video-preview:-1\" \/>\n<link rel=\"canonical\" href=\"https:\/\/avrio.edu.eu\/fr\/usc\/azteca-university\/doctor-of-the-university-in-advanced-studies\/\" \/>\n<meta property=\"og:locale\" content=\"fr_FR\" \/>\n<meta property=\"og:type\" content=\"article\" \/>\n<meta property=\"og:title\" content=\"Dr. Univ. in Advanced Studies - The International Research Study Programs - Avrio Institute\" \/>\n<meta property=\"og:description\" content=\"The rationale for advanced studies is to develop professionalism, develop awareness, enhance methodology and knowledge of the profession.\" \/>\n<meta property=\"og:url\" content=\"https:\/\/avrio.edu.eu\/fr\/usc\/azteca-university\/doctor-of-the-university-in-advanced-studies\/\" \/>\n<meta property=\"og:site_name\" content=\"The International Research Study Programs - Avrio Institute\" \/>\n<meta property=\"article:publisher\" content=\"https:\/\/www.facebook.com\/institutavriodegeneve\/\" \/>\n<meta property=\"article:modified_time\" content=\"2026-02-11T19:33:26+00:00\" \/>\n<meta property=\"og:image\" content=\"https:\/\/avrio.edu.eu\/new\/wp-content\/uploads\/2020\/04\/logo-new-gw.png\" \/>\n\t<meta property=\"og:image:width\" content=\"850\" \/>\n\t<meta property=\"og:image:height\" content=\"850\" \/>\n\t<meta property=\"og:image:type\" content=\"image\/png\" \/>\n<meta name=\"twitter:card\" content=\"summary_large_image\" \/>\n<meta name=\"twitter:site\" content=\"@AvrioDeGeneve\" \/>\n<meta name=\"twitter:label1\" content=\"Dur\u00e9e de lecture estim\u00e9e\" \/>\n\t<meta name=\"twitter:data1\" content=\"3 minutes\" \/>\n<script type=\"application\/ld+json\" class=\"yoast-schema-graph\">{\"@context\":\"https:\/\/schema.org\",\"@graph\":[{\"@type\":\"WebPage\",\"@id\":\"https:\/\/avrio.edu.eu\/usc\/azteca-university\/doctor-of-the-university-in-advanced-studies\/\",\"url\":\"https:\/\/avrio.edu.eu\/usc\/azteca-university\/doctor-of-the-university-in-advanced-studies\/\",\"name\":\"Doctorate in Advanced Studies - Online at Azteca Uni. via Avrio Institute\",\"isPartOf\":{\"@id\":\"https:\/\/avrio.edu.eu\/#website\"},\"datePublished\":\"2021-12-17T18:42:01+00:00\",\"dateModified\":\"2026-02-11T19:33:26+00:00\",\"description\":\"The rationale for advanced studies is to develop professionalism, develop awareness, enhance methodology and knowledge of the profession.\",\"breadcrumb\":{\"@id\":\"https:\/\/avrio.edu.eu\/usc\/azteca-university\/doctor-of-the-university-in-advanced-studies\/#breadcrumb\"},\"inLanguage\":\"fr-FR\",\"potentialAction\":[{\"@type\":\"ReadAction\",\"target\":[\"https:\/\/avrio.edu.eu\/usc\/azteca-university\/doctor-of-the-university-in-advanced-studies\/\"]}]},{\"@type\":\"BreadcrumbList\",\"@id\":\"https:\/\/avrio.edu.eu\/usc\/azteca-university\/doctor-of-the-university-in-advanced-studies\/#breadcrumb\",\"itemListElement\":[{\"@type\":\"ListItem\",\"position\":1,\"name\":\"Home\",\"item\":\"https:\/\/avrio.edu.eu\/\"},{\"@type\":\"ListItem\",\"position\":2,\"name\":\"Universities Studies Center\",\"item\":\"https:\/\/avrio.edu.eu\/usc\/\"},{\"@type\":\"ListItem\",\"position\":3,\"name\":\"Azteca University\",\"item\":\"https:\/\/avrio.edu.eu\/usc\/azteca-university\/\"},{\"@type\":\"ListItem\",\"position\":4,\"name\":\"Dr. Univ. in Advanced Studies\"}]},{\"@type\":\"WebSite\",\"@id\":\"https:\/\/avrio.edu.eu\/#website\",\"url\":\"https:\/\/avrio.edu.eu\/\",\"name\":\"The Postgraduate and Research Studies at Avrio Institute\",\"description\":\"For Bachelor&#039;s, Master&#039;s and Doctorate - In cooperation with Azteca University\",\"publisher\":{\"@id\":\"https:\/\/avrio.edu.eu\/#organization\"},\"alternateName\":\"Avrio for Research Studies\",\"potentialAction\":[{\"@type\":\"SearchAction\",\"target\":{\"@type\":\"EntryPoint\",\"urlTemplate\":\"https:\/\/avrio.edu.eu\/?s={search_term_string}\"},\"query-input\":{\"@type\":\"PropertyValueSpecification\",\"valueRequired\":true,\"valueName\":\"search_term_string\"}}],\"inLanguage\":\"fr-FR\"},{\"@type\":\"Organization\",\"@id\":\"https:\/\/avrio.edu.eu\/#organization\",\"name\":\"Institut Avrio de Gen\u00e8ve\",\"alternateName\":\"Avrio Institute\",\"url\":\"https:\/\/avrio.edu.eu\/\",\"logo\":{\"@type\":\"ImageObject\",\"inLanguage\":\"fr-FR\",\"@id\":\"https:\/\/avrio.edu.eu\/#\/schema\/logo\/image\/\",\"url\":\"https:\/\/avrio.edu.eu\/new\/wp-content\/uploads\/2020\/04\/logo-new-gw.png\",\"contentUrl\":\"https:\/\/avrio.edu.eu\/new\/wp-content\/uploads\/2020\/04\/logo-new-gw.png\",\"width\":850,\"height\":850,\"caption\":\"Institut Avrio de Gen\u00e8ve\"},\"image\":{\"@id\":\"https:\/\/avrio.edu.eu\/#\/schema\/logo\/image\/\"},\"sameAs\":[\"https:\/\/www.facebook.com\/institutavriodegeneve\/\",\"https:\/\/x.com\/AvrioDeGeneve\",\"https:\/\/www.instagram.com\/institutavriodegeneve\/\",\"https:\/\/www.linkedin.com\/in\/avrio-de-geneve-024392194\/\",\"https:\/\/www.youtube.com\/channel\/UCPP2orNhGglhisZlldUbnkQ\"]}]}<\/script>\n<!-- \/ Yoast SEO Premium plugin. -->","yoast_head_json":{"title":"Doctorat en \u00e9tudes avanc\u00e9es - en ligne \u00e0 Azteca Uni. via l&#039;Institut Avrio","description":"La raison d&#039;\u00eatre des \u00e9tudes avanc\u00e9es est de d\u00e9velopper le professionnalisme, de d\u00e9velopper la conscience, d&#039;am\u00e9liorer la m\u00e9thodologie et la connaissance de la profession.","robots":{"index":"index","follow":"follow","max-snippet":"max-snippet:-1","max-image-preview":"max-image-preview:large","max-video-preview":"max-video-preview:-1"},"canonical":"https:\/\/avrio.edu.eu\/fr\/usc\/azteca-university\/doctor-of-the-university-in-advanced-studies\/","og_locale":"fr_FR","og_type":"article","og_title":"Dr. Univ. in Advanced Studies - The International Research Study Programs - Avrio Institute","og_description":"The rationale for advanced studies is to develop professionalism, develop awareness, enhance methodology and knowledge of the profession.","og_url":"https:\/\/avrio.edu.eu\/fr\/usc\/azteca-university\/doctor-of-the-university-in-advanced-studies\/","og_site_name":"The International Research Study Programs - Avrio Institute","article_publisher":"https:\/\/www.facebook.com\/institutavriodegeneve\/","article_modified_time":"2026-02-11T19:33:26+00:00","og_image":[{"width":850,"height":850,"url":"https:\/\/avrio.edu.eu\/new\/wp-content\/uploads\/2020\/04\/logo-new-gw.png","type":"image\/png"}],"twitter_card":"summary_large_image","twitter_site":"@AvrioDeGeneve","twitter_misc":{"Dur\u00e9e de lecture estim\u00e9e":"3 minutes"},"schema":{"@context":"https:\/\/schema.org","@graph":[{"@type":"WebPage","@id":"https:\/\/avrio.edu.eu\/usc\/azteca-university\/doctor-of-the-university-in-advanced-studies\/","url":"https:\/\/avrio.edu.eu\/usc\/azteca-university\/doctor-of-the-university-in-advanced-studies\/","name":"Doctorat en \u00e9tudes avanc\u00e9es - en ligne \u00e0 Azteca Uni. via l&#039;Institut Avrio","isPartOf":{"@id":"https:\/\/avrio.edu.eu\/#website"},"datePublished":"2021-12-17T18:42:01+00:00","dateModified":"2026-02-11T19:33:26+00:00","description":"La raison d&#039;\u00eatre des \u00e9tudes avanc\u00e9es est de d\u00e9velopper le professionnalisme, de d\u00e9velopper la conscience, d&#039;am\u00e9liorer la m\u00e9thodologie et la connaissance de la profession.","breadcrumb":{"@id":"https:\/\/avrio.edu.eu\/usc\/azteca-university\/doctor-of-the-university-in-advanced-studies\/#breadcrumb"},"inLanguage":"fr-FR","potentialAction":[{"@type":"ReadAction","target":["https:\/\/avrio.edu.eu\/usc\/azteca-university\/doctor-of-the-university-in-advanced-studies\/"]}]},{"@type":"BreadcrumbList","@id":"https:\/\/avrio.edu.eu\/usc\/azteca-university\/doctor-of-the-university-in-advanced-studies\/#breadcrumb","itemListElement":[{"@type":"ListItem","position":1,"name":"Home","item":"https:\/\/avrio.edu.eu\/"},{"@type":"ListItem","position":2,"name":"Universities Studies Center","item":"https:\/\/avrio.edu.eu\/usc\/"},{"@type":"ListItem","position":3,"name":"Azteca University","item":"https:\/\/avrio.edu.eu\/usc\/azteca-university\/"},{"@type":"ListItem","position":4,"name":"Dr. Univ. in Advanced Studies"}]},{"@type":"WebSite","@id":"https:\/\/avrio.edu.eu\/#website","url":"https:\/\/avrio.edu.eu\/","name":"\u00c9tudes de troisi\u00e8me cycle et de recherche \u00e0 l&#039;Institut Avrio","description":"Pour les Licences, Masters et Doctorats - En coop\u00e9ration avec l&#039;Universit\u00e9 Azteca","publisher":{"@id":"https:\/\/avrio.edu.eu\/#organization"},"alternateName":"Avrio for Research Studies","potentialAction":[{"@type":"SearchAction","target":{"@type":"EntryPoint","urlTemplate":"https:\/\/avrio.edu.eu\/?s={search_term_string}"},"query-input":{"@type":"PropertyValueSpecification","valueRequired":true,"valueName":"search_term_string"}}],"inLanguage":"fr-FR"},{"@type":"Organization","@id":"https:\/\/avrio.edu.eu\/#organization","name":"Institut Avrio de Gen\u00e8ve","alternateName":"Avrio Institute","url":"https:\/\/avrio.edu.eu\/","logo":{"@type":"ImageObject","inLanguage":"fr-FR","@id":"https:\/\/avrio.edu.eu\/#\/schema\/logo\/image\/","url":"https:\/\/avrio.edu.eu\/new\/wp-content\/uploads\/2020\/04\/logo-new-gw.png","contentUrl":"https:\/\/avrio.edu.eu\/new\/wp-content\/uploads\/2020\/04\/logo-new-gw.png","width":850,"height":850,"caption":"Institut Avrio de Gen\u00e8ve"},"image":{"@id":"https:\/\/avrio.edu.eu\/#\/schema\/logo\/image\/"},"sameAs":["https:\/\/www.facebook.com\/institutavriodegeneve\/","https:\/\/x.com\/AvrioDeGeneve","https:\/\/www.instagram.com\/institutavriodegeneve\/","https:\/\/www.linkedin.com\/in\/avrio-de-geneve-024392194\/","https:\/\/www.youtube.com\/channel\/UCPP2orNhGglhisZlldUbnkQ"]}]}},"_links":{"self":[{"href":"https:\/\/avrio.edu.eu\/fr\/wp-json\/wp\/v2\/pages\/20928","targetHints":{"allow":["GET"]}}],"collection":[{"href":"https:\/\/avrio.edu.eu\/fr\/wp-json\/wp\/v2\/pages"}],"about":[{"href":"https:\/\/avrio.edu.eu\/fr\/wp-json\/wp\/v2\/types\/page"}],"author":[{"embeddable":true,"href":"https:\/\/avrio.edu.eu\/fr\/wp-json\/wp\/v2\/users\/16"}],"replies":[{"embeddable":true,"href":"https:\/\/avrio.edu.eu\/fr\/wp-json\/wp\/v2\/comments?post=20928"}],"version-history":[{"count":1,"href":"https:\/\/avrio.edu.eu\/fr\/wp-json\/wp\/v2\/pages\/20928\/revisions"}],"predecessor-version":[{"id":24589,"href":"https:\/\/avrio.edu.eu\/fr\/wp-json\/wp\/v2\/pages\/20928\/revisions\/24589"}],"up":[{"embeddable":true,"href":"https:\/\/avrio.edu.eu\/fr\/wp-json\/wp\/v2\/pages\/20795"}],"wp:attachment":[{"href":"https:\/\/avrio.edu.eu\/fr\/wp-json\/wp\/v2\/media?parent=20928"}],"curies":[{"name":"wp","href":"https:\/\/api.w.org\/{rel}","templated":true}]}}