{"id":20930,"date":"2021-12-17T19:43:30","date_gmt":"2021-12-17T18:43:30","guid":{"rendered":"https:\/\/avrio.edu.eu\/?page_id=20930"},"modified":"2026-02-11T20:33:28","modified_gmt":"2026-02-11T19:33:28","slug":"doctor-of-the-university-in-individual-studies","status":"publish","type":"page","link":"https:\/\/avrio.edu.eu\/fr\/usc\/azteca-university\/doctor-of-the-university-in-individual-studies\/","title":{"rendered":"Dr Univ. en \u00e9tudes individuelles"},"content":{"rendered":"<h3 style=\"text-align: justify;\">Qu&#039;est-ce qu&#039;un dipl\u00f4me d&#039;\u00e9tudes individuelles?<\/h3>\n<p style=\"text-align: justify;\">Les \u00e9tudes individuelles peuvent vous convenir. Une concentration d&#039;\u00e9tudes individualis\u00e9es est une majeure interdisciplinaire sp\u00e9ciale con\u00e7ue par un \u00e9tudiant individuel dans un programme unique.<\/p>\n<p style=\"text-align: justify;\"> <div class=\"su-pullquote su-pullquote-align-right\">En savoir plus sur le <a href=\"https:\/\/avrio.edu.eu\/fr\/usc\/azteca-university\/own-degree\/doctor-of-the-university\/\">Docteur de l&#039;Universit\u00e9<\/a><\/div>Les \u00e9tudes individuelles offrent un espace pour la pens\u00e9e critique et la recherche engag\u00e9e \u00e0 l&#039;int\u00e9rieur et \u00e0 travers les fronti\u00e8res disciplinaires et professionnelles conventionnelles, un lieu pour les \u00e9tudiants intellectuellement curieux, r\u00e9fl\u00e9chis et tr\u00e8s autonomes. Le programme est un engagement majeur, bas\u00e9 sur un plan d&#039;apprentissage individualis\u00e9 d\u00e9crivant la justification, les objectifs d&#039;apprentissage et les cours.<\/p>\n<p style=\"text-align: justify;\">Les professionnels souhaitant appliquer leurs cr\u00e9dits coll\u00e9giaux \u00e0 l&#039;obtention d&#039;un dipl\u00f4me dans un domaine sp\u00e9cifique peuvent le faire dans ce programme, permettant aux \u00e9tudiants de transf\u00e9rer leurs cr\u00e9dits coll\u00e9giaux et leurs qualifications professionnelles dans leur programme d&#039;\u00e9tudes. La raison d&#039;\u00eatre des \u00e9tudes individuelles est de d\u00e9velopper le professionnalisme, de d\u00e9velopper la sensibilisation, d&#039;am\u00e9liorer la m\u00e9thodologie et la connaissance de la profession. Un \u00e9tudiant identifie un domaine pour entreprendre des recherches avec une expertise dans ce domaine d&#039;\u00e9tude individuelle.<\/p>\n<p style=\"text-align: justify;\">Les \u00e9tudes individuelles de l&#039;Universit\u00e9 Azteca sont interdisciplinaires et ax\u00e9es sur le d\u00e9veloppement des comp\u00e9tences universitaires de troisi\u00e8me cycle dans la pratique professionnelle, telles que d\u00e9finies par le cadre mexicain et europ\u00e9en des certifications (MMC, EQF) niveau 7 (ma\u00eetrise) et niveau 8 (doctorat). Les \u00e9tudes individuelles offrent un espace pour la pens\u00e9e critique et la recherche engag\u00e9e \u00e0 l&#039;int\u00e9rieur et \u00e0 travers les fronti\u00e8res disciplinaires et professionnelles conventionnelles.<\/p>\n<p style=\"text-align: justify;\">Le dipl\u00f4me de l&#039;Universidad Azteca en \u00e9tudes individuelles est un dipl\u00f4me de troisi\u00e8me cycle d\u00e9cern\u00e9 dans diverses disciplines et concentrations, interdisciplinaire et tendant \u00e0 r\u00e9pondre aux besoins des professionnels plut\u00f4t qu&#039;aux universitaires et adapt\u00e9 \u00e0 des groupes sp\u00e9cifiques de professionnels en activit\u00e9 ayant des besoins bien d\u00e9finis en mati\u00e8re de cours de dipl\u00f4mes avanc\u00e9s. , mener des projets et r\u00e9diger des articles en combinaison avec la recherche \u00e9tudiante pour le dipl\u00f4me de recherche individuelle avanc\u00e9e.<\/p>\n<p style=\"text-align: justify;\">Ces programmes d&#039;\u00e9tudes offrent des horaires flexibles avec un programme diversifi\u00e9 centr\u00e9 sur la formation technique et pratique, les \u00e9tudiants sont aid\u00e9s \u00e0 d\u00e9velopper des comp\u00e9tences dans la connaissance du sujet, l&#039;application du sujet, ce qui leur permettra de travailler efficacement dans la vari\u00e9t\u00e9 des contextes qu&#039;ils rencontreront au cours de leur carri\u00e8re.<\/p>\n<h4 style=\"text-align: justify;\">TYPE ET CHARGE DE PROGRAMME<\/h4>\n<p style=\"text-align: justify;\"><strong>TAPER<\/strong>: Prix interne de l&#039;Universit\u00e9 Azteca, programme propre \u00e0 l&#039;universit\u00e9 acc. Art. 59 Loi g\u00e9n\u00e9rale sur l&#039;\u00e9ducation.<br \/>\n<strong>NIVEAU<\/strong>: Troisi\u00e8me cycle, niveau 8 MMC dipl\u00f4me propre \u00e0 l&#039;universit\u00e9.<br \/>\n<strong>CHARGE DE TRAVAIL<\/strong>: 180 ECTS<\/p>\n<h4 style=\"text-align: justify;\">UNIVERSIT\u00c9 ATTRIBUANTE ET GROUPE CIBLE<\/h4>\n<p style=\"text-align: justify;\"><strong>UNIVERSIT\u00c9 RECONNAISSANTE\u00a0:<\/strong> Universit\u00e9 Azt\u00e8que, Chalco, Mexique.<\/p>\n<p style=\"text-align: justify;\"><strong>DEPARTEMENT UNIVERSITAIRE EN EUROPE :<\/strong> Programmes europ\u00e9ens de l&#039;Universit\u00e9 azt\u00e8que.<\/p>\n<p style=\"text-align: justify;\"><strong>GROUPE CIBL\u00c9:<\/strong> Doctorants int\u00e9ress\u00e9s par le transfert de cr\u00e9dits d&#039;\u00e9tudes doctorales ou de cours EQF de niveau 8 dans l&#039;une des disciplines suivantes \u00e0 l&#039;Universidad Azteca poursuivant l&#039;ach\u00e8vement du programme de doctorat par th\u00e8se \/ examen de doctorat professionnel.<\/p>\n<p style=\"text-align: justify;\"><strong>SP\u00c9CIALISATION:<\/strong> \u00c9tudes avanc\u00e9es au niveau 8 MMC (EQF)<\/p>\n<p style=\"text-align: justify;\"><strong>DISCIPLINES\u00a0:<\/strong><\/p>\n<ul style=\"text-align: justify;\">\n<li>Ing\u00e9nieur industriel<\/li>\n<li>Sciences de la sant\u00e9 et sciences infirmi\u00e8res<\/li>\n<li>L&#039;informatique<\/li>\n<li>Technologie de l&#039;environnement<\/li>\n<li>Sciences sociales et \u00e9conomiques<\/li>\n<li>Sciences de la sant\u00e9<\/li>\n<li>Sciences de l&#039;\u00e9ducation<\/li>\n<li>Psychologie<\/li>\n<li>Sciences environnementales<\/li>\n<\/ul>\n<p style=\"text-align: justify;\"><strong>LANGUE D&#039;\u00c9TUDE<\/strong>: anglais, allemand, espagnol<\/p>\n<p style=\"text-align: justify;\"><strong>CONDITIONS D&#039;ADMISSION\u00a0:<\/strong> Master ou dipl\u00f4me \u00e9quivalent et cours de troisi\u00e8me cycle ou qualifications pour le transfert de cr\u00e9dits au programme ou \u00e0 l&#039;exp\u00e9rience de recherche.<\/p>\n<h4 style=\"text-align: justify;\">Modalit\u00e9 et \u00e9quipe de cours<\/h4>\n<p style=\"text-align: justify;\"><strong>MODALIT\u00c9:<\/strong> modalit\u00e9 d&#039;apprentissage en ligne et d&#039;enseignement \u00e0 distance.<br \/>\n\u00c9QUIPE DU COURS\u00a0: Pr. Dr Gerhard Berchtold, Pr. Dr Friedrich Luhan, prof. Dr Ricardo Saavedra Hidalgo, Prof. Dr Felipe Fern\u00e1ndez Rivadulla, Prof. Dr Endler.<\/p>\n<h4 style=\"text-align: justify;\">Plan d&#039;\u00e9tude<\/h4>\n<table border=\"1\" width=\"100%\">\n<tbody>\n<tr>\n<td bgcolor=\"#C0C0C0\"><b>Transfert de cr\u00e9dits \u2013 Cours au choix<\/b><\/td>\n<td bgcolor=\"#C0C0C0\"><b>Mode d&#039;essai<\/b><\/td>\n<td bgcolor=\"#C0C0C0\"><b>ECTS<\/b><\/td>\n<\/tr>\n<tr>\n<td>Transfert du programme doctoral MPhil \/ niveau 8 EQF<\/td>\n<td>Transfert de cr\u00e9dits<\/td>\n<td>Jusqu&#039;\u00e0 102<\/td>\n<\/tr>\n<tr>\n<td>\u00c9lectif du programme doctoral de l&#039;Universidad Azteca<\/td>\n<td>Examen<\/td>\n<td>Diff\u00e9rence \u00e0 102<\/td>\n<\/tr>\n<tr>\n<td bgcolor=\"#C0C0C0\"><b>Module scientifique obligatoire <\/b><\/td>\n<td bgcolor=\"#C0C0C0\"><b>Mode d&#039;essai<\/b><\/td>\n<td bgcolor=\"#C0C0C0\"><b>ECTS<\/b><\/td>\n<\/tr>\n<tr>\n<td>Projet de recherche<\/td>\n<td>Pr\u00e9sentation<\/td>\n<td>18<\/td>\n<\/tr>\n<tr>\n<td bgcolor=\"#C0C0C0\"><b>Th\u00e8se \/ Examen Rigorosum <\/b><\/td>\n<td bgcolor=\"#C0C0C0\"><b>Mode d&#039;essai<\/b><\/td>\n<td bgcolor=\"#C0C0C0\"><b>ECTS<\/b><\/td>\n<\/tr>\n<tr>\n<td>Th\u00e8se dans la sp\u00e9cialisation disciplinaire<\/td>\n<td>Pr\u00e9sentation et soutenance de th\u00e8se \u00e9crite<\/td>\n<td>60<\/td>\n<\/tr>\n<tr>\n<td bgcolor=\"#C0C0C0\"><b>CHARGE DE TRAVAIL<\/b><\/td>\n<td bgcolor=\"#C0C0C0\"><b>Mode d&#039;essai<\/b><\/td>\n<td bgcolor=\"#C0C0C0\"><b>ECTS<\/b><\/td>\n<\/tr>\n<tr>\n<td>ECTS<\/td>\n<td>D\u00e9fense \/ Rigorosum<\/td>\n<td>180<\/td>\n<\/tr>\n<\/tbody>\n<\/table>\n<p style=\"text-align: justify;\">","protected":false},"excerpt":{"rendered":"<p>What Is an Individual Studies Degree? Individual Studies may be right for you. An Individualised Studies concentration is a special interdisciplinary major designed by an individual student in a unique programme. Individual Studies provides space for critical thinking and engaged enquiry within and across conventional disciplinary and professional boundaries, a place for intellectually curious, reflective, [&hellip;]<\/p>\n","protected":false},"author":16,"featured_media":0,"parent":20795,"menu_order":0,"comment_status":"closed","ping_status":"closed","template":"","meta":{"site-sidebar-layout":"default","site-content-layout":"","ast-site-content-layout":"default","site-content-style":"default","site-sidebar-style":"default","ast-global-header-display":"","ast-banner-title-visibility":"","ast-main-header-display":"","ast-hfb-above-header-display":"","ast-hfb-below-header-display":"","ast-hfb-mobile-header-display":"","site-post-title":"","ast-breadcrumbs-content":"","ast-featured-img":"","footer-sml-layout":"","ast-disable-related-posts":"","theme-transparent-header-meta":"","adv-header-id-meta":"","stick-header-meta":"","header-above-stick-meta":"","header-main-stick-meta":"","header-below-stick-meta":"","astra-migrate-meta-layouts":"default","ast-page-background-enabled":"default","ast-page-background-meta":{"desktop":{"background-color":"var(--ast-global-color-4)","background-image":"","background-repeat":"repeat","background-position":"center center","background-size":"auto","background-attachment":"scroll","background-type":"","background-media":"","overlay-type":"","overlay-color":"","overlay-opacity":"","overlay-gradient":""},"tablet":{"background-color":"","background-image":"","background-repeat":"repeat","background-position":"center center","background-size":"auto","background-attachment":"scroll","background-type":"","background-media":"","overlay-type":"","overlay-color":"","overlay-opacity":"","overlay-gradient":""},"mobile":{"background-color":"","background-image":"","background-repeat":"repeat","background-position":"center center","background-size":"auto","background-attachment":"scroll","background-type":"","background-media":"","overlay-type":"","overlay-color":"","overlay-opacity":"","overlay-gradient":""}},"ast-content-background-meta":{"desktop":{"background-color":"var(--ast-global-color-5)","background-image":"","background-repeat":"repeat","background-position":"center center","background-size":"auto","background-attachment":"scroll","background-type":"","background-media":"","overlay-type":"","overlay-color":"","overlay-opacity":"","overlay-gradient":""},"tablet":{"background-color":"var(--ast-global-color-5)","background-image":"","background-repeat":"repeat","background-position":"center center","background-size":"auto","background-attachment":"scroll","background-type":"","background-media":"","overlay-type":"","overlay-color":"","overlay-opacity":"","overlay-gradient":""},"mobile":{"background-color":"var(--ast-global-color-5)","background-image":"","background-repeat":"repeat","background-position":"center center","background-size":"auto","background-attachment":"scroll","background-type":"","background-media":"","overlay-type":"","overlay-color":"","overlay-opacity":"","overlay-gradient":""}},"footnotes":""},"class_list":["post-20930","page","type-page","status-publish","hentry"],"yoast_head":"<!-- This site is optimized with the Yoast SEO Premium plugin v27.2 (Yoast SEO v27.3) - https:\/\/yoast.com\/product\/yoast-seo-premium-wordpress\/ -->\n<title>Doctorate in Individual Studies - Online at Azteca Uni. via Avrio Institute<\/title>\n<meta name=\"description\" content=\"These degree programmes offer flexible schedules with a diverse curriculum centered on technical and practical training, students are assisted to develop competence in subject knowledge, subject application, which will enable them to work effectively in the variety of contexts they will encounter during their careers.\" \/>\n<meta name=\"robots\" content=\"index, follow, max-snippet:-1, max-image-preview:large, max-video-preview:-1\" \/>\n<link rel=\"canonical\" href=\"https:\/\/avrio.edu.eu\/fr\/usc\/azteca-university\/doctor-of-the-university-in-individual-studies\/\" \/>\n<meta property=\"og:locale\" content=\"fr_FR\" \/>\n<meta property=\"og:type\" content=\"article\" \/>\n<meta property=\"og:title\" content=\"Dr. Univ. in Individual Studies - The International Research Study Programs - Avrio Institute\" \/>\n<meta property=\"og:description\" content=\"These degree programmes offer flexible schedules with a diverse curriculum centered on technical and practical training, students are assisted to develop competence in subject knowledge, subject application, which will enable them to work effectively in the variety of contexts they will encounter during their careers.\" \/>\n<meta property=\"og:url\" content=\"https:\/\/avrio.edu.eu\/fr\/usc\/azteca-university\/doctor-of-the-university-in-individual-studies\/\" \/>\n<meta property=\"og:site_name\" content=\"The International Research Study Programs - Avrio Institute\" \/>\n<meta property=\"article:publisher\" content=\"https:\/\/www.facebook.com\/institutavriodegeneve\/\" \/>\n<meta property=\"article:modified_time\" content=\"2026-02-11T19:33:28+00:00\" \/>\n<meta property=\"og:image\" content=\"https:\/\/avrio.edu.eu\/new\/wp-content\/uploads\/2020\/04\/logo-new-gw.png\" \/>\n\t<meta property=\"og:image:width\" content=\"850\" \/>\n\t<meta property=\"og:image:height\" content=\"850\" \/>\n\t<meta property=\"og:image:type\" content=\"image\/png\" \/>\n<meta name=\"twitter:card\" content=\"summary_large_image\" \/>\n<meta name=\"twitter:site\" content=\"@AvrioDeGeneve\" \/>\n<meta name=\"twitter:label1\" content=\"Dur\u00e9e de lecture estim\u00e9e\" \/>\n\t<meta name=\"twitter:data1\" content=\"3 minutes\" \/>\n<script type=\"application\/ld+json\" class=\"yoast-schema-graph\">{\"@context\":\"https:\\\/\\\/schema.org\",\"@graph\":[{\"@type\":\"WebPage\",\"@id\":\"https:\\\/\\\/avrio.edu.eu\\\/usc\\\/azteca-university\\\/doctor-of-the-university-in-individual-studies\\\/\",\"url\":\"https:\\\/\\\/avrio.edu.eu\\\/usc\\\/azteca-university\\\/doctor-of-the-university-in-individual-studies\\\/\",\"name\":\"Doctorate in Individual Studies - Online at Azteca Uni. via Avrio Institute\",\"isPartOf\":{\"@id\":\"https:\\\/\\\/avrio.edu.eu\\\/#website\"},\"datePublished\":\"2021-12-17T18:43:30+00:00\",\"dateModified\":\"2026-02-11T19:33:28+00:00\",\"description\":\"These degree programmes offer flexible schedules with a diverse curriculum centered on technical and practical training, students are assisted to develop competence in subject knowledge, subject application, which will enable them to work effectively in the variety of contexts they will encounter during their careers.\",\"breadcrumb\":{\"@id\":\"https:\\\/\\\/avrio.edu.eu\\\/usc\\\/azteca-university\\\/doctor-of-the-university-in-individual-studies\\\/#breadcrumb\"},\"inLanguage\":\"fr-FR\",\"potentialAction\":[{\"@type\":\"ReadAction\",\"target\":[\"https:\\\/\\\/avrio.edu.eu\\\/usc\\\/azteca-university\\\/doctor-of-the-university-in-individual-studies\\\/\"]}]},{\"@type\":\"BreadcrumbList\",\"@id\":\"https:\\\/\\\/avrio.edu.eu\\\/usc\\\/azteca-university\\\/doctor-of-the-university-in-individual-studies\\\/#breadcrumb\",\"itemListElement\":[{\"@type\":\"ListItem\",\"position\":1,\"name\":\"Home\",\"item\":\"https:\\\/\\\/avrio.edu.eu\\\/\"},{\"@type\":\"ListItem\",\"position\":2,\"name\":\"Universities Studies Center\",\"item\":\"https:\\\/\\\/avrio.edu.eu\\\/usc\\\/\"},{\"@type\":\"ListItem\",\"position\":3,\"name\":\"Azteca University\",\"item\":\"https:\\\/\\\/avrio.edu.eu\\\/usc\\\/azteca-university\\\/\"},{\"@type\":\"ListItem\",\"position\":4,\"name\":\"Dr. Univ. in Individual Studies\"}]},{\"@type\":\"WebSite\",\"@id\":\"https:\\\/\\\/avrio.edu.eu\\\/#website\",\"url\":\"https:\\\/\\\/avrio.edu.eu\\\/\",\"name\":\"The Postgraduate and Research Studies at Avrio Institute\",\"description\":\"For Bachelor&#039;s, Master&#039;s and Doctorate - In cooperation with Azteca University\",\"publisher\":{\"@id\":\"https:\\\/\\\/avrio.edu.eu\\\/#organization\"},\"alternateName\":\"Avrio for Research Studies\",\"potentialAction\":[{\"@type\":\"SearchAction\",\"target\":{\"@type\":\"EntryPoint\",\"urlTemplate\":\"https:\\\/\\\/avrio.edu.eu\\\/?s={search_term_string}\"},\"query-input\":{\"@type\":\"PropertyValueSpecification\",\"valueRequired\":true,\"valueName\":\"search_term_string\"}}],\"inLanguage\":\"fr-FR\"},{\"@type\":\"Organization\",\"@id\":\"https:\\\/\\\/avrio.edu.eu\\\/#organization\",\"name\":\"Institut Avrio de Gen\u00e8ve\",\"alternateName\":\"Avrio Institute\",\"url\":\"https:\\\/\\\/avrio.edu.eu\\\/\",\"logo\":{\"@type\":\"ImageObject\",\"inLanguage\":\"fr-FR\",\"@id\":\"https:\\\/\\\/avrio.edu.eu\\\/#\\\/schema\\\/logo\\\/image\\\/\",\"url\":\"https:\\\/\\\/avrio.edu.eu\\\/new\\\/wp-content\\\/uploads\\\/2020\\\/04\\\/logo-new-gw.png\",\"contentUrl\":\"https:\\\/\\\/avrio.edu.eu\\\/new\\\/wp-content\\\/uploads\\\/2020\\\/04\\\/logo-new-gw.png\",\"width\":850,\"height\":850,\"caption\":\"Institut Avrio de Gen\u00e8ve\"},\"image\":{\"@id\":\"https:\\\/\\\/avrio.edu.eu\\\/#\\\/schema\\\/logo\\\/image\\\/\"},\"sameAs\":[\"https:\\\/\\\/www.facebook.com\\\/institutavriodegeneve\\\/\",\"https:\\\/\\\/x.com\\\/AvrioDeGeneve\",\"https:\\\/\\\/www.instagram.com\\\/institutavriodegeneve\\\/\",\"https:\\\/\\\/www.linkedin.com\\\/in\\\/avrio-de-geneve-024392194\\\/\",\"https:\\\/\\\/www.youtube.com\\\/channel\\\/UCPP2orNhGglhisZlldUbnkQ\"]}]}<\/script>\n<!-- \/ Yoast SEO Premium plugin. -->","yoast_head_json":{"title":"Doctorat en \u00e9tudes individuelles - en ligne \u00e0 Azteca Uni. via l&#039;Institut Avrio","description":"Ces programmes d&#039;\u00e9tudes offrent des horaires flexibles avec un programme diversifi\u00e9 centr\u00e9 sur la formation technique et pratique, les \u00e9tudiants sont aid\u00e9s \u00e0 d\u00e9velopper des comp\u00e9tences dans la connaissance du sujet, l&#039;application du sujet, ce qui leur permettra de travailler efficacement dans la vari\u00e9t\u00e9 des contextes qu&#039;ils rencontreront au cours de leur carri\u00e8re.","robots":{"index":"index","follow":"follow","max-snippet":"max-snippet:-1","max-image-preview":"max-image-preview:large","max-video-preview":"max-video-preview:-1"},"canonical":"https:\/\/avrio.edu.eu\/fr\/usc\/azteca-university\/doctor-of-the-university-in-individual-studies\/","og_locale":"fr_FR","og_type":"article","og_title":"Dr. Univ. in Individual Studies - The International Research Study Programs - Avrio Institute","og_description":"These degree programmes offer flexible schedules with a diverse curriculum centered on technical and practical training, students are assisted to develop competence in subject knowledge, subject application, which will enable them to work effectively in the variety of contexts they will encounter during their careers.","og_url":"https:\/\/avrio.edu.eu\/fr\/usc\/azteca-university\/doctor-of-the-university-in-individual-studies\/","og_site_name":"The International Research Study Programs - Avrio Institute","article_publisher":"https:\/\/www.facebook.com\/institutavriodegeneve\/","article_modified_time":"2026-02-11T19:33:28+00:00","og_image":[{"width":850,"height":850,"url":"https:\/\/avrio.edu.eu\/new\/wp-content\/uploads\/2020\/04\/logo-new-gw.png","type":"image\/png"}],"twitter_card":"summary_large_image","twitter_site":"@AvrioDeGeneve","twitter_misc":{"Dur\u00e9e de lecture estim\u00e9e":"3 minutes"},"schema":{"@context":"https:\/\/schema.org","@graph":[{"@type":"WebPage","@id":"https:\/\/avrio.edu.eu\/usc\/azteca-university\/doctor-of-the-university-in-individual-studies\/","url":"https:\/\/avrio.edu.eu\/usc\/azteca-university\/doctor-of-the-university-in-individual-studies\/","name":"Doctorat en \u00e9tudes individuelles - en ligne \u00e0 Azteca Uni. via l&#039;Institut Avrio","isPartOf":{"@id":"https:\/\/avrio.edu.eu\/#website"},"datePublished":"2021-12-17T18:43:30+00:00","dateModified":"2026-02-11T19:33:28+00:00","description":"Ces programmes d&#039;\u00e9tudes offrent des horaires flexibles avec un programme diversifi\u00e9 centr\u00e9 sur la formation technique et pratique, les \u00e9tudiants sont aid\u00e9s \u00e0 d\u00e9velopper des comp\u00e9tences dans la connaissance du sujet, l&#039;application du sujet, ce qui leur permettra de travailler efficacement dans la vari\u00e9t\u00e9 des contextes qu&#039;ils rencontreront au cours de leur carri\u00e8re.","breadcrumb":{"@id":"https:\/\/avrio.edu.eu\/usc\/azteca-university\/doctor-of-the-university-in-individual-studies\/#breadcrumb"},"inLanguage":"fr-FR","potentialAction":[{"@type":"ReadAction","target":["https:\/\/avrio.edu.eu\/usc\/azteca-university\/doctor-of-the-university-in-individual-studies\/"]}]},{"@type":"BreadcrumbList","@id":"https:\/\/avrio.edu.eu\/usc\/azteca-university\/doctor-of-the-university-in-individual-studies\/#breadcrumb","itemListElement":[{"@type":"ListItem","position":1,"name":"Home","item":"https:\/\/avrio.edu.eu\/"},{"@type":"ListItem","position":2,"name":"Universities Studies Center","item":"https:\/\/avrio.edu.eu\/usc\/"},{"@type":"ListItem","position":3,"name":"Azteca University","item":"https:\/\/avrio.edu.eu\/usc\/azteca-university\/"},{"@type":"ListItem","position":4,"name":"Dr. Univ. in Individual Studies"}]},{"@type":"WebSite","@id":"https:\/\/avrio.edu.eu\/#website","url":"https:\/\/avrio.edu.eu\/","name":"\u00c9tudes de troisi\u00e8me cycle et de recherche \u00e0 l&#039;Institut Avrio","description":"Pour les Licences, Masters et Doctorats - En coop\u00e9ration avec l&#039;Universit\u00e9 Azteca","publisher":{"@id":"https:\/\/avrio.edu.eu\/#organization"},"alternateName":"Avrio for Research Studies","potentialAction":[{"@type":"SearchAction","target":{"@type":"EntryPoint","urlTemplate":"https:\/\/avrio.edu.eu\/?s={search_term_string}"},"query-input":{"@type":"PropertyValueSpecification","valueRequired":true,"valueName":"search_term_string"}}],"inLanguage":"fr-FR"},{"@type":"Organization","@id":"https:\/\/avrio.edu.eu\/#organization","name":"Institut Avrio de Gen\u00e8ve","alternateName":"Avrio Institute","url":"https:\/\/avrio.edu.eu\/","logo":{"@type":"ImageObject","inLanguage":"fr-FR","@id":"https:\/\/avrio.edu.eu\/#\/schema\/logo\/image\/","url":"https:\/\/avrio.edu.eu\/new\/wp-content\/uploads\/2020\/04\/logo-new-gw.png","contentUrl":"https:\/\/avrio.edu.eu\/new\/wp-content\/uploads\/2020\/04\/logo-new-gw.png","width":850,"height":850,"caption":"Institut Avrio de Gen\u00e8ve"},"image":{"@id":"https:\/\/avrio.edu.eu\/#\/schema\/logo\/image\/"},"sameAs":["https:\/\/www.facebook.com\/institutavriodegeneve\/","https:\/\/x.com\/AvrioDeGeneve","https:\/\/www.instagram.com\/institutavriodegeneve\/","https:\/\/www.linkedin.com\/in\/avrio-de-geneve-024392194\/","https:\/\/www.youtube.com\/channel\/UCPP2orNhGglhisZlldUbnkQ"]}]}},"_links":{"self":[{"href":"https:\/\/avrio.edu.eu\/fr\/wp-json\/wp\/v2\/pages\/20930","targetHints":{"allow":["GET"]}}],"collection":[{"href":"https:\/\/avrio.edu.eu\/fr\/wp-json\/wp\/v2\/pages"}],"about":[{"href":"https:\/\/avrio.edu.eu\/fr\/wp-json\/wp\/v2\/types\/page"}],"author":[{"embeddable":true,"href":"https:\/\/avrio.edu.eu\/fr\/wp-json\/wp\/v2\/users\/16"}],"replies":[{"embeddable":true,"href":"https:\/\/avrio.edu.eu\/fr\/wp-json\/wp\/v2\/comments?post=20930"}],"version-history":[{"count":1,"href":"https:\/\/avrio.edu.eu\/fr\/wp-json\/wp\/v2\/pages\/20930\/revisions"}],"predecessor-version":[{"id":24592,"href":"https:\/\/avrio.edu.eu\/fr\/wp-json\/wp\/v2\/pages\/20930\/revisions\/24592"}],"up":[{"embeddable":true,"href":"https:\/\/avrio.edu.eu\/fr\/wp-json\/wp\/v2\/pages\/20795"}],"wp:attachment":[{"href":"https:\/\/avrio.edu.eu\/fr\/wp-json\/wp\/v2\/media?parent=20930"}],"curies":[{"name":"wp","href":"https:\/\/api.w.org\/{rel}","templated":true}]}}