{"id":21003,"date":"2021-12-18T02:29:02","date_gmt":"2021-12-18T01:29:02","guid":{"rendered":"https:\/\/avrio.edu.eu\/?page_id=21003"},"modified":"2026-02-11T20:33:26","modified_gmt":"2026-02-11T19:33:26","slug":"doctor-of-science","status":"publish","type":"page","link":"https:\/\/avrio.edu.eu\/fr\/usc\/azteca-university\/doctor-of-science\/","title":{"rendered":"Docteur en sciences (Dr.Sc.)"},"content":{"rendered":"<p style=\"text-align: justify;\"><span style=\"color: #000000;\">Les candidats dans le domaine d&#039;\u00e9tude des sciences et de la technologie se qualifient pour le doctorat postdoctoral en sciences de l&#039;Universidad Azteca.<\/span><\/p>\n<p style=\"text-align: justify;\"><span style=\"color: #000000;\">Ce dipl\u00f4me jure dignitatis est d\u00e9cern\u00e9 \u00e0 une personne qui a fait preuve d&#039;\u00e9minence et d&#039;\u00e9rudition en \u00e9tant nomm\u00e9e \u00e0 un poste particulier ou en r\u00e9alisant des r\u00e9alisations dans un domaine professionnel particulier. Cela implique g\u00e9n\u00e9ralement la soumission d&#039;un portefeuille de recherches \u00e9valu\u00e9es par des pairs, g\u00e9n\u00e9ralement men\u00e9es sur plusieurs ann\u00e9es, qui ont apport\u00e9 une contribution substantielle au domaine universitaire en question.<\/span><\/p>\n<h3>TYPE ET CHARGE DE PROGRAMME<\/h3>\n<p><strong>TAPER<\/strong>: Prix interne de l&#039;Universit\u00e9 Azteca, programme propre \u00e0 l&#039;universit\u00e9 acc. Art. 59 Loi g\u00e9n\u00e9rale sur l&#039;\u00e9ducation.<\/p>\n<p><strong>NIVEAU<\/strong>: Troisi\u00e8me cycle, niveau 8 MMC dipl\u00f4me propre \u00e0 l&#039;universit\u00e9. \u00c9tudes post-doctorales.<\/p>\n<p><strong>CHARGE DE TRAVAIL:<\/strong> 120 ECTS<\/p>\n<h3>UNIVERSIT\u00c9 ATTRIBUANTE ET GROUPE CIBLE<\/h3>\n<p><strong>UNIVERSIT\u00c9 RECONNAISSANTE\u00a0:<\/strong> Universit\u00e9 Azt\u00e8que, Chalco, Mexique.<\/p>\n<p><strong>DEPARTEMENT UNIVERSITAIRE EN EUROPE :<\/strong> Programmes europ\u00e9ens de l&#039;Universit\u00e9 azt\u00e8que.<\/p>\n<p><strong>GROUPE CIBL\u00c9<\/strong>: Titulaires d&#039;un doctorat int\u00e9ress\u00e9s par des \u00e9tudes post-doctorales dans l&#039;une des disciplines propos\u00e9es par l&#039;Universidad Azteca poursuivant l&#039;ach\u00e8vement du programme de doctorat par th\u00e8se \/ examen de doctorat.<\/p>\n<p><strong>SP\u00c9CIALISATION<\/strong>: Universidad Azteca \u00e9tudie au niveau 8 MMC (EQF) <div class=\"su-pullquote su-pullquote-align-right\">En savoir plus sur le <a href=\"https:\/\/avrio.edu.eu\/fr\/usc\/azteca-university\/own-degree\/doctor-of-the-university\/\">Docteur de l&#039;Universit\u00e9<\/a><\/div>\n<p><strong>DISCIPLINES<\/strong>: Disciplines propos\u00e9es par l&#039;Universidad Azteca dans les domaines des sciences et de la technologie.<\/p>\n<p><strong>LANGUE D&#039;\u00c9TUDE<\/strong>: anglais, allemand, espagnol<\/p>\n<p><strong>CONDITIONS D&#039;ADMISSION\u00a0:<\/strong> Doctorat ou dipl\u00f4me \u00e9quivalent et cours de troisi\u00e8me cycle ou qualifications pour le transfert de cr\u00e9dits au programme ou \u00e0 l&#039;exp\u00e9rience de recherche.<\/p>\n<h3>Modalit\u00e9 et \u00e9quipe de cours<\/h3>\n<p><strong>MODALIT\u00c9<\/strong>: modalit\u00e9 d&#039;apprentissage en ligne et d&#039;enseignement \u00e0 distance.<\/p>\n<p><strong>\u00c9QUIPE DE COURS\u00a0:<\/strong> Prof. Dr Gerhard Berchtold, Pr. Dr Friedrich Luhan, prof. Dr Ricardo Saavedra Hidalgo, Prof. Dr Felipe Fern\u00e1ndez Rivadulla, Prof. Dr Endler.<\/p>\n<h3>Plan d&#039;\u00e9tude<\/h3>\n<table border=\"1\" width=\"100%\">\n<tbody>\n<tr>\n<td bgcolor=\"#C0C0C0\"><b>Transfert de cr\u00e9dits \u2013 Cours au choix<\/b><\/td>\n<td bgcolor=\"#C0C0C0\"><b>Mode d&#039;essai<\/b><\/td>\n<td bgcolor=\"#C0C0C0\"><b>ECTS<\/b><\/td>\n<\/tr>\n<tr>\n<td>Transfert du programme doctoral MPhil \/ niveau 8 EQF<\/td>\n<td>Transfert de cr\u00e9dits<\/td>\n<td>60<\/td>\n<\/tr>\n<tr>\n<td bgcolor=\"#C0C0C0\"><b>Module scientifique obligatoire <\/b><\/td>\n<td bgcolor=\"#C0C0C0\"><b>Mode d&#039;essai<\/b><\/td>\n<td bgcolor=\"#C0C0C0\"><b>ECTS<\/b><\/td>\n<\/tr>\n<tr>\n<td>Projet de recherche \/ Recherche et d\u00e9veloppement post-doctoral<\/td>\n<td>Pr\u00e9sentation<\/td>\n<td>18<\/td>\n<\/tr>\n<tr>\n<td bgcolor=\"#C0C0C0\"><b>Th\u00e8se \/ Examen Rigorosum <\/b><\/td>\n<td bgcolor=\"#C0C0C0\"><b>Mode d&#039;essai<\/b><\/td>\n<td bgcolor=\"#C0C0C0\"><b>ECTS<\/b><\/td>\n<\/tr>\n<tr>\n<td>Th\u00e8se ou examen dans la sp\u00e9cialisation disciplinaire<\/td>\n<td>Pr\u00e9sentation de th\u00e8se et soutenance ou examen<\/td>\n<td>42<\/td>\n<\/tr>\n<tr>\n<td bgcolor=\"#C0C0C0\"><b>CHARGE DE TRAVAIL<\/b><\/td>\n<td bgcolor=\"#C0C0C0\"><b>Mode d&#039;essai<\/b><\/td>\n<td bgcolor=\"#C0C0C0\"><b>ECTS<\/b><\/td>\n<\/tr>\n<tr>\n<td>ECTS<\/td>\n<td>D\u00e9fense \/ Rigorosum<\/td>\n<td>120<\/td>\n<\/tr>\n<\/tbody>\n<\/table>\n<h3 style=\"text-align: center;\">Qualification : niveau 8 du cadre mexicain des qualifications MMC<\/h3>\n<p><a href=\"https:\/\/avrio.edu.eu\/new\/wp-content\/uploads\/2021\/12\/Mexican-Qualifications-Framework.jpg\"><img fetchpriority=\"high\" decoding=\"async\" class=\"aligncenter size-medium wp-image-20935\" src=\"https:\/\/avrio.edu.eu\/new\/wp-content\/uploads\/2021\/12\/Mexican-Qualifications-Framework-298x300.jpg\" alt=\"Cadre mexicain des certifications\" width=\"298\" height=\"300\" srcset=\"https:\/\/avrio.edu.eu\/new\/wp-content\/uploads\/2021\/12\/Mexican-Qualifications-Framework-298x300.jpg 298w, https:\/\/avrio.edu.eu\/new\/wp-content\/uploads\/2021\/12\/Mexican-Qualifications-Framework-12x12.jpg 12w, https:\/\/avrio.edu.eu\/new\/wp-content\/uploads\/2021\/12\/Mexican-Qualifications-Framework-150x150.jpg 150w, https:\/\/avrio.edu.eu\/new\/wp-content\/uploads\/2021\/12\/Mexican-Qualifications-Framework-768x772.jpg 768w, https:\/\/avrio.edu.eu\/new\/wp-content\/uploads\/2021\/12\/Mexican-Qualifications-Framework-1018x1024.jpg 1018w, https:\/\/avrio.edu.eu\/new\/wp-content\/uploads\/2021\/12\/Mexican-Qualifications-Framework-1527x1536.jpg 1527w, https:\/\/avrio.edu.eu\/new\/wp-content\/uploads\/2021\/12\/Mexican-Qualifications-Framework.jpg 1770w\" sizes=\"(max-width: 298px) 100vw, 298px\" \/><\/a><\/p>","protected":false},"excerpt":{"rendered":"<p>Candidates in the Science and Technology study area qualify for the POSTDOCTORAL Doctor of Science degree of Universidad Azteca. This jure dignitatis degree is one awarded to someone who has demonstrated eminence and scholarship by being appointed to a particular office, or achievement in a particular professional field. This typically involves the submission of a [&hellip;]<\/p>\n","protected":false},"author":16,"featured_media":0,"parent":20795,"menu_order":0,"comment_status":"closed","ping_status":"closed","template":"","meta":{"site-sidebar-layout":"default","site-content-layout":"","ast-site-content-layout":"default","site-content-style":"default","site-sidebar-style":"default","ast-global-header-display":"","ast-banner-title-visibility":"","ast-main-header-display":"","ast-hfb-above-header-display":"","ast-hfb-below-header-display":"","ast-hfb-mobile-header-display":"","site-post-title":"","ast-breadcrumbs-content":"","ast-featured-img":"","footer-sml-layout":"","ast-disable-related-posts":"","theme-transparent-header-meta":"","adv-header-id-meta":"","stick-header-meta":"","header-above-stick-meta":"","header-main-stick-meta":"","header-below-stick-meta":"","astra-migrate-meta-layouts":"default","ast-page-background-enabled":"default","ast-page-background-meta":{"desktop":{"background-color":"var(--ast-global-color-4)","background-image":"","background-repeat":"repeat","background-position":"center center","background-size":"auto","background-attachment":"scroll","background-type":"","background-media":"","overlay-type":"","overlay-color":"","overlay-opacity":"","overlay-gradient":""},"tablet":{"background-color":"","background-image":"","background-repeat":"repeat","background-position":"center center","background-size":"auto","background-attachment":"scroll","background-type":"","background-media":"","overlay-type":"","overlay-color":"","overlay-opacity":"","overlay-gradient":""},"mobile":{"background-color":"","background-image":"","background-repeat":"repeat","background-position":"center center","background-size":"auto","background-attachment":"scroll","background-type":"","background-media":"","overlay-type":"","overlay-color":"","overlay-opacity":"","overlay-gradient":""}},"ast-content-background-meta":{"desktop":{"background-color":"var(--ast-global-color-5)","background-image":"","background-repeat":"repeat","background-position":"center center","background-size":"auto","background-attachment":"scroll","background-type":"","background-media":"","overlay-type":"","overlay-color":"","overlay-opacity":"","overlay-gradient":""},"tablet":{"background-color":"var(--ast-global-color-5)","background-image":"","background-repeat":"repeat","background-position":"center center","background-size":"auto","background-attachment":"scroll","background-type":"","background-media":"","overlay-type":"","overlay-color":"","overlay-opacity":"","overlay-gradient":""},"mobile":{"background-color":"var(--ast-global-color-5)","background-image":"","background-repeat":"repeat","background-position":"center center","background-size":"auto","background-attachment":"scroll","background-type":"","background-media":"","overlay-type":"","overlay-color":"","overlay-opacity":"","overlay-gradient":""}},"footnotes":""},"class_list":["post-21003","page","type-page","status-publish","hentry"],"yoast_head":"<!-- This site is optimized with the Yoast SEO Premium plugin v27.2 (Yoast SEO v27.3) - https:\/\/yoast.com\/product\/yoast-seo-premium-wordpress\/ -->\n<title>Doctor of Science (Dr.Sc.) - Online at Azteca Uni. via Avrio Institute<\/title>\n<meta name=\"description\" content=\"Doctor of the University in Science and Technology areas (Dr.Sc.) provided by Azteca University distantly through Avrio Institute in Geneva\" \/>\n<meta name=\"robots\" content=\"index, follow, max-snippet:-1, max-image-preview:large, max-video-preview:-1\" \/>\n<link rel=\"canonical\" href=\"https:\/\/avrio.edu.eu\/fr\/usc\/azteca-university\/doctor-of-science\/\" \/>\n<meta property=\"og:locale\" content=\"fr_FR\" \/>\n<meta property=\"og:type\" content=\"article\" \/>\n<meta property=\"og:title\" content=\"Doctor of Science (Dr.Sc.) - The International Research Study Programs - Avrio Institute\" \/>\n<meta property=\"og:description\" content=\"Doctor of the University in Science and Technology areas (Dr.Sc.) provided by Azteca University distantly through Avrio Institute in Geneva\" \/>\n<meta property=\"og:url\" content=\"https:\/\/avrio.edu.eu\/fr\/usc\/azteca-university\/doctor-of-science\/\" \/>\n<meta property=\"og:site_name\" content=\"The International Research Study Programs - Avrio Institute\" \/>\n<meta property=\"article:publisher\" content=\"https:\/\/www.facebook.com\/institutavriodegeneve\/\" \/>\n<meta property=\"article:modified_time\" content=\"2026-02-11T19:33:26+00:00\" \/>\n<meta property=\"og:image\" content=\"https:\/\/avrio.edu.eu\/new\/wp-content\/uploads\/2021\/12\/Mexican-Qualifications-Framework.jpg\" \/>\n\t<meta property=\"og:image:width\" content=\"1770\" \/>\n\t<meta property=\"og:image:height\" content=\"1780\" \/>\n\t<meta property=\"og:image:type\" content=\"image\/jpeg\" \/>\n<meta name=\"twitter:card\" content=\"summary_large_image\" \/>\n<meta name=\"twitter:site\" content=\"@AvrioDeGeneve\" \/>\n<meta name=\"twitter:label1\" content=\"Dur\u00e9e de lecture estim\u00e9e\" \/>\n\t<meta name=\"twitter:data1\" content=\"2 minutes\" \/>\n<script type=\"application\/ld+json\" class=\"yoast-schema-graph\">{\"@context\":\"https:\\\/\\\/schema.org\",\"@graph\":[{\"@type\":\"WebPage\",\"@id\":\"https:\\\/\\\/avrio.edu.eu\\\/usc\\\/azteca-university\\\/doctor-of-science\\\/\",\"url\":\"https:\\\/\\\/avrio.edu.eu\\\/usc\\\/azteca-university\\\/doctor-of-science\\\/\",\"name\":\"Doctor of Science (Dr.Sc.) - Online at Azteca Uni. via Avrio Institute\",\"isPartOf\":{\"@id\":\"https:\\\/\\\/avrio.edu.eu\\\/#website\"},\"primaryImageOfPage\":{\"@id\":\"https:\\\/\\\/avrio.edu.eu\\\/usc\\\/azteca-university\\\/doctor-of-science\\\/#primaryimage\"},\"image\":{\"@id\":\"https:\\\/\\\/avrio.edu.eu\\\/usc\\\/azteca-university\\\/doctor-of-science\\\/#primaryimage\"},\"thumbnailUrl\":\"https:\\\/\\\/avrio.edu.eu\\\/new\\\/wp-content\\\/uploads\\\/2021\\\/12\\\/Mexican-Qualifications-Framework-298x300.jpg\",\"datePublished\":\"2021-12-18T01:29:02+00:00\",\"dateModified\":\"2026-02-11T19:33:26+00:00\",\"description\":\"Doctor of the University in Science and Technology areas (Dr.Sc.) provided by Azteca University distantly through Avrio Institute in Geneva\",\"breadcrumb\":{\"@id\":\"https:\\\/\\\/avrio.edu.eu\\\/usc\\\/azteca-university\\\/doctor-of-science\\\/#breadcrumb\"},\"inLanguage\":\"fr-FR\",\"potentialAction\":[{\"@type\":\"ReadAction\",\"target\":[\"https:\\\/\\\/avrio.edu.eu\\\/usc\\\/azteca-university\\\/doctor-of-science\\\/\"]}]},{\"@type\":\"ImageObject\",\"inLanguage\":\"fr-FR\",\"@id\":\"https:\\\/\\\/avrio.edu.eu\\\/usc\\\/azteca-university\\\/doctor-of-science\\\/#primaryimage\",\"url\":\"https:\\\/\\\/avrio.edu.eu\\\/new\\\/wp-content\\\/uploads\\\/2021\\\/12\\\/Mexican-Qualifications-Framework-298x300.jpg\",\"contentUrl\":\"https:\\\/\\\/avrio.edu.eu\\\/new\\\/wp-content\\\/uploads\\\/2021\\\/12\\\/Mexican-Qualifications-Framework-298x300.jpg\"},{\"@type\":\"BreadcrumbList\",\"@id\":\"https:\\\/\\\/avrio.edu.eu\\\/usc\\\/azteca-university\\\/doctor-of-science\\\/#breadcrumb\",\"itemListElement\":[{\"@type\":\"ListItem\",\"position\":1,\"name\":\"Home\",\"item\":\"https:\\\/\\\/avrio.edu.eu\\\/\"},{\"@type\":\"ListItem\",\"position\":2,\"name\":\"Universities Studies Center\",\"item\":\"https:\\\/\\\/avrio.edu.eu\\\/usc\\\/\"},{\"@type\":\"ListItem\",\"position\":3,\"name\":\"Azteca University\",\"item\":\"https:\\\/\\\/avrio.edu.eu\\\/usc\\\/azteca-university\\\/\"},{\"@type\":\"ListItem\",\"position\":4,\"name\":\"Doctor of Science (Dr.Sc.)\"}]},{\"@type\":\"WebSite\",\"@id\":\"https:\\\/\\\/avrio.edu.eu\\\/#website\",\"url\":\"https:\\\/\\\/avrio.edu.eu\\\/\",\"name\":\"The Postgraduate and Research Studies at Avrio Institute\",\"description\":\"For Bachelor&#039;s, Master&#039;s and Doctorate - In cooperation with Azteca University\",\"publisher\":{\"@id\":\"https:\\\/\\\/avrio.edu.eu\\\/#organization\"},\"alternateName\":\"Avrio for Research Studies\",\"potentialAction\":[{\"@type\":\"SearchAction\",\"target\":{\"@type\":\"EntryPoint\",\"urlTemplate\":\"https:\\\/\\\/avrio.edu.eu\\\/?s={search_term_string}\"},\"query-input\":{\"@type\":\"PropertyValueSpecification\",\"valueRequired\":true,\"valueName\":\"search_term_string\"}}],\"inLanguage\":\"fr-FR\"},{\"@type\":\"Organization\",\"@id\":\"https:\\\/\\\/avrio.edu.eu\\\/#organization\",\"name\":\"Institut Avrio de Gen\u00e8ve\",\"alternateName\":\"Avrio Institute\",\"url\":\"https:\\\/\\\/avrio.edu.eu\\\/\",\"logo\":{\"@type\":\"ImageObject\",\"inLanguage\":\"fr-FR\",\"@id\":\"https:\\\/\\\/avrio.edu.eu\\\/#\\\/schema\\\/logo\\\/image\\\/\",\"url\":\"https:\\\/\\\/avrio.edu.eu\\\/new\\\/wp-content\\\/uploads\\\/2020\\\/04\\\/logo-new-gw.png\",\"contentUrl\":\"https:\\\/\\\/avrio.edu.eu\\\/new\\\/wp-content\\\/uploads\\\/2020\\\/04\\\/logo-new-gw.png\",\"width\":850,\"height\":850,\"caption\":\"Institut Avrio de Gen\u00e8ve\"},\"image\":{\"@id\":\"https:\\\/\\\/avrio.edu.eu\\\/#\\\/schema\\\/logo\\\/image\\\/\"},\"sameAs\":[\"https:\\\/\\\/www.facebook.com\\\/institutavriodegeneve\\\/\",\"https:\\\/\\\/x.com\\\/AvrioDeGeneve\",\"https:\\\/\\\/www.instagram.com\\\/institutavriodegeneve\\\/\",\"https:\\\/\\\/www.linkedin.com\\\/in\\\/avrio-de-geneve-024392194\\\/\",\"https:\\\/\\\/www.youtube.com\\\/channel\\\/UCPP2orNhGglhisZlldUbnkQ\"]}]}<\/script>\n<!-- \/ Yoast SEO Premium plugin. -->","yoast_head_json":{"title":"Doctor of Science (Dr.Sc.) - En ligne \u00e0 Azteca Uni. via l&#039;Institut Avrio","description":"Doctorat de l&#039;Universit\u00e9 dans les domaines de la science et de la technologie (Dr.Sc.) fourni par l&#039;Universit\u00e9 Azteca \u00e0 distance via l&#039;Institut Avrio \u00e0 Gen\u00e8ve","robots":{"index":"index","follow":"follow","max-snippet":"max-snippet:-1","max-image-preview":"max-image-preview:large","max-video-preview":"max-video-preview:-1"},"canonical":"https:\/\/avrio.edu.eu\/fr\/usc\/azteca-university\/doctor-of-science\/","og_locale":"fr_FR","og_type":"article","og_title":"Doctor of Science (Dr.Sc.) - The International Research Study Programs - Avrio Institute","og_description":"Doctor of the University in Science and Technology areas (Dr.Sc.) provided by Azteca University distantly through Avrio Institute in Geneva","og_url":"https:\/\/avrio.edu.eu\/fr\/usc\/azteca-university\/doctor-of-science\/","og_site_name":"The International Research Study Programs - Avrio Institute","article_publisher":"https:\/\/www.facebook.com\/institutavriodegeneve\/","article_modified_time":"2026-02-11T19:33:26+00:00","og_image":[{"width":1770,"height":1780,"url":"https:\/\/avrio.edu.eu\/new\/wp-content\/uploads\/2021\/12\/Mexican-Qualifications-Framework.jpg","type":"image\/jpeg"}],"twitter_card":"summary_large_image","twitter_site":"@AvrioDeGeneve","twitter_misc":{"Dur\u00e9e de lecture estim\u00e9e":"2 minutes"},"schema":{"@context":"https:\/\/schema.org","@graph":[{"@type":"WebPage","@id":"https:\/\/avrio.edu.eu\/usc\/azteca-university\/doctor-of-science\/","url":"https:\/\/avrio.edu.eu\/usc\/azteca-university\/doctor-of-science\/","name":"Doctor of Science (Dr.Sc.) - En ligne \u00e0 Azteca Uni. via l&#039;Institut Avrio","isPartOf":{"@id":"https:\/\/avrio.edu.eu\/#website"},"primaryImageOfPage":{"@id":"https:\/\/avrio.edu.eu\/usc\/azteca-university\/doctor-of-science\/#primaryimage"},"image":{"@id":"https:\/\/avrio.edu.eu\/usc\/azteca-university\/doctor-of-science\/#primaryimage"},"thumbnailUrl":"https:\/\/avrio.edu.eu\/new\/wp-content\/uploads\/2021\/12\/Mexican-Qualifications-Framework-298x300.jpg","datePublished":"2021-12-18T01:29:02+00:00","dateModified":"2026-02-11T19:33:26+00:00","description":"Doctorat de l&#039;Universit\u00e9 dans les domaines de la science et de la technologie (Dr.Sc.) fourni par l&#039;Universit\u00e9 Azteca \u00e0 distance via l&#039;Institut Avrio \u00e0 Gen\u00e8ve","breadcrumb":{"@id":"https:\/\/avrio.edu.eu\/usc\/azteca-university\/doctor-of-science\/#breadcrumb"},"inLanguage":"fr-FR","potentialAction":[{"@type":"ReadAction","target":["https:\/\/avrio.edu.eu\/usc\/azteca-university\/doctor-of-science\/"]}]},{"@type":"ImageObject","inLanguage":"fr-FR","@id":"https:\/\/avrio.edu.eu\/usc\/azteca-university\/doctor-of-science\/#primaryimage","url":"https:\/\/avrio.edu.eu\/new\/wp-content\/uploads\/2021\/12\/Mexican-Qualifications-Framework-298x300.jpg","contentUrl":"https:\/\/avrio.edu.eu\/new\/wp-content\/uploads\/2021\/12\/Mexican-Qualifications-Framework-298x300.jpg"},{"@type":"BreadcrumbList","@id":"https:\/\/avrio.edu.eu\/usc\/azteca-university\/doctor-of-science\/#breadcrumb","itemListElement":[{"@type":"ListItem","position":1,"name":"Home","item":"https:\/\/avrio.edu.eu\/"},{"@type":"ListItem","position":2,"name":"Universities Studies Center","item":"https:\/\/avrio.edu.eu\/usc\/"},{"@type":"ListItem","position":3,"name":"Azteca University","item":"https:\/\/avrio.edu.eu\/usc\/azteca-university\/"},{"@type":"ListItem","position":4,"name":"Doctor of Science (Dr.Sc.)"}]},{"@type":"WebSite","@id":"https:\/\/avrio.edu.eu\/#website","url":"https:\/\/avrio.edu.eu\/","name":"\u00c9tudes de troisi\u00e8me cycle et de recherche \u00e0 l&#039;Institut Avrio","description":"Pour les Licences, Masters et Doctorats - En coop\u00e9ration avec l&#039;Universit\u00e9 Azteca","publisher":{"@id":"https:\/\/avrio.edu.eu\/#organization"},"alternateName":"Avrio for Research Studies","potentialAction":[{"@type":"SearchAction","target":{"@type":"EntryPoint","urlTemplate":"https:\/\/avrio.edu.eu\/?s={search_term_string}"},"query-input":{"@type":"PropertyValueSpecification","valueRequired":true,"valueName":"search_term_string"}}],"inLanguage":"fr-FR"},{"@type":"Organization","@id":"https:\/\/avrio.edu.eu\/#organization","name":"Institut Avrio de Gen\u00e8ve","alternateName":"Avrio Institute","url":"https:\/\/avrio.edu.eu\/","logo":{"@type":"ImageObject","inLanguage":"fr-FR","@id":"https:\/\/avrio.edu.eu\/#\/schema\/logo\/image\/","url":"https:\/\/avrio.edu.eu\/new\/wp-content\/uploads\/2020\/04\/logo-new-gw.png","contentUrl":"https:\/\/avrio.edu.eu\/new\/wp-content\/uploads\/2020\/04\/logo-new-gw.png","width":850,"height":850,"caption":"Institut Avrio de Gen\u00e8ve"},"image":{"@id":"https:\/\/avrio.edu.eu\/#\/schema\/logo\/image\/"},"sameAs":["https:\/\/www.facebook.com\/institutavriodegeneve\/","https:\/\/x.com\/AvrioDeGeneve","https:\/\/www.instagram.com\/institutavriodegeneve\/","https:\/\/www.linkedin.com\/in\/avrio-de-geneve-024392194\/","https:\/\/www.youtube.com\/channel\/UCPP2orNhGglhisZlldUbnkQ"]}]}},"_links":{"self":[{"href":"https:\/\/avrio.edu.eu\/fr\/wp-json\/wp\/v2\/pages\/21003","targetHints":{"allow":["GET"]}}],"collection":[{"href":"https:\/\/avrio.edu.eu\/fr\/wp-json\/wp\/v2\/pages"}],"about":[{"href":"https:\/\/avrio.edu.eu\/fr\/wp-json\/wp\/v2\/types\/page"}],"author":[{"embeddable":true,"href":"https:\/\/avrio.edu.eu\/fr\/wp-json\/wp\/v2\/users\/16"}],"replies":[{"embeddable":true,"href":"https:\/\/avrio.edu.eu\/fr\/wp-json\/wp\/v2\/comments?post=21003"}],"version-history":[{"count":1,"href":"https:\/\/avrio.edu.eu\/fr\/wp-json\/wp\/v2\/pages\/21003\/revisions"}],"predecessor-version":[{"id":24588,"href":"https:\/\/avrio.edu.eu\/fr\/wp-json\/wp\/v2\/pages\/21003\/revisions\/24588"}],"up":[{"embeddable":true,"href":"https:\/\/avrio.edu.eu\/fr\/wp-json\/wp\/v2\/pages\/20795"}],"wp:attachment":[{"href":"https:\/\/avrio.edu.eu\/fr\/wp-json\/wp\/v2\/media?parent=21003"}],"curies":[{"name":"wp","href":"https:\/\/api.w.org\/{rel}","templated":true}]}}