{"id":21292,"date":"2021-12-27T12:55:31","date_gmt":"2021-12-27T11:55:31","guid":{"rendered":"https:\/\/avrio.edu.eu\/?page_id=21292"},"modified":"2026-02-23T12:23:11","modified_gmt":"2026-02-23T11:23:11","slug":"credits-transfer","status":"publish","type":"page","link":"https:\/\/avrio.edu.eu\/fr\/usc\/azteca-university\/own-degree\/credits-transfer\/","title":{"rendered":"A University Degree Through Credit Transfer"},"content":{"rendered":"<p style=\"text-align: center;\">\t\t<div data-elementor-type=\"container\" data-elementor-id=\"24129\" class=\"elementor elementor-24129\" data-elementor-post-type=\"elementor_library\">\n\t\t\t\t<div class=\"elementor-element elementor-element-a264124 e-con-full e-flex e-con e-parent\" data-id=\"a264124\" data-element_type=\"container\" data-e-type=\"container\" data-settings=\"{&quot;jet_parallax_layout_list&quot;:[]}\">\n\t\t<div class=\"elementor-element elementor-element-c09b2ef e-con-full e-flex e-con e-child\" data-id=\"c09b2ef\" data-element_type=\"container\" data-e-type=\"container\" data-settings=\"{&quot;jet_parallax_layout_list&quot;:[]}\">\n\t\t<div class=\"elementor-element elementor-element-8ec8ca4 e-con-full e-flex e-con e-child\" data-id=\"8ec8ca4\" data-element_type=\"container\" data-e-type=\"container\" data-settings=\"{&quot;jet_parallax_layout_list&quot;:[]}\">\n\t\t\t\t<div class=\"elementor-element elementor-element-6308053 elementor-widget elementor-widget-heading\" data-id=\"6308053\" data-element_type=\"widget\" data-e-type=\"widget\" data-widget_type=\"heading.default\">\n\t\t\t\t<div class=\"elementor-widget-container\">\n\t\t\t\t\t<h2 class=\"elementor-heading-title elementor-size-default\"><a href=\"https:\/\/avrio.edu.eu\/fr\/usc\/azteca-university\/own-degree\/credits-transfer\/\"><div class=\"su-heading su-heading-style-default su-heading-align-center\" id=\"\" style=\"font-size:18px;margin-bottom:20px\"><div class=\"su-heading-inner\">Fast-Track Your Master&#039;s or Doctoral degree through credit transfer<\/div><\/div><\/a><\/h2>\t\t\t\t<\/div>\n\t\t\t\t<\/div>\n\t\t\t\t<div class=\"elementor-element elementor-element-d985084 elementor-widget elementor-widget-text-editor\" data-id=\"d985084\" data-element_type=\"widget\" data-e-type=\"widget\" data-widget_type=\"text-editor.default\">\n\t\t\t\t<div class=\"elementor-widget-container\">\n\t\t\t\t\t\t\t\t\t<h2 style=\"text-align: center;\" align=\"center\"><span style=\"font-size: 14pt;\"><strong><em><a href=\"https:\/\/avrio.edu.eu\/fr\/usc\/azteca-university\/own-degree\/\">Azteca University Dipl\u00f4mes propres<\/a><\/em><\/strong><\/span><\/h2><p style=\"text-align: left;\" align=\"center\"><strong><span style=\"font-size: 10pt;\">Programmes de licence et de master : <a href=\"https:\/\/avrio.edu.eu\/fr\/usc\/azteca-university\/own-degree\/credits-transfer\/\">Par transfert de cr\u00e9dits<\/a> | <a href=\"https:\/\/avrio.edu.eu\/fr\/usc\/azteca-university\/own-degree\/degree-validation\/\">Par validation de dipl\u00f4me<\/a> | <a href=\"https:\/\/avrio.edu.eu\/fr\/usc\/azteca-university\/own-degree\/prior-learning-assessment\/\">Par \u00e9valuation des acquis<\/a> | <a href=\"https:\/\/avrio.edu.eu\/fr\/usc\/azteca-university\/own-degree\/au-professional-certification\/\">Par Certification Professionnelle<\/a><\/span><\/strong><\/p><p style=\"text-align: left;\" align=\"center\"><strong><span style=\"font-size: 10pt;\">Programmes de doctorat : <a href=\"https:\/\/avrio.edu.eu\/fr\/usc\/azteca-university\/own-degree\/doctor-of-the-university\/by-thesis\/\">Par th\u00e8se<\/a> | <a href=\"https:\/\/avrio.edu.eu\/fr\/usc\/azteca-university\/own-degree\/doctor-of-the-university\/prior-learning-assessment\/\">par \u00e9valuation des acquis<\/a> | <a href=\"https:\/\/avrio.edu.eu\/fr\/usc\/azteca-university\/own-degree\/doctor-of-the-university\/by-prior-output-and-by-achievement\/\">Par r\u00e9sultat ant\u00e9rieur et par r\u00e9alisation<\/a> | <a href=\"https:\/\/avrio.edu.eu\/fr\/usc\/azteca-university\/own-degree\/doctor-of-the-university\/by-publication\/\">Par publication<\/a><\/span><\/strong><\/p><p style=\"text-align: left;\" align=\"center\"><strong><a href=\"https:\/\/avrio.edu.eu\/fr\/usc\/azteca-university\/own-degree\/post-doctoral-research-programs\/\">Post-Doctoral Program<\/a>: D.Sc. in Science in Engineering and Technology <span style=\"color: #2ec4b6;\">|<\/span> D.Litt. in Business, Humanities, Social Sciences, Design, and Creative Arts <span style=\"color: #2ec4b6;\">|<\/span> LL.D. in Law <span style=\"color: #2ec4b6;\">|<\/span> Related disciplines available as well <span style=\"color: #2ec4b6;\">|<\/span> By the mentioned-above methods<\/strong><\/p>\t\t\t\t\t\t\t\t<\/div>\n\t\t\t\t<\/div>\n\t\t\t\t<div class=\"elementor-element elementor-element-469c6f6 elementor-headline--style-highlight elementor-widget elementor-widget-animated-headline\" data-id=\"469c6f6\" data-element_type=\"widget\" data-e-type=\"widget\" data-settings=\"{&quot;marker&quot;:&quot;curly&quot;,&quot;highlighted_text&quot;:&quot;is Available&quot;,&quot;headline_style&quot;:&quot;highlight&quot;,&quot;highlight_animation_duration&quot;:1200}\" data-widget_type=\"animated-headline.default\">\n\t\t\t\t<div class=\"elementor-widget-container\">\n\t\t\t\t\t\t\t\t<a href=\"https:\/\/avrio.edu.eu\/fr\/contact\/\">\n\n\t\t\t\t\t<div class=\"elementor-headline\">\n\t\t\t\t\t<span class=\"elementor-headline-plain-text elementor-headline-text-wrapper\">Honorary Doctorate Program<\/span>\n\t\t\t\t<span class=\"elementor-headline-dynamic-wrapper elementor-headline-text-wrapper\">\n\t\t\t\t\t<span class=\"elementor-headline-dynamic-text elementor-headline-text-active\">is Available<\/span>\n\t\t\t\t<\/span>\n\t\t\t\t\t<span class=\"elementor-headline-plain-text elementor-headline-text-wrapper\">Pour plus d&#039;informations, veuillez nous contacter<\/span>\n\t\t\t\t\t<\/div>\n\t\t<\/a>\t\t\t\t<\/div>\n\t\t\t\t<\/div>\n\t\t\t\t<\/div>\n\t\t\t\t<\/div>\n\t\t\t\t<\/div>\n\t\t<div class=\"elementor-element elementor-element-3147449 e-con-full e-flex e-con e-parent\" data-id=\"3147449\" data-element_type=\"container\" data-e-type=\"container\" data-settings=\"{&quot;jet_parallax_layout_list&quot;:[]}\">\n\t\t\t\t<div class=\"elementor-element elementor-element-b630c6e elementor-widget-divider--view-line elementor-widget elementor-widget-divider\" data-id=\"b630c6e\" data-element_type=\"widget\" data-e-type=\"widget\" data-widget_type=\"divider.default\">\n\t\t\t\t<div class=\"elementor-widget-container\">\n\t\t\t\t\t\t\t<div class=\"elementor-divider\">\n\t\t\t<span class=\"elementor-divider-separator\">\n\t\t\t\t\t\t<\/span>\n\t\t<\/div>\n\t\t\t\t\t\t<\/div>\n\t\t\t\t<\/div>\n\t\t\t\t<\/div>\n\t\t\t\t<\/div>\n\t\t\n<h2 style=\"text-align: left;\"><span style=\"font-size: 10pt;\">Fast-Track Your Master&#039;s or Doctoral degree through credit transfer<\/span><\/h2>\n<h2 style=\"text-align: justify;\"><span style=\"text-decoration: underline; color: #000000;\"><span class=\"internallink\"><strong>Option 1) Reconnaissance des cr\u00e9dits de transfert<\/strong><\/span><\/span><\/h2>\n<p style=\"text-align: justify;\">The learning that can be recognised by credentials and certificates of previously passed tests offers a much less complicated evaluation than is possible with portfolio validation of prior learning.<\/p>\n<p style=\"text-align: justify;\">Candidates who have earned enough credits in prior coursework leading to any degree can transfer their credits from a variety of sources into one degree awarded by Universidad Azteca in the Advanced Studies area.<\/p>\n<p style=\"text-align: justify;\">Ce programme est diff\u00e9rent du <a href=\"https:\/\/avrio.edu.eu\/fr\/usc\/azteca-university\/own-degree\/professional-certification\/\">certificat professionel<\/a> (<a href=\"https:\/\/avrio.edu.eu\/fr\/usc\/azteca-university\/own-degree\/master-of-university\/professional-studies\/\">\u00c9tudes professionnelles<\/a>) et la Validation de <a href=\"https:\/\/avrio.edu.eu\/fr\/usc\/azteca-university\/own-degree\/prior-learning-assessment\/\">Apprentissage ant\u00e9rieur<\/a> (<a href=\"https:\/\/avrio.edu.eu\/fr\/usc\/azteca-university\/own-degree\/master-of-university\/individual-studies\/\">\u00c9tudes individuelles<\/a>) parce qu&#039;il repose enti\u00e8rement sur la reconnaissance des cr\u00e9dits de transfert d\u00e9j\u00e0 acquis au niveau postsecondaire.<\/p>\n<p style=\"text-align: justify;\">Exigences de dipl\u00f4me pour le <a href=\"https:\/\/avrio.edu.eu\/fr\/usc\/azteca-university\/own-degree\/master-of-university\/advanced-studies\/\">Master d&#039;\u00e9tudes avanc\u00e9es<\/a> ou la <a href=\"https:\/\/avrio.edu.eu\/fr\/usc\/azteca-university\/mba-emba\/\">MBA<\/a>: At least a professional qualification at level 5 or 6 of the European Qualifications Framework as an entry requirement, plus professional documented 60 ECTS credits earned.<\/p>\n<h3 style=\"text-align: justify;\"><strong>Gagnez du cr\u00e9dit par virement<\/strong><\/h3>\n<p style=\"text-align: justify;\">Les cr\u00e9dits accept\u00e9s par transfert par l&#039;Universidad Azteca ne peuvent provenir que de coll\u00e8ges et d&#039;universit\u00e9s accr\u00e9dit\u00e9s au niveau r\u00e9gional. Les \u00e9l\u00e9ments suivants incluent les exp\u00e9riences \u00e9ducatives de niveau coll\u00e9gial que l&#039;Universidad Azteca peut accepter pour cr\u00e9dit par transfert\u00a0:<\/p>\n<h3 style=\"text-align: justify;\"><strong><em>Coll\u00e8ges et universit\u00e9s accr\u00e9dit\u00e9s<\/em><\/strong><\/h3>\n<p style=\"text-align: justify;\">Credits earned at a college or university that is accredited or a candidate for accreditation by an institutional accrediting body may be transferred to Universidad Azteca regardless of the number of institutions attended. Universidad Azteca does not transfer courses with no passing grades.<\/p>\n<p style=\"text-align: justify;\">Students may be required to provide course descriptions or a copy of the catalogue from the institution where the courses were taken, to enable course-by-course evaluations when determining if such courses can be accepted toward the degree requirements of Universidad Azteca degrees. If descriptions are needed, these should be requested from the registrar of the college(s) where the courses were completed. An official transcript from each institution to be evaluated must be submitted. Universidad Azteca will not accept credits listed as &#8220;transfer&#8221; on an institution&#8217;s transcript.<\/p>\n<p style=\"text-align: justify;\">Universidad Azteca will accept credits from foreign colleges that are recognised by the educational authority of that country, and listed in one of the publications, including recognised colleges and universities.<\/p>\n<h3 style=\"text-align: justify;\"><strong><span style=\"color: #000000;\"><em class=\"internallink\">Acceptance of Credits from Postgraduate Programmes<\/em><\/span><\/strong><\/h3>\n<p style=\"text-align: justify;\">L&#039;Universidad Azteca acceptera des cr\u00e9dits de travaux de troisi\u00e8me cycle pour postuler \u00e0 un programme.<\/p>\n<h3 style=\"text-align: justify;\"><strong><em>D\u00e9monstration de la monnaie<\/em><\/strong><\/h3>\n<p style=\"text-align: justify;\">Because of the rapid changes occurring in technological and business fields today, it is important for today&#8217;s college graduates to maintain up-to-date knowledge in their field. Therefore, it may be necessary for students to &#8220;demonstrate currency&#8221; to transfer credits previously earned at other accredited colleges and universities.<\/p>\n<p style=\"text-align: justify;\">La d\u00e9monstration de la devise fait r\u00e9f\u00e9rence au transfert de cr\u00e9dits. Si les cr\u00e9dits que vous souhaitez transf\u00e9rer \u00e0 l&#039;Universit\u00e9 ont plus de 10 ans au moment de la demande \u00e0 l&#039;Universit\u00e9, vous devrez d\u00e9montrer l&#039;actualit\u00e9 de ces cours. Vous pouvez valider ces cr\u00e9dits de transfert en remplissant une conf\u00e9rence orale avec un consultant du corps professoral couvrant les d\u00e9veloppements contemporains dans le sujet \u00e0 port\u00e9e de main. Vous devez \u00eatre inscrit \u00e0 l&#039;Universit\u00e9 pour effectuer cette proc\u00e9dure.<\/p>\n<p style=\"text-align: justify;\"><a href=\"https:\/\/avrio.edu.eu\/fr\/?attachment_id=21290\">T\u00c9L\u00c9CHARGER LE DOSSIER D&#039;INFORMATIONS DE VALIDATION (PDF)<\/a><\/p>","protected":false},"excerpt":{"rendered":"<p>Option 1) Recognition of Transfer Credits The learning that can be recognised by credentials and certificates of previously passed tests offers a much less complicated evaluation than is possible with portfolio validation of prior learning. Candidates who have earned enough credits in prior coursework leading to any degree can transfer their credits from a variety [&hellip;]<\/p>\n","protected":false},"author":16,"featured_media":0,"parent":21267,"menu_order":0,"comment_status":"closed","ping_status":"closed","template":"","meta":{"site-sidebar-layout":"default","site-content-layout":"","ast-site-content-layout":"default","site-content-style":"default","site-sidebar-style":"default","ast-global-header-display":"","ast-banner-title-visibility":"","ast-main-header-display":"","ast-hfb-above-header-display":"","ast-hfb-below-header-display":"","ast-hfb-mobile-header-display":"","site-post-title":"","ast-breadcrumbs-content":"","ast-featured-img":"","footer-sml-layout":"","ast-disable-related-posts":"","theme-transparent-header-meta":"default","adv-header-id-meta":"","stick-header-meta":"default","header-above-stick-meta":"","header-main-stick-meta":"","header-below-stick-meta":"","astra-migrate-meta-layouts":"set","ast-page-background-enabled":"default","ast-page-background-meta":{"desktop":{"background-color":"var(--ast-global-color-4)","background-image":"","background-repeat":"repeat","background-position":"center center","background-size":"auto","background-attachment":"scroll","background-type":"","background-media":"","overlay-type":"","overlay-color":"","overlay-opacity":"","overlay-gradient":""},"tablet":{"background-color":"","background-image":"","background-repeat":"repeat","background-position":"center center","background-size":"auto","background-attachment":"scroll","background-type":"","background-media":"","overlay-type":"","overlay-color":"","overlay-opacity":"","overlay-gradient":""},"mobile":{"background-color":"","background-image":"","background-repeat":"repeat","background-position":"center center","background-size":"auto","background-attachment":"scroll","background-type":"","background-media":"","overlay-type":"","overlay-color":"","overlay-opacity":"","overlay-gradient":""}},"ast-content-background-meta":{"desktop":{"background-color":"var(--ast-global-color-5)","background-image":"","background-repeat":"repeat","background-position":"center center","background-size":"auto","background-attachment":"scroll","background-type":"","background-media":"","overlay-type":"","overlay-color":"","overlay-opacity":"","overlay-gradient":""},"tablet":{"background-color":"var(--ast-global-color-5)","background-image":"","background-repeat":"repeat","background-position":"center center","background-size":"auto","background-attachment":"scroll","background-type":"","background-media":"","overlay-type":"","overlay-color":"","overlay-opacity":"","overlay-gradient":""},"mobile":{"background-color":"var(--ast-global-color-5)","background-image":"","background-repeat":"repeat","background-position":"center center","background-size":"auto","background-attachment":"scroll","background-type":"","background-media":"","overlay-type":"","overlay-color":"","overlay-opacity":"","overlay-gradient":""}},"footnotes":""},"class_list":["post-21292","page","type-page","status-publish","hentry"],"yoast_head":"<!-- This site is optimized with the Yoast SEO Premium plugin v27.2 (Yoast SEO v27.3) - https:\/\/yoast.com\/product\/yoast-seo-premium-wordpress\/ -->\n<title>Master &amp; Doctorate By Credit Transfer | Azteca Uni. via Avrio Institute<\/title>\n<meta name=\"description\" content=\"Want to finish your degree faster? Learn how to transfer your existing credits and professional certifications into a university Master&#039;s or Doctoral degree.\" \/>\n<meta name=\"robots\" content=\"index, follow, max-snippet:-1, max-image-preview:large, max-video-preview:-1\" \/>\n<link rel=\"canonical\" href=\"https:\/\/avrio.edu.eu\/fr\/usc\/azteca-university\/own-degree\/credits-transfer\/\" \/>\n<meta property=\"og:locale\" content=\"fr_FR\" \/>\n<meta property=\"og:type\" content=\"article\" \/>\n<meta property=\"og:title\" content=\"A University Degree Through Credit Transfer - The International Research Study Programs - Avrio Institute\" \/>\n<meta property=\"og:description\" content=\"Want to finish your degree faster? Learn how to transfer your existing credits and professional certifications into a university Master&#039;s or Doctoral degree.\" \/>\n<meta property=\"og:url\" content=\"https:\/\/avrio.edu.eu\/fr\/usc\/azteca-university\/own-degree\/credits-transfer\/\" \/>\n<meta property=\"og:site_name\" content=\"The International Research Study Programs - Avrio Institute\" \/>\n<meta property=\"article:publisher\" content=\"https:\/\/www.facebook.com\/institutavriodegeneve\/\" \/>\n<meta property=\"article:modified_time\" content=\"2026-02-23T11:23:11+00:00\" \/>\n<meta property=\"og:image\" content=\"https:\/\/avrio.edu.eu\/new\/wp-content\/uploads\/2020\/04\/logo-new-gw.png\" \/>\n\t<meta property=\"og:image:width\" content=\"850\" \/>\n\t<meta property=\"og:image:height\" content=\"850\" \/>\n\t<meta property=\"og:image:type\" content=\"image\/png\" \/>\n<meta name=\"twitter:card\" content=\"summary_large_image\" \/>\n<meta name=\"twitter:site\" content=\"@AvrioDeGeneve\" \/>\n<meta name=\"twitter:label1\" content=\"Dur\u00e9e de lecture estim\u00e9e\" \/>\n\t<meta name=\"twitter:data1\" content=\"3 minutes\" \/>\n<script type=\"application\/ld+json\" class=\"yoast-schema-graph\">{\"@context\":\"https:\\\/\\\/schema.org\",\"@graph\":[{\"@type\":\"WebPage\",\"@id\":\"https:\\\/\\\/avrio.edu.eu\\\/usc\\\/azteca-university\\\/own-degree\\\/credits-transfer\\\/\",\"url\":\"https:\\\/\\\/avrio.edu.eu\\\/usc\\\/azteca-university\\\/own-degree\\\/credits-transfer\\\/\",\"name\":\"Master & Doctorate By Credit Transfer | Azteca Uni. via Avrio Institute\",\"isPartOf\":{\"@id\":\"https:\\\/\\\/avrio.edu.eu\\\/#website\"},\"datePublished\":\"2021-12-27T11:55:31+00:00\",\"dateModified\":\"2026-02-23T11:23:11+00:00\",\"description\":\"Want to finish your degree faster? Learn how to transfer your existing credits and professional certifications into a university Master's or Doctoral degree.\",\"breadcrumb\":{\"@id\":\"https:\\\/\\\/avrio.edu.eu\\\/usc\\\/azteca-university\\\/own-degree\\\/credits-transfer\\\/#breadcrumb\"},\"inLanguage\":\"fr-FR\",\"potentialAction\":[{\"@type\":\"ReadAction\",\"target\":[\"https:\\\/\\\/avrio.edu.eu\\\/usc\\\/azteca-university\\\/own-degree\\\/credits-transfer\\\/\"]}]},{\"@type\":\"BreadcrumbList\",\"@id\":\"https:\\\/\\\/avrio.edu.eu\\\/usc\\\/azteca-university\\\/own-degree\\\/credits-transfer\\\/#breadcrumb\",\"itemListElement\":[{\"@type\":\"ListItem\",\"position\":1,\"name\":\"Home\",\"item\":\"https:\\\/\\\/avrio.edu.eu\\\/\"},{\"@type\":\"ListItem\",\"position\":2,\"name\":\"Universities Studies Center\",\"item\":\"https:\\\/\\\/avrio.edu.eu\\\/usc\\\/\"},{\"@type\":\"ListItem\",\"position\":3,\"name\":\"Azteca University\",\"item\":\"https:\\\/\\\/avrio.edu.eu\\\/usc\\\/azteca-university\\\/\"},{\"@type\":\"ListItem\",\"position\":4,\"name\":\"Azteca University Own degrees\",\"item\":\"https:\\\/\\\/avrio.edu.eu\\\/usc\\\/azteca-university\\\/own-degree\\\/\"},{\"@type\":\"ListItem\",\"position\":5,\"name\":\"A University Degree Through Credit Transfer\"}]},{\"@type\":\"WebSite\",\"@id\":\"https:\\\/\\\/avrio.edu.eu\\\/#website\",\"url\":\"https:\\\/\\\/avrio.edu.eu\\\/\",\"name\":\"The Postgraduate and Research Studies at Avrio Institute\",\"description\":\"For Bachelor&#039;s, Master&#039;s and Doctorate - In cooperation with Azteca University\",\"publisher\":{\"@id\":\"https:\\\/\\\/avrio.edu.eu\\\/#organization\"},\"alternateName\":\"Avrio for Research Studies\",\"potentialAction\":[{\"@type\":\"SearchAction\",\"target\":{\"@type\":\"EntryPoint\",\"urlTemplate\":\"https:\\\/\\\/avrio.edu.eu\\\/?s={search_term_string}\"},\"query-input\":{\"@type\":\"PropertyValueSpecification\",\"valueRequired\":true,\"valueName\":\"search_term_string\"}}],\"inLanguage\":\"fr-FR\"},{\"@type\":\"Organization\",\"@id\":\"https:\\\/\\\/avrio.edu.eu\\\/#organization\",\"name\":\"Institut Avrio de Gen\u00e8ve\",\"alternateName\":\"Avrio Institute\",\"url\":\"https:\\\/\\\/avrio.edu.eu\\\/\",\"logo\":{\"@type\":\"ImageObject\",\"inLanguage\":\"fr-FR\",\"@id\":\"https:\\\/\\\/avrio.edu.eu\\\/#\\\/schema\\\/logo\\\/image\\\/\",\"url\":\"https:\\\/\\\/avrio.edu.eu\\\/new\\\/wp-content\\\/uploads\\\/2020\\\/04\\\/logo-new-gw.png\",\"contentUrl\":\"https:\\\/\\\/avrio.edu.eu\\\/new\\\/wp-content\\\/uploads\\\/2020\\\/04\\\/logo-new-gw.png\",\"width\":850,\"height\":850,\"caption\":\"Institut Avrio de Gen\u00e8ve\"},\"image\":{\"@id\":\"https:\\\/\\\/avrio.edu.eu\\\/#\\\/schema\\\/logo\\\/image\\\/\"},\"sameAs\":[\"https:\\\/\\\/www.facebook.com\\\/institutavriodegeneve\\\/\",\"https:\\\/\\\/x.com\\\/AvrioDeGeneve\",\"https:\\\/\\\/www.instagram.com\\\/institutavriodegeneve\\\/\",\"https:\\\/\\\/www.linkedin.com\\\/in\\\/avrio-de-geneve-024392194\\\/\",\"https:\\\/\\\/www.youtube.com\\\/channel\\\/UCPP2orNhGglhisZlldUbnkQ\"]}]}<\/script>\n<!-- \/ Yoast SEO Premium plugin. -->","yoast_head_json":{"title":"Master & Doctorate By Credit Transfer | Azteca Uni. via Avrio Institute","description":"Want to finish your degree faster? Learn how to transfer your existing credits and professional certifications into a university Master's or Doctoral degree.","robots":{"index":"index","follow":"follow","max-snippet":"max-snippet:-1","max-image-preview":"max-image-preview:large","max-video-preview":"max-video-preview:-1"},"canonical":"https:\/\/avrio.edu.eu\/fr\/usc\/azteca-university\/own-degree\/credits-transfer\/","og_locale":"fr_FR","og_type":"article","og_title":"A University Degree Through Credit Transfer - The International Research Study Programs - Avrio Institute","og_description":"Want to finish your degree faster? Learn how to transfer your existing credits and professional certifications into a university Master's or Doctoral degree.","og_url":"https:\/\/avrio.edu.eu\/fr\/usc\/azteca-university\/own-degree\/credits-transfer\/","og_site_name":"The International Research Study Programs - Avrio Institute","article_publisher":"https:\/\/www.facebook.com\/institutavriodegeneve\/","article_modified_time":"2026-02-23T11:23:11+00:00","og_image":[{"width":850,"height":850,"url":"https:\/\/avrio.edu.eu\/new\/wp-content\/uploads\/2020\/04\/logo-new-gw.png","type":"image\/png"}],"twitter_card":"summary_large_image","twitter_site":"@AvrioDeGeneve","twitter_misc":{"Dur\u00e9e de lecture estim\u00e9e":"3 minutes"},"schema":{"@context":"https:\/\/schema.org","@graph":[{"@type":"WebPage","@id":"https:\/\/avrio.edu.eu\/usc\/azteca-university\/own-degree\/credits-transfer\/","url":"https:\/\/avrio.edu.eu\/usc\/azteca-university\/own-degree\/credits-transfer\/","name":"Master & Doctorate By Credit Transfer | Azteca Uni. via Avrio Institute","isPartOf":{"@id":"https:\/\/avrio.edu.eu\/#website"},"datePublished":"2021-12-27T11:55:31+00:00","dateModified":"2026-02-23T11:23:11+00:00","description":"Want to finish your degree faster? Learn how to transfer your existing credits and professional certifications into a university Master's or Doctoral degree.","breadcrumb":{"@id":"https:\/\/avrio.edu.eu\/usc\/azteca-university\/own-degree\/credits-transfer\/#breadcrumb"},"inLanguage":"fr-FR","potentialAction":[{"@type":"ReadAction","target":["https:\/\/avrio.edu.eu\/usc\/azteca-university\/own-degree\/credits-transfer\/"]}]},{"@type":"BreadcrumbList","@id":"https:\/\/avrio.edu.eu\/usc\/azteca-university\/own-degree\/credits-transfer\/#breadcrumb","itemListElement":[{"@type":"ListItem","position":1,"name":"Home","item":"https:\/\/avrio.edu.eu\/"},{"@type":"ListItem","position":2,"name":"Universities Studies Center","item":"https:\/\/avrio.edu.eu\/usc\/"},{"@type":"ListItem","position":3,"name":"Azteca University","item":"https:\/\/avrio.edu.eu\/usc\/azteca-university\/"},{"@type":"ListItem","position":4,"name":"Azteca University Own degrees","item":"https:\/\/avrio.edu.eu\/usc\/azteca-university\/own-degree\/"},{"@type":"ListItem","position":5,"name":"A University Degree Through Credit Transfer"}]},{"@type":"WebSite","@id":"https:\/\/avrio.edu.eu\/#website","url":"https:\/\/avrio.edu.eu\/","name":"\u00c9tudes de troisi\u00e8me cycle et de recherche \u00e0 l&#039;Institut Avrio","description":"Pour les Licences, Masters et Doctorats - En coop\u00e9ration avec l&#039;Universit\u00e9 Azteca","publisher":{"@id":"https:\/\/avrio.edu.eu\/#organization"},"alternateName":"Avrio for Research Studies","potentialAction":[{"@type":"SearchAction","target":{"@type":"EntryPoint","urlTemplate":"https:\/\/avrio.edu.eu\/?s={search_term_string}"},"query-input":{"@type":"PropertyValueSpecification","valueRequired":true,"valueName":"search_term_string"}}],"inLanguage":"fr-FR"},{"@type":"Organization","@id":"https:\/\/avrio.edu.eu\/#organization","name":"Institut Avrio de Gen\u00e8ve","alternateName":"Avrio Institute","url":"https:\/\/avrio.edu.eu\/","logo":{"@type":"ImageObject","inLanguage":"fr-FR","@id":"https:\/\/avrio.edu.eu\/#\/schema\/logo\/image\/","url":"https:\/\/avrio.edu.eu\/new\/wp-content\/uploads\/2020\/04\/logo-new-gw.png","contentUrl":"https:\/\/avrio.edu.eu\/new\/wp-content\/uploads\/2020\/04\/logo-new-gw.png","width":850,"height":850,"caption":"Institut Avrio de Gen\u00e8ve"},"image":{"@id":"https:\/\/avrio.edu.eu\/#\/schema\/logo\/image\/"},"sameAs":["https:\/\/www.facebook.com\/institutavriodegeneve\/","https:\/\/x.com\/AvrioDeGeneve","https:\/\/www.instagram.com\/institutavriodegeneve\/","https:\/\/www.linkedin.com\/in\/avrio-de-geneve-024392194\/","https:\/\/www.youtube.com\/channel\/UCPP2orNhGglhisZlldUbnkQ"]}]}},"_links":{"self":[{"href":"https:\/\/avrio.edu.eu\/fr\/wp-json\/wp\/v2\/pages\/21292","targetHints":{"allow":["GET"]}}],"collection":[{"href":"https:\/\/avrio.edu.eu\/fr\/wp-json\/wp\/v2\/pages"}],"about":[{"href":"https:\/\/avrio.edu.eu\/fr\/wp-json\/wp\/v2\/types\/page"}],"author":[{"embeddable":true,"href":"https:\/\/avrio.edu.eu\/fr\/wp-json\/wp\/v2\/users\/16"}],"replies":[{"embeddable":true,"href":"https:\/\/avrio.edu.eu\/fr\/wp-json\/wp\/v2\/comments?post=21292"}],"version-history":[{"count":4,"href":"https:\/\/avrio.edu.eu\/fr\/wp-json\/wp\/v2\/pages\/21292\/revisions"}],"predecessor-version":[{"id":24667,"href":"https:\/\/avrio.edu.eu\/fr\/wp-json\/wp\/v2\/pages\/21292\/revisions\/24667"}],"up":[{"embeddable":true,"href":"https:\/\/avrio.edu.eu\/fr\/wp-json\/wp\/v2\/pages\/21267"}],"wp:attachment":[{"href":"https:\/\/avrio.edu.eu\/fr\/wp-json\/wp\/v2\/media?parent=21292"}],"curies":[{"name":"wp","href":"https:\/\/api.w.org\/{rel}","templated":true}]}}