{"id":24202,"date":"2024-11-22T01:43:33","date_gmt":"2024-11-22T00:43:33","guid":{"rendered":"https:\/\/avrio.edu.eu\/?page_id=24202"},"modified":"2026-02-23T14:33:04","modified_gmt":"2026-02-23T13:33:04","slug":"postdoctoral-research-programs","status":"publish","type":"page","link":"https:\/\/avrio.edu.eu\/fr\/usc\/azteca-university\/own-degree\/postdoctoral-research-programs\/","title":{"rendered":"Achieve Postdoctoral Distinction"},"content":{"rendered":"<h2><div class=\"su-heading su-heading-style-default su-heading-align-center\" id=\"\" style=\"font-size:18px;margin-bottom:20px\"><div class=\"su-heading-inner\">Online Research-Based Postdoctoral in Science, Letters and Law<\/div><\/div><\/h2>\n<h3 style=\"text-align: justify;\"><strong>What is Postdoctoral Research?<\/strong><\/h3>\n<p style=\"text-align: justify;\"><div class=\"su-pullquote su-pullquote-align-right\"><strong>Faites progresser votre carri\u00e8re de chercheur<\/strong> vers de nouveaux sommets avec notre prestigieux <strong>Postdoctoral Research Programs<\/strong> \u00e0 l&#039;Institut Avrio, une branche distingu\u00e9e de l&#039;Universit\u00e9 Azteca.<\/div>Postdoctoral research is a crucial phase for doctoral scholars who have completed their studies, PhD, allowing them to develop their expertise further and contribute significantly to their fields. This stage provides access to valuable resources tailored to their interests and fosters collaboration with various academic institutions, enhancing research capabilities and professional networks.<\/p>\n<p style=\"text-align: justify;\">Postdoctoral researchers refine their skills, publish findings, and advance their academic careers, often leading to faculty positions or roles in research institutions. At Avrio Institute, we offer a range of Postdoctoral degree programs that support scholars&#8217; research endeavors and recognize their contributions to academia. Below is a list of some available Postdoctoral degree programs aimed at promoting scholarly excellence.<\/p>\n<h3 style=\"text-align: justify;\"><strong>Unveiling the Highest Postdoctoral Degrees:<\/strong><\/h3>\n<p style=\"text-align: justify;\">Avrio Institute is proud to offer, as an official branch of Azteca University, the following esteemed Postdoctoral degrees, recognized for the exceptional achievements of our graduates:<\/p>\n<ul style=\"text-align: justify;\">\n<li><strong>Docteur en sciences (D.Sc.)<\/strong>\u00a0<strong>Dipl\u00f4me<\/strong>\u00a0dans <strong>La science<\/strong>, <strong>Ing\u00e9nierie<\/strong>, <strong>La technologie<\/strong>, et <strong>en rapport<\/strong> disciplines.<\/li>\n<li><strong>Doctorat \u00e8s lettres (D.Litt., Litt.D., D. Lit. ou Lit. D.)<\/strong>\u00a0dans <strong>Entreprise<\/strong>, <strong>Sciences humaines<\/strong>, <strong>Sciences sociales<\/strong>, <strong>Conception<\/strong>, et <strong>Arts cr\u00e9atifs<\/strong>, et <strong>en rapport<\/strong> disciplines.<\/li>\n<li><strong>Doctorat en droit (LL.D.) <\/strong>dans le domaine de <strong>Loi<\/strong> et <strong>en rapport<\/strong> Le prix Domaines est d\u00e9cern\u00e9 aux candidats dont les travaux et les recherches ont contribu\u00e9 de mani\u00e8re significative \u00e0 l\u2019avancement des connaissances.<\/li>\n<\/ul>\n<h3 style=\"text-align: justify;\"><strong>Qualifying for Postdoctoral Distinction:<\/strong><\/h3>\n<h4 style=\"text-align: justify;\"><strong>Admissibilit\u00e9 au doctorat en sciences :<\/strong><\/h4>\n<p style=\"text-align: justify;\">Un candidat qui a obtenu un doctorat en philosophie (Ph.D.) dans les domaines des sciences, de l&#039;ing\u00e9nierie, de la technologie ou d&#039;autres disciplines connexes de l&#039;Universit\u00e9 Azteca, ou un dipl\u00f4me \u00e9quivalent reconnu par une autre universit\u00e9, peut postuler au doctorat en sciences (D.Sc.), \u00e0 condition qu&#039;il remplisse les conditions suivantes :<\/p>\n<ul style=\"text-align: justify;\">\n<li>Demonstrate a minimum of two years of Postdoctoral research experience.<\/li>\n<li>Poss\u00e9der un dossier de publication de 10 articles de recherche dans des revues index\u00e9es (premier auteur ou auteur correspondant).<\/li>\n<\/ul>\n<p style=\"text-align: justify;\"><strong>OU<\/strong><\/p>\n<ul style=\"text-align: justify;\">\n<li>Two+ years of Postdoctoral experience with at least one internationally recognized patent (and at least two total patents).<\/li>\n<li>La recherche est reconnue \u00e0 l\u2019\u00e9chelle nationale ou internationale pour ses contributions significatives \u00e0 la soci\u00e9t\u00e9 et \u00e0 l\u2019avancement des connaissances.<\/li>\n<\/ul>\n<p style=\"text-align: justify;\"><strong>OU<\/strong><\/p>\n<ul style=\"text-align: justify;\">\n<li>Two+ years of Postdoctoral experience with at least three recommendations\/referrals of his research or contribution from nationally\/ internationally recognized experts in the concerned field, and his\/her work and effort, which should have made a distinct contribution to society and advancement of knowledge.<\/li>\n<\/ul>\n<h4 style=\"text-align: justify;\"><strong>Admissibilit\u00e9 au doctorat en litt\u00e9rature :<\/strong><\/h4>\n<p style=\"text-align: justify;\">Un candidat titulaire d&#039;un doctorat en philosophie (Ph.D.) dans les domaines des affaires, des sciences humaines, des sciences sociales, du design, des arts cr\u00e9atifs ou d&#039;autres domaines connexes de l&#039;Universit\u00e9 Azteca, ou d&#039;un dipl\u00f4me \u00e9quivalent d&#039;une autre universit\u00e9 reconnue, peut postuler au doctorat en litt\u00e9rature (D.Litt.), \u00e0 condition qu&#039;il :<\/p>\n<ul style=\"text-align: justify;\">\n<li>Possess a minimum of two years of Postdoctoral research experience.<\/li>\n<li>Publier 10 articles de recherche dans des revues index\u00e9es Scopus (premier auteur ou auteur correspondant).<\/li>\n<\/ul>\n<p style=\"text-align: justify;\"><strong>OU<\/strong><\/p>\n<ul style=\"text-align: justify;\">\n<li>Two+ years of Postdoctoral experience with three recommendations\/referrals of his research\/ contribution from nationally\/ internationally recognized experts of the concerned field and his\/her work and efforts have made distinct contributions to society and advancement of knowledge.<\/li>\n<\/ul>\n<h4 style=\"text-align: justify;\"><strong>Admissibilit\u00e9 au doctorat en droit :<\/strong><\/h4>\n<p style=\"text-align: justify;\">Un candidat qui a obtenu un doctorat en philosophie (Ph.D.) dans le domaine du droit ou dans des domaines connexes de l&#039;Universit\u00e9 Azteca, ou un dipl\u00f4me \u00e9quivalent reconnu par une autre universit\u00e9, peut postuler au doctorat en droit (LL.D.), \u00e0 condition qu&#039;il ait :<\/p>\n<ul style=\"text-align: justify;\">\n<li>Possess a minimum of two years of Postdoctoral teaching experience.<\/li>\n<li>Publier 10 articles de recherche dans des revues index\u00e9es (premier auteur ou auteur correspondant).<\/li>\n<\/ul>\n<p style=\"text-align: justify;\"><strong>OU<\/strong><\/p>\n<ul style=\"text-align: justify;\">\n<li>Two+ years of Postdoctoral experience with three recommendations from esteemed legal experts, recognizing your contributions to the legal field.<\/li>\n<\/ul>\n<h3 style=\"text-align: justify;\"><strong>Politiques d&#039;acceptation<\/strong><\/h3>\n<p style=\"text-align: justify;\">Pour \u00eatre consid\u00e9r\u00e9 pour un doctorat en sciences (D.Sc.), un doctorat en litt\u00e9rature (D.Litt.) ou un doctorat en droit (LL.D.) \u00e0 l&#039;Universit\u00e9 Azteca via l&#039;Institut Avrio, vous devez r\u00e9pondre aux crit\u00e8res suivants :<\/p>\n<ol style=\"text-align: justify;\">\n<li><strong>Statut de dipl\u00f4m\u00e9 :<\/strong> Sauf circonstances exceptionnelles, le candidat doit \u00eatre titulaire d&#039;un <strong>D.Sc. \/ D.Litt.\/ ou LL.D.<\/strong> de l&#039;Universit\u00e9 Azteca ou d&#039;une universit\u00e9 reconnue.<\/li>\n<li><strong>Exp\u00e9rience:<\/strong> Les candidats doivent avoir au moins huit ans d&#039;exp\u00e9rience depuis leur premier dipl\u00f4me de premier cycle pour postuler au <strong>D.Sc. \/ D.Litt. \/ ou LL.D<\/strong>.<\/li>\n<li><strong>Recherche originale :<\/strong> Votre candidature aux Degr\u00e9s de\u00a0<strong>D.Sc. \/ D.Litt.\/ ou LL.D<\/strong><strong>.<\/strong> sera bas\u00e9 sur vos contributions originales et significatives \u00e0 un domaine sp\u00e9cifique tel que la linguistique, la litt\u00e9rature, la philosophie, les sciences sociales ou l\u2019histoire.<\/li>\n<li><strong>Travaux publi\u00e9s :<\/strong> Vous devez avoir publi\u00e9 vos recherches sous forme de livre ou de revues scientifiques \u00e0 large diffusion.<\/li>\n<li><strong>R\u00e9compenses pr\u00e9c\u00e9dentes :<\/strong> Les travaux d\u00e9j\u00e0 utilis\u00e9s pour un autre dipl\u00f4me ne sont pas admissibles.<\/li>\n<li><strong>Processus d&#039;inscription :<\/strong> A candidate shall submit a written application to be considered for examination, along with the Postdoctoral Tuition Fees and the following documents:\n<ul>\n<li>The Thesis Proposal is to be examined and approved.<\/li>\n<li>Une d\u00e9claration statutaire, qui doit :\n<ol style=\"list-style-type: lower-roman;\">\n<li>Indiquer dans quelle mesure le travail est personnel et, dans le cas d&#039;un travail collectif, identifier clairement quelles parties constituent la contribution du candidat ;<\/li>\n<li>Pr\u00e9cisez quelle partie, le cas \u00e9ch\u00e9ant, du travail soumis a \u00e9t\u00e9 pr\u00e9c\u00e9demment pr\u00e9sent\u00e9e pour un dipl\u00f4me ou un dipl\u00f4me \u00e0 l&#039;Universidad Azteca ou dans toute autre universit\u00e9 ;<\/li>\n<li>D\u00e9clarer que le travail, dans sa forme actuelle, n\u2019a pas \u00e9t\u00e9 pr\u00e9c\u00e9demment accept\u00e9 pour l\u2019obtention d\u2019un dipl\u00f4me ou d\u2019un grade dans cette universit\u00e9 ou dans toute autre universit\u00e9 et n\u2019est pas soumis simultan\u00e9ment pour l\u2019obtention d\u2019un dipl\u00f4me ou d\u2019un grade dans une autre institution.<\/li>\n<\/ol>\n<\/li>\n<\/ul>\n<\/li>\n<\/ol>\n<p style=\"text-align: justify;\"><strong>Ready to embark on your Postdoctoral journey?<br \/>\n<\/strong><a href=\"#contact-form\">Contactez notre<\/a> Contactez l&#039;\u00e9quipe d&#039;admission et de recrutement d\u00e8s aujourd&#039;hui pour discuter de votre \u00e9ligibilit\u00e9 et explorer les possibilit\u00e9s \u00e0 l&#039;Institut Avrio, ou allez plus loin et <a href=\"https:\/\/avrio.edu.eu\/fr\/usc\/apply-now\/offline-application\/\">demander le formulaire de demande<\/a>.<\/p>","protected":false},"excerpt":{"rendered":"<p>What is Postdoctoral Research? Postdoctoral research is a crucial phase for doctoral scholars who have completed their studies, PhD, allowing them to develop their expertise further and contribute significantly to their fields. This stage provides access to valuable resources tailored to their interests and fosters collaboration with various academic institutions, enhancing research capabilities and professional [&hellip;]<\/p>\n","protected":false},"author":16,"featured_media":0,"parent":21267,"menu_order":0,"comment_status":"closed","ping_status":"closed","template":"","meta":{"site-sidebar-layout":"default","site-content-layout":"","ast-site-content-layout":"default","site-content-style":"default","site-sidebar-style":"default","ast-global-header-display":"","ast-banner-title-visibility":"","ast-main-header-display":"","ast-hfb-above-header-display":"","ast-hfb-below-header-display":"","ast-hfb-mobile-header-display":"","site-post-title":"","ast-breadcrumbs-content":"","ast-featured-img":"","footer-sml-layout":"","ast-disable-related-posts":"","theme-transparent-header-meta":"default","adv-header-id-meta":"","stick-header-meta":"default","header-above-stick-meta":"","header-main-stick-meta":"","header-below-stick-meta":"","astra-migrate-meta-layouts":"set","ast-page-background-enabled":"default","ast-page-background-meta":{"desktop":{"background-color":"var(--ast-global-color-4)","background-image":"","background-repeat":"repeat","background-position":"center center","background-size":"auto","background-attachment":"scroll","background-type":"","background-media":"","overlay-type":"","overlay-color":"","overlay-opacity":"","overlay-gradient":""},"tablet":{"background-color":"","background-image":"","background-repeat":"repeat","background-position":"center center","background-size":"auto","background-attachment":"scroll","background-type":"","background-media":"","overlay-type":"","overlay-color":"","overlay-opacity":"","overlay-gradient":""},"mobile":{"background-color":"","background-image":"","background-repeat":"repeat","background-position":"center center","background-size":"auto","background-attachment":"scroll","background-type":"","background-media":"","overlay-type":"","overlay-color":"","overlay-opacity":"","overlay-gradient":""}},"ast-content-background-meta":{"desktop":{"background-color":"var(--ast-global-color-5)","background-image":"","background-repeat":"repeat","background-position":"center center","background-size":"auto","background-attachment":"scroll","background-type":"","background-media":"","overlay-type":"","overlay-color":"","overlay-opacity":"","overlay-gradient":""},"tablet":{"background-color":"var(--ast-global-color-5)","background-image":"","background-repeat":"repeat","background-position":"center center","background-size":"auto","background-attachment":"scroll","background-type":"","background-media":"","overlay-type":"","overlay-color":"","overlay-opacity":"","overlay-gradient":""},"mobile":{"background-color":"var(--ast-global-color-5)","background-image":"","background-repeat":"repeat","background-position":"center center","background-size":"auto","background-attachment":"scroll","background-type":"","background-media":"","overlay-type":"","overlay-color":"","overlay-opacity":"","overlay-gradient":""}},"footnotes":""},"class_list":["post-24202","page","type-page","status-publish","hentry"],"yoast_head":"<!-- This site is optimized with the Yoast SEO Premium plugin v27.2 (Yoast SEO v27.3) - https:\/\/yoast.com\/product\/yoast-seo-premium-wordpress\/ -->\n<title>Online Postdoctoral Programs by Thesis | at Azteca Uni. via Avrio Ins.<\/title>\n<meta name=\"description\" content=\"Online and By Thesis DSc, DLitt and LLD in Science, Engineering, Technology, Business, Humanities, Social Sciences, Design, Creative Arts and Related disciplines\" \/>\n<meta name=\"robots\" content=\"index, follow, max-snippet:-1, max-image-preview:large, max-video-preview:-1\" \/>\n<link rel=\"canonical\" href=\"https:\/\/avrio.edu.eu\/fr\/usc\/azteca-university\/own-degree\/postdoctoral-research-programs\/\" \/>\n<meta property=\"og:locale\" content=\"fr_FR\" \/>\n<meta property=\"og:type\" content=\"article\" \/>\n<meta property=\"og:title\" content=\"Achieve Postdoctoral Distinction - The International Research Study Programs - Avrio Institute\" \/>\n<meta property=\"og:description\" content=\"Online and By Thesis DSc, DLitt and LLD in Science, Engineering, Technology, Business, Humanities, Social Sciences, Design, Creative Arts and Related disciplines\" \/>\n<meta property=\"og:url\" content=\"https:\/\/avrio.edu.eu\/fr\/usc\/azteca-university\/own-degree\/postdoctoral-research-programs\/\" \/>\n<meta property=\"og:site_name\" content=\"The International Research Study Programs - Avrio Institute\" \/>\n<meta property=\"article:publisher\" content=\"https:\/\/www.facebook.com\/institutavriodegeneve\/\" \/>\n<meta property=\"article:modified_time\" content=\"2026-02-23T13:33:04+00:00\" \/>\n<meta property=\"og:image\" content=\"https:\/\/avrio.edu.eu\/new\/wp-content\/uploads\/2020\/04\/logo-new-gw.png\" \/>\n\t<meta property=\"og:image:width\" content=\"850\" \/>\n\t<meta property=\"og:image:height\" content=\"850\" \/>\n\t<meta property=\"og:image:type\" content=\"image\/png\" \/>\n<meta name=\"twitter:card\" content=\"summary_large_image\" \/>\n<meta name=\"twitter:site\" content=\"@AvrioDeGeneve\" \/>\n<meta name=\"twitter:label1\" content=\"Dur\u00e9e de lecture estim\u00e9e\" \/>\n\t<meta name=\"twitter:data1\" content=\"4 minutes\" \/>\n<script type=\"application\/ld+json\" class=\"yoast-schema-graph\">{\"@context\":\"https:\\\/\\\/schema.org\",\"@graph\":[{\"@type\":\"WebPage\",\"@id\":\"https:\\\/\\\/avrio.edu.eu\\\/usc\\\/azteca-university\\\/own-degree\\\/postdoctoral-research-programs\\\/\",\"url\":\"https:\\\/\\\/avrio.edu.eu\\\/usc\\\/azteca-university\\\/own-degree\\\/postdoctoral-research-programs\\\/\",\"name\":\"Online Postdoctoral Programs by Thesis | at Azteca Uni. via Avrio Ins.\",\"isPartOf\":{\"@id\":\"https:\\\/\\\/avrio.edu.eu\\\/#website\"},\"datePublished\":\"2024-11-22T00:43:33+00:00\",\"dateModified\":\"2026-02-23T13:33:04+00:00\",\"description\":\"Online and By Thesis DSc, DLitt and LLD in Science, Engineering, Technology, Business, Humanities, Social Sciences, Design, Creative Arts and Related disciplines\",\"breadcrumb\":{\"@id\":\"https:\\\/\\\/avrio.edu.eu\\\/usc\\\/azteca-university\\\/own-degree\\\/postdoctoral-research-programs\\\/#breadcrumb\"},\"inLanguage\":\"fr-FR\",\"potentialAction\":[{\"@type\":\"ReadAction\",\"target\":[\"https:\\\/\\\/avrio.edu.eu\\\/usc\\\/azteca-university\\\/own-degree\\\/postdoctoral-research-programs\\\/\"]}]},{\"@type\":\"BreadcrumbList\",\"@id\":\"https:\\\/\\\/avrio.edu.eu\\\/usc\\\/azteca-university\\\/own-degree\\\/postdoctoral-research-programs\\\/#breadcrumb\",\"itemListElement\":[{\"@type\":\"ListItem\",\"position\":1,\"name\":\"Home\",\"item\":\"https:\\\/\\\/avrio.edu.eu\\\/\"},{\"@type\":\"ListItem\",\"position\":2,\"name\":\"Universities Studies Center\",\"item\":\"https:\\\/\\\/avrio.edu.eu\\\/usc\\\/\"},{\"@type\":\"ListItem\",\"position\":3,\"name\":\"Azteca University\",\"item\":\"https:\\\/\\\/avrio.edu.eu\\\/usc\\\/azteca-university\\\/\"},{\"@type\":\"ListItem\",\"position\":4,\"name\":\"Azteca University Own degrees\",\"item\":\"https:\\\/\\\/avrio.edu.eu\\\/usc\\\/azteca-university\\\/own-degree\\\/\"},{\"@type\":\"ListItem\",\"position\":5,\"name\":\"Achieve Postdoctoral Distinction\"}]},{\"@type\":\"WebSite\",\"@id\":\"https:\\\/\\\/avrio.edu.eu\\\/#website\",\"url\":\"https:\\\/\\\/avrio.edu.eu\\\/\",\"name\":\"The Postgraduate and Research Studies at Avrio Institute\",\"description\":\"For Bachelor&#039;s, Master&#039;s and Doctorate - In cooperation with Azteca University\",\"publisher\":{\"@id\":\"https:\\\/\\\/avrio.edu.eu\\\/#organization\"},\"alternateName\":\"Avrio for Research Studies\",\"potentialAction\":[{\"@type\":\"SearchAction\",\"target\":{\"@type\":\"EntryPoint\",\"urlTemplate\":\"https:\\\/\\\/avrio.edu.eu\\\/?s={search_term_string}\"},\"query-input\":{\"@type\":\"PropertyValueSpecification\",\"valueRequired\":true,\"valueName\":\"search_term_string\"}}],\"inLanguage\":\"fr-FR\"},{\"@type\":\"Organization\",\"@id\":\"https:\\\/\\\/avrio.edu.eu\\\/#organization\",\"name\":\"Institut Avrio de Gen\u00e8ve\",\"alternateName\":\"Avrio Institute\",\"url\":\"https:\\\/\\\/avrio.edu.eu\\\/\",\"logo\":{\"@type\":\"ImageObject\",\"inLanguage\":\"fr-FR\",\"@id\":\"https:\\\/\\\/avrio.edu.eu\\\/#\\\/schema\\\/logo\\\/image\\\/\",\"url\":\"https:\\\/\\\/avrio.edu.eu\\\/new\\\/wp-content\\\/uploads\\\/2020\\\/04\\\/logo-new-gw.png\",\"contentUrl\":\"https:\\\/\\\/avrio.edu.eu\\\/new\\\/wp-content\\\/uploads\\\/2020\\\/04\\\/logo-new-gw.png\",\"width\":850,\"height\":850,\"caption\":\"Institut Avrio de Gen\u00e8ve\"},\"image\":{\"@id\":\"https:\\\/\\\/avrio.edu.eu\\\/#\\\/schema\\\/logo\\\/image\\\/\"},\"sameAs\":[\"https:\\\/\\\/www.facebook.com\\\/institutavriodegeneve\\\/\",\"https:\\\/\\\/x.com\\\/AvrioDeGeneve\",\"https:\\\/\\\/www.instagram.com\\\/institutavriodegeneve\\\/\",\"https:\\\/\\\/www.linkedin.com\\\/in\\\/avrio-de-geneve-024392194\\\/\",\"https:\\\/\\\/www.youtube.com\\\/channel\\\/UCPP2orNhGglhisZlldUbnkQ\"]}]}<\/script>\n<!-- \/ Yoast SEO Premium plugin. -->","yoast_head_json":{"title":"Online Postdoctoral Programs by Thesis | at Azteca Uni. via Avrio Ins.","description":"Online and By Thesis DSc, DLitt and LLD in Science, Engineering, Technology, Business, Humanities, Social Sciences, Design, Creative Arts and Related disciplines","robots":{"index":"index","follow":"follow","max-snippet":"max-snippet:-1","max-image-preview":"max-image-preview:large","max-video-preview":"max-video-preview:-1"},"canonical":"https:\/\/avrio.edu.eu\/fr\/usc\/azteca-university\/own-degree\/postdoctoral-research-programs\/","og_locale":"fr_FR","og_type":"article","og_title":"Achieve Postdoctoral Distinction - The International Research Study Programs - Avrio Institute","og_description":"Online and By Thesis DSc, DLitt and LLD in Science, Engineering, Technology, Business, Humanities, Social Sciences, Design, Creative Arts and Related disciplines","og_url":"https:\/\/avrio.edu.eu\/fr\/usc\/azteca-university\/own-degree\/postdoctoral-research-programs\/","og_site_name":"The International Research Study Programs - Avrio Institute","article_publisher":"https:\/\/www.facebook.com\/institutavriodegeneve\/","article_modified_time":"2026-02-23T13:33:04+00:00","og_image":[{"width":850,"height":850,"url":"https:\/\/avrio.edu.eu\/new\/wp-content\/uploads\/2020\/04\/logo-new-gw.png","type":"image\/png"}],"twitter_card":"summary_large_image","twitter_site":"@AvrioDeGeneve","twitter_misc":{"Dur\u00e9e de lecture estim\u00e9e":"4 minutes"},"schema":{"@context":"https:\/\/schema.org","@graph":[{"@type":"WebPage","@id":"https:\/\/avrio.edu.eu\/usc\/azteca-university\/own-degree\/postdoctoral-research-programs\/","url":"https:\/\/avrio.edu.eu\/usc\/azteca-university\/own-degree\/postdoctoral-research-programs\/","name":"Online Postdoctoral Programs by Thesis | at Azteca Uni. via Avrio Ins.","isPartOf":{"@id":"https:\/\/avrio.edu.eu\/#website"},"datePublished":"2024-11-22T00:43:33+00:00","dateModified":"2026-02-23T13:33:04+00:00","description":"Online and By Thesis DSc, DLitt and LLD in Science, Engineering, Technology, Business, Humanities, Social Sciences, Design, Creative Arts and Related disciplines","breadcrumb":{"@id":"https:\/\/avrio.edu.eu\/usc\/azteca-university\/own-degree\/postdoctoral-research-programs\/#breadcrumb"},"inLanguage":"fr-FR","potentialAction":[{"@type":"ReadAction","target":["https:\/\/avrio.edu.eu\/usc\/azteca-university\/own-degree\/postdoctoral-research-programs\/"]}]},{"@type":"BreadcrumbList","@id":"https:\/\/avrio.edu.eu\/usc\/azteca-university\/own-degree\/postdoctoral-research-programs\/#breadcrumb","itemListElement":[{"@type":"ListItem","position":1,"name":"Home","item":"https:\/\/avrio.edu.eu\/"},{"@type":"ListItem","position":2,"name":"Universities Studies Center","item":"https:\/\/avrio.edu.eu\/usc\/"},{"@type":"ListItem","position":3,"name":"Azteca University","item":"https:\/\/avrio.edu.eu\/usc\/azteca-university\/"},{"@type":"ListItem","position":4,"name":"Azteca University Own degrees","item":"https:\/\/avrio.edu.eu\/usc\/azteca-university\/own-degree\/"},{"@type":"ListItem","position":5,"name":"Achieve Postdoctoral Distinction"}]},{"@type":"WebSite","@id":"https:\/\/avrio.edu.eu\/#website","url":"https:\/\/avrio.edu.eu\/","name":"\u00c9tudes de troisi\u00e8me cycle et de recherche \u00e0 l&#039;Institut Avrio","description":"Pour les Licences, Masters et Doctorats - En coop\u00e9ration avec l&#039;Universit\u00e9 Azteca","publisher":{"@id":"https:\/\/avrio.edu.eu\/#organization"},"alternateName":"Avrio for Research Studies","potentialAction":[{"@type":"SearchAction","target":{"@type":"EntryPoint","urlTemplate":"https:\/\/avrio.edu.eu\/?s={search_term_string}"},"query-input":{"@type":"PropertyValueSpecification","valueRequired":true,"valueName":"search_term_string"}}],"inLanguage":"fr-FR"},{"@type":"Organization","@id":"https:\/\/avrio.edu.eu\/#organization","name":"Institut Avrio de Gen\u00e8ve","alternateName":"Avrio Institute","url":"https:\/\/avrio.edu.eu\/","logo":{"@type":"ImageObject","inLanguage":"fr-FR","@id":"https:\/\/avrio.edu.eu\/#\/schema\/logo\/image\/","url":"https:\/\/avrio.edu.eu\/new\/wp-content\/uploads\/2020\/04\/logo-new-gw.png","contentUrl":"https:\/\/avrio.edu.eu\/new\/wp-content\/uploads\/2020\/04\/logo-new-gw.png","width":850,"height":850,"caption":"Institut Avrio de Gen\u00e8ve"},"image":{"@id":"https:\/\/avrio.edu.eu\/#\/schema\/logo\/image\/"},"sameAs":["https:\/\/www.facebook.com\/institutavriodegeneve\/","https:\/\/x.com\/AvrioDeGeneve","https:\/\/www.instagram.com\/institutavriodegeneve\/","https:\/\/www.linkedin.com\/in\/avrio-de-geneve-024392194\/","https:\/\/www.youtube.com\/channel\/UCPP2orNhGglhisZlldUbnkQ"]}]}},"_links":{"self":[{"href":"https:\/\/avrio.edu.eu\/fr\/wp-json\/wp\/v2\/pages\/24202","targetHints":{"allow":["GET"]}}],"collection":[{"href":"https:\/\/avrio.edu.eu\/fr\/wp-json\/wp\/v2\/pages"}],"about":[{"href":"https:\/\/avrio.edu.eu\/fr\/wp-json\/wp\/v2\/types\/page"}],"author":[{"embeddable":true,"href":"https:\/\/avrio.edu.eu\/fr\/wp-json\/wp\/v2\/users\/16"}],"replies":[{"embeddable":true,"href":"https:\/\/avrio.edu.eu\/fr\/wp-json\/wp\/v2\/comments?post=24202"}],"version-history":[{"count":12,"href":"https:\/\/avrio.edu.eu\/fr\/wp-json\/wp\/v2\/pages\/24202\/revisions"}],"predecessor-version":[{"id":24679,"href":"https:\/\/avrio.edu.eu\/fr\/wp-json\/wp\/v2\/pages\/24202\/revisions\/24679"}],"up":[{"embeddable":true,"href":"https:\/\/avrio.edu.eu\/fr\/wp-json\/wp\/v2\/pages\/21267"}],"wp:attachment":[{"href":"https:\/\/avrio.edu.eu\/fr\/wp-json\/wp\/v2\/media?parent=24202"}],"curies":[{"name":"wp","href":"https:\/\/api.w.org\/{rel}","templated":true}]}}