{"id":21012,"date":"2021-12-18T02:48:31","date_gmt":"2021-12-18T01:48:31","guid":{"rendered":"https:\/\/avrio.edu.eu\/?page_id=21012"},"modified":"2026-02-11T20:33:25","modified_gmt":"2026-02-11T19:33:25","slug":"doctor-of-letters","status":"publish","type":"page","link":"https:\/\/avrio.edu.eu\/it\/usc\/azteca-university\/doctor-of-letters\/","title":{"rendered":"Dottore in lettere (Dott.Litt)"},"content":{"rendered":"<p style=\"text-align: justify;\"><span style=\"color: #000000;\">I candidati nell&#039;area di studio delle arti e delle discipline umanistiche si qualificano per il dottorato POSTDOTTORALE in lettere dell&#039;Universidad Azteca.<\/span><\/p>\n<p style=\"text-align: justify;\"><span style=\"color: #000000;\">Doctor of Letters \u00e8 un titolo accademico, un dottorato dell&#039;Universit\u00e0 e uguale al Doctor of Science, che viene assegnato dall&#039;Universidad Azteca in riconoscimento di eccezionali risultati nelle discipline umanistiche, contributo originale alle arti creative o borsa di studio e altri meriti.<\/span><\/p>\n<p style=\"text-align: justify;\"><span style=\"color: #000000;\">I candidati ammessi saranno invitati a un esame diagnostico online dei requisiti di laurea. <\/span><\/p>\n<h3>TIPO E CARICO DI LAVORO DEL PROGRAMMA<\/h3>\n<p><strong>GENERE<\/strong>: Premio interno Universidad Azteca, proprio programma universitario acc. Arte. 59 Diritto Generale dell&#039;Educazione.<\/p>\n<p><strong>LIVELLO<\/strong>: Terzo ciclo, premio proprio dell&#039;universit\u00e0 MMC di livello 8. Studi post-dottorato.<\/p>\n<p><strong>CARICO DI LAVORO<\/strong>: 120 ECTS<\/p>\n<h3>PREMIAZIONE UNIVERSIT\u00c0 E GRUPPO TARGET<\/h3>\n<p><strong>PREMIAZIONE UNIVERSIT\u00c0:<\/strong> Universit\u00e0 azteca, Chalco, Messico.<\/p>\n<p><strong>DIPARTIMENTO UNIVERSITARIO IN EUROPA<\/strong>: Universidad Azteca Programmi Europei. <div class=\"su-pullquote su-pullquote-align-right\">Saperne di pi\u00f9 sul <a href=\"https:\/\/avrio.edu.eu\/it\/usc\/azteca-university\/own-degree\/doctor-of-the-university\/\">Dottore dell&#039;Universit\u00e0<\/a><\/div>\n<p><strong>GRUPPO TARGET:<\/strong> Dottorandi interessati allo studio post-dottorato in una delle discipline offerte dall&#039;Universidad Azteca perseguendo il completamento del programma di dottorato mediante tesi\/esame di dottorato.<\/p>\n<p><strong>SPECIALIZZAZIONE:<\/strong> Universidad Azteca studia al livello 8 MMC (EQF)<\/p>\n<p><strong>DISCIPLINE:<\/strong> Discipline offerte dall&#039;Universidad Azteca nelle aree delle arti e delle discipline umanistiche.<\/p>\n<p><strong>LINGUA DI STUDIO:<\/strong> inglese, tedesco, spagnolo<\/p>\n<p><strong>REQUISITO DI AMMISSIONE<\/strong>: Dottorato o laurea equivalente e corsi post-laurea o qualifiche per il trasferimento di crediti al programma o all&#039;esperienza di ricerca.<\/p>\n<h3>Modalit\u00e0 e squadra del corso<\/h3>\n<p><strong>MODALIT\u00c0<\/strong>: modalit\u00e0 e-learning e formazione a distanza.<\/p>\n<p><strong>SQUADRA DEL CORSO:<\/strong> prof. Dott. Gerhard Berchtold, prof. Dott. Friedrich Luhan, prof. Dott. Ricardo Saavedra Hidalgo, prof. Dott. Felipe Fern\u00e1ndez Rivadulla, prof. Il dottor Endler<\/p>\n<h3>Piano di studio<\/h3>\n<table style=\"border-collapse: collapse; width: 100%;\">\n<tbody>\n<tr>\n<td style=\"width: 33.3333%; background-color: #c0c0c0;\"><strong>Trasferimento crediti \u2013 Corsi opzionali<\/strong><\/td>\n<td style=\"width: 33.3333%; background-color: #c0c0c0;\"><strong>Modalit\u00e0 di prova <\/strong><\/td>\n<td style=\"width: 33.3333%; background-color: #c0c0c0;\"><strong>CFU<\/strong><\/td>\n<\/tr>\n<tr>\n<td style=\"width: 33.3333%;\">Trasferimento dal programma di dottorato MPhil\/livello 8 EQF<\/td>\n<td style=\"width: 33.3333%;\">Trasferimento crediti<\/td>\n<td style=\"width: 33.3333%;\">60<\/td>\n<\/tr>\n<tr>\n<td style=\"width: 33.3333%; background-color: #c0c0c0;\"><strong>Modulo scientifico obbligatorio<\/strong><\/td>\n<td style=\"width: 33.3333%; background-color: #c0c0c0;\"><strong>Modalit\u00e0 di prova<\/strong><\/td>\n<td style=\"width: 33.3333%; background-color: #c0c0c0;\"><strong>CFU<\/strong><\/td>\n<\/tr>\n<tr>\n<td style=\"width: 33.3333%;\">Progetto di ricerca<\/td>\n<td style=\"width: 33.3333%;\">Presentazione<\/td>\n<td style=\"width: 33.3333%;\">12<\/td>\n<\/tr>\n<tr>\n<td style=\"width: 33.3333%; background-color: #c0c0c0;\"><strong>Tesi \/ Esame Rigorosum<\/strong><\/td>\n<td style=\"width: 33.3333%; background-color: #c0c0c0;\"><strong>Modalit\u00e0 di prova<\/strong><\/td>\n<td style=\"width: 33.3333%; background-color: #c0c0c0;\"><strong>CFU<\/strong><\/td>\n<\/tr>\n<tr>\n<td style=\"width: 33.3333%;\">Tesi di specializzazione disciplinare<\/td>\n<td style=\"width: 33.3333%;\">Presentazione e difesa della tesi scritta<\/td>\n<td style=\"width: 33.3333%;\">48<\/td>\n<\/tr>\n<tr>\n<td style=\"width: 33.3333%; background-color: #c0c0c0;\"><strong>CARICO DI LAVORO <\/strong><\/td>\n<td style=\"width: 33.3333%; background-color: #c0c0c0;\"><strong>Modalit\u00e0 di prova<\/strong><\/td>\n<td style=\"width: 33.3333%; background-color: #c0c0c0;\"><strong>CFU<\/strong><\/td>\n<\/tr>\n<tr>\n<td style=\"width: 33.3333%;\">CFU<\/td>\n<td style=\"width: 33.3333%;\">Difesa \/ Rigoroso<\/td>\n<td style=\"width: 33.3333%;\">120<\/td>\n<\/tr>\n<\/tbody>\n<\/table>\n<h3 style=\"text-align: center;\">Qualifica: livello 8 del quadro delle qualifiche messicane MMC<\/h3>\n<p><a href=\"https:\/\/avrio.edu.eu\/new\/wp-content\/uploads\/2021\/12\/Mexican-Qualifications-Framework.jpg\"><img fetchpriority=\"high\" decoding=\"async\" class=\"size-medium wp-image-20935 aligncenter\" src=\"https:\/\/avrio.edu.eu\/new\/wp-content\/uploads\/2021\/12\/Mexican-Qualifications-Framework-298x300.jpg\" alt=\"Quadro delle qualifiche messicane\" width=\"298\" height=\"300\" srcset=\"https:\/\/avrio.edu.eu\/new\/wp-content\/uploads\/2021\/12\/Mexican-Qualifications-Framework-298x300.jpg 298w, https:\/\/avrio.edu.eu\/new\/wp-content\/uploads\/2021\/12\/Mexican-Qualifications-Framework-12x12.jpg 12w, https:\/\/avrio.edu.eu\/new\/wp-content\/uploads\/2021\/12\/Mexican-Qualifications-Framework-150x150.jpg 150w, https:\/\/avrio.edu.eu\/new\/wp-content\/uploads\/2021\/12\/Mexican-Qualifications-Framework-768x772.jpg 768w, https:\/\/avrio.edu.eu\/new\/wp-content\/uploads\/2021\/12\/Mexican-Qualifications-Framework-1018x1024.jpg 1018w, https:\/\/avrio.edu.eu\/new\/wp-content\/uploads\/2021\/12\/Mexican-Qualifications-Framework-1527x1536.jpg 1527w, https:\/\/avrio.edu.eu\/new\/wp-content\/uploads\/2021\/12\/Mexican-Qualifications-Framework.jpg 1770w\" sizes=\"(max-width: 298px) 100vw, 298px\" \/><\/a><\/p>","protected":false},"excerpt":{"rendered":"<p>Candidates in the Arts and Humanities Study area qualify for the POSTDOCTORAL Doctor of Letters degree of Universidad Azteca. Doctor of Letters is an academic degree, a doctorate of the University and equal to the Doctor of Science, which is awarded by Universidad Azteca in recognition of outstanding achievement in the humanities, original contribution to [&hellip;]<\/p>\n","protected":false},"author":16,"featured_media":0,"parent":20795,"menu_order":0,"comment_status":"closed","ping_status":"closed","template":"","meta":{"site-sidebar-layout":"default","site-content-layout":"","ast-site-content-layout":"default","site-content-style":"default","site-sidebar-style":"default","ast-global-header-display":"","ast-banner-title-visibility":"","ast-main-header-display":"","ast-hfb-above-header-display":"","ast-hfb-below-header-display":"","ast-hfb-mobile-header-display":"","site-post-title":"","ast-breadcrumbs-content":"","ast-featured-img":"","footer-sml-layout":"","ast-disable-related-posts":"","theme-transparent-header-meta":"","adv-header-id-meta":"","stick-header-meta":"","header-above-stick-meta":"","header-main-stick-meta":"","header-below-stick-meta":"","astra-migrate-meta-layouts":"default","ast-page-background-enabled":"default","ast-page-background-meta":{"desktop":{"background-color":"var(--ast-global-color-4)","background-image":"","background-repeat":"repeat","background-position":"center center","background-size":"auto","background-attachment":"scroll","background-type":"","background-media":"","overlay-type":"","overlay-color":"","overlay-opacity":"","overlay-gradient":""},"tablet":{"background-color":"","background-image":"","background-repeat":"repeat","background-position":"center center","background-size":"auto","background-attachment":"scroll","background-type":"","background-media":"","overlay-type":"","overlay-color":"","overlay-opacity":"","overlay-gradient":""},"mobile":{"background-color":"","background-image":"","background-repeat":"repeat","background-position":"center center","background-size":"auto","background-attachment":"scroll","background-type":"","background-media":"","overlay-type":"","overlay-color":"","overlay-opacity":"","overlay-gradient":""}},"ast-content-background-meta":{"desktop":{"background-color":"var(--ast-global-color-5)","background-image":"","background-repeat":"repeat","background-position":"center center","background-size":"auto","background-attachment":"scroll","background-type":"","background-media":"","overlay-type":"","overlay-color":"","overlay-opacity":"","overlay-gradient":""},"tablet":{"background-color":"var(--ast-global-color-5)","background-image":"","background-repeat":"repeat","background-position":"center center","background-size":"auto","background-attachment":"scroll","background-type":"","background-media":"","overlay-type":"","overlay-color":"","overlay-opacity":"","overlay-gradient":""},"mobile":{"background-color":"var(--ast-global-color-5)","background-image":"","background-repeat":"repeat","background-position":"center center","background-size":"auto","background-attachment":"scroll","background-type":"","background-media":"","overlay-type":"","overlay-color":"","overlay-opacity":"","overlay-gradient":""}},"footnotes":""},"class_list":["post-21012","page","type-page","status-publish","hentry"],"yoast_head":"<!-- This site is optimized with the Yoast SEO Premium plugin v27.2 (Yoast SEO v27.3) - https:\/\/yoast.com\/product\/yoast-seo-premium-wordpress\/ -->\n<title>Doctor of Letters (Dr.Litt) in Arts &amp; Humanities - at Azteca Uni. &amp; Avrio Institute<\/title>\n<meta name=\"description\" content=\"University Doctor of Letters is an academic degree is awarded by Azteca University in recognition of outstanding achievement in the humanities &amp; arts!\" \/>\n<meta name=\"robots\" content=\"index, follow, max-snippet:-1, max-image-preview:large, max-video-preview:-1\" \/>\n<link rel=\"canonical\" href=\"https:\/\/avrio.edu.eu\/it\/usc\/azteca-university\/doctor-of-letters\/\" \/>\n<meta property=\"og:locale\" content=\"it_IT\" \/>\n<meta property=\"og:type\" content=\"article\" \/>\n<meta property=\"og:title\" content=\"Doctor of Letters (Dr.Litt) - The International Research Study Programs - Avrio Institute\" \/>\n<meta property=\"og:description\" content=\"University Doctor of Letters is an academic degree is awarded by Azteca University in recognition of outstanding achievement in the humanities &amp; arts!\" \/>\n<meta property=\"og:url\" content=\"https:\/\/avrio.edu.eu\/it\/usc\/azteca-university\/doctor-of-letters\/\" \/>\n<meta property=\"og:site_name\" content=\"The International Research Study Programs - Avrio Institute\" \/>\n<meta property=\"article:publisher\" content=\"https:\/\/www.facebook.com\/institutavriodegeneve\/\" \/>\n<meta property=\"article:modified_time\" content=\"2026-02-11T19:33:25+00:00\" \/>\n<meta property=\"og:image\" content=\"https:\/\/avrio.edu.eu\/new\/wp-content\/uploads\/2021\/12\/Mexican-Qualifications-Framework.jpg\" \/>\n\t<meta property=\"og:image:width\" content=\"1770\" \/>\n\t<meta property=\"og:image:height\" content=\"1780\" \/>\n\t<meta property=\"og:image:type\" content=\"image\/jpeg\" \/>\n<meta name=\"twitter:card\" content=\"summary_large_image\" \/>\n<meta name=\"twitter:site\" content=\"@AvrioDeGeneve\" \/>\n<meta name=\"twitter:label1\" content=\"Tempo di lettura stimato\" \/>\n\t<meta name=\"twitter:data1\" content=\"2 minuti\" \/>\n<script type=\"application\/ld+json\" class=\"yoast-schema-graph\">{\"@context\":\"https:\\\/\\\/schema.org\",\"@graph\":[{\"@type\":\"WebPage\",\"@id\":\"https:\\\/\\\/avrio.edu.eu\\\/usc\\\/azteca-university\\\/doctor-of-letters\\\/\",\"url\":\"https:\\\/\\\/avrio.edu.eu\\\/usc\\\/azteca-university\\\/doctor-of-letters\\\/\",\"name\":\"Doctor of Letters (Dr.Litt) in Arts & Humanities - at Azteca Uni. & Avrio Institute\",\"isPartOf\":{\"@id\":\"https:\\\/\\\/avrio.edu.eu\\\/#website\"},\"primaryImageOfPage\":{\"@id\":\"https:\\\/\\\/avrio.edu.eu\\\/usc\\\/azteca-university\\\/doctor-of-letters\\\/#primaryimage\"},\"image\":{\"@id\":\"https:\\\/\\\/avrio.edu.eu\\\/usc\\\/azteca-university\\\/doctor-of-letters\\\/#primaryimage\"},\"thumbnailUrl\":\"https:\\\/\\\/avrio.edu.eu\\\/new\\\/wp-content\\\/uploads\\\/2021\\\/12\\\/Mexican-Qualifications-Framework-298x300.jpg\",\"datePublished\":\"2021-12-18T01:48:31+00:00\",\"dateModified\":\"2026-02-11T19:33:25+00:00\",\"description\":\"University Doctor of Letters is an academic degree is awarded by Azteca University in recognition of outstanding achievement in the humanities & arts!\",\"breadcrumb\":{\"@id\":\"https:\\\/\\\/avrio.edu.eu\\\/usc\\\/azteca-university\\\/doctor-of-letters\\\/#breadcrumb\"},\"inLanguage\":\"it-IT\",\"potentialAction\":[{\"@type\":\"ReadAction\",\"target\":[\"https:\\\/\\\/avrio.edu.eu\\\/usc\\\/azteca-university\\\/doctor-of-letters\\\/\"]}]},{\"@type\":\"ImageObject\",\"inLanguage\":\"it-IT\",\"@id\":\"https:\\\/\\\/avrio.edu.eu\\\/usc\\\/azteca-university\\\/doctor-of-letters\\\/#primaryimage\",\"url\":\"https:\\\/\\\/avrio.edu.eu\\\/new\\\/wp-content\\\/uploads\\\/2021\\\/12\\\/Mexican-Qualifications-Framework-298x300.jpg\",\"contentUrl\":\"https:\\\/\\\/avrio.edu.eu\\\/new\\\/wp-content\\\/uploads\\\/2021\\\/12\\\/Mexican-Qualifications-Framework-298x300.jpg\"},{\"@type\":\"BreadcrumbList\",\"@id\":\"https:\\\/\\\/avrio.edu.eu\\\/usc\\\/azteca-university\\\/doctor-of-letters\\\/#breadcrumb\",\"itemListElement\":[{\"@type\":\"ListItem\",\"position\":1,\"name\":\"Home\",\"item\":\"https:\\\/\\\/avrio.edu.eu\\\/\"},{\"@type\":\"ListItem\",\"position\":2,\"name\":\"Universities Studies Center\",\"item\":\"https:\\\/\\\/avrio.edu.eu\\\/usc\\\/\"},{\"@type\":\"ListItem\",\"position\":3,\"name\":\"Azteca University\",\"item\":\"https:\\\/\\\/avrio.edu.eu\\\/usc\\\/azteca-university\\\/\"},{\"@type\":\"ListItem\",\"position\":4,\"name\":\"Doctor of Letters (Dr.Litt)\"}]},{\"@type\":\"WebSite\",\"@id\":\"https:\\\/\\\/avrio.edu.eu\\\/#website\",\"url\":\"https:\\\/\\\/avrio.edu.eu\\\/\",\"name\":\"The Postgraduate and Research Studies at Avrio Institute\",\"description\":\"For Bachelor&#039;s, Master&#039;s and Doctorate - In cooperation with Azteca University\",\"publisher\":{\"@id\":\"https:\\\/\\\/avrio.edu.eu\\\/#organization\"},\"alternateName\":\"Avrio for Research Studies\",\"potentialAction\":[{\"@type\":\"SearchAction\",\"target\":{\"@type\":\"EntryPoint\",\"urlTemplate\":\"https:\\\/\\\/avrio.edu.eu\\\/?s={search_term_string}\"},\"query-input\":{\"@type\":\"PropertyValueSpecification\",\"valueRequired\":true,\"valueName\":\"search_term_string\"}}],\"inLanguage\":\"it-IT\"},{\"@type\":\"Organization\",\"@id\":\"https:\\\/\\\/avrio.edu.eu\\\/#organization\",\"name\":\"Institut Avrio de Gen\u00e8ve\",\"alternateName\":\"Avrio Institute\",\"url\":\"https:\\\/\\\/avrio.edu.eu\\\/\",\"logo\":{\"@type\":\"ImageObject\",\"inLanguage\":\"it-IT\",\"@id\":\"https:\\\/\\\/avrio.edu.eu\\\/#\\\/schema\\\/logo\\\/image\\\/\",\"url\":\"https:\\\/\\\/avrio.edu.eu\\\/new\\\/wp-content\\\/uploads\\\/2020\\\/04\\\/logo-new-gw.png\",\"contentUrl\":\"https:\\\/\\\/avrio.edu.eu\\\/new\\\/wp-content\\\/uploads\\\/2020\\\/04\\\/logo-new-gw.png\",\"width\":850,\"height\":850,\"caption\":\"Institut Avrio de Gen\u00e8ve\"},\"image\":{\"@id\":\"https:\\\/\\\/avrio.edu.eu\\\/#\\\/schema\\\/logo\\\/image\\\/\"},\"sameAs\":[\"https:\\\/\\\/www.facebook.com\\\/institutavriodegeneve\\\/\",\"https:\\\/\\\/x.com\\\/AvrioDeGeneve\",\"https:\\\/\\\/www.instagram.com\\\/institutavriodegeneve\\\/\",\"https:\\\/\\\/www.linkedin.com\\\/in\\\/avrio-de-geneve-024392194\\\/\",\"https:\\\/\\\/www.youtube.com\\\/channel\\\/UCPP2orNhGglhisZlldUbnkQ\"]}]}<\/script>\n<!-- \/ Yoast SEO Premium plugin. -->","yoast_head_json":{"title":"Doctor of Letters (Dr.Litt) in Arts &amp; Humanities - presso Azteca Uni. &amp; Istituto Avrio","description":"Il Dottore in Lettere dell&#039;Universit\u00e0 \u00e8 un titolo accademico rilasciato dall&#039;Universit\u00e0 Azteca in riconoscimento dei risultati eccezionali nelle discipline umanistiche e artistiche!","robots":{"index":"index","follow":"follow","max-snippet":"max-snippet:-1","max-image-preview":"max-image-preview:large","max-video-preview":"max-video-preview:-1"},"canonical":"https:\/\/avrio.edu.eu\/it\/usc\/azteca-university\/doctor-of-letters\/","og_locale":"it_IT","og_type":"article","og_title":"Doctor of Letters (Dr.Litt) - The International Research Study Programs - Avrio Institute","og_description":"University Doctor of Letters is an academic degree is awarded by Azteca University in recognition of outstanding achievement in the humanities & arts!","og_url":"https:\/\/avrio.edu.eu\/it\/usc\/azteca-university\/doctor-of-letters\/","og_site_name":"The International Research Study Programs - Avrio Institute","article_publisher":"https:\/\/www.facebook.com\/institutavriodegeneve\/","article_modified_time":"2026-02-11T19:33:25+00:00","og_image":[{"width":1770,"height":1780,"url":"https:\/\/avrio.edu.eu\/new\/wp-content\/uploads\/2021\/12\/Mexican-Qualifications-Framework.jpg","type":"image\/jpeg"}],"twitter_card":"summary_large_image","twitter_site":"@AvrioDeGeneve","twitter_misc":{"Tempo di lettura stimato":"2 minuti"},"schema":{"@context":"https:\/\/schema.org","@graph":[{"@type":"WebPage","@id":"https:\/\/avrio.edu.eu\/usc\/azteca-university\/doctor-of-letters\/","url":"https:\/\/avrio.edu.eu\/usc\/azteca-university\/doctor-of-letters\/","name":"Doctor of Letters (Dr.Litt) in Arts &amp; Humanities - presso Azteca Uni. &amp; Istituto Avrio","isPartOf":{"@id":"https:\/\/avrio.edu.eu\/#website"},"primaryImageOfPage":{"@id":"https:\/\/avrio.edu.eu\/usc\/azteca-university\/doctor-of-letters\/#primaryimage"},"image":{"@id":"https:\/\/avrio.edu.eu\/usc\/azteca-university\/doctor-of-letters\/#primaryimage"},"thumbnailUrl":"https:\/\/avrio.edu.eu\/new\/wp-content\/uploads\/2021\/12\/Mexican-Qualifications-Framework-298x300.jpg","datePublished":"2021-12-18T01:48:31+00:00","dateModified":"2026-02-11T19:33:25+00:00","description":"Il Dottore in Lettere dell&#039;Universit\u00e0 \u00e8 un titolo accademico rilasciato dall&#039;Universit\u00e0 Azteca in riconoscimento dei risultati eccezionali nelle discipline umanistiche e artistiche!","breadcrumb":{"@id":"https:\/\/avrio.edu.eu\/usc\/azteca-university\/doctor-of-letters\/#breadcrumb"},"inLanguage":"it-IT","potentialAction":[{"@type":"ReadAction","target":["https:\/\/avrio.edu.eu\/usc\/azteca-university\/doctor-of-letters\/"]}]},{"@type":"ImageObject","inLanguage":"it-IT","@id":"https:\/\/avrio.edu.eu\/usc\/azteca-university\/doctor-of-letters\/#primaryimage","url":"https:\/\/avrio.edu.eu\/new\/wp-content\/uploads\/2021\/12\/Mexican-Qualifications-Framework-298x300.jpg","contentUrl":"https:\/\/avrio.edu.eu\/new\/wp-content\/uploads\/2021\/12\/Mexican-Qualifications-Framework-298x300.jpg"},{"@type":"BreadcrumbList","@id":"https:\/\/avrio.edu.eu\/usc\/azteca-university\/doctor-of-letters\/#breadcrumb","itemListElement":[{"@type":"ListItem","position":1,"name":"Home","item":"https:\/\/avrio.edu.eu\/"},{"@type":"ListItem","position":2,"name":"Universities Studies Center","item":"https:\/\/avrio.edu.eu\/usc\/"},{"@type":"ListItem","position":3,"name":"Azteca University","item":"https:\/\/avrio.edu.eu\/usc\/azteca-university\/"},{"@type":"ListItem","position":4,"name":"Doctor of Letters (Dr.Litt)"}]},{"@type":"WebSite","@id":"https:\/\/avrio.edu.eu\/#website","url":"https:\/\/avrio.edu.eu\/","name":"Gli studi post-laurea e di ricerca presso l&#039;istituto Avrio","description":"Per corsi di laurea triennale, magistrale e dottorato - In collaborazione con l&#039;Universit\u00e0 Azteca","publisher":{"@id":"https:\/\/avrio.edu.eu\/#organization"},"alternateName":"Avrio for Research Studies","potentialAction":[{"@type":"SearchAction","target":{"@type":"EntryPoint","urlTemplate":"https:\/\/avrio.edu.eu\/?s={search_term_string}"},"query-input":{"@type":"PropertyValueSpecification","valueRequired":true,"valueName":"search_term_string"}}],"inLanguage":"it-IT"},{"@type":"Organization","@id":"https:\/\/avrio.edu.eu\/#organization","name":"Istituto Avrio di Ginevra","alternateName":"Avrio Institute","url":"https:\/\/avrio.edu.eu\/","logo":{"@type":"ImageObject","inLanguage":"it-IT","@id":"https:\/\/avrio.edu.eu\/#\/schema\/logo\/image\/","url":"https:\/\/avrio.edu.eu\/new\/wp-content\/uploads\/2020\/04\/logo-new-gw.png","contentUrl":"https:\/\/avrio.edu.eu\/new\/wp-content\/uploads\/2020\/04\/logo-new-gw.png","width":850,"height":850,"caption":"Institut Avrio de Gen\u00e8ve"},"image":{"@id":"https:\/\/avrio.edu.eu\/#\/schema\/logo\/image\/"},"sameAs":["https:\/\/www.facebook.com\/institutavriodegeneve\/","https:\/\/x.com\/AvrioDeGeneve","https:\/\/www.instagram.com\/institutavriodegeneve\/","https:\/\/www.linkedin.com\/in\/avrio-de-geneve-024392194\/","https:\/\/www.youtube.com\/channel\/UCPP2orNhGglhisZlldUbnkQ"]}]}},"_links":{"self":[{"href":"https:\/\/avrio.edu.eu\/it\/wp-json\/wp\/v2\/pages\/21012","targetHints":{"allow":["GET"]}}],"collection":[{"href":"https:\/\/avrio.edu.eu\/it\/wp-json\/wp\/v2\/pages"}],"about":[{"href":"https:\/\/avrio.edu.eu\/it\/wp-json\/wp\/v2\/types\/page"}],"author":[{"embeddable":true,"href":"https:\/\/avrio.edu.eu\/it\/wp-json\/wp\/v2\/users\/16"}],"replies":[{"embeddable":true,"href":"https:\/\/avrio.edu.eu\/it\/wp-json\/wp\/v2\/comments?post=21012"}],"version-history":[{"count":1,"href":"https:\/\/avrio.edu.eu\/it\/wp-json\/wp\/v2\/pages\/21012\/revisions"}],"predecessor-version":[{"id":24587,"href":"https:\/\/avrio.edu.eu\/it\/wp-json\/wp\/v2\/pages\/21012\/revisions\/24587"}],"up":[{"embeddable":true,"href":"https:\/\/avrio.edu.eu\/it\/wp-json\/wp\/v2\/pages\/20795"}],"wp:attachment":[{"href":"https:\/\/avrio.edu.eu\/it\/wp-json\/wp\/v2\/media?parent=21012"}],"curies":[{"name":"wp","href":"https:\/\/api.w.org\/{rel}","templated":true}]}}