{"id":24202,"date":"2024-11-22T01:43:33","date_gmt":"2024-11-22T00:43:33","guid":{"rendered":"https:\/\/avrio.edu.eu\/?page_id=24202"},"modified":"2026-02-23T14:33:04","modified_gmt":"2026-02-23T13:33:04","slug":"postdoctoral-research-programs","status":"publish","type":"page","link":"https:\/\/avrio.edu.eu\/it\/usc\/azteca-university\/own-degree\/postdoctoral-research-programs\/","title":{"rendered":"Achieve Postdoctoral Distinction"},"content":{"rendered":"<h2><div class=\"su-heading su-heading-style-default su-heading-align-center\" id=\"\" style=\"font-size:18px;margin-bottom:20px\"><div class=\"su-heading-inner\">Online Research-Based Postdoctoral in Science, Letters and Law<\/div><\/div><\/h2>\n<h3 style=\"text-align: justify;\"><strong>What is Postdoctoral Research?<\/strong><\/h3>\n<p style=\"text-align: justify;\"><div class=\"su-pullquote su-pullquote-align-right\"><strong>Fai crescere la tua carriera nella ricerca<\/strong> verso nuove vette con il nostro prestigioso <strong>Postdoctoral Research Programs<\/strong> presso l&#039;Avrio Institute, una prestigiosa branca dell&#039;Universit\u00e0 Azteca.<\/div>Postdoctoral research is a crucial phase for doctoral scholars who have completed their studies, PhD, allowing them to develop their expertise further and contribute significantly to their fields. This stage provides access to valuable resources tailored to their interests and fosters collaboration with various academic institutions, enhancing research capabilities and professional networks.<\/p>\n<p style=\"text-align: justify;\">Postdoctoral researchers refine their skills, publish findings, and advance their academic careers, often leading to faculty positions or roles in research institutions. At Avrio Institute, we offer a range of Postdoctoral degree programs that support scholars&#8217; research endeavors and recognize their contributions to academia. Below is a list of some available Postdoctoral degree programs aimed at promoting scholarly excellence.<\/p>\n<h3 style=\"text-align: justify;\"><strong>Unveiling the Highest Postdoctoral Degrees:<\/strong><\/h3>\n<p style=\"text-align: justify;\">Avrio Institute is proud to offer, as an official branch of Azteca University, the following esteemed Postdoctoral degrees, recognized for the exceptional achievements of our graduates:<\/p>\n<ul style=\"text-align: justify;\">\n<li><strong>Dottore in Scienze (D.Sc.)<\/strong>\u00a0<strong>Livello<\/strong>\u00a0In <strong>Scienza<\/strong>, <strong>Ingegneria<\/strong>, <strong>Tecnologia<\/strong>, E <strong>imparentato<\/strong> discipline.<\/li>\n<li><strong>Dottore in Lettere (D.Litt., Litt.D., D. Lit., o Lit. D.) Laurea<\/strong>\u00a0In <strong>Attivit\u00e0 commerciale<\/strong>, <strong>Studi umanistici<\/strong>, <strong>Scienze sociali<\/strong>, <strong>Design<\/strong>, E <strong>Arti creative<\/strong>, E <strong>imparentato<\/strong> discipline.<\/li>\n<li><strong>Laurea in giurisprudenza (LL.D.) <\/strong>nel campo di <strong>Legge<\/strong> e <strong>imparentato<\/strong> aree viene assegnato a candidati il cui lavoro e la cui ricerca hanno contribuito in modo significativo all&#039;avanzamento della conoscenza.<\/li>\n<\/ul>\n<h3 style=\"text-align: justify;\"><strong>Qualifying for Postdoctoral Distinction:<\/strong><\/h3>\n<h4 style=\"text-align: justify;\"><strong>Idoneit\u00e0 D.Sc.:<\/strong><\/h4>\n<p style=\"text-align: justify;\">Un candidato che ha conseguito un Dottorato di Ricerca (Ph.D.) nei campi della Scienza, Ingegneria, Tecnologia o altre discipline correlate presso l&#039;Universit\u00e0 Azteca, o un titolo equivalente riconosciuto da un&#039;altra universit\u00e0, pu\u00f2 presentare domanda per il Dottorato di Ricerca (D.Sc.), a condizione che soddisfi i seguenti requisiti:<\/p>\n<ul style=\"text-align: justify;\">\n<li>Demonstrate a minimum of two years of Postdoctoral research experience.<\/li>\n<li>Avere un record di pubblicazioni di 10 articoli di ricerca su riviste indicizzate (primo autore o autore corrispondente).<\/li>\n<\/ul>\n<p style=\"text-align: justify;\"><strong>O<\/strong><\/p>\n<ul style=\"text-align: justify;\">\n<li>Two+ years of Postdoctoral experience with at least one internationally recognized patent (and at least two total patents).<\/li>\n<li>La ricerca \u00e8 riconosciuta a livello nazionale o internazionale per i suoi significativi contributi alla societ\u00e0 e al progresso della conoscenza.<\/li>\n<\/ul>\n<p style=\"text-align: justify;\"><strong>O<\/strong><\/p>\n<ul style=\"text-align: justify;\">\n<li>Two+ years of Postdoctoral experience with at least three recommendations\/referrals of his research or contribution from nationally\/ internationally recognized experts in the concerned field, and his\/her work and effort, which should have made a distinct contribution to society and advancement of knowledge.<\/li>\n<\/ul>\n<h4 style=\"text-align: justify;\"><strong>D.Litt. Idoneit\u00e0:<\/strong><\/h4>\n<p style=\"text-align: justify;\">Un candidato in possesso di un dottorato di ricerca (Ph.D.) nei campi dell&#039;economia, delle discipline umanistiche, delle scienze sociali, del design, delle arti creative o di altri ambiti correlati conseguito presso l&#039;Universit\u00e0 Azteca, o di un titolo equivalente conseguito presso un&#039;altra universit\u00e0 riconosciuta, pu\u00f2 presentare domanda per il dottorato in letteratura (D.Litt.), a condizione che:<\/p>\n<ul style=\"text-align: justify;\">\n<li>Possess a minimum of two years of Postdoctoral research experience.<\/li>\n<li>Pubblicare 10 articoli di ricerca su riviste indicizzate Scopus (primo autore o autore corrispondente).<\/li>\n<\/ul>\n<p style=\"text-align: justify;\"><strong>O<\/strong><\/p>\n<ul style=\"text-align: justify;\">\n<li>Two+ years of Postdoctoral experience with three recommendations\/referrals of his research\/ contribution from nationally\/ internationally recognized experts of the concerned field and his\/her work and efforts have made distinct contributions to society and advancement of knowledge.<\/li>\n<\/ul>\n<h4 style=\"text-align: justify;\"><strong>Idoneit\u00e0 LL.D.:<\/strong><\/h4>\n<p style=\"text-align: justify;\">Un candidato che ha conseguito un Dottorato di Ricerca (Ph.D.) nel campo del Diritto o in aree correlate presso l&#039;Universit\u00e0 Azteca, o un titolo equivalente riconosciuto da un&#039;altra universit\u00e0, pu\u00f2 presentare domanda per il Dottorato di Ricerca in Giurisprudenza (LL.D.), a condizione che abbia:<\/p>\n<ul style=\"text-align: justify;\">\n<li>Possess a minimum of two years of Postdoctoral teaching experience.<\/li>\n<li>Pubblicare 10 articoli di ricerca su riviste indicizzate (primo autore o autore corrispondente).<\/li>\n<\/ul>\n<p style=\"text-align: justify;\"><strong>O<\/strong><\/p>\n<ul style=\"text-align: justify;\">\n<li>Two+ years of Postdoctoral experience with three recommendations from esteemed legal experts, recognizing your contributions to the legal field.<\/li>\n<\/ul>\n<h3 style=\"text-align: justify;\"><strong>Politiche di accettazione<\/strong><\/h3>\n<p style=\"text-align: justify;\">Per essere presi in considerazione per un dottorato in scienze (D.Sc.), dottorato in letteratura (D.Litt.) o dottorato in giurisprudenza (LL.D.) presso l&#039;Universit\u00e0 Azteca tramite l&#039;Avrio Institute, \u00e8 necessario soddisfare i seguenti criteri:<\/p>\n<ol style=\"text-align: justify;\">\n<li><strong>Stato di laurea:<\/strong> Salvo circostanze eccezionali, il candidato deve essere in possesso di un <strong>Laurea in lettere o dottorato in giurisprudenza<\/strong> presso l&#039;Universit\u00e0 Azteca o un&#039;universit\u00e0 riconosciuta.<\/li>\n<li><strong>Esperienza:<\/strong> I candidati devono avere almeno otto anni di esperienza dal loro primo titolo universitario per presentare domanda per l&#039; <strong>D.Sc. \/ D.Litt. \/ o LL.D<\/strong>.<\/li>\n<li><strong>Ricerca originale:<\/strong> La tua candidatura per The Degrees of\u00a0<strong>D.Sc. \/ D.Litt.\/ o LL.D<\/strong><strong>.<\/strong> si baser\u00e0 sui tuoi contributi originali e significativi a un campo specifico come la linguistica, la letteratura, la filosofia, le scienze sociali o la storia.<\/li>\n<li><strong>Lavori pubblicati:<\/strong> Devi aver pubblicato la tua ricerca in un libro o su riviste accademiche ampiamente diffuse.<\/li>\n<li><strong>Premi precedenti:<\/strong> Non sono ammissibili lavori precedentemente utilizzati per un&#039;altra laurea o diploma.<\/li>\n<li><strong>Procedura di iscrizione:<\/strong> A candidate shall submit a written application to be considered for examination, along with the Postdoctoral Tuition Fees and the following documents:\n<ul>\n<li>The Thesis Proposal is to be examined and approved.<\/li>\n<li>Una dichiarazione legale, che deve:\n<ol style=\"list-style-type: lower-roman;\">\n<li>Indicare in che misura il lavoro \u00e8 di propriet\u00e0 del candidato e, in caso di lavoro congiunto, identificare chiaramente quali parti costituiscono il contributo del candidato;<\/li>\n<li>Specificare quale parte, se presente, del lavoro presentato \u00e8 stata precedentemente presentata per una laurea o un diploma presso l&#039;Universidad Azteca o qualsiasi altra universit\u00e0;<\/li>\n<li>Dichiarare che il lavoro, nella sua forma attuale, non \u00e8 stato precedentemente accettato per il conseguimento di una laurea o di un diploma presso questa o qualsiasi altra universit\u00e0 e non \u00e8 contemporaneamente presentato per il conseguimento di una laurea o di un diploma presso qualsiasi altra istituzione.<\/li>\n<\/ol>\n<\/li>\n<\/ul>\n<\/li>\n<\/ol>\n<p style=\"text-align: justify;\"><strong>Ready to embark on your Postdoctoral journey?<br \/>\n<\/strong><a href=\"#contact-form\">Contatta il nostro<\/a> oggi stesso il team di ammissioni e reclutamento per discutere della tua idoneit\u00e0 ed esplorare le possibilit\u00e0 presso l&#039;Avrio Institute, oppure fai un passo avanti e <a href=\"https:\/\/avrio.edu.eu\/it\/usc\/apply-now\/offline-application\/\">richiedi il modulo di domanda<\/a>.<\/p>","protected":false},"excerpt":{"rendered":"<p>What is Postdoctoral Research? Postdoctoral research is a crucial phase for doctoral scholars who have completed their studies, PhD, allowing them to develop their expertise further and contribute significantly to their fields. This stage provides access to valuable resources tailored to their interests and fosters collaboration with various academic institutions, enhancing research capabilities and professional [&hellip;]<\/p>\n","protected":false},"author":16,"featured_media":0,"parent":21267,"menu_order":0,"comment_status":"closed","ping_status":"closed","template":"","meta":{"site-sidebar-layout":"default","site-content-layout":"","ast-site-content-layout":"default","site-content-style":"default","site-sidebar-style":"default","ast-global-header-display":"","ast-banner-title-visibility":"","ast-main-header-display":"","ast-hfb-above-header-display":"","ast-hfb-below-header-display":"","ast-hfb-mobile-header-display":"","site-post-title":"","ast-breadcrumbs-content":"","ast-featured-img":"","footer-sml-layout":"","ast-disable-related-posts":"","theme-transparent-header-meta":"default","adv-header-id-meta":"","stick-header-meta":"default","header-above-stick-meta":"","header-main-stick-meta":"","header-below-stick-meta":"","astra-migrate-meta-layouts":"set","ast-page-background-enabled":"default","ast-page-background-meta":{"desktop":{"background-color":"var(--ast-global-color-4)","background-image":"","background-repeat":"repeat","background-position":"center center","background-size":"auto","background-attachment":"scroll","background-type":"","background-media":"","overlay-type":"","overlay-color":"","overlay-opacity":"","overlay-gradient":""},"tablet":{"background-color":"","background-image":"","background-repeat":"repeat","background-position":"center center","background-size":"auto","background-attachment":"scroll","background-type":"","background-media":"","overlay-type":"","overlay-color":"","overlay-opacity":"","overlay-gradient":""},"mobile":{"background-color":"","background-image":"","background-repeat":"repeat","background-position":"center center","background-size":"auto","background-attachment":"scroll","background-type":"","background-media":"","overlay-type":"","overlay-color":"","overlay-opacity":"","overlay-gradient":""}},"ast-content-background-meta":{"desktop":{"background-color":"var(--ast-global-color-5)","background-image":"","background-repeat":"repeat","background-position":"center center","background-size":"auto","background-attachment":"scroll","background-type":"","background-media":"","overlay-type":"","overlay-color":"","overlay-opacity":"","overlay-gradient":""},"tablet":{"background-color":"var(--ast-global-color-5)","background-image":"","background-repeat":"repeat","background-position":"center center","background-size":"auto","background-attachment":"scroll","background-type":"","background-media":"","overlay-type":"","overlay-color":"","overlay-opacity":"","overlay-gradient":""},"mobile":{"background-color":"var(--ast-global-color-5)","background-image":"","background-repeat":"repeat","background-position":"center center","background-size":"auto","background-attachment":"scroll","background-type":"","background-media":"","overlay-type":"","overlay-color":"","overlay-opacity":"","overlay-gradient":""}},"footnotes":""},"class_list":["post-24202","page","type-page","status-publish","hentry"],"yoast_head":"<!-- This site is optimized with the Yoast SEO Premium plugin v27.2 (Yoast SEO v27.3) - https:\/\/yoast.com\/product\/yoast-seo-premium-wordpress\/ -->\n<title>Online Postdoctoral Programs by Thesis | at Azteca Uni. via Avrio Ins.<\/title>\n<meta name=\"description\" content=\"Online and By Thesis DSc, DLitt and LLD in Science, Engineering, Technology, Business, Humanities, Social Sciences, Design, Creative Arts and Related disciplines\" \/>\n<meta name=\"robots\" content=\"index, follow, max-snippet:-1, max-image-preview:large, max-video-preview:-1\" \/>\n<link rel=\"canonical\" href=\"https:\/\/avrio.edu.eu\/it\/usc\/azteca-university\/own-degree\/postdoctoral-research-programs\/\" \/>\n<meta property=\"og:locale\" content=\"it_IT\" \/>\n<meta property=\"og:type\" content=\"article\" \/>\n<meta property=\"og:title\" content=\"Achieve Postdoctoral Distinction - The International Research Study Programs - Avrio Institute\" \/>\n<meta property=\"og:description\" content=\"Online and By Thesis DSc, DLitt and LLD in Science, Engineering, Technology, Business, Humanities, Social Sciences, Design, Creative Arts and Related disciplines\" \/>\n<meta property=\"og:url\" content=\"https:\/\/avrio.edu.eu\/it\/usc\/azteca-university\/own-degree\/postdoctoral-research-programs\/\" \/>\n<meta property=\"og:site_name\" content=\"The International Research Study Programs - Avrio Institute\" \/>\n<meta property=\"article:publisher\" content=\"https:\/\/www.facebook.com\/institutavriodegeneve\/\" \/>\n<meta property=\"article:modified_time\" content=\"2026-02-23T13:33:04+00:00\" \/>\n<meta property=\"og:image\" content=\"https:\/\/avrio.edu.eu\/new\/wp-content\/uploads\/2020\/04\/logo-new-gw.png\" \/>\n\t<meta property=\"og:image:width\" content=\"850\" \/>\n\t<meta property=\"og:image:height\" content=\"850\" \/>\n\t<meta property=\"og:image:type\" content=\"image\/png\" \/>\n<meta name=\"twitter:card\" content=\"summary_large_image\" \/>\n<meta name=\"twitter:site\" content=\"@AvrioDeGeneve\" \/>\n<meta name=\"twitter:label1\" content=\"Tempo di lettura stimato\" \/>\n\t<meta name=\"twitter:data1\" content=\"4 minuti\" \/>\n<script type=\"application\/ld+json\" class=\"yoast-schema-graph\">{\"@context\":\"https:\\\/\\\/schema.org\",\"@graph\":[{\"@type\":\"WebPage\",\"@id\":\"https:\\\/\\\/avrio.edu.eu\\\/usc\\\/azteca-university\\\/own-degree\\\/postdoctoral-research-programs\\\/\",\"url\":\"https:\\\/\\\/avrio.edu.eu\\\/usc\\\/azteca-university\\\/own-degree\\\/postdoctoral-research-programs\\\/\",\"name\":\"Online Postdoctoral Programs by Thesis | at Azteca Uni. via Avrio Ins.\",\"isPartOf\":{\"@id\":\"https:\\\/\\\/avrio.edu.eu\\\/#website\"},\"datePublished\":\"2024-11-22T00:43:33+00:00\",\"dateModified\":\"2026-02-23T13:33:04+00:00\",\"description\":\"Online and By Thesis DSc, DLitt and LLD in Science, Engineering, Technology, Business, Humanities, Social Sciences, Design, Creative Arts and Related disciplines\",\"breadcrumb\":{\"@id\":\"https:\\\/\\\/avrio.edu.eu\\\/usc\\\/azteca-university\\\/own-degree\\\/postdoctoral-research-programs\\\/#breadcrumb\"},\"inLanguage\":\"it-IT\",\"potentialAction\":[{\"@type\":\"ReadAction\",\"target\":[\"https:\\\/\\\/avrio.edu.eu\\\/usc\\\/azteca-university\\\/own-degree\\\/postdoctoral-research-programs\\\/\"]}]},{\"@type\":\"BreadcrumbList\",\"@id\":\"https:\\\/\\\/avrio.edu.eu\\\/usc\\\/azteca-university\\\/own-degree\\\/postdoctoral-research-programs\\\/#breadcrumb\",\"itemListElement\":[{\"@type\":\"ListItem\",\"position\":1,\"name\":\"Home\",\"item\":\"https:\\\/\\\/avrio.edu.eu\\\/\"},{\"@type\":\"ListItem\",\"position\":2,\"name\":\"Universities Studies Center\",\"item\":\"https:\\\/\\\/avrio.edu.eu\\\/usc\\\/\"},{\"@type\":\"ListItem\",\"position\":3,\"name\":\"Azteca University\",\"item\":\"https:\\\/\\\/avrio.edu.eu\\\/usc\\\/azteca-university\\\/\"},{\"@type\":\"ListItem\",\"position\":4,\"name\":\"Azteca University Own degrees\",\"item\":\"https:\\\/\\\/avrio.edu.eu\\\/usc\\\/azteca-university\\\/own-degree\\\/\"},{\"@type\":\"ListItem\",\"position\":5,\"name\":\"Achieve Postdoctoral Distinction\"}]},{\"@type\":\"WebSite\",\"@id\":\"https:\\\/\\\/avrio.edu.eu\\\/#website\",\"url\":\"https:\\\/\\\/avrio.edu.eu\\\/\",\"name\":\"The Postgraduate and Research Studies at Avrio Institute\",\"description\":\"For Bachelor&#039;s, Master&#039;s and Doctorate - In cooperation with Azteca University\",\"publisher\":{\"@id\":\"https:\\\/\\\/avrio.edu.eu\\\/#organization\"},\"alternateName\":\"Avrio for Research Studies\",\"potentialAction\":[{\"@type\":\"SearchAction\",\"target\":{\"@type\":\"EntryPoint\",\"urlTemplate\":\"https:\\\/\\\/avrio.edu.eu\\\/?s={search_term_string}\"},\"query-input\":{\"@type\":\"PropertyValueSpecification\",\"valueRequired\":true,\"valueName\":\"search_term_string\"}}],\"inLanguage\":\"it-IT\"},{\"@type\":\"Organization\",\"@id\":\"https:\\\/\\\/avrio.edu.eu\\\/#organization\",\"name\":\"Institut Avrio de Gen\u00e8ve\",\"alternateName\":\"Avrio Institute\",\"url\":\"https:\\\/\\\/avrio.edu.eu\\\/\",\"logo\":{\"@type\":\"ImageObject\",\"inLanguage\":\"it-IT\",\"@id\":\"https:\\\/\\\/avrio.edu.eu\\\/#\\\/schema\\\/logo\\\/image\\\/\",\"url\":\"https:\\\/\\\/avrio.edu.eu\\\/new\\\/wp-content\\\/uploads\\\/2020\\\/04\\\/logo-new-gw.png\",\"contentUrl\":\"https:\\\/\\\/avrio.edu.eu\\\/new\\\/wp-content\\\/uploads\\\/2020\\\/04\\\/logo-new-gw.png\",\"width\":850,\"height\":850,\"caption\":\"Institut Avrio de Gen\u00e8ve\"},\"image\":{\"@id\":\"https:\\\/\\\/avrio.edu.eu\\\/#\\\/schema\\\/logo\\\/image\\\/\"},\"sameAs\":[\"https:\\\/\\\/www.facebook.com\\\/institutavriodegeneve\\\/\",\"https:\\\/\\\/x.com\\\/AvrioDeGeneve\",\"https:\\\/\\\/www.instagram.com\\\/institutavriodegeneve\\\/\",\"https:\\\/\\\/www.linkedin.com\\\/in\\\/avrio-de-geneve-024392194\\\/\",\"https:\\\/\\\/www.youtube.com\\\/channel\\\/UCPP2orNhGglhisZlldUbnkQ\"]}]}<\/script>\n<!-- \/ Yoast SEO Premium plugin. -->","yoast_head_json":{"title":"Online Postdoctoral Programs by Thesis | at Azteca Uni. via Avrio Ins.","description":"Online and By Thesis DSc, DLitt and LLD in Science, Engineering, Technology, Business, Humanities, Social Sciences, Design, Creative Arts and Related disciplines","robots":{"index":"index","follow":"follow","max-snippet":"max-snippet:-1","max-image-preview":"max-image-preview:large","max-video-preview":"max-video-preview:-1"},"canonical":"https:\/\/avrio.edu.eu\/it\/usc\/azteca-university\/own-degree\/postdoctoral-research-programs\/","og_locale":"it_IT","og_type":"article","og_title":"Achieve Postdoctoral Distinction - The International Research Study Programs - Avrio Institute","og_description":"Online and By Thesis DSc, DLitt and LLD in Science, Engineering, Technology, Business, Humanities, Social Sciences, Design, Creative Arts and Related disciplines","og_url":"https:\/\/avrio.edu.eu\/it\/usc\/azteca-university\/own-degree\/postdoctoral-research-programs\/","og_site_name":"The International Research Study Programs - Avrio Institute","article_publisher":"https:\/\/www.facebook.com\/institutavriodegeneve\/","article_modified_time":"2026-02-23T13:33:04+00:00","og_image":[{"width":850,"height":850,"url":"https:\/\/avrio.edu.eu\/new\/wp-content\/uploads\/2020\/04\/logo-new-gw.png","type":"image\/png"}],"twitter_card":"summary_large_image","twitter_site":"@AvrioDeGeneve","twitter_misc":{"Tempo di lettura stimato":"4 minuti"},"schema":{"@context":"https:\/\/schema.org","@graph":[{"@type":"WebPage","@id":"https:\/\/avrio.edu.eu\/usc\/azteca-university\/own-degree\/postdoctoral-research-programs\/","url":"https:\/\/avrio.edu.eu\/usc\/azteca-university\/own-degree\/postdoctoral-research-programs\/","name":"Online Postdoctoral Programs by Thesis | at Azteca Uni. via Avrio Ins.","isPartOf":{"@id":"https:\/\/avrio.edu.eu\/#website"},"datePublished":"2024-11-22T00:43:33+00:00","dateModified":"2026-02-23T13:33:04+00:00","description":"Online and By Thesis DSc, DLitt and LLD in Science, Engineering, Technology, Business, Humanities, Social Sciences, Design, Creative Arts and Related disciplines","breadcrumb":{"@id":"https:\/\/avrio.edu.eu\/usc\/azteca-university\/own-degree\/postdoctoral-research-programs\/#breadcrumb"},"inLanguage":"it-IT","potentialAction":[{"@type":"ReadAction","target":["https:\/\/avrio.edu.eu\/usc\/azteca-university\/own-degree\/postdoctoral-research-programs\/"]}]},{"@type":"BreadcrumbList","@id":"https:\/\/avrio.edu.eu\/usc\/azteca-university\/own-degree\/postdoctoral-research-programs\/#breadcrumb","itemListElement":[{"@type":"ListItem","position":1,"name":"Home","item":"https:\/\/avrio.edu.eu\/"},{"@type":"ListItem","position":2,"name":"Universities Studies Center","item":"https:\/\/avrio.edu.eu\/usc\/"},{"@type":"ListItem","position":3,"name":"Azteca University","item":"https:\/\/avrio.edu.eu\/usc\/azteca-university\/"},{"@type":"ListItem","position":4,"name":"Azteca University Own degrees","item":"https:\/\/avrio.edu.eu\/usc\/azteca-university\/own-degree\/"},{"@type":"ListItem","position":5,"name":"Achieve Postdoctoral Distinction"}]},{"@type":"WebSite","@id":"https:\/\/avrio.edu.eu\/#website","url":"https:\/\/avrio.edu.eu\/","name":"Gli studi post-laurea e di ricerca presso l&#039;istituto Avrio","description":"Per corsi di laurea triennale, magistrale e dottorato - In collaborazione con l&#039;Universit\u00e0 Azteca","publisher":{"@id":"https:\/\/avrio.edu.eu\/#organization"},"alternateName":"Avrio for Research Studies","potentialAction":[{"@type":"SearchAction","target":{"@type":"EntryPoint","urlTemplate":"https:\/\/avrio.edu.eu\/?s={search_term_string}"},"query-input":{"@type":"PropertyValueSpecification","valueRequired":true,"valueName":"search_term_string"}}],"inLanguage":"it-IT"},{"@type":"Organization","@id":"https:\/\/avrio.edu.eu\/#organization","name":"Istituto Avrio di Ginevra","alternateName":"Avrio Institute","url":"https:\/\/avrio.edu.eu\/","logo":{"@type":"ImageObject","inLanguage":"it-IT","@id":"https:\/\/avrio.edu.eu\/#\/schema\/logo\/image\/","url":"https:\/\/avrio.edu.eu\/new\/wp-content\/uploads\/2020\/04\/logo-new-gw.png","contentUrl":"https:\/\/avrio.edu.eu\/new\/wp-content\/uploads\/2020\/04\/logo-new-gw.png","width":850,"height":850,"caption":"Institut Avrio de Gen\u00e8ve"},"image":{"@id":"https:\/\/avrio.edu.eu\/#\/schema\/logo\/image\/"},"sameAs":["https:\/\/www.facebook.com\/institutavriodegeneve\/","https:\/\/x.com\/AvrioDeGeneve","https:\/\/www.instagram.com\/institutavriodegeneve\/","https:\/\/www.linkedin.com\/in\/avrio-de-geneve-024392194\/","https:\/\/www.youtube.com\/channel\/UCPP2orNhGglhisZlldUbnkQ"]}]}},"_links":{"self":[{"href":"https:\/\/avrio.edu.eu\/it\/wp-json\/wp\/v2\/pages\/24202","targetHints":{"allow":["GET"]}}],"collection":[{"href":"https:\/\/avrio.edu.eu\/it\/wp-json\/wp\/v2\/pages"}],"about":[{"href":"https:\/\/avrio.edu.eu\/it\/wp-json\/wp\/v2\/types\/page"}],"author":[{"embeddable":true,"href":"https:\/\/avrio.edu.eu\/it\/wp-json\/wp\/v2\/users\/16"}],"replies":[{"embeddable":true,"href":"https:\/\/avrio.edu.eu\/it\/wp-json\/wp\/v2\/comments?post=24202"}],"version-history":[{"count":12,"href":"https:\/\/avrio.edu.eu\/it\/wp-json\/wp\/v2\/pages\/24202\/revisions"}],"predecessor-version":[{"id":24679,"href":"https:\/\/avrio.edu.eu\/it\/wp-json\/wp\/v2\/pages\/24202\/revisions\/24679"}],"up":[{"embeddable":true,"href":"https:\/\/avrio.edu.eu\/it\/wp-json\/wp\/v2\/pages\/21267"}],"wp:attachment":[{"href":"https:\/\/avrio.edu.eu\/it\/wp-json\/wp\/v2\/media?parent=24202"}],"curies":[{"name":"wp","href":"https:\/\/api.w.org\/{rel}","templated":true}]}}