{"id":20928,"date":"2021-12-17T19:42:01","date_gmt":"2021-12-17T18:42:01","guid":{"rendered":"https:\/\/avrio.edu.eu\/?page_id=20928"},"modified":"2026-02-11T20:33:26","modified_gmt":"2026-02-11T19:33:26","slug":"doctor-of-the-university-in-advanced-studies","status":"publish","type":"page","link":"https:\/\/avrio.edu.eu\/pt\/usc\/azteca-university\/doctor-of-the-university-in-advanced-studies\/","title":{"rendered":"Dr. Univ. em Estudos Avan\u00e7ados"},"content":{"rendered":"<h3>O que \u00e9 um grau de estudos avan\u00e7ados?<\/h3>\n<p>Os Estudos Avan\u00e7ados podem ser adequados para voc\u00ea. Indiv\u00edduos que desejam aplicar seus cr\u00e9ditos universit\u00e1rios para a conclus\u00e3o de um diploma em um campo espec\u00edfico podem faz\u00ea-lo neste programa, permitindo que os alunos transfiram seus cr\u00e9ditos universit\u00e1rios conclu\u00eddos, qualifica\u00e7\u00f5es profissionais para seu programa de gradua\u00e7\u00e3o. A justificativa para estudos avan\u00e7ados \u00e9 desenvolver o profissionalismo, desenvolver a consci\u00eancia, aprimorar a metodologia e o conhecimento da profiss\u00e3o.<\/p>\n<p>Os Estudos Avan\u00e7ados da Universidad Azteca s\u00e3o interdisciplinares com foco no desenvolvimento de habilidades acad\u00eamicas de p\u00f3s-gradua\u00e7\u00e3o na pr\u00e1tica profissional, conforme definido pela Estrutura de Qualifica\u00e7\u00f5es Mexicana e Europeia (MMC, EQF) N\u00edvel 7 (Mestrado) e N\u00edvel 8 (Doutor). Estudos Avan\u00e7ados oferece um espa\u00e7o para o pensamento cr\u00edtico e investiga\u00e7\u00e3o engajada dentro e atrav\u00e9s das fronteiras disciplinares e profissionais convencionais.<\/p>\n<div class=\"su-pullquote su-pullquote-align-right\">Saiba mais sobre o <a href=\"https:\/\/avrio.edu.eu\/pt\/usc\/azteca-university\/own-degree\/doctor-of-the-university\/\">Doutor da Universidade<\/a><\/div>O grau de Estudos Avan\u00e7ados da Universidad Azteca \u00e9 uma p\u00f3s-gradua\u00e7\u00e3o concedida em v\u00e1rias disciplinas e concentra\u00e7\u00f5es, interdisciplinar e tendendo a atender \u00e0s necessidades dos profissionais em vez dos acad\u00eamicos e adaptada para grupos espec\u00edficos de profissionais com necessidades bem definidas para cursos de gradua\u00e7\u00e3o avan\u00e7ada , projetos e trabalhos em combina\u00e7\u00e3o com a pesquisa do aluno para o grau de pesquisa avan\u00e7ada.<\/p>\n<p>Esses programas de gradua\u00e7\u00e3o oferecem hor\u00e1rios flex\u00edveis com um curr\u00edculo diversificado centrado no treinamento t\u00e9cnico e pr\u00e1tico, os alunos s\u00e3o auxiliados a desenvolver compet\u00eancia no conhecimento do assunto, aplica\u00e7\u00e3o do assunto, o que lhes permitir\u00e1 trabalhar efetivamente na variedade de contextos que encontrar\u00e3o durante suas carreiras.<\/p>\n<h4>TIPO E CARGA DE TRABALHO DO PROGRAMA<\/h4>\n<p>TIPO: Pr\u00eamio interno da Universidad Azteca, programa pr\u00f3prio da universidade acc. Arte. 59 Lei Geral de Educa\u00e7\u00e3o.<br \/>\nN\u00cdVEL: Terceiro ciclo, pr\u00eamio pr\u00f3prio da universidade MMC n\u00edvel 8.<br \/>\nCARGA DE TRABALHO: 180 ECTS<\/p>\n<h4>UNIVERSIDADE PREMIADORA E GRUPO-ALVO<\/h4>\n<p><strong>UNIVERSIDADE PREMIADA:<\/strong> Universidade Asteca, Chalco, M\u00e9xico.<\/p>\n<p><strong>DEPARTAMENTO UNIVERSIT\u00c1RIO NA EUROPA:<\/strong> Programas Europeus da Universidade Asteca.<\/p>\n<p><strong>GRUPO ALVO:<\/strong> Estudantes de doutorado interessados \u200b\u200bem transfer\u00eancia de cr\u00e9ditos de estudos de doutorado ou cursos EQF N\u00edvel 8 em uma das seguintes disciplinas para a Universidad Azteca buscando a conclus\u00e3o do programa de doutorado por tese \/ exame de doutorado profissional.<\/p>\n<p><strong>ESPECIALIZA\u00c7\u00c3O:<\/strong> Estudos avan\u00e7ados no n\u00edvel 8 MMC (EQF)<\/p>\n<p><strong>DISCIPLINAS:<\/strong><\/p>\n<ul>\n<li>Ci\u00eancias Sociais e Econ\u00f4micas<\/li>\n<li>Ci\u00eancias da Sa\u00fade<\/li>\n<li>Ci\u00eancias da Educa\u00e7\u00e3o<\/li>\n<li>Psicologia<\/li>\n<li>Ciencias ambientais<\/li>\n<\/ul>\n<p><strong>ESTUDAR IDIOMA:<\/strong> Ingl\u00eas, alem\u00e3o, espanhol<\/p>\n<p><strong>REQUISITOS DE ADMISS\u00c3O:<\/strong> Mestrado ou equivalente e cursos de p\u00f3s-gradua\u00e7\u00e3o ou qualifica\u00e7\u00f5es para transfer\u00eancia de cr\u00e9dito para o programa ou experi\u00eancia de pesquisa.<\/p>\n<h4>Modalidade e Equipe do Curso<\/h4>\n<p>MODALIDADE: modalidade de e-learning e educa\u00e7\u00e3o a dist\u00e2ncia.<br \/>\nCOURSE TEAM: Prof. Dr. Gerhard Berchtold, Prof. Dr. Friedrich Luhan, Prof. Dr. Ricardo Saavedra Hidalgo, Prof. Dr. Felipe Fern\u00e1ndez Rivadulla, Prof. Dr. Endler.<\/p>\n<h4>Plano de estudo<\/h4>\n<table border=\"1\" width=\"100%\">\n<tbody>\n<tr>\n<td bgcolor=\"#C0C0C0\"><b>Transfer\u00eancia de cr\u00e9ditos \u2013 Disciplinas eletivas<\/b><\/td>\n<td bgcolor=\"#C0C0C0\"><b>Modo de teste<\/b><\/td>\n<td bgcolor=\"#C0C0C0\"><b>ECTS<\/b><\/td>\n<\/tr>\n<tr>\n<td>Transfer\u00eancia do programa de doutorado MPhil \/ n\u00edvel 8 EQF<\/td>\n<td>Transfer\u00eancia de cr\u00e9ditos<\/td>\n<td>At\u00e9 102<\/td>\n<\/tr>\n<tr>\n<td>Eletivas do programa de doutorado da Universidad Azteca<\/td>\n<td>Exame<\/td>\n<td>Diferen\u00e7a para 102<\/td>\n<\/tr>\n<tr>\n<td bgcolor=\"#C0C0C0\"><b>M\u00f3dulo de Ci\u00eancias Obrigat\u00f3rio <\/b><\/td>\n<td bgcolor=\"#C0C0C0\"><b>Modo de teste<\/b><\/td>\n<td bgcolor=\"#C0C0C0\"><b>ECTS<\/b><\/td>\n<\/tr>\n<tr>\n<td>Projeto de pesquisa<\/td>\n<td>Apresenta\u00e7\u00e3o<\/td>\n<td>18<\/td>\n<\/tr>\n<tr>\n<td bgcolor=\"#C0C0C0\"><b>Tese \/ Exame Rigoroso <\/b><\/td>\n<td bgcolor=\"#C0C0C0\"><b>Modo de teste<\/b><\/td>\n<td bgcolor=\"#C0C0C0\"><b>ECTS<\/b><\/td>\n<\/tr>\n<tr>\n<td>Tese de Especializa\u00e7\u00e3o em Disciplina<\/td>\n<td>Apresenta\u00e7\u00e3o e defesa de tese escrita<\/td>\n<td>60<\/td>\n<\/tr>\n<tr>\n<td bgcolor=\"#C0C0C0\"><b>CARGA DE TRABALHO<\/b><\/td>\n<td bgcolor=\"#C0C0C0\"><b>Modo de teste<\/b><\/td>\n<td bgcolor=\"#C0C0C0\"><b>ECTS<\/b><\/td>\n<\/tr>\n<tr>\n<td>ECTS<\/td>\n<td>Defesa \/ Rigoroso<\/td>\n<td>180<\/td>\n<\/tr>\n<\/tbody>\n<\/table>\n<p>&nbsp;<\/p>","protected":false},"excerpt":{"rendered":"<p>What Is an Advanced Studies Degree? Advanced Studies may be right for you. Individuals wishing to apply their college credits toward the completion of a degree in a specific field can do so in this programme, allowing students to transfer their completed college credits, professional qualifications to their degree programme. The rationale for advanced studies [&hellip;]<\/p>\n","protected":false},"author":16,"featured_media":0,"parent":20795,"menu_order":0,"comment_status":"closed","ping_status":"closed","template":"","meta":{"site-sidebar-layout":"default","site-content-layout":"","ast-site-content-layout":"default","site-content-style":"default","site-sidebar-style":"default","ast-global-header-display":"","ast-banner-title-visibility":"","ast-main-header-display":"","ast-hfb-above-header-display":"","ast-hfb-below-header-display":"","ast-hfb-mobile-header-display":"","site-post-title":"","ast-breadcrumbs-content":"","ast-featured-img":"","footer-sml-layout":"","ast-disable-related-posts":"","theme-transparent-header-meta":"","adv-header-id-meta":"","stick-header-meta":"","header-above-stick-meta":"","header-main-stick-meta":"","header-below-stick-meta":"","astra-migrate-meta-layouts":"default","ast-page-background-enabled":"default","ast-page-background-meta":{"desktop":{"background-color":"var(--ast-global-color-4)","background-image":"","background-repeat":"repeat","background-position":"center center","background-size":"auto","background-attachment":"scroll","background-type":"","background-media":"","overlay-type":"","overlay-color":"","overlay-opacity":"","overlay-gradient":""},"tablet":{"background-color":"","background-image":"","background-repeat":"repeat","background-position":"center center","background-size":"auto","background-attachment":"scroll","background-type":"","background-media":"","overlay-type":"","overlay-color":"","overlay-opacity":"","overlay-gradient":""},"mobile":{"background-color":"","background-image":"","background-repeat":"repeat","background-position":"center center","background-size":"auto","background-attachment":"scroll","background-type":"","background-media":"","overlay-type":"","overlay-color":"","overlay-opacity":"","overlay-gradient":""}},"ast-content-background-meta":{"desktop":{"background-color":"var(--ast-global-color-5)","background-image":"","background-repeat":"repeat","background-position":"center center","background-size":"auto","background-attachment":"scroll","background-type":"","background-media":"","overlay-type":"","overlay-color":"","overlay-opacity":"","overlay-gradient":""},"tablet":{"background-color":"var(--ast-global-color-5)","background-image":"","background-repeat":"repeat","background-position":"center center","background-size":"auto","background-attachment":"scroll","background-type":"","background-media":"","overlay-type":"","overlay-color":"","overlay-opacity":"","overlay-gradient":""},"mobile":{"background-color":"var(--ast-global-color-5)","background-image":"","background-repeat":"repeat","background-position":"center center","background-size":"auto","background-attachment":"scroll","background-type":"","background-media":"","overlay-type":"","overlay-color":"","overlay-opacity":"","overlay-gradient":""}},"footnotes":""},"class_list":["post-20928","page","type-page","status-publish","hentry"],"yoast_head":"<!-- This site is optimized with the Yoast SEO Premium plugin v27.2 (Yoast SEO v27.2) - https:\/\/yoast.com\/product\/yoast-seo-premium-wordpress\/ -->\n<title>Doctorate in Advanced Studies - Online at Azteca Uni. via Avrio Institute<\/title>\n<meta name=\"description\" content=\"The rationale for advanced studies is to develop professionalism, develop awareness, enhance methodology and knowledge of the profession.\" \/>\n<meta name=\"robots\" content=\"index, follow, max-snippet:-1, max-image-preview:large, max-video-preview:-1\" \/>\n<link rel=\"canonical\" href=\"https:\/\/avrio.edu.eu\/pt\/usc\/azteca-university\/doctor-of-the-university-in-advanced-studies\/\" \/>\n<meta property=\"og:locale\" content=\"pt_PT\" \/>\n<meta property=\"og:type\" content=\"article\" \/>\n<meta property=\"og:title\" content=\"Dr. Univ. in Advanced Studies - The International Research Study Programs - Avrio Institute\" \/>\n<meta property=\"og:description\" content=\"The rationale for advanced studies is to develop professionalism, develop awareness, enhance methodology and knowledge of the profession.\" \/>\n<meta property=\"og:url\" content=\"https:\/\/avrio.edu.eu\/pt\/usc\/azteca-university\/doctor-of-the-university-in-advanced-studies\/\" \/>\n<meta property=\"og:site_name\" content=\"The International Research Study Programs - Avrio Institute\" \/>\n<meta property=\"article:publisher\" content=\"https:\/\/www.facebook.com\/institutavriodegeneve\/\" \/>\n<meta property=\"article:modified_time\" content=\"2026-02-11T19:33:26+00:00\" \/>\n<meta property=\"og:image\" content=\"https:\/\/avrio.edu.eu\/new\/wp-content\/uploads\/2020\/04\/logo-new-gw.png\" \/>\n\t<meta property=\"og:image:width\" content=\"850\" \/>\n\t<meta property=\"og:image:height\" content=\"850\" \/>\n\t<meta property=\"og:image:type\" content=\"image\/png\" \/>\n<meta name=\"twitter:card\" content=\"summary_large_image\" \/>\n<meta name=\"twitter:site\" content=\"@AvrioDeGeneve\" \/>\n<meta name=\"twitter:label1\" content=\"Tempo estimado de leitura\" \/>\n\t<meta name=\"twitter:data1\" content=\"3 minutos\" \/>\n<script type=\"application\/ld+json\" class=\"yoast-schema-graph\">{\"@context\":\"https:\/\/schema.org\",\"@graph\":[{\"@type\":\"WebPage\",\"@id\":\"https:\/\/avrio.edu.eu\/usc\/azteca-university\/doctor-of-the-university-in-advanced-studies\/\",\"url\":\"https:\/\/avrio.edu.eu\/usc\/azteca-university\/doctor-of-the-university-in-advanced-studies\/\",\"name\":\"Doctorate in Advanced Studies - Online at Azteca Uni. via Avrio Institute\",\"isPartOf\":{\"@id\":\"https:\/\/avrio.edu.eu\/#website\"},\"datePublished\":\"2021-12-17T18:42:01+00:00\",\"dateModified\":\"2026-02-11T19:33:26+00:00\",\"description\":\"The rationale for advanced studies is to develop professionalism, develop awareness, enhance methodology and knowledge of the profession.\",\"breadcrumb\":{\"@id\":\"https:\/\/avrio.edu.eu\/usc\/azteca-university\/doctor-of-the-university-in-advanced-studies\/#breadcrumb\"},\"inLanguage\":\"pt-PT\",\"potentialAction\":[{\"@type\":\"ReadAction\",\"target\":[\"https:\/\/avrio.edu.eu\/usc\/azteca-university\/doctor-of-the-university-in-advanced-studies\/\"]}]},{\"@type\":\"BreadcrumbList\",\"@id\":\"https:\/\/avrio.edu.eu\/usc\/azteca-university\/doctor-of-the-university-in-advanced-studies\/#breadcrumb\",\"itemListElement\":[{\"@type\":\"ListItem\",\"position\":1,\"name\":\"Home\",\"item\":\"https:\/\/avrio.edu.eu\/\"},{\"@type\":\"ListItem\",\"position\":2,\"name\":\"Universities Studies Center\",\"item\":\"https:\/\/avrio.edu.eu\/usc\/\"},{\"@type\":\"ListItem\",\"position\":3,\"name\":\"Azteca University\",\"item\":\"https:\/\/avrio.edu.eu\/usc\/azteca-university\/\"},{\"@type\":\"ListItem\",\"position\":4,\"name\":\"Dr. Univ. in Advanced Studies\"}]},{\"@type\":\"WebSite\",\"@id\":\"https:\/\/avrio.edu.eu\/#website\",\"url\":\"https:\/\/avrio.edu.eu\/\",\"name\":\"The Postgraduate and Research Studies at Avrio Institute\",\"description\":\"For Bachelor&#039;s, Master&#039;s and Doctorate - In cooperation with Azteca University\",\"publisher\":{\"@id\":\"https:\/\/avrio.edu.eu\/#organization\"},\"alternateName\":\"Avrio for Research Studies\",\"potentialAction\":[{\"@type\":\"SearchAction\",\"target\":{\"@type\":\"EntryPoint\",\"urlTemplate\":\"https:\/\/avrio.edu.eu\/?s={search_term_string}\"},\"query-input\":{\"@type\":\"PropertyValueSpecification\",\"valueRequired\":true,\"valueName\":\"search_term_string\"}}],\"inLanguage\":\"pt-PT\"},{\"@type\":\"Organization\",\"@id\":\"https:\/\/avrio.edu.eu\/#organization\",\"name\":\"Institut Avrio de Gen\u00e8ve\",\"alternateName\":\"Avrio Institute\",\"url\":\"https:\/\/avrio.edu.eu\/\",\"logo\":{\"@type\":\"ImageObject\",\"inLanguage\":\"pt-PT\",\"@id\":\"https:\/\/avrio.edu.eu\/#\/schema\/logo\/image\/\",\"url\":\"https:\/\/avrio.edu.eu\/new\/wp-content\/uploads\/2020\/04\/logo-new-gw.png\",\"contentUrl\":\"https:\/\/avrio.edu.eu\/new\/wp-content\/uploads\/2020\/04\/logo-new-gw.png\",\"width\":850,\"height\":850,\"caption\":\"Institut Avrio de Gen\u00e8ve\"},\"image\":{\"@id\":\"https:\/\/avrio.edu.eu\/#\/schema\/logo\/image\/\"},\"sameAs\":[\"https:\/\/www.facebook.com\/institutavriodegeneve\/\",\"https:\/\/x.com\/AvrioDeGeneve\",\"https:\/\/www.instagram.com\/institutavriodegeneve\/\",\"https:\/\/www.linkedin.com\/in\/avrio-de-geneve-024392194\/\",\"https:\/\/www.youtube.com\/channel\/UCPP2orNhGglhisZlldUbnkQ\"]}]}<\/script>\n<!-- \/ Yoast SEO Premium plugin. -->","yoast_head_json":{"title":"Doutorado em Estudos Avan\u00e7ados - Online na Azteca Uni. via Instituto Avrio","description":"A justificativa para estudos avan\u00e7ados \u00e9 desenvolver o profissionalismo, desenvolver a consci\u00eancia, aprimorar a metodologia e o conhecimento da profiss\u00e3o.","robots":{"index":"index","follow":"follow","max-snippet":"max-snippet:-1","max-image-preview":"max-image-preview:large","max-video-preview":"max-video-preview:-1"},"canonical":"https:\/\/avrio.edu.eu\/pt\/usc\/azteca-university\/doctor-of-the-university-in-advanced-studies\/","og_locale":"pt_PT","og_type":"article","og_title":"Dr. Univ. in Advanced Studies - The International Research Study Programs - Avrio Institute","og_description":"The rationale for advanced studies is to develop professionalism, develop awareness, enhance methodology and knowledge of the profession.","og_url":"https:\/\/avrio.edu.eu\/pt\/usc\/azteca-university\/doctor-of-the-university-in-advanced-studies\/","og_site_name":"The International Research Study Programs - Avrio Institute","article_publisher":"https:\/\/www.facebook.com\/institutavriodegeneve\/","article_modified_time":"2026-02-11T19:33:26+00:00","og_image":[{"width":850,"height":850,"url":"https:\/\/avrio.edu.eu\/new\/wp-content\/uploads\/2020\/04\/logo-new-gw.png","type":"image\/png"}],"twitter_card":"summary_large_image","twitter_site":"@AvrioDeGeneve","twitter_misc":{"Tempo estimado de leitura":"3 minutos"},"schema":{"@context":"https:\/\/schema.org","@graph":[{"@type":"WebPage","@id":"https:\/\/avrio.edu.eu\/usc\/azteca-university\/doctor-of-the-university-in-advanced-studies\/","url":"https:\/\/avrio.edu.eu\/usc\/azteca-university\/doctor-of-the-university-in-advanced-studies\/","name":"Doutorado em Estudos Avan\u00e7ados - Online na Azteca Uni. via Instituto Avrio","isPartOf":{"@id":"https:\/\/avrio.edu.eu\/#website"},"datePublished":"2021-12-17T18:42:01+00:00","dateModified":"2026-02-11T19:33:26+00:00","description":"A justificativa para estudos avan\u00e7ados \u00e9 desenvolver o profissionalismo, desenvolver a consci\u00eancia, aprimorar a metodologia e o conhecimento da profiss\u00e3o.","breadcrumb":{"@id":"https:\/\/avrio.edu.eu\/usc\/azteca-university\/doctor-of-the-university-in-advanced-studies\/#breadcrumb"},"inLanguage":"pt-PT","potentialAction":[{"@type":"ReadAction","target":["https:\/\/avrio.edu.eu\/usc\/azteca-university\/doctor-of-the-university-in-advanced-studies\/"]}]},{"@type":"BreadcrumbList","@id":"https:\/\/avrio.edu.eu\/usc\/azteca-university\/doctor-of-the-university-in-advanced-studies\/#breadcrumb","itemListElement":[{"@type":"ListItem","position":1,"name":"Home","item":"https:\/\/avrio.edu.eu\/"},{"@type":"ListItem","position":2,"name":"Universities Studies Center","item":"https:\/\/avrio.edu.eu\/usc\/"},{"@type":"ListItem","position":3,"name":"Azteca University","item":"https:\/\/avrio.edu.eu\/usc\/azteca-university\/"},{"@type":"ListItem","position":4,"name":"Dr. Univ. in Advanced Studies"}]},{"@type":"WebSite","@id":"https:\/\/avrio.edu.eu\/#website","url":"https:\/\/avrio.edu.eu\/","name":"Estudos de P\u00f3s-Gradua\u00e7\u00e3o e Pesquisa no Instituto Avrio","description":"Para bacharelado, mestrado e doutorado - Em coopera\u00e7\u00e3o com a Universidade Azteca","publisher":{"@id":"https:\/\/avrio.edu.eu\/#organization"},"alternateName":"Avrio for Research Studies","potentialAction":[{"@type":"SearchAction","target":{"@type":"EntryPoint","urlTemplate":"https:\/\/avrio.edu.eu\/?s={search_term_string}"},"query-input":{"@type":"PropertyValueSpecification","valueRequired":true,"valueName":"search_term_string"}}],"inLanguage":"pt-PT"},{"@type":"Organization","@id":"https:\/\/avrio.edu.eu\/#organization","name":"Instituto Avrio de Genebra","alternateName":"Avrio Institute","url":"https:\/\/avrio.edu.eu\/","logo":{"@type":"ImageObject","inLanguage":"pt-PT","@id":"https:\/\/avrio.edu.eu\/#\/schema\/logo\/image\/","url":"https:\/\/avrio.edu.eu\/new\/wp-content\/uploads\/2020\/04\/logo-new-gw.png","contentUrl":"https:\/\/avrio.edu.eu\/new\/wp-content\/uploads\/2020\/04\/logo-new-gw.png","width":850,"height":850,"caption":"Institut Avrio de Gen\u00e8ve"},"image":{"@id":"https:\/\/avrio.edu.eu\/#\/schema\/logo\/image\/"},"sameAs":["https:\/\/www.facebook.com\/institutavriodegeneve\/","https:\/\/x.com\/AvrioDeGeneve","https:\/\/www.instagram.com\/institutavriodegeneve\/","https:\/\/www.linkedin.com\/in\/avrio-de-geneve-024392194\/","https:\/\/www.youtube.com\/channel\/UCPP2orNhGglhisZlldUbnkQ"]}]}},"_links":{"self":[{"href":"https:\/\/avrio.edu.eu\/pt\/wp-json\/wp\/v2\/pages\/20928","targetHints":{"allow":["GET"]}}],"collection":[{"href":"https:\/\/avrio.edu.eu\/pt\/wp-json\/wp\/v2\/pages"}],"about":[{"href":"https:\/\/avrio.edu.eu\/pt\/wp-json\/wp\/v2\/types\/page"}],"author":[{"embeddable":true,"href":"https:\/\/avrio.edu.eu\/pt\/wp-json\/wp\/v2\/users\/16"}],"replies":[{"embeddable":true,"href":"https:\/\/avrio.edu.eu\/pt\/wp-json\/wp\/v2\/comments?post=20928"}],"version-history":[{"count":1,"href":"https:\/\/avrio.edu.eu\/pt\/wp-json\/wp\/v2\/pages\/20928\/revisions"}],"predecessor-version":[{"id":24589,"href":"https:\/\/avrio.edu.eu\/pt\/wp-json\/wp\/v2\/pages\/20928\/revisions\/24589"}],"up":[{"embeddable":true,"href":"https:\/\/avrio.edu.eu\/pt\/wp-json\/wp\/v2\/pages\/20795"}],"wp:attachment":[{"href":"https:\/\/avrio.edu.eu\/pt\/wp-json\/wp\/v2\/media?parent=20928"}],"curies":[{"name":"wp","href":"https:\/\/api.w.org\/{rel}","templated":true}]}}