{"id":21012,"date":"2021-12-18T02:48:31","date_gmt":"2021-12-18T01:48:31","guid":{"rendered":"https:\/\/avrio.edu.eu\/?page_id=21012"},"modified":"2026-02-11T20:33:25","modified_gmt":"2026-02-11T19:33:25","slug":"doctor-of-letters","status":"publish","type":"page","link":"https:\/\/avrio.edu.eu\/pt\/usc\/azteca-university\/doctor-of-letters\/","title":{"rendered":"Doutor em Letras (Dr.Litt)"},"content":{"rendered":"<p style=\"text-align: justify;\"><span style=\"color: #000000;\">Os candidatos na \u00e1rea de Estudos de Artes e Humanidades qualificam-se para o p\u00f3s-doutorado de Doutor em Letras da Universidad Azteca.<\/span><\/p>\n<p style=\"text-align: justify;\"><span style=\"color: #000000;\">Doutor em Letras \u00e9 um grau acad\u00eamico, doutorado da Universidade e igual ao Doutor em Ci\u00eancias, que \u00e9 concedido pela Universidad Azteca em reconhecimento a realiza\u00e7\u00f5es de destaque nas humanidades, contribui\u00e7\u00e3o original para as artes criativas ou bolsas de estudos e outros m\u00e9ritos.<\/span><\/p>\n<p style=\"text-align: justify;\"><span style=\"color: #000000;\">Os candidatos admitidos ser\u00e3o convidados para um exame on-line de diagn\u00f3stico dos requisitos de gradua\u00e7\u00e3o. <\/span><\/p>\n<h3>TIPO E CARGA DE TRABALHO DO PROGRAMA<\/h3>\n<p><strong>MODELO<\/strong>: Pr\u00eamio interno Universidad Azteca, programa pr\u00f3prio da universidade acc. Arte. 59 Lei Geral de Educa\u00e7\u00e3o.<\/p>\n<p><strong>N\u00cdVEL<\/strong>: Terceiro ciclo, pr\u00eamio pr\u00f3prio da universidade MMC n\u00edvel 8. Estudos de p\u00f3s-doutorado.<\/p>\n<p><strong>CARGA DE TRABALHO<\/strong>: 120 ECTS<\/p>\n<h3>UNIVERSIDADE PREMIADORA E GRUPO-ALVO<\/h3>\n<p><strong>UNIVERSIDADE PREMIADA:<\/strong> Universidade Asteca, Chalco, M\u00e9xico.<\/p>\n<p><strong>DEPARTAMENTO UNIVERSIT\u00c1RIO NA EUROPA<\/strong>: Programas Europeus da Universidade Azteca. <div class=\"su-pullquote su-pullquote-align-right\">Saiba mais sobre o <a href=\"https:\/\/avrio.edu.eu\/pt\/usc\/azteca-university\/own-degree\/doctor-of-the-university\/\">Doutor da Universidade<\/a><\/div>\n<p><strong>GRUPO ALVO:<\/strong> Doutorandos interessados \u200b\u200bem p\u00f3s-doutorado em uma das disciplinas oferecidas pela Universidad Azteca buscando a conclus\u00e3o do programa de doutorado por tese \/ exame de doutorado.<\/p>\n<p><strong>ESPECIALIZA\u00c7\u00c3O:<\/strong> A Universidade Azteca estuda no n\u00edvel 8 MMC (EQF)<\/p>\n<p><strong>DISCIPLINAS:<\/strong> Disciplinas oferecidas pela Universidad Azteca nas \u00e1reas de Artes e Humanidades.<\/p>\n<p><strong>ESTUDAR IDIOMA:<\/strong> Ingl\u00eas, alem\u00e3o, espanhol<\/p>\n<p><strong>REQUISITOS DE ADMISS\u00c3O<\/strong>: Doutorado ou grau equivalente e cursos de p\u00f3s-gradua\u00e7\u00e3o ou qualifica\u00e7\u00f5es para transfer\u00eancia de cr\u00e9dito para o programa ou experi\u00eancia de pesquisa.<\/p>\n<h3>Modalidade e Equipe do Curso<\/h3>\n<p><strong>MODALIDADE<\/strong>: modalidade de e-learning e educa\u00e7\u00e3o a dist\u00e2ncia.<\/p>\n<p><strong>EQUIPE DO CURSO:<\/strong> Prof. Dr. Gerhard Berchtold, Prof. Dr. Friedrich Luhan, Prof. Dr. Ricardo Saavedra Hidalgo, Prof. Dr. Felipe Fern\u00e1ndez Rivadulla, Prof. Dr. Endler<\/p>\n<h3>Plano de estudo<\/h3>\n<table style=\"border-collapse: collapse; width: 100%;\">\n<tbody>\n<tr>\n<td style=\"width: 33.3333%; background-color: #c0c0c0;\"><strong>Transfer\u00eancia de cr\u00e9ditos \u2013 Disciplinas eletivas<\/strong><\/td>\n<td style=\"width: 33.3333%; background-color: #c0c0c0;\"><strong>Modo de teste <\/strong><\/td>\n<td style=\"width: 33.3333%; background-color: #c0c0c0;\"><strong>ECTS<\/strong><\/td>\n<\/tr>\n<tr>\n<td style=\"width: 33.3333%;\">Transfer\u00eancia do programa de doutorado MPhil \/ n\u00edvel 8 EQF<\/td>\n<td style=\"width: 33.3333%;\">Transfer\u00eancia de cr\u00e9ditos<\/td>\n<td style=\"width: 33.3333%;\">60<\/td>\n<\/tr>\n<tr>\n<td style=\"width: 33.3333%; background-color: #c0c0c0;\"><strong>M\u00f3dulo de Ci\u00eancias Obrigat\u00f3rio<\/strong><\/td>\n<td style=\"width: 33.3333%; background-color: #c0c0c0;\"><strong>Modo de teste<\/strong><\/td>\n<td style=\"width: 33.3333%; background-color: #c0c0c0;\"><strong>ECTS<\/strong><\/td>\n<\/tr>\n<tr>\n<td style=\"width: 33.3333%;\">Projeto de pesquisa<\/td>\n<td style=\"width: 33.3333%;\">Apresenta\u00e7\u00e3o<\/td>\n<td style=\"width: 33.3333%;\">12<\/td>\n<\/tr>\n<tr>\n<td style=\"width: 33.3333%; background-color: #c0c0c0;\"><strong>Tese \/ Exame Rigoroso<\/strong><\/td>\n<td style=\"width: 33.3333%; background-color: #c0c0c0;\"><strong>Modo de teste<\/strong><\/td>\n<td style=\"width: 33.3333%; background-color: #c0c0c0;\"><strong>ECTS<\/strong><\/td>\n<\/tr>\n<tr>\n<td style=\"width: 33.3333%;\">Tese de Especializa\u00e7\u00e3o em Disciplina<\/td>\n<td style=\"width: 33.3333%;\">Apresenta\u00e7\u00e3o e defesa de tese escrita<\/td>\n<td style=\"width: 33.3333%;\">48<\/td>\n<\/tr>\n<tr>\n<td style=\"width: 33.3333%; background-color: #c0c0c0;\"><strong>CARGA DE TRABALHO <\/strong><\/td>\n<td style=\"width: 33.3333%; background-color: #c0c0c0;\"><strong>Modo de teste<\/strong><\/td>\n<td style=\"width: 33.3333%; background-color: #c0c0c0;\"><strong>ECTS<\/strong><\/td>\n<\/tr>\n<tr>\n<td style=\"width: 33.3333%;\">ECTS<\/td>\n<td style=\"width: 33.3333%;\">Defesa \/ Rigoroso<\/td>\n<td style=\"width: 33.3333%;\">120<\/td>\n<\/tr>\n<\/tbody>\n<\/table>\n<h3 style=\"text-align: center;\">Qualifica\u00e7\u00e3o: N\u00edvel 8 da Estrutura Mexicana de Qualifica\u00e7\u00f5es MMC<\/h3>\n<p><a href=\"https:\/\/avrio.edu.eu\/new\/wp-content\/uploads\/2021\/12\/Mexican-Qualifications-Framework.jpg\"><img fetchpriority=\"high\" decoding=\"async\" class=\"size-medium wp-image-20935 aligncenter\" src=\"https:\/\/avrio.edu.eu\/new\/wp-content\/uploads\/2021\/12\/Mexican-Qualifications-Framework-298x300.jpg\" alt=\"Quadro de Qualifica\u00e7\u00f5es Mexicano\" width=\"298\" height=\"300\" srcset=\"https:\/\/avrio.edu.eu\/new\/wp-content\/uploads\/2021\/12\/Mexican-Qualifications-Framework-298x300.jpg 298w, https:\/\/avrio.edu.eu\/new\/wp-content\/uploads\/2021\/12\/Mexican-Qualifications-Framework-12x12.jpg 12w, https:\/\/avrio.edu.eu\/new\/wp-content\/uploads\/2021\/12\/Mexican-Qualifications-Framework-150x150.jpg 150w, https:\/\/avrio.edu.eu\/new\/wp-content\/uploads\/2021\/12\/Mexican-Qualifications-Framework-768x772.jpg 768w, https:\/\/avrio.edu.eu\/new\/wp-content\/uploads\/2021\/12\/Mexican-Qualifications-Framework-1018x1024.jpg 1018w, https:\/\/avrio.edu.eu\/new\/wp-content\/uploads\/2021\/12\/Mexican-Qualifications-Framework-1527x1536.jpg 1527w, https:\/\/avrio.edu.eu\/new\/wp-content\/uploads\/2021\/12\/Mexican-Qualifications-Framework.jpg 1770w\" sizes=\"(max-width: 298px) 100vw, 298px\" \/><\/a><\/p>","protected":false},"excerpt":{"rendered":"<p>Candidates in the Arts and Humanities Study area qualify for the POSTDOCTORAL Doctor of Letters degree of Universidad Azteca. Doctor of Letters is an academic degree, a doctorate of the University and equal to the Doctor of Science, which is awarded by Universidad Azteca in recognition of outstanding achievement in the humanities, original contribution to [&hellip;]<\/p>\n","protected":false},"author":16,"featured_media":0,"parent":20795,"menu_order":0,"comment_status":"closed","ping_status":"closed","template":"","meta":{"site-sidebar-layout":"default","site-content-layout":"","ast-site-content-layout":"default","site-content-style":"default","site-sidebar-style":"default","ast-global-header-display":"","ast-banner-title-visibility":"","ast-main-header-display":"","ast-hfb-above-header-display":"","ast-hfb-below-header-display":"","ast-hfb-mobile-header-display":"","site-post-title":"","ast-breadcrumbs-content":"","ast-featured-img":"","footer-sml-layout":"","ast-disable-related-posts":"","theme-transparent-header-meta":"","adv-header-id-meta":"","stick-header-meta":"","header-above-stick-meta":"","header-main-stick-meta":"","header-below-stick-meta":"","astra-migrate-meta-layouts":"default","ast-page-background-enabled":"default","ast-page-background-meta":{"desktop":{"background-color":"var(--ast-global-color-4)","background-image":"","background-repeat":"repeat","background-position":"center center","background-size":"auto","background-attachment":"scroll","background-type":"","background-media":"","overlay-type":"","overlay-color":"","overlay-opacity":"","overlay-gradient":""},"tablet":{"background-color":"","background-image":"","background-repeat":"repeat","background-position":"center center","background-size":"auto","background-attachment":"scroll","background-type":"","background-media":"","overlay-type":"","overlay-color":"","overlay-opacity":"","overlay-gradient":""},"mobile":{"background-color":"","background-image":"","background-repeat":"repeat","background-position":"center center","background-size":"auto","background-attachment":"scroll","background-type":"","background-media":"","overlay-type":"","overlay-color":"","overlay-opacity":"","overlay-gradient":""}},"ast-content-background-meta":{"desktop":{"background-color":"var(--ast-global-color-5)","background-image":"","background-repeat":"repeat","background-position":"center center","background-size":"auto","background-attachment":"scroll","background-type":"","background-media":"","overlay-type":"","overlay-color":"","overlay-opacity":"","overlay-gradient":""},"tablet":{"background-color":"var(--ast-global-color-5)","background-image":"","background-repeat":"repeat","background-position":"center center","background-size":"auto","background-attachment":"scroll","background-type":"","background-media":"","overlay-type":"","overlay-color":"","overlay-opacity":"","overlay-gradient":""},"mobile":{"background-color":"var(--ast-global-color-5)","background-image":"","background-repeat":"repeat","background-position":"center center","background-size":"auto","background-attachment":"scroll","background-type":"","background-media":"","overlay-type":"","overlay-color":"","overlay-opacity":"","overlay-gradient":""}},"footnotes":""},"class_list":["post-21012","page","type-page","status-publish","hentry"],"yoast_head":"<!-- This site is optimized with the Yoast SEO Premium plugin v27.2 (Yoast SEO v27.2) - https:\/\/yoast.com\/product\/yoast-seo-premium-wordpress\/ -->\n<title>Doctor of Letters (Dr.Litt) in Arts &amp; Humanities - at Azteca Uni. &amp; Avrio Institute<\/title>\n<meta name=\"description\" content=\"University Doctor of Letters is an academic degree is awarded by Azteca University in recognition of outstanding achievement in the humanities &amp; arts!\" \/>\n<meta name=\"robots\" content=\"index, follow, max-snippet:-1, max-image-preview:large, max-video-preview:-1\" \/>\n<link rel=\"canonical\" href=\"https:\/\/avrio.edu.eu\/pt\/usc\/azteca-university\/doctor-of-letters\/\" \/>\n<meta property=\"og:locale\" content=\"pt_PT\" \/>\n<meta property=\"og:type\" content=\"article\" \/>\n<meta property=\"og:title\" content=\"Doctor of Letters (Dr.Litt) - The International Research Study Programs - Avrio Institute\" \/>\n<meta property=\"og:description\" content=\"University Doctor of Letters is an academic degree is awarded by Azteca University in recognition of outstanding achievement in the humanities &amp; arts!\" \/>\n<meta property=\"og:url\" content=\"https:\/\/avrio.edu.eu\/pt\/usc\/azteca-university\/doctor-of-letters\/\" \/>\n<meta property=\"og:site_name\" content=\"The International Research Study Programs - Avrio Institute\" \/>\n<meta property=\"article:publisher\" content=\"https:\/\/www.facebook.com\/institutavriodegeneve\/\" \/>\n<meta property=\"article:modified_time\" content=\"2026-02-11T19:33:25+00:00\" \/>\n<meta property=\"og:image\" content=\"https:\/\/avrio.edu.eu\/new\/wp-content\/uploads\/2021\/12\/Mexican-Qualifications-Framework.jpg\" \/>\n\t<meta property=\"og:image:width\" content=\"1770\" \/>\n\t<meta property=\"og:image:height\" content=\"1780\" \/>\n\t<meta property=\"og:image:type\" content=\"image\/jpeg\" \/>\n<meta name=\"twitter:card\" content=\"summary_large_image\" \/>\n<meta name=\"twitter:site\" content=\"@AvrioDeGeneve\" \/>\n<meta name=\"twitter:label1\" content=\"Tempo estimado de leitura\" \/>\n\t<meta name=\"twitter:data1\" content=\"2 minutos\" \/>\n<script type=\"application\/ld+json\" class=\"yoast-schema-graph\">{\"@context\":\"https:\/\/schema.org\",\"@graph\":[{\"@type\":\"WebPage\",\"@id\":\"https:\/\/avrio.edu.eu\/usc\/azteca-university\/doctor-of-letters\/\",\"url\":\"https:\/\/avrio.edu.eu\/usc\/azteca-university\/doctor-of-letters\/\",\"name\":\"Doctor of Letters (Dr.Litt) in Arts & Humanities - at Azteca Uni. & Avrio Institute\",\"isPartOf\":{\"@id\":\"https:\/\/avrio.edu.eu\/#website\"},\"primaryImageOfPage\":{\"@id\":\"https:\/\/avrio.edu.eu\/usc\/azteca-university\/doctor-of-letters\/#primaryimage\"},\"image\":{\"@id\":\"https:\/\/avrio.edu.eu\/usc\/azteca-university\/doctor-of-letters\/#primaryimage\"},\"thumbnailUrl\":\"https:\/\/avrio.edu.eu\/new\/wp-content\/uploads\/2021\/12\/Mexican-Qualifications-Framework-298x300.jpg\",\"datePublished\":\"2021-12-18T01:48:31+00:00\",\"dateModified\":\"2026-02-11T19:33:25+00:00\",\"description\":\"University Doctor of Letters is an academic degree is awarded by Azteca University in recognition of outstanding achievement in the humanities & arts!\",\"breadcrumb\":{\"@id\":\"https:\/\/avrio.edu.eu\/usc\/azteca-university\/doctor-of-letters\/#breadcrumb\"},\"inLanguage\":\"pt-PT\",\"potentialAction\":[{\"@type\":\"ReadAction\",\"target\":[\"https:\/\/avrio.edu.eu\/usc\/azteca-university\/doctor-of-letters\/\"]}]},{\"@type\":\"ImageObject\",\"inLanguage\":\"pt-PT\",\"@id\":\"https:\/\/avrio.edu.eu\/usc\/azteca-university\/doctor-of-letters\/#primaryimage\",\"url\":\"https:\/\/avrio.edu.eu\/new\/wp-content\/uploads\/2021\/12\/Mexican-Qualifications-Framework-298x300.jpg\",\"contentUrl\":\"https:\/\/avrio.edu.eu\/new\/wp-content\/uploads\/2021\/12\/Mexican-Qualifications-Framework-298x300.jpg\"},{\"@type\":\"BreadcrumbList\",\"@id\":\"https:\/\/avrio.edu.eu\/usc\/azteca-university\/doctor-of-letters\/#breadcrumb\",\"itemListElement\":[{\"@type\":\"ListItem\",\"position\":1,\"name\":\"Home\",\"item\":\"https:\/\/avrio.edu.eu\/\"},{\"@type\":\"ListItem\",\"position\":2,\"name\":\"Universities Studies Center\",\"item\":\"https:\/\/avrio.edu.eu\/usc\/\"},{\"@type\":\"ListItem\",\"position\":3,\"name\":\"Azteca University\",\"item\":\"https:\/\/avrio.edu.eu\/usc\/azteca-university\/\"},{\"@type\":\"ListItem\",\"position\":4,\"name\":\"Doctor of Letters (Dr.Litt)\"}]},{\"@type\":\"WebSite\",\"@id\":\"https:\/\/avrio.edu.eu\/#website\",\"url\":\"https:\/\/avrio.edu.eu\/\",\"name\":\"The Postgraduate and Research Studies at Avrio Institute\",\"description\":\"For Bachelor&#039;s, Master&#039;s and Doctorate - In cooperation with Azteca University\",\"publisher\":{\"@id\":\"https:\/\/avrio.edu.eu\/#organization\"},\"alternateName\":\"Avrio for Research Studies\",\"potentialAction\":[{\"@type\":\"SearchAction\",\"target\":{\"@type\":\"EntryPoint\",\"urlTemplate\":\"https:\/\/avrio.edu.eu\/?s={search_term_string}\"},\"query-input\":{\"@type\":\"PropertyValueSpecification\",\"valueRequired\":true,\"valueName\":\"search_term_string\"}}],\"inLanguage\":\"pt-PT\"},{\"@type\":\"Organization\",\"@id\":\"https:\/\/avrio.edu.eu\/#organization\",\"name\":\"Institut Avrio de Gen\u00e8ve\",\"alternateName\":\"Avrio Institute\",\"url\":\"https:\/\/avrio.edu.eu\/\",\"logo\":{\"@type\":\"ImageObject\",\"inLanguage\":\"pt-PT\",\"@id\":\"https:\/\/avrio.edu.eu\/#\/schema\/logo\/image\/\",\"url\":\"https:\/\/avrio.edu.eu\/new\/wp-content\/uploads\/2020\/04\/logo-new-gw.png\",\"contentUrl\":\"https:\/\/avrio.edu.eu\/new\/wp-content\/uploads\/2020\/04\/logo-new-gw.png\",\"width\":850,\"height\":850,\"caption\":\"Institut Avrio de Gen\u00e8ve\"},\"image\":{\"@id\":\"https:\/\/avrio.edu.eu\/#\/schema\/logo\/image\/\"},\"sameAs\":[\"https:\/\/www.facebook.com\/institutavriodegeneve\/\",\"https:\/\/x.com\/AvrioDeGeneve\",\"https:\/\/www.instagram.com\/institutavriodegeneve\/\",\"https:\/\/www.linkedin.com\/in\/avrio-de-geneve-024392194\/\",\"https:\/\/www.youtube.com\/channel\/UCPP2orNhGglhisZlldUbnkQ\"]}]}<\/script>\n<!-- \/ Yoast SEO Premium plugin. -->","yoast_head_json":{"title":"Doutor em Letras (Dr.Litt) em Artes e Humanidades - na Azteca Uni. &amp; Instituto Avrio","description":"O Doutorado Universit\u00e1rio em Letras \u00e9 um diploma acad\u00eamico concedido pela Universidade Azteca em reconhecimento a conquistas excepcionais nas humanidades e artes!","robots":{"index":"index","follow":"follow","max-snippet":"max-snippet:-1","max-image-preview":"max-image-preview:large","max-video-preview":"max-video-preview:-1"},"canonical":"https:\/\/avrio.edu.eu\/pt\/usc\/azteca-university\/doctor-of-letters\/","og_locale":"pt_PT","og_type":"article","og_title":"Doctor of Letters (Dr.Litt) - The International Research Study Programs - Avrio Institute","og_description":"University Doctor of Letters is an academic degree is awarded by Azteca University in recognition of outstanding achievement in the humanities & arts!","og_url":"https:\/\/avrio.edu.eu\/pt\/usc\/azteca-university\/doctor-of-letters\/","og_site_name":"The International Research Study Programs - Avrio Institute","article_publisher":"https:\/\/www.facebook.com\/institutavriodegeneve\/","article_modified_time":"2026-02-11T19:33:25+00:00","og_image":[{"width":1770,"height":1780,"url":"https:\/\/avrio.edu.eu\/new\/wp-content\/uploads\/2021\/12\/Mexican-Qualifications-Framework.jpg","type":"image\/jpeg"}],"twitter_card":"summary_large_image","twitter_site":"@AvrioDeGeneve","twitter_misc":{"Tempo estimado de leitura":"2 minutos"},"schema":{"@context":"https:\/\/schema.org","@graph":[{"@type":"WebPage","@id":"https:\/\/avrio.edu.eu\/usc\/azteca-university\/doctor-of-letters\/","url":"https:\/\/avrio.edu.eu\/usc\/azteca-university\/doctor-of-letters\/","name":"Doutor em Letras (Dr.Litt) em Artes e Humanidades - na Azteca Uni. &amp; Instituto Avrio","isPartOf":{"@id":"https:\/\/avrio.edu.eu\/#website"},"primaryImageOfPage":{"@id":"https:\/\/avrio.edu.eu\/usc\/azteca-university\/doctor-of-letters\/#primaryimage"},"image":{"@id":"https:\/\/avrio.edu.eu\/usc\/azteca-university\/doctor-of-letters\/#primaryimage"},"thumbnailUrl":"https:\/\/avrio.edu.eu\/new\/wp-content\/uploads\/2021\/12\/Mexican-Qualifications-Framework-298x300.jpg","datePublished":"2021-12-18T01:48:31+00:00","dateModified":"2026-02-11T19:33:25+00:00","description":"O Doutorado Universit\u00e1rio em Letras \u00e9 um diploma acad\u00eamico concedido pela Universidade Azteca em reconhecimento a conquistas excepcionais nas humanidades e artes!","breadcrumb":{"@id":"https:\/\/avrio.edu.eu\/usc\/azteca-university\/doctor-of-letters\/#breadcrumb"},"inLanguage":"pt-PT","potentialAction":[{"@type":"ReadAction","target":["https:\/\/avrio.edu.eu\/usc\/azteca-university\/doctor-of-letters\/"]}]},{"@type":"ImageObject","inLanguage":"pt-PT","@id":"https:\/\/avrio.edu.eu\/usc\/azteca-university\/doctor-of-letters\/#primaryimage","url":"https:\/\/avrio.edu.eu\/new\/wp-content\/uploads\/2021\/12\/Mexican-Qualifications-Framework-298x300.jpg","contentUrl":"https:\/\/avrio.edu.eu\/new\/wp-content\/uploads\/2021\/12\/Mexican-Qualifications-Framework-298x300.jpg"},{"@type":"BreadcrumbList","@id":"https:\/\/avrio.edu.eu\/usc\/azteca-university\/doctor-of-letters\/#breadcrumb","itemListElement":[{"@type":"ListItem","position":1,"name":"Home","item":"https:\/\/avrio.edu.eu\/"},{"@type":"ListItem","position":2,"name":"Universities Studies Center","item":"https:\/\/avrio.edu.eu\/usc\/"},{"@type":"ListItem","position":3,"name":"Azteca University","item":"https:\/\/avrio.edu.eu\/usc\/azteca-university\/"},{"@type":"ListItem","position":4,"name":"Doctor of Letters (Dr.Litt)"}]},{"@type":"WebSite","@id":"https:\/\/avrio.edu.eu\/#website","url":"https:\/\/avrio.edu.eu\/","name":"Estudos de P\u00f3s-Gradua\u00e7\u00e3o e Pesquisa no Instituto Avrio","description":"Para bacharelado, mestrado e doutorado - Em coopera\u00e7\u00e3o com a Universidade Azteca","publisher":{"@id":"https:\/\/avrio.edu.eu\/#organization"},"alternateName":"Avrio for Research Studies","potentialAction":[{"@type":"SearchAction","target":{"@type":"EntryPoint","urlTemplate":"https:\/\/avrio.edu.eu\/?s={search_term_string}"},"query-input":{"@type":"PropertyValueSpecification","valueRequired":true,"valueName":"search_term_string"}}],"inLanguage":"pt-PT"},{"@type":"Organization","@id":"https:\/\/avrio.edu.eu\/#organization","name":"Instituto Avrio de Genebra","alternateName":"Avrio Institute","url":"https:\/\/avrio.edu.eu\/","logo":{"@type":"ImageObject","inLanguage":"pt-PT","@id":"https:\/\/avrio.edu.eu\/#\/schema\/logo\/image\/","url":"https:\/\/avrio.edu.eu\/new\/wp-content\/uploads\/2020\/04\/logo-new-gw.png","contentUrl":"https:\/\/avrio.edu.eu\/new\/wp-content\/uploads\/2020\/04\/logo-new-gw.png","width":850,"height":850,"caption":"Institut Avrio de Gen\u00e8ve"},"image":{"@id":"https:\/\/avrio.edu.eu\/#\/schema\/logo\/image\/"},"sameAs":["https:\/\/www.facebook.com\/institutavriodegeneve\/","https:\/\/x.com\/AvrioDeGeneve","https:\/\/www.instagram.com\/institutavriodegeneve\/","https:\/\/www.linkedin.com\/in\/avrio-de-geneve-024392194\/","https:\/\/www.youtube.com\/channel\/UCPP2orNhGglhisZlldUbnkQ"]}]}},"_links":{"self":[{"href":"https:\/\/avrio.edu.eu\/pt\/wp-json\/wp\/v2\/pages\/21012","targetHints":{"allow":["GET"]}}],"collection":[{"href":"https:\/\/avrio.edu.eu\/pt\/wp-json\/wp\/v2\/pages"}],"about":[{"href":"https:\/\/avrio.edu.eu\/pt\/wp-json\/wp\/v2\/types\/page"}],"author":[{"embeddable":true,"href":"https:\/\/avrio.edu.eu\/pt\/wp-json\/wp\/v2\/users\/16"}],"replies":[{"embeddable":true,"href":"https:\/\/avrio.edu.eu\/pt\/wp-json\/wp\/v2\/comments?post=21012"}],"version-history":[{"count":1,"href":"https:\/\/avrio.edu.eu\/pt\/wp-json\/wp\/v2\/pages\/21012\/revisions"}],"predecessor-version":[{"id":24587,"href":"https:\/\/avrio.edu.eu\/pt\/wp-json\/wp\/v2\/pages\/21012\/revisions\/24587"}],"up":[{"embeddable":true,"href":"https:\/\/avrio.edu.eu\/pt\/wp-json\/wp\/v2\/pages\/20795"}],"wp:attachment":[{"href":"https:\/\/avrio.edu.eu\/pt\/wp-json\/wp\/v2\/media?parent=21012"}],"curies":[{"name":"wp","href":"https:\/\/api.w.org\/{rel}","templated":true}]}}