{"id":24202,"date":"2024-11-22T01:43:33","date_gmt":"2024-11-22T00:43:33","guid":{"rendered":"https:\/\/avrio.edu.eu\/?page_id=24202"},"modified":"2026-02-23T14:33:04","modified_gmt":"2026-02-23T13:33:04","slug":"postdoctoral-research-programs","status":"publish","type":"page","link":"https:\/\/avrio.edu.eu\/pt\/usc\/azteca-university\/own-degree\/postdoctoral-research-programs\/","title":{"rendered":"Achieve Postdoctoral Distinction"},"content":{"rendered":"<h2><div class=\"su-heading su-heading-style-default su-heading-align-center\" id=\"\" style=\"font-size:18px;margin-bottom:20px\"><div class=\"su-heading-inner\">Online Research-Based Postdoctoral in Science, Letters and Law<\/div><\/div><\/h2>\n<h3 style=\"text-align: justify;\"><strong>What is Postdoctoral Research?<\/strong><\/h3>\n<p style=\"text-align: justify;\"><div class=\"su-pullquote su-pullquote-align-right\"><strong>Eleve sua carreira de pesquisa<\/strong> a novos patamares com nosso prestigioso <strong>Postdoctoral Research Programs<\/strong> no Instituto Avrio, um ramo distinto da Universidade Azteca.<\/div>Postdoctoral research is a crucial phase for doctoral scholars who have completed their studies, PhD, allowing them to develop their expertise further and contribute significantly to their fields. This stage provides access to valuable resources tailored to their interests and fosters collaboration with various academic institutions, enhancing research capabilities and professional networks.<\/p>\n<p style=\"text-align: justify;\">Postdoctoral researchers refine their skills, publish findings, and advance their academic careers, often leading to faculty positions or roles in research institutions. At Avrio Institute, we offer a range of Postdoctoral degree programs that support scholars&#8217; research endeavors and recognize their contributions to academia. Below is a list of some available Postdoctoral degree programs aimed at promoting scholarly excellence.<\/p>\n<h3 style=\"text-align: justify;\"><strong>Unveiling the Highest Postdoctoral Degrees:<\/strong><\/h3>\n<p style=\"text-align: justify;\">Avrio Institute is proud to offer, as an official branch of Azteca University, the following esteemed Postdoctoral degrees, recognized for the exceptional achievements of our graduates:<\/p>\n<ul style=\"text-align: justify;\">\n<li><strong>Doutor em Ci\u00eancias (D.Sc.)<\/strong>\u00a0<strong>Grau<\/strong>\u00a0em <strong>Ci\u00eancia<\/strong>, <strong>Engenharia<\/strong>, <strong>Tecnologia<\/strong>, e <strong>relacionado<\/strong> disciplinas.<\/li>\n<li><strong>Doutor em Letras (D.Litt., Litt.D., D. Lit., ou Lit. D.) Grau<\/strong>\u00a0em <strong>Neg\u00f3cios<\/strong>, <strong>Humanidades<\/strong>, <strong>Ci\u00eancias Sociais<\/strong>, <strong>Projeto<\/strong>, e <strong>Artes criativas<\/strong>, e <strong>relacionado<\/strong> disciplinas.<\/li>\n<li><strong>Doutor em Direito (LL.D.) <\/strong>no campo de <strong>Lei<\/strong> e <strong>relacionado<\/strong> \u00e1reas \u00e9 concedido a candidatos cujo trabalho e pesquisa contribu\u00edram significativamente para o avan\u00e7o do conhecimento.<\/li>\n<\/ul>\n<h3 style=\"text-align: justify;\"><strong>Qualifying for Postdoctoral Distinction:<\/strong><\/h3>\n<h4 style=\"text-align: justify;\"><strong>Elegibilidade para D.Sc.:<\/strong><\/h4>\n<p style=\"text-align: justify;\">Um candidato que tenha recebido o t\u00edtulo de Doutor em Filosofia (PhD) nas \u00e1reas de Ci\u00eancia, Engenharia, Tecnologia ou outras disciplinas relacionadas da Universidade Azteca, ou um t\u00edtulo equivalente reconhecido por outra universidade, pode se candidatar ao t\u00edtulo de Doutor em Ci\u00eancias (D.Sc.), desde que cumpra os seguintes requisitos:<\/p>\n<ul style=\"text-align: justify;\">\n<li>Demonstrate a minimum of two years of Postdoctoral research experience.<\/li>\n<li>Possuir hist\u00f3rico de publica\u00e7\u00e3o de 10 artigos de pesquisa em peri\u00f3dicos indexados (primeiro autor ou autor correspondente).<\/li>\n<\/ul>\n<p style=\"text-align: justify;\"><strong>OU<\/strong><\/p>\n<ul style=\"text-align: justify;\">\n<li>Two+ years of Postdoctoral experience with at least one internationally recognized patent (and at least two total patents).<\/li>\n<li>A pesquisa \u00e9 reconhecida nacional ou internacionalmente por suas contribui\u00e7\u00f5es significativas \u00e0 sociedade e ao avan\u00e7o do conhecimento.<\/li>\n<\/ul>\n<p style=\"text-align: justify;\"><strong>OU<\/strong><\/p>\n<ul style=\"text-align: justify;\">\n<li>Two+ years of Postdoctoral experience with at least three recommendations\/referrals of his research or contribution from nationally\/ internationally recognized experts in the concerned field, and his\/her work and effort, which should have made a distinct contribution to society and advancement of knowledge.<\/li>\n<\/ul>\n<h4 style=\"text-align: justify;\"><strong>D.Litt. Elegibilidade:<\/strong><\/h4>\n<p style=\"text-align: justify;\">Um candidato que possua um t\u00edtulo de Doutor em Filosofia (Ph.D.) nas \u00e1reas de Neg\u00f3cios, Humanidades, Ci\u00eancias Sociais, Design, Artes Criativas ou outras \u00e1reas relacionadas pela Azteca University, ou um t\u00edtulo equivalente de outra universidade reconhecida, pode se candidatar ao t\u00edtulo de Doutor em Literatura (D.Litt.), desde que:<\/p>\n<ul style=\"text-align: justify;\">\n<li>Possess a minimum of two years of Postdoctoral research experience.<\/li>\n<li>Publicar 10 artigos de pesquisa em peri\u00f3dicos indexados pela Scopus (primeiro autor ou autor correspondente).<\/li>\n<\/ul>\n<p style=\"text-align: justify;\"><strong>OU<\/strong><\/p>\n<ul style=\"text-align: justify;\">\n<li>Two+ years of Postdoctoral experience with three recommendations\/referrals of his research\/ contribution from nationally\/ internationally recognized experts of the concerned field and his\/her work and efforts have made distinct contributions to society and advancement of knowledge.<\/li>\n<\/ul>\n<h4 style=\"text-align: justify;\"><strong>Elegibilidade para LL.D.:<\/strong><\/h4>\n<p style=\"text-align: justify;\">Um candidato que tenha recebido o t\u00edtulo de Doutor em Filosofia (PhD) na \u00e1rea de Direito ou \u00e1reas relacionadas pela Universidade Azteca, ou um t\u00edtulo equivalente reconhecido por outra universidade, pode se candidatar ao t\u00edtulo de Doutor em Direito (LLD), desde que tenha:<\/p>\n<ul style=\"text-align: justify;\">\n<li>Possess a minimum of two years of Postdoctoral teaching experience.<\/li>\n<li>Publicar 10 artigos de pesquisa em peri\u00f3dicos indexados (primeiro autor ou autor correspondente).<\/li>\n<\/ul>\n<p style=\"text-align: justify;\"><strong>OU<\/strong><\/p>\n<ul style=\"text-align: justify;\">\n<li>Two+ years of Postdoctoral experience with three recommendations from esteemed legal experts, recognizing your contributions to the legal field.<\/li>\n<\/ul>\n<h3 style=\"text-align: justify;\"><strong>Pol\u00edticas de Aceita\u00e7\u00e3o<\/strong><\/h3>\n<p style=\"text-align: justify;\">Para ser considerado para um grau de Doutor em Ci\u00eancias (D.Sc.), Doutor em Literatura (D.Litt.) ou Doutor em Direito (LL.D.) na Azteca University via Avrio Institute, voc\u00ea deve atender aos seguintes crit\u00e9rios:<\/p>\n<ol style=\"text-align: justify;\">\n<li><strong>Status de Gradua\u00e7\u00e3o:<\/strong> Salvo em circunst\u00e2ncias excepcionais, o candidato dever\u00e1 possuir um diploma de ensino superior <strong>D.Sc. \/ D.Litt.\/ ou LL.D.<\/strong> da Universidade Azteca ou de uma universidade reconhecida.<\/li>\n<li><strong>Experi\u00eancia:<\/strong> Os candidatos devem ter no m\u00ednimo oito anos de experi\u00eancia desde a sua primeira gradua\u00e7\u00e3o para se candidatarem ao <strong>D.Sc. \/ D.Litt. \/ ou LL.D<\/strong>.<\/li>\n<li><strong>Pesquisa original:<\/strong> A sua candidatura para os Graus de\u00a0<strong>D.Sc. \/ D.Litt.\/ ou LL.D<\/strong><strong>.<\/strong> ser\u00e1 baseado em suas contribui\u00e7\u00f5es originais e significativas para um campo espec\u00edfico, como lingu\u00edstica, literatura, filosofia, ci\u00eancias sociais ou hist\u00f3ria.<\/li>\n<li><strong>Trabalho publicado:<\/strong> Voc\u00ea deve ter publicado sua pesquisa em formato de livro ou peri\u00f3dicos acad\u00eamicos de ampla circula\u00e7\u00e3o.<\/li>\n<li><strong>Pr\u00eamios anteriores:<\/strong> Trabalhos usados anteriormente para outro grau ou diploma n\u00e3o s\u00e3o eleg\u00edveis.<\/li>\n<li><strong>Processo de inscri\u00e7\u00e3o:<\/strong> A candidate shall submit a written application to be considered for examination, along with the Postdoctoral Tuition Fees and the following documents:\n<ul>\n<li>The Thesis Proposal is to be examined and approved.<\/li>\n<li>Uma declara\u00e7\u00e3o estatut\u00e1ria, que dever\u00e1:\n<ol style=\"list-style-type: lower-roman;\">\n<li>Indique em que medida o trabalho \u00e9 de autoria do candidato e, no caso de trabalho conjunto, identifique claramente quais partes s\u00e3o contribui\u00e7\u00e3o do candidato;<\/li>\n<li>Especifique qual parte, se houver, do trabalho enviado foi apresentada anteriormente para obten\u00e7\u00e3o de grau ou diploma na Universidad Azteca ou em qualquer outra universidade;<\/li>\n<li>Declarar que o trabalho, em sua forma atual, n\u00e3o foi aceito anteriormente para obten\u00e7\u00e3o de grau ou diploma nesta ou em qualquer outra universidade e n\u00e3o est\u00e1 sendo submetido simultaneamente para obten\u00e7\u00e3o de grau ou diploma em nenhuma outra institui\u00e7\u00e3o.<\/li>\n<\/ol>\n<\/li>\n<\/ul>\n<\/li>\n<\/ol>\n<p style=\"text-align: justify;\"><strong>Ready to embark on your Postdoctoral journey?<br \/>\n<\/strong><a href=\"#contact-form\">Entre em contato com nosso<\/a> equipe de admiss\u00f5es e recrutamento hoje para discutir sua elegibilidade e explorar as possibilidades no Avrio Institute, ou d\u00ea um passo adiante e <a href=\"https:\/\/avrio.edu.eu\/pt\/usc\/apply-now\/offline-application\/\">solicite o formul\u00e1rio de inscri\u00e7\u00e3o<\/a>.<\/p>","protected":false},"excerpt":{"rendered":"<p>What is Postdoctoral Research? Postdoctoral research is a crucial phase for doctoral scholars who have completed their studies, PhD, allowing them to develop their expertise further and contribute significantly to their fields. This stage provides access to valuable resources tailored to their interests and fosters collaboration with various academic institutions, enhancing research capabilities and professional [&hellip;]<\/p>\n","protected":false},"author":16,"featured_media":0,"parent":21267,"menu_order":0,"comment_status":"closed","ping_status":"closed","template":"","meta":{"site-sidebar-layout":"default","site-content-layout":"","ast-site-content-layout":"default","site-content-style":"default","site-sidebar-style":"default","ast-global-header-display":"","ast-banner-title-visibility":"","ast-main-header-display":"","ast-hfb-above-header-display":"","ast-hfb-below-header-display":"","ast-hfb-mobile-header-display":"","site-post-title":"","ast-breadcrumbs-content":"","ast-featured-img":"","footer-sml-layout":"","ast-disable-related-posts":"","theme-transparent-header-meta":"default","adv-header-id-meta":"","stick-header-meta":"default","header-above-stick-meta":"","header-main-stick-meta":"","header-below-stick-meta":"","astra-migrate-meta-layouts":"set","ast-page-background-enabled":"default","ast-page-background-meta":{"desktop":{"background-color":"var(--ast-global-color-4)","background-image":"","background-repeat":"repeat","background-position":"center center","background-size":"auto","background-attachment":"scroll","background-type":"","background-media":"","overlay-type":"","overlay-color":"","overlay-opacity":"","overlay-gradient":""},"tablet":{"background-color":"","background-image":"","background-repeat":"repeat","background-position":"center center","background-size":"auto","background-attachment":"scroll","background-type":"","background-media":"","overlay-type":"","overlay-color":"","overlay-opacity":"","overlay-gradient":""},"mobile":{"background-color":"","background-image":"","background-repeat":"repeat","background-position":"center center","background-size":"auto","background-attachment":"scroll","background-type":"","background-media":"","overlay-type":"","overlay-color":"","overlay-opacity":"","overlay-gradient":""}},"ast-content-background-meta":{"desktop":{"background-color":"var(--ast-global-color-5)","background-image":"","background-repeat":"repeat","background-position":"center center","background-size":"auto","background-attachment":"scroll","background-type":"","background-media":"","overlay-type":"","overlay-color":"","overlay-opacity":"","overlay-gradient":""},"tablet":{"background-color":"var(--ast-global-color-5)","background-image":"","background-repeat":"repeat","background-position":"center center","background-size":"auto","background-attachment":"scroll","background-type":"","background-media":"","overlay-type":"","overlay-color":"","overlay-opacity":"","overlay-gradient":""},"mobile":{"background-color":"var(--ast-global-color-5)","background-image":"","background-repeat":"repeat","background-position":"center center","background-size":"auto","background-attachment":"scroll","background-type":"","background-media":"","overlay-type":"","overlay-color":"","overlay-opacity":"","overlay-gradient":""}},"footnotes":""},"class_list":["post-24202","page","type-page","status-publish","hentry"],"yoast_head":"<!-- This site is optimized with the Yoast SEO Premium plugin v27.2 (Yoast SEO v27.3) - https:\/\/yoast.com\/product\/yoast-seo-premium-wordpress\/ -->\n<title>Online Postdoctoral Programs by Thesis | at Azteca Uni. via Avrio Ins.<\/title>\n<meta name=\"description\" content=\"Online and By Thesis DSc, DLitt and LLD in Science, Engineering, Technology, Business, Humanities, Social Sciences, Design, Creative Arts and Related disciplines\" \/>\n<meta name=\"robots\" content=\"index, follow, max-snippet:-1, max-image-preview:large, max-video-preview:-1\" \/>\n<link rel=\"canonical\" href=\"https:\/\/avrio.edu.eu\/pt\/usc\/azteca-university\/own-degree\/postdoctoral-research-programs\/\" \/>\n<meta property=\"og:locale\" content=\"pt_PT\" \/>\n<meta property=\"og:type\" content=\"article\" \/>\n<meta property=\"og:title\" content=\"Achieve Postdoctoral Distinction - The International Research Study Programs - Avrio Institute\" \/>\n<meta property=\"og:description\" content=\"Online and By Thesis DSc, DLitt and LLD in Science, Engineering, Technology, Business, Humanities, Social Sciences, Design, Creative Arts and Related disciplines\" \/>\n<meta property=\"og:url\" content=\"https:\/\/avrio.edu.eu\/pt\/usc\/azteca-university\/own-degree\/postdoctoral-research-programs\/\" \/>\n<meta property=\"og:site_name\" content=\"The International Research Study Programs - Avrio Institute\" \/>\n<meta property=\"article:publisher\" content=\"https:\/\/www.facebook.com\/institutavriodegeneve\/\" \/>\n<meta property=\"article:modified_time\" content=\"2026-02-23T13:33:04+00:00\" \/>\n<meta property=\"og:image\" content=\"https:\/\/avrio.edu.eu\/new\/wp-content\/uploads\/2020\/04\/logo-new-gw.png\" \/>\n\t<meta property=\"og:image:width\" content=\"850\" \/>\n\t<meta property=\"og:image:height\" content=\"850\" \/>\n\t<meta property=\"og:image:type\" content=\"image\/png\" \/>\n<meta name=\"twitter:card\" content=\"summary_large_image\" \/>\n<meta name=\"twitter:site\" content=\"@AvrioDeGeneve\" \/>\n<meta name=\"twitter:label1\" content=\"Tempo estimado de leitura\" \/>\n\t<meta name=\"twitter:data1\" content=\"4 minutos\" \/>\n<script type=\"application\/ld+json\" class=\"yoast-schema-graph\">{\"@context\":\"https:\\\/\\\/schema.org\",\"@graph\":[{\"@type\":\"WebPage\",\"@id\":\"https:\\\/\\\/avrio.edu.eu\\\/usc\\\/azteca-university\\\/own-degree\\\/postdoctoral-research-programs\\\/\",\"url\":\"https:\\\/\\\/avrio.edu.eu\\\/usc\\\/azteca-university\\\/own-degree\\\/postdoctoral-research-programs\\\/\",\"name\":\"Online Postdoctoral Programs by Thesis | at Azteca Uni. via Avrio Ins.\",\"isPartOf\":{\"@id\":\"https:\\\/\\\/avrio.edu.eu\\\/#website\"},\"datePublished\":\"2024-11-22T00:43:33+00:00\",\"dateModified\":\"2026-02-23T13:33:04+00:00\",\"description\":\"Online and By Thesis DSc, DLitt and LLD in Science, Engineering, Technology, Business, Humanities, Social Sciences, Design, Creative Arts and Related disciplines\",\"breadcrumb\":{\"@id\":\"https:\\\/\\\/avrio.edu.eu\\\/usc\\\/azteca-university\\\/own-degree\\\/postdoctoral-research-programs\\\/#breadcrumb\"},\"inLanguage\":\"pt-PT\",\"potentialAction\":[{\"@type\":\"ReadAction\",\"target\":[\"https:\\\/\\\/avrio.edu.eu\\\/usc\\\/azteca-university\\\/own-degree\\\/postdoctoral-research-programs\\\/\"]}]},{\"@type\":\"BreadcrumbList\",\"@id\":\"https:\\\/\\\/avrio.edu.eu\\\/usc\\\/azteca-university\\\/own-degree\\\/postdoctoral-research-programs\\\/#breadcrumb\",\"itemListElement\":[{\"@type\":\"ListItem\",\"position\":1,\"name\":\"Home\",\"item\":\"https:\\\/\\\/avrio.edu.eu\\\/\"},{\"@type\":\"ListItem\",\"position\":2,\"name\":\"Universities Studies Center\",\"item\":\"https:\\\/\\\/avrio.edu.eu\\\/usc\\\/\"},{\"@type\":\"ListItem\",\"position\":3,\"name\":\"Azteca University\",\"item\":\"https:\\\/\\\/avrio.edu.eu\\\/usc\\\/azteca-university\\\/\"},{\"@type\":\"ListItem\",\"position\":4,\"name\":\"Azteca University Own degrees\",\"item\":\"https:\\\/\\\/avrio.edu.eu\\\/usc\\\/azteca-university\\\/own-degree\\\/\"},{\"@type\":\"ListItem\",\"position\":5,\"name\":\"Achieve Postdoctoral Distinction\"}]},{\"@type\":\"WebSite\",\"@id\":\"https:\\\/\\\/avrio.edu.eu\\\/#website\",\"url\":\"https:\\\/\\\/avrio.edu.eu\\\/\",\"name\":\"The Postgraduate and Research Studies at Avrio Institute\",\"description\":\"For Bachelor&#039;s, Master&#039;s and Doctorate - In cooperation with Azteca University\",\"publisher\":{\"@id\":\"https:\\\/\\\/avrio.edu.eu\\\/#organization\"},\"alternateName\":\"Avrio for Research Studies\",\"potentialAction\":[{\"@type\":\"SearchAction\",\"target\":{\"@type\":\"EntryPoint\",\"urlTemplate\":\"https:\\\/\\\/avrio.edu.eu\\\/?s={search_term_string}\"},\"query-input\":{\"@type\":\"PropertyValueSpecification\",\"valueRequired\":true,\"valueName\":\"search_term_string\"}}],\"inLanguage\":\"pt-PT\"},{\"@type\":\"Organization\",\"@id\":\"https:\\\/\\\/avrio.edu.eu\\\/#organization\",\"name\":\"Institut Avrio de Gen\u00e8ve\",\"alternateName\":\"Avrio Institute\",\"url\":\"https:\\\/\\\/avrio.edu.eu\\\/\",\"logo\":{\"@type\":\"ImageObject\",\"inLanguage\":\"pt-PT\",\"@id\":\"https:\\\/\\\/avrio.edu.eu\\\/#\\\/schema\\\/logo\\\/image\\\/\",\"url\":\"https:\\\/\\\/avrio.edu.eu\\\/new\\\/wp-content\\\/uploads\\\/2020\\\/04\\\/logo-new-gw.png\",\"contentUrl\":\"https:\\\/\\\/avrio.edu.eu\\\/new\\\/wp-content\\\/uploads\\\/2020\\\/04\\\/logo-new-gw.png\",\"width\":850,\"height\":850,\"caption\":\"Institut Avrio de Gen\u00e8ve\"},\"image\":{\"@id\":\"https:\\\/\\\/avrio.edu.eu\\\/#\\\/schema\\\/logo\\\/image\\\/\"},\"sameAs\":[\"https:\\\/\\\/www.facebook.com\\\/institutavriodegeneve\\\/\",\"https:\\\/\\\/x.com\\\/AvrioDeGeneve\",\"https:\\\/\\\/www.instagram.com\\\/institutavriodegeneve\\\/\",\"https:\\\/\\\/www.linkedin.com\\\/in\\\/avrio-de-geneve-024392194\\\/\",\"https:\\\/\\\/www.youtube.com\\\/channel\\\/UCPP2orNhGglhisZlldUbnkQ\"]}]}<\/script>\n<!-- \/ Yoast SEO Premium plugin. -->","yoast_head_json":{"title":"Online Postdoctoral Programs by Thesis | at Azteca Uni. via Avrio Ins.","description":"Online and By Thesis DSc, DLitt and LLD in Science, Engineering, Technology, Business, Humanities, Social Sciences, Design, Creative Arts and Related disciplines","robots":{"index":"index","follow":"follow","max-snippet":"max-snippet:-1","max-image-preview":"max-image-preview:large","max-video-preview":"max-video-preview:-1"},"canonical":"https:\/\/avrio.edu.eu\/pt\/usc\/azteca-university\/own-degree\/postdoctoral-research-programs\/","og_locale":"pt_PT","og_type":"article","og_title":"Achieve Postdoctoral Distinction - The International Research Study Programs - Avrio Institute","og_description":"Online and By Thesis DSc, DLitt and LLD in Science, Engineering, Technology, Business, Humanities, Social Sciences, Design, Creative Arts and Related disciplines","og_url":"https:\/\/avrio.edu.eu\/pt\/usc\/azteca-university\/own-degree\/postdoctoral-research-programs\/","og_site_name":"The International Research Study Programs - Avrio Institute","article_publisher":"https:\/\/www.facebook.com\/institutavriodegeneve\/","article_modified_time":"2026-02-23T13:33:04+00:00","og_image":[{"width":850,"height":850,"url":"https:\/\/avrio.edu.eu\/new\/wp-content\/uploads\/2020\/04\/logo-new-gw.png","type":"image\/png"}],"twitter_card":"summary_large_image","twitter_site":"@AvrioDeGeneve","twitter_misc":{"Tempo estimado de leitura":"4 minutos"},"schema":{"@context":"https:\/\/schema.org","@graph":[{"@type":"WebPage","@id":"https:\/\/avrio.edu.eu\/usc\/azteca-university\/own-degree\/postdoctoral-research-programs\/","url":"https:\/\/avrio.edu.eu\/usc\/azteca-university\/own-degree\/postdoctoral-research-programs\/","name":"Online Postdoctoral Programs by Thesis | at Azteca Uni. via Avrio Ins.","isPartOf":{"@id":"https:\/\/avrio.edu.eu\/#website"},"datePublished":"2024-11-22T00:43:33+00:00","dateModified":"2026-02-23T13:33:04+00:00","description":"Online and By Thesis DSc, DLitt and LLD in Science, Engineering, Technology, Business, Humanities, Social Sciences, Design, Creative Arts and Related disciplines","breadcrumb":{"@id":"https:\/\/avrio.edu.eu\/usc\/azteca-university\/own-degree\/postdoctoral-research-programs\/#breadcrumb"},"inLanguage":"pt-PT","potentialAction":[{"@type":"ReadAction","target":["https:\/\/avrio.edu.eu\/usc\/azteca-university\/own-degree\/postdoctoral-research-programs\/"]}]},{"@type":"BreadcrumbList","@id":"https:\/\/avrio.edu.eu\/usc\/azteca-university\/own-degree\/postdoctoral-research-programs\/#breadcrumb","itemListElement":[{"@type":"ListItem","position":1,"name":"Home","item":"https:\/\/avrio.edu.eu\/"},{"@type":"ListItem","position":2,"name":"Universities Studies Center","item":"https:\/\/avrio.edu.eu\/usc\/"},{"@type":"ListItem","position":3,"name":"Azteca University","item":"https:\/\/avrio.edu.eu\/usc\/azteca-university\/"},{"@type":"ListItem","position":4,"name":"Azteca University Own degrees","item":"https:\/\/avrio.edu.eu\/usc\/azteca-university\/own-degree\/"},{"@type":"ListItem","position":5,"name":"Achieve Postdoctoral Distinction"}]},{"@type":"WebSite","@id":"https:\/\/avrio.edu.eu\/#website","url":"https:\/\/avrio.edu.eu\/","name":"Estudos de P\u00f3s-Gradua\u00e7\u00e3o e Pesquisa no Instituto Avrio","description":"Para bacharelado, mestrado e doutorado - Em coopera\u00e7\u00e3o com a Universidade Azteca","publisher":{"@id":"https:\/\/avrio.edu.eu\/#organization"},"alternateName":"Avrio for Research Studies","potentialAction":[{"@type":"SearchAction","target":{"@type":"EntryPoint","urlTemplate":"https:\/\/avrio.edu.eu\/?s={search_term_string}"},"query-input":{"@type":"PropertyValueSpecification","valueRequired":true,"valueName":"search_term_string"}}],"inLanguage":"pt-PT"},{"@type":"Organization","@id":"https:\/\/avrio.edu.eu\/#organization","name":"Instituto Avrio de Genebra","alternateName":"Avrio Institute","url":"https:\/\/avrio.edu.eu\/","logo":{"@type":"ImageObject","inLanguage":"pt-PT","@id":"https:\/\/avrio.edu.eu\/#\/schema\/logo\/image\/","url":"https:\/\/avrio.edu.eu\/new\/wp-content\/uploads\/2020\/04\/logo-new-gw.png","contentUrl":"https:\/\/avrio.edu.eu\/new\/wp-content\/uploads\/2020\/04\/logo-new-gw.png","width":850,"height":850,"caption":"Institut Avrio de Gen\u00e8ve"},"image":{"@id":"https:\/\/avrio.edu.eu\/#\/schema\/logo\/image\/"},"sameAs":["https:\/\/www.facebook.com\/institutavriodegeneve\/","https:\/\/x.com\/AvrioDeGeneve","https:\/\/www.instagram.com\/institutavriodegeneve\/","https:\/\/www.linkedin.com\/in\/avrio-de-geneve-024392194\/","https:\/\/www.youtube.com\/channel\/UCPP2orNhGglhisZlldUbnkQ"]}]}},"_links":{"self":[{"href":"https:\/\/avrio.edu.eu\/pt\/wp-json\/wp\/v2\/pages\/24202","targetHints":{"allow":["GET"]}}],"collection":[{"href":"https:\/\/avrio.edu.eu\/pt\/wp-json\/wp\/v2\/pages"}],"about":[{"href":"https:\/\/avrio.edu.eu\/pt\/wp-json\/wp\/v2\/types\/page"}],"author":[{"embeddable":true,"href":"https:\/\/avrio.edu.eu\/pt\/wp-json\/wp\/v2\/users\/16"}],"replies":[{"embeddable":true,"href":"https:\/\/avrio.edu.eu\/pt\/wp-json\/wp\/v2\/comments?post=24202"}],"version-history":[{"count":12,"href":"https:\/\/avrio.edu.eu\/pt\/wp-json\/wp\/v2\/pages\/24202\/revisions"}],"predecessor-version":[{"id":24679,"href":"https:\/\/avrio.edu.eu\/pt\/wp-json\/wp\/v2\/pages\/24202\/revisions\/24679"}],"up":[{"embeddable":true,"href":"https:\/\/avrio.edu.eu\/pt\/wp-json\/wp\/v2\/pages\/21267"}],"wp:attachment":[{"href":"https:\/\/avrio.edu.eu\/pt\/wp-json\/wp\/v2\/media?parent=24202"}],"curies":[{"name":"wp","href":"https:\/\/api.w.org\/{rel}","templated":true}]}}